{"id":701,"date":"2025-09-24T08:27:51","date_gmt":"2025-09-24T08:27:51","guid":{"rendered":"https:\/\/dots-interactive.com\/desarrollo\/nasca\/?post_type=product&#038;p=701"},"modified":"2025-09-24T08:32:33","modified_gmt":"2025-09-24T08:32:33","slug":"0450-protector-caja-de-herramientas-portatil","status":"publish","type":"product","link":"https:\/\/gruponasca.com.pe\/index.php\/producto\/0450-protector-caja-de-herramientas-portatil\/","title":{"rendered":"0450 Protector Caja de Herramientas Port\u00e1til"},"content":{"rendered":"<p><strong>Pelican\u2122 Protector Case\u2122 Caja de Herramientas Port\u00e1til<\/strong><\/p>\n<p>Nuestra caja de herramientas port\u00e1til m\u00e1s resistente es ahora a\u00fan m\u00e1s robusta. Las bandejas est\u00e1n montadas sobre un s\u00f3lido sistema de gu\u00edas de aluminio que permiten extraerlas f\u00e1cilmente para limpiarlas o reorganizarlas.<\/p>\n<p>Este nuevo dise\u00f1o m\u00e1s resistente ha superado con \u00e9xito las pruebas de inmersi\u00f3n, temperaturas extremas y ca\u00eddas desde 1,5\u00a0metros. Dentro de esta caja, las herramientas estar\u00e1n a buen recaudo y a prueba de golpes. A fin de ofrecer la m\u00e1xima estabilidad y aligerar el peso durante el transporte, este nuevo modelo cuenta con un asa extensible y ruedas aptas para todo tipo de terrenos.<\/p>\n<ul id=\"pdp-bullets\" class=\"pl-20\">\n<li>2.\u00aa generaci\u00f3n<\/li>\n<li>Asa extensible para transporte<\/li>\n<li>Cajones extra\u00edbles<\/li>\n<li>Sistema de gu\u00edas de aluminio<\/li>\n<li>Asas bidireccionales<\/li>\n<li>2 modelos disponibles: con 6 cajones extra\u00edbles (2 cajones profundos y 4 de poca profundidad) o 7 cajones extra\u00edbles ( 1 caj\u00f3n profundo y 6 de poca profundidad)<\/li>\n<li>Bisagras reforzadas de alta resistencia<\/li>\n<li>Gran estabilidad gracias a la distancia entre las ruedas<\/li>\n<li>Cierres met\u00e1licos de mariposa<\/li>\n<li>Ruedas f\u00e1cilmente extra\u00edbles<\/li>\n<li>V\u00e1lvulas de compensaci\u00f3n autom\u00e1tica de la presi\u00f3n<\/li>\n<li>Bajar PDF para 0450<\/li>\n<li>* Herramientas no incluidas<\/li>\n<\/ul>\n<h5>Especificaciones del producto<\/h5>\n<ul>\n<li><strong>Generaci\u00f3n:<\/strong> 2.\u00aa generaci\u00f3n<\/li>\n<li><strong>Transporte:<\/strong> Asa extensible y ruedas aptas para todo terreno<\/li>\n<li><strong>Cajones:<\/strong> 6 o 7 cajones extra\u00edbles (profundos y de poca profundidad)<\/li>\n<li><strong>Sistema:<\/strong> Gu\u00edas de aluminio para extracci\u00f3n y limpieza<\/li>\n<li><strong>Estabilidad:<\/strong> Gran separaci\u00f3n entre ruedas<\/li>\n<li><strong>Cierres:<\/strong> Met\u00e1licos de mariposa<\/li>\n<li><strong>Dimensiones interiores:<\/strong> 52.2 x 27.9 x 32.1 cm<\/li>\n<li><strong>Dimensiones exteriores:<\/strong> 60.8 x 37.5 x 45.6 cm<\/li>\n<li><strong>Volumen interior:<\/strong> 0.047 m\u00b3<\/li>\n<li><strong>Di\u00e1metro orificio para candado:<\/strong> 0.8 cm<\/li>\n<li><strong>Peso con cajones y bandeja:<\/strong> 22 kg<\/li>\n<li><strong>Material cuerpo:<\/strong> Polipropileno<\/li>\n<li><strong>Material cierre:<\/strong> ABS<\/li>\n<li><strong>Pasadores:<\/strong> Acero inoxidable<\/li>\n<li><strong>Temperatura m\u00ednima:<\/strong> -40 \u00b0C<\/li>\n<li><strong>Temperatura m\u00e1xima:<\/strong> 88 \u00b0C<\/li>\n<li><strong>Certificaci\u00f3n:<\/strong> IP66<\/li>\n<\/ul>\n","protected":false},"excerpt":{"rendered":"<p data-start=\"122\" data-end=\"316\">Caja de herramientas port\u00e1til Peli\u2122 0450, de alta resistencia, con cajones extra\u00edbles, ruedas todoterreno y certificaci\u00f3n IP66 para m\u00e1xima protecci\u00f3n.<\/p>\n","protected":false},"featured_media":703,"template":"","meta":{"site-sidebar-layout":"default","site-content-layout":"","ast-site-content-layout":"default","site-content-style":"default","site-sidebar-style":"default","ast-global-header-display":"","ast-banner-title-visibility":"","ast-main-header-display":"","ast-hfb-above-header-display":"","ast-hfb-below-header-display":"","ast-hfb-mobile-header-display":"","site-post-title":"","ast-breadcrumbs-content":"","ast-featured-img":"","footer-sml-layout":"","ast-disable-related-posts":"","theme-transparent-header-meta":"default","adv-header-id-meta":"","stick-header-meta":"","header-above-stick-meta":"","header-main-stick-meta":"","header-below-stick-meta":"","astra-migrate-meta-layouts":"set","ast-page-background-enabled":"default","ast-page-background-meta":{"desktop":{"background-color":"var(--ast-global-color-5)","background-image":"","background-repeat":"repeat","background-position":"center center","background-size":"auto","background-attachment":"scroll","background-type":"","background-media":"","overlay-type":"","overlay-color":"","overlay-opacity":"","overlay-gradient":""},"tablet":{"background-color":"","background-image":"","background-repeat":"repeat","background-position":"center center","background-size":"auto","background-attachment":"scroll","background-type":"","background-media":"","overlay-type":"","overlay-color":"","overlay-opacity":"","overlay-gradient":""},"mobile":{"background-color":"","background-image":"","background-repeat":"repeat","background-position":"center center","background-size":"auto","background-attachment":"scroll","background-type":"","background-media":"","overlay-type":"","overlay-color":"","overlay-opacity":"","overlay-gradient":""}},"ast-content-background-meta":{"desktop":{"background-color":"var(--ast-global-color-4)","background-image":"","background-repeat":"repeat","background-position":"center center","background-size":"auto","background-attachment":"scroll","background-type":"","background-media":"","overlay-type":"","overlay-color":"","overlay-opacity":"","overlay-gradient":""},"tablet":{"background-color":"var(--ast-global-color-4)","background-image":"","background-repeat":"repeat","background-position":"center center","background-size":"auto","background-attachment":"scroll","background-type":"","background-media":"","overlay-type":"","overlay-color":"","overlay-opacity":"","overlay-gradient":""},"mobile":{"background-color":"var(--ast-global-color-4)","background-image":"","background-repeat":"repeat","background-position":"center center","background-size":"auto","background-attachment":"scroll","background-type":"","background-media":"","overlay-type":"","overlay-color":"","overlay-opacity":"","overlay-gradient":""}}},"product_brand":[],"product_cat":[19,389],"product_tag":[400,401,391,399,402,398,403,397,393],"class_list":{"0":"post-701","1":"product","2":"type-product","3":"status-publish","4":"has-post-thumbnail","6":"product_cat-iluminacion-y-proteccion-de-equipos","7":"product_cat-maletas-proteccion-herramientas","8":"product_tag-caja-con-cajones-extraibles","9":"product_tag-caja-de-herramientas-con-ruedas","10":"product_tag-caja-de-herramientas-portatil","11":"product_tag-caja-resistente-ip66","12":"product_tag-estuche-herramientas-profesional","13":"product_tag-maleta-herramientas-peli","14":"product_tag-maleta-peli-con-bandejas","15":"product_tag-peli-0450","16":"product_tag-pelican-protector-case","17":"desktop-align-center","18":"tablet-align-left","19":"mobile-align-left","21":"first","22":"instock","23":"shipping-taxable","24":"product-type-simple"},"yoast_head":"<!-- This site is optimized with the Yoast SEO plugin v27.5 - https:\/\/yoast.com\/product\/yoast-seo-wordpress\/ -->\n<title>0450 Protector Caja de Herramientas Port\u00e1til - Grupo Nasca<\/title>\n<meta name=\"description\" content=\"Caja de herramientas port\u00e1til Peli\u2122 0450 con cajones extra\u00edbles, ruedas todoterreno y certificaci\u00f3n IP66. Resistente a golpes, agua y temperaturas extremas.\" \/>\n<meta name=\"robots\" content=\"index, follow, max-snippet:-1, max-image-preview:large, max-video-preview:-1\" \/>\n<link rel=\"canonical\" href=\"https:\/\/gruponasca.com.pe\/index.php\/producto\/0450-protector-caja-de-herramientas-portatil\/\" \/>\n<meta property=\"og:locale\" content=\"es_ES\" \/>\n<meta property=\"og:type\" content=\"article\" \/>\n<meta property=\"og:title\" content=\"0450 Protector Caja de Herramientas Port\u00e1til - Grupo Nasca\" \/>\n<meta property=\"og:description\" content=\"Caja de herramientas port\u00e1til Peli\u2122 0450 con cajones extra\u00edbles, ruedas todoterreno y certificaci\u00f3n IP66. Resistente a golpes, agua y temperaturas extremas.\" \/>\n<meta property=\"og:url\" content=\"https:\/\/gruponasca.com.pe\/index.php\/producto\/0450-protector-caja-de-herramientas-portatil\/\" \/>\n<meta property=\"og:site_name\" content=\"Grupo Nasca\" \/>\n<meta property=\"article:modified_time\" content=\"2025-09-24T08:32:33+00:00\" \/>\n<meta property=\"og:image\" content=\"https:\/\/gruponasca.com.pe\/wp-content\/uploads\/2025\/09\/0450.jpg\" \/>\n\t<meta property=\"og:image:width\" content=\"500\" \/>\n\t<meta property=\"og:image:height\" content=\"500\" \/>\n\t<meta property=\"og:image:type\" content=\"image\/jpeg\" \/>\n<meta name=\"twitter:card\" content=\"summary_large_image\" \/>\n<meta name=\"twitter:label1\" content=\"Tiempo de lectura\" \/>\n\t<meta name=\"twitter:data1\" content=\"2 minutos\" \/>\n<script type=\"application\/ld+json\" class=\"yoast-schema-graph\">{\"@context\":\"https:\\\/\\\/schema.org\",\"@graph\":[{\"@type\":\"WebPage\",\"@id\":\"https:\\\/\\\/gruponasca.com.pe\\\/index.php\\\/producto\\\/0450-protector-caja-de-herramientas-portatil\\\/\",\"url\":\"https:\\\/\\\/gruponasca.com.pe\\\/index.php\\\/producto\\\/0450-protector-caja-de-herramientas-portatil\\\/\",\"name\":\"0450 Protector Caja de Herramientas Port\u00e1til - Grupo Nasca\",\"isPartOf\":{\"@id\":\"https:\\\/\\\/gruponasca.com.pe\\\/#website\"},\"primaryImageOfPage\":{\"@id\":\"https:\\\/\\\/gruponasca.com.pe\\\/index.php\\\/producto\\\/0450-protector-caja-de-herramientas-portatil\\\/#primaryimage\"},\"image\":{\"@id\":\"https:\\\/\\\/gruponasca.com.pe\\\/index.php\\\/producto\\\/0450-protector-caja-de-herramientas-portatil\\\/#primaryimage\"},\"thumbnailUrl\":\"https:\\\/\\\/gruponasca.com.pe\\\/wp-content\\\/uploads\\\/2025\\\/09\\\/0450.jpg\",\"datePublished\":\"2025-09-24T08:27:51+00:00\",\"dateModified\":\"2025-09-24T08:32:33+00:00\",\"description\":\"Caja de herramientas port\u00e1til Peli\u2122 0450 con cajones extra\u00edbles, ruedas todoterreno y certificaci\u00f3n IP66. Resistente a golpes, agua y temperaturas extremas.\",\"breadcrumb\":{\"@id\":\"https:\\\/\\\/gruponasca.com.pe\\\/index.php\\\/producto\\\/0450-protector-caja-de-herramientas-portatil\\\/#breadcrumb\"},\"inLanguage\":\"es\",\"potentialAction\":[{\"@type\":\"ReadAction\",\"target\":[\"https:\\\/\\\/gruponasca.com.pe\\\/index.php\\\/producto\\\/0450-protector-caja-de-herramientas-portatil\\\/\"]}]},{\"@type\":\"ImageObject\",\"inLanguage\":\"es\",\"@id\":\"https:\\\/\\\/gruponasca.com.pe\\\/index.php\\\/producto\\\/0450-protector-caja-de-herramientas-portatil\\\/#primaryimage\",\"url\":\"https:\\\/\\\/gruponasca.com.pe\\\/wp-content\\\/uploads\\\/2025\\\/09\\\/0450.jpg\",\"contentUrl\":\"https:\\\/\\\/gruponasca.com.pe\\\/wp-content\\\/uploads\\\/2025\\\/09\\\/0450.jpg\",\"width\":500,\"height\":500},{\"@type\":\"BreadcrumbList\",\"@id\":\"https:\\\/\\\/gruponasca.com.pe\\\/index.php\\\/producto\\\/0450-protector-caja-de-herramientas-portatil\\\/#breadcrumb\",\"itemListElement\":[{\"@type\":\"ListItem\",\"position\":1,\"name\":\"Portada\",\"item\":\"https:\\\/\\\/gruponasca.com.pe\\\/\"},{\"@type\":\"ListItem\",\"position\":2,\"name\":\"Productos\",\"item\":\"https:\\\/\\\/gruponasca.com.pe\\\/index.php\\\/productos\\\/\"},{\"@type\":\"ListItem\",\"position\":3,\"name\":\"0450 Protector Caja de Herramientas Port\u00e1til\"}]},{\"@type\":\"WebSite\",\"@id\":\"https:\\\/\\\/gruponasca.com.pe\\\/#website\",\"url\":\"https:\\\/\\\/gruponasca.com.pe\\\/\",\"name\":\"Grupo Nasca SAC\",\"description\":\"Seguridad Industrial y Herramientas de Calidad\",\"publisher\":{\"@id\":\"https:\\\/\\\/gruponasca.com.pe\\\/#organization\"},\"potentialAction\":[{\"@type\":\"SearchAction\",\"target\":{\"@type\":\"EntryPoint\",\"urlTemplate\":\"https:\\\/\\\/gruponasca.com.pe\\\/?s={search_term_string}\"},\"query-input\":{\"@type\":\"PropertyValueSpecification\",\"valueRequired\":true,\"valueName\":\"search_term_string\"}}],\"inLanguage\":\"es\"},{\"@type\":\"Organization\",\"@id\":\"https:\\\/\\\/gruponasca.com.pe\\\/#organization\",\"name\":\"Grupo Nasca SAC\",\"url\":\"https:\\\/\\\/gruponasca.com.pe\\\/\",\"logo\":{\"@type\":\"ImageObject\",\"inLanguage\":\"es\",\"@id\":\"https:\\\/\\\/gruponasca.com.pe\\\/#\\\/schema\\\/logo\\\/image\\\/\",\"url\":\"https:\\\/\\\/gruponasca.com.pe\\\/wp-content\\\/uploads\\\/2025\\\/09\\\/cropped-icono_conasac-scaled-1.jpg\",\"contentUrl\":\"https:\\\/\\\/gruponasca.com.pe\\\/wp-content\\\/uploads\\\/2025\\\/09\\\/cropped-icono_conasac-scaled-1.jpg\",\"width\":512,\"height\":512,\"caption\":\"Grupo Nasca SAC\"},\"image\":{\"@id\":\"https:\\\/\\\/gruponasca.com.pe\\\/#\\\/schema\\\/logo\\\/image\\\/\"}}]}<\/script>\n<!-- \/ Yoast SEO plugin. -->","yoast_head_json":{"title":"0450 Protector Caja de Herramientas Port\u00e1til - Grupo Nasca","description":"Caja de herramientas port\u00e1til Peli\u2122 0450 con cajones extra\u00edbles, ruedas todoterreno y certificaci\u00f3n IP66. Resistente a golpes, agua y temperaturas extremas.","robots":{"index":"index","follow":"follow","max-snippet":"max-snippet:-1","max-image-preview":"max-image-preview:large","max-video-preview":"max-video-preview:-1"},"canonical":"https:\/\/gruponasca.com.pe\/index.php\/producto\/0450-protector-caja-de-herramientas-portatil\/","og_locale":"es_ES","og_type":"article","og_title":"0450 Protector Caja de Herramientas Port\u00e1til - Grupo Nasca","og_description":"Caja de herramientas port\u00e1til Peli\u2122 0450 con cajones extra\u00edbles, ruedas todoterreno y certificaci\u00f3n IP66. Resistente a golpes, agua y temperaturas extremas.","og_url":"https:\/\/gruponasca.com.pe\/index.php\/producto\/0450-protector-caja-de-herramientas-portatil\/","og_site_name":"Grupo Nasca","article_modified_time":"2025-09-24T08:32:33+00:00","og_image":[{"width":500,"height":500,"url":"https:\/\/gruponasca.com.pe\/wp-content\/uploads\/2025\/09\/0450.jpg","type":"image\/jpeg"}],"twitter_card":"summary_large_image","twitter_misc":{"Tiempo de lectura":"2 minutos"},"schema":{"@context":"https:\/\/schema.org","@graph":[{"@type":"WebPage","@id":"https:\/\/gruponasca.com.pe\/index.php\/producto\/0450-protector-caja-de-herramientas-portatil\/","url":"https:\/\/gruponasca.com.pe\/index.php\/producto\/0450-protector-caja-de-herramientas-portatil\/","name":"0450 Protector Caja de Herramientas Port\u00e1til - Grupo Nasca","isPartOf":{"@id":"https:\/\/gruponasca.com.pe\/#website"},"primaryImageOfPage":{"@id":"https:\/\/gruponasca.com.pe\/index.php\/producto\/0450-protector-caja-de-herramientas-portatil\/#primaryimage"},"image":{"@id":"https:\/\/gruponasca.com.pe\/index.php\/producto\/0450-protector-caja-de-herramientas-portatil\/#primaryimage"},"thumbnailUrl":"https:\/\/gruponasca.com.pe\/wp-content\/uploads\/2025\/09\/0450.jpg","datePublished":"2025-09-24T08:27:51+00:00","dateModified":"2025-09-24T08:32:33+00:00","description":"Caja de herramientas port\u00e1til Peli\u2122 0450 con cajones extra\u00edbles, ruedas todoterreno y certificaci\u00f3n IP66. Resistente a golpes, agua y temperaturas extremas.","breadcrumb":{"@id":"https:\/\/gruponasca.com.pe\/index.php\/producto\/0450-protector-caja-de-herramientas-portatil\/#breadcrumb"},"inLanguage":"es","potentialAction":[{"@type":"ReadAction","target":["https:\/\/gruponasca.com.pe\/index.php\/producto\/0450-protector-caja-de-herramientas-portatil\/"]}]},{"@type":"ImageObject","inLanguage":"es","@id":"https:\/\/gruponasca.com.pe\/index.php\/producto\/0450-protector-caja-de-herramientas-portatil\/#primaryimage","url":"https:\/\/gruponasca.com.pe\/wp-content\/uploads\/2025\/09\/0450.jpg","contentUrl":"https:\/\/gruponasca.com.pe\/wp-content\/uploads\/2025\/09\/0450.jpg","width":500,"height":500},{"@type":"BreadcrumbList","@id":"https:\/\/gruponasca.com.pe\/index.php\/producto\/0450-protector-caja-de-herramientas-portatil\/#breadcrumb","itemListElement":[{"@type":"ListItem","position":1,"name":"Portada","item":"https:\/\/gruponasca.com.pe\/"},{"@type":"ListItem","position":2,"name":"Productos","item":"https:\/\/gruponasca.com.pe\/index.php\/productos\/"},{"@type":"ListItem","position":3,"name":"0450 Protector Caja de Herramientas Port\u00e1til"}]},{"@type":"WebSite","@id":"https:\/\/gruponasca.com.pe\/#website","url":"https:\/\/gruponasca.com.pe\/","name":"Grupo Nasca SAC","description":"Seguridad Industrial y Herramientas de Calidad","publisher":{"@id":"https:\/\/gruponasca.com.pe\/#organization"},"potentialAction":[{"@type":"SearchAction","target":{"@type":"EntryPoint","urlTemplate":"https:\/\/gruponasca.com.pe\/?s={search_term_string}"},"query-input":{"@type":"PropertyValueSpecification","valueRequired":true,"valueName":"search_term_string"}}],"inLanguage":"es"},{"@type":"Organization","@id":"https:\/\/gruponasca.com.pe\/#organization","name":"Grupo Nasca SAC","url":"https:\/\/gruponasca.com.pe\/","logo":{"@type":"ImageObject","inLanguage":"es","@id":"https:\/\/gruponasca.com.pe\/#\/schema\/logo\/image\/","url":"https:\/\/gruponasca.com.pe\/wp-content\/uploads\/2025\/09\/cropped-icono_conasac-scaled-1.jpg","contentUrl":"https:\/\/gruponasca.com.pe\/wp-content\/uploads\/2025\/09\/cropped-icono_conasac-scaled-1.jpg","width":512,"height":512,"caption":"Grupo Nasca SAC"},"image":{"@id":"https:\/\/gruponasca.com.pe\/#\/schema\/logo\/image\/"}}]}},"_links":{"self":[{"href":"https:\/\/gruponasca.com.pe\/index.php\/wp-json\/wp\/v2\/product\/701","targetHints":{"allow":["GET"]}}],"collection":[{"href":"https:\/\/gruponasca.com.pe\/index.php\/wp-json\/wp\/v2\/product"}],"about":[{"href":"https:\/\/gruponasca.com.pe\/index.php\/wp-json\/wp\/v2\/types\/product"}],"wp:featuredmedia":[{"embeddable":true,"href":"https:\/\/gruponasca.com.pe\/index.php\/wp-json\/wp\/v2\/media\/703"}],"wp:attachment":[{"href":"https:\/\/gruponasca.com.pe\/index.php\/wp-json\/wp\/v2\/media?parent=701"}],"wp:term":[{"taxonomy":"product_brand","embeddable":true,"href":"https:\/\/gruponasca.com.pe\/index.php\/wp-json\/wp\/v2\/product_brand?post=701"},{"taxonomy":"product_cat","embeddable":true,"href":"https:\/\/gruponasca.com.pe\/index.php\/wp-json\/wp\/v2\/product_cat?post=701"},{"taxonomy":"product_tag","embeddable":true,"href":"https:\/\/gruponasca.com.pe\/index.php\/wp-json\/wp\/v2\/product_tag?post=701"}],"curies":[{"name":"wp","href":"https:\/\/api.w.org\/{rel}","templated":true}]}}