{"id":694,"date":"2025-09-24T08:18:07","date_gmt":"2025-09-24T08:18:07","guid":{"rendered":"https:\/\/dots-interactive.com\/desarrollo\/nasca\/?post_type=product&#038;p=694"},"modified":"2025-09-24T08:27:21","modified_gmt":"2025-09-24T08:27:21","slug":"1460tool-protector-caja-de-herramientas-portatil","status":"publish","type":"product","link":"https:\/\/gruponasca.com.pe\/index.php\/producto\/1460tool-protector-caja-de-herramientas-portatil\/","title":{"rendered":"1460TOOL Protector Caja de Herramientas Port\u00e1til"},"content":{"rendered":"<div class=\"col-lg-4 col-md-10 col-lg-offset-0\">\n<p><strong>Pelican\u2122 Protector Case\u2122 Caja de Herramientas Port\u00e1til<\/strong><\/p>\n<p>Desde 1976, las maletas Peli\u00ae Protector son la respuesta a las necesidades de protecci\u00f3n de los equipos m\u00e1s delicados. Estas maletas cuentan con un dise\u00f1o resistente y se pueden utilizar en los entornos m\u00e1s adversos del planeta. Las maletas Peli siempre sobreviven, tanto en el fr\u00edo extremo del \u00c1rtico como en el fragor de cualquier conflicto b\u00e9lico.<\/p>\n<p>Estas resistentes maletas fabricadas en EE. UU. est\u00e1n dise\u00f1adas con una v\u00e1lvula de purga autom\u00e1tica que iguala la presi\u00f3n del aire, una tapa con anillo de sellado estanco de silicona, asas de goma ergon\u00f3micas y componentes met\u00e1licos de acero inoxidable.<\/p>\n<\/div>\n<div class=\"col-lg-8 col-xs-12\">\n<ul id=\"pdp-bullets\" class=\"pl-20\">\n<li>Divisores de bandeja ajustables y extra\u00edbles para una f\u00e1cil personalizaci\u00f3n<\/li>\n<li>La tapa superior se abre hasta un \u00e1ngulo de 180\u00b0 para dotar a la maleta de estabilidad antivuelco sobre el terreno cuando e<\/li>\n<li>Tama\u00f1os de las bandejas: bandeja superior 44,83 x 20,83 x 6,10 cm y bandeja inferior 43,94 x 20,32 x 5,84 cm<\/li>\n<li>Anillo de sellado de neopreno resistente al polvo y al agua (IP66)<\/li>\n<li>N\u00facleo interior de c\u00e9lula abierta y paneles exteriores r\u00edgidos: resistente y ligera<\/li>\n<li>C\u00f3modas asas ergon\u00f3micas de goma<\/li>\n<li>Cierres de doble recorrido f\u00e1ciles de abrir<\/li>\n<li>V\u00e1lvula autom\u00e1tica de compensaci\u00f3n de la presi\u00f3n (mantiene el interior a salvo del agua y equilibra la presi\u00f3n del aire)<\/li>\n<li>Tambi\u00e9n disponible sin divisores de bandeja<\/li>\n<li>Servicio opcional de placa personalizada con tu nombre<\/li>\n<li>Garant\u00eda de excelencia de por vida (Sistema de bandejas no cubierto por la garant\u00eda de por vida)<\/li>\n<\/ul>\n<div class=\"product-specs\">\n<h5>Especificaciones T\u00e9cnicas<\/h5>\n<ul>\n<li><strong>Dimensiones (Interior):<\/strong> 47.1 x 25.2 x 27.7 cm<\/li>\n<li><strong>Dimensiones (Exterior):<\/strong> 53 x 32.3 x 32.4 cm<\/li>\n<li><strong>Profundidad de Tapa:<\/strong> 12.5 cm<\/li>\n<li><strong>Profundidad de Base:<\/strong> 15.3 cm<\/li>\n<li><strong>Profundidad Total:<\/strong> 27.7 cm<\/li>\n<li><strong>Volumen Interior:<\/strong> 0.033 m\u00b3<\/li>\n<li><strong>Di\u00e1metro de Agujeros para Candado:<\/strong> 8 mm<\/li>\n<li><strong>Peso con Espuma:<\/strong> 5.9 kg<\/li>\n<li><strong>Flotabilidad:<\/strong> 37.2 kg<\/li>\n<li><strong>Material Cuerpo:<\/strong> Polipropileno<\/li>\n<li><strong>Material Cierre:<\/strong> EXL<\/li>\n<li><strong>Material Anillo de Sellado:<\/strong> Pol\u00edmero<\/li>\n<li><strong>Material Pasadores:<\/strong> Acero inoxidable<\/li>\n<li><strong>Material Espuma:<\/strong> Poliuretano<\/li>\n<li><strong>Material Cuerpo de Compensaci\u00f3n:<\/strong> ABS<\/li>\n<li><strong>Material Respiradero de Compensaci\u00f3n:<\/strong> No tejido hidrof\u00f3bico de 3 micras<\/li>\n<li><strong>Temperatura M\u00ednima:<\/strong> -40\u00b0 F (-40 \u00b0C)<\/li>\n<li><strong>Temperatura M\u00e1xima:<\/strong> 190\u00b0 F (88 \u00b0C)<\/li>\n<li><strong>Certificaciones:<\/strong> IP66<\/li>\n<li><strong>Fabricaci\u00f3n:<\/strong> Hecho en EE. UU.<\/li>\n<\/ul>\n<h3 style=\"font-size: 16px;\">Especificaciones de Movilidad<\/h3>\n<table>\n<tbody>\n<tr>\n<th>Ruedas<\/th>\n<td>No<\/td>\n<\/tr>\n<\/tbody>\n<\/table>\n<\/div>\n<\/div>\n","protected":false},"excerpt":{"rendered":"<p data-start=\"162\" data-end=\"332\">Pelican\u2122 Protector 1460TOOL: caja de herramientas port\u00e1til con bandejas ajustables, resistente al agua, polvo y golpes. Ideal para uso profesional en entornos extremos.<\/p>\n","protected":false},"featured_media":698,"template":"","meta":{"site-sidebar-layout":"default","site-content-layout":"","ast-site-content-layout":"default","site-content-style":"default","site-sidebar-style":"default","ast-global-header-display":"","ast-banner-title-visibility":"","ast-main-header-display":"","ast-hfb-above-header-display":"","ast-hfb-below-header-display":"","ast-hfb-mobile-header-display":"","site-post-title":"","ast-breadcrumbs-content":"","ast-featured-img":"","footer-sml-layout":"","ast-disable-related-posts":"","theme-transparent-header-meta":"default","adv-header-id-meta":"","stick-header-meta":"","header-above-stick-meta":"","header-main-stick-meta":"","header-below-stick-meta":"","astra-migrate-meta-layouts":"set","ast-page-background-enabled":"default","ast-page-background-meta":{"desktop":{"background-color":"var(--ast-global-color-5)","background-image":"","background-repeat":"repeat","background-position":"center center","background-size":"auto","background-attachment":"scroll","background-type":"","background-media":"","overlay-type":"","overlay-color":"","overlay-opacity":"","overlay-gradient":""},"tablet":{"background-color":"","background-image":"","background-repeat":"repeat","background-position":"center center","background-size":"auto","background-attachment":"scroll","background-type":"","background-media":"","overlay-type":"","overlay-color":"","overlay-opacity":"","overlay-gradient":""},"mobile":{"background-color":"","background-image":"","background-repeat":"repeat","background-position":"center center","background-size":"auto","background-attachment":"scroll","background-type":"","background-media":"","overlay-type":"","overlay-color":"","overlay-opacity":"","overlay-gradient":""}},"ast-content-background-meta":{"desktop":{"background-color":"var(--ast-global-color-4)","background-image":"","background-repeat":"repeat","background-position":"center center","background-size":"auto","background-attachment":"scroll","background-type":"","background-media":"","overlay-type":"","overlay-color":"","overlay-opacity":"","overlay-gradient":""},"tablet":{"background-color":"var(--ast-global-color-4)","background-image":"","background-repeat":"repeat","background-position":"center center","background-size":"auto","background-attachment":"scroll","background-type":"","background-media":"","overlay-type":"","overlay-color":"","overlay-opacity":"","overlay-gradient":""},"mobile":{"background-color":"var(--ast-global-color-4)","background-image":"","background-repeat":"repeat","background-position":"center center","background-size":"auto","background-attachment":"scroll","background-type":"","background-media":"","overlay-type":"","overlay-color":"","overlay-opacity":"","overlay-gradient":""}}},"product_brand":[],"product_cat":[19,389],"product_tag":[391,396,395,394,392,390,393],"class_list":{"0":"post-694","1":"product","2":"type-product","3":"status-publish","4":"has-post-thumbnail","6":"product_cat-iluminacion-y-proteccion-de-equipos","7":"product_cat-maletas-proteccion-herramientas","8":"product_tag-caja-de-herramientas-portatil","9":"product_tag-caja-pelican-para-trabajo-extremo","10":"product_tag-caja-profesional-de-herramientas","11":"product_tag-caja-resistente-agua-polvo","12":"product_tag-maletin-protector-herramientas","13":"product_tag-pelican-1460tool","14":"product_tag-pelican-protector-case","15":"desktop-align-center","16":"tablet-align-left","17":"mobile-align-left","19":"first","20":"instock","21":"shipping-taxable","22":"product-type-simple"},"yoast_head":"<!-- This site is optimized with the Yoast SEO plugin v27.5 - https:\/\/yoast.com\/product\/yoast-seo-wordpress\/ -->\n<title>1460TOOL Protector Caja de Herramientas Port\u00e1til - Grupo Nasca<\/title>\n<meta name=\"description\" content=\"Pelican\u2122 1460TOOL: caja de herramientas port\u00e1til con bandejas ajustables, resistente al agua, polvo y golpes, dise\u00f1ada para entornos extremos.\" \/>\n<meta name=\"robots\" content=\"index, follow, max-snippet:-1, max-image-preview:large, max-video-preview:-1\" \/>\n<link rel=\"canonical\" href=\"https:\/\/gruponasca.com.pe\/index.php\/producto\/1460tool-protector-caja-de-herramientas-portatil\/\" \/>\n<meta property=\"og:locale\" content=\"es_ES\" \/>\n<meta property=\"og:type\" content=\"article\" \/>\n<meta property=\"og:title\" content=\"1460TOOL Protector Caja de Herramientas Port\u00e1til - Grupo Nasca\" \/>\n<meta property=\"og:description\" content=\"Pelican\u2122 1460TOOL: caja de herramientas port\u00e1til con bandejas ajustables, resistente al agua, polvo y golpes, dise\u00f1ada para entornos extremos.\" \/>\n<meta property=\"og:url\" content=\"https:\/\/gruponasca.com.pe\/index.php\/producto\/1460tool-protector-caja-de-herramientas-portatil\/\" \/>\n<meta property=\"og:site_name\" content=\"Grupo Nasca\" \/>\n<meta property=\"article:modified_time\" content=\"2025-09-24T08:27:21+00:00\" \/>\n<meta property=\"og:image\" content=\"https:\/\/gruponasca.com.pe\/wp-content\/uploads\/2025\/09\/1460TOOL.jpg\" \/>\n\t<meta property=\"og:image:width\" content=\"500\" \/>\n\t<meta property=\"og:image:height\" content=\"500\" \/>\n\t<meta property=\"og:image:type\" content=\"image\/jpeg\" \/>\n<meta name=\"twitter:card\" content=\"summary_large_image\" \/>\n<meta name=\"twitter:label1\" content=\"Tiempo de lectura\" \/>\n\t<meta name=\"twitter:data1\" content=\"2 minutos\" \/>\n<script type=\"application\/ld+json\" class=\"yoast-schema-graph\">{\"@context\":\"https:\\\/\\\/schema.org\",\"@graph\":[{\"@type\":\"WebPage\",\"@id\":\"https:\\\/\\\/gruponasca.com.pe\\\/index.php\\\/producto\\\/1460tool-protector-caja-de-herramientas-portatil\\\/\",\"url\":\"https:\\\/\\\/gruponasca.com.pe\\\/index.php\\\/producto\\\/1460tool-protector-caja-de-herramientas-portatil\\\/\",\"name\":\"1460TOOL Protector Caja de Herramientas Port\u00e1til - Grupo Nasca\",\"isPartOf\":{\"@id\":\"https:\\\/\\\/gruponasca.com.pe\\\/#website\"},\"primaryImageOfPage\":{\"@id\":\"https:\\\/\\\/gruponasca.com.pe\\\/index.php\\\/producto\\\/1460tool-protector-caja-de-herramientas-portatil\\\/#primaryimage\"},\"image\":{\"@id\":\"https:\\\/\\\/gruponasca.com.pe\\\/index.php\\\/producto\\\/1460tool-protector-caja-de-herramientas-portatil\\\/#primaryimage\"},\"thumbnailUrl\":\"https:\\\/\\\/gruponasca.com.pe\\\/wp-content\\\/uploads\\\/2025\\\/09\\\/1460TOOL.jpg\",\"datePublished\":\"2025-09-24T08:18:07+00:00\",\"dateModified\":\"2025-09-24T08:27:21+00:00\",\"description\":\"Pelican\u2122 1460TOOL: caja de herramientas port\u00e1til con bandejas ajustables, resistente al agua, polvo y golpes, dise\u00f1ada para entornos extremos.\",\"breadcrumb\":{\"@id\":\"https:\\\/\\\/gruponasca.com.pe\\\/index.php\\\/producto\\\/1460tool-protector-caja-de-herramientas-portatil\\\/#breadcrumb\"},\"inLanguage\":\"es\",\"potentialAction\":[{\"@type\":\"ReadAction\",\"target\":[\"https:\\\/\\\/gruponasca.com.pe\\\/index.php\\\/producto\\\/1460tool-protector-caja-de-herramientas-portatil\\\/\"]}]},{\"@type\":\"ImageObject\",\"inLanguage\":\"es\",\"@id\":\"https:\\\/\\\/gruponasca.com.pe\\\/index.php\\\/producto\\\/1460tool-protector-caja-de-herramientas-portatil\\\/#primaryimage\",\"url\":\"https:\\\/\\\/gruponasca.com.pe\\\/wp-content\\\/uploads\\\/2025\\\/09\\\/1460TOOL.jpg\",\"contentUrl\":\"https:\\\/\\\/gruponasca.com.pe\\\/wp-content\\\/uploads\\\/2025\\\/09\\\/1460TOOL.jpg\",\"width\":500,\"height\":500},{\"@type\":\"BreadcrumbList\",\"@id\":\"https:\\\/\\\/gruponasca.com.pe\\\/index.php\\\/producto\\\/1460tool-protector-caja-de-herramientas-portatil\\\/#breadcrumb\",\"itemListElement\":[{\"@type\":\"ListItem\",\"position\":1,\"name\":\"Portada\",\"item\":\"https:\\\/\\\/gruponasca.com.pe\\\/\"},{\"@type\":\"ListItem\",\"position\":2,\"name\":\"Productos\",\"item\":\"https:\\\/\\\/gruponasca.com.pe\\\/index.php\\\/productos\\\/\"},{\"@type\":\"ListItem\",\"position\":3,\"name\":\"1460TOOL Protector Caja de Herramientas Port\u00e1til\"}]},{\"@type\":\"WebSite\",\"@id\":\"https:\\\/\\\/gruponasca.com.pe\\\/#website\",\"url\":\"https:\\\/\\\/gruponasca.com.pe\\\/\",\"name\":\"Grupo Nasca SAC\",\"description\":\"Seguridad Industrial y Herramientas de Calidad\",\"publisher\":{\"@id\":\"https:\\\/\\\/gruponasca.com.pe\\\/#organization\"},\"potentialAction\":[{\"@type\":\"SearchAction\",\"target\":{\"@type\":\"EntryPoint\",\"urlTemplate\":\"https:\\\/\\\/gruponasca.com.pe\\\/?s={search_term_string}\"},\"query-input\":{\"@type\":\"PropertyValueSpecification\",\"valueRequired\":true,\"valueName\":\"search_term_string\"}}],\"inLanguage\":\"es\"},{\"@type\":\"Organization\",\"@id\":\"https:\\\/\\\/gruponasca.com.pe\\\/#organization\",\"name\":\"Grupo Nasca SAC\",\"url\":\"https:\\\/\\\/gruponasca.com.pe\\\/\",\"logo\":{\"@type\":\"ImageObject\",\"inLanguage\":\"es\",\"@id\":\"https:\\\/\\\/gruponasca.com.pe\\\/#\\\/schema\\\/logo\\\/image\\\/\",\"url\":\"https:\\\/\\\/gruponasca.com.pe\\\/wp-content\\\/uploads\\\/2025\\\/09\\\/cropped-icono_conasac-scaled-1.jpg\",\"contentUrl\":\"https:\\\/\\\/gruponasca.com.pe\\\/wp-content\\\/uploads\\\/2025\\\/09\\\/cropped-icono_conasac-scaled-1.jpg\",\"width\":512,\"height\":512,\"caption\":\"Grupo Nasca SAC\"},\"image\":{\"@id\":\"https:\\\/\\\/gruponasca.com.pe\\\/#\\\/schema\\\/logo\\\/image\\\/\"}}]}<\/script>\n<!-- \/ Yoast SEO plugin. -->","yoast_head_json":{"title":"1460TOOL Protector Caja de Herramientas Port\u00e1til - Grupo Nasca","description":"Pelican\u2122 1460TOOL: caja de herramientas port\u00e1til con bandejas ajustables, resistente al agua, polvo y golpes, dise\u00f1ada para entornos extremos.","robots":{"index":"index","follow":"follow","max-snippet":"max-snippet:-1","max-image-preview":"max-image-preview:large","max-video-preview":"max-video-preview:-1"},"canonical":"https:\/\/gruponasca.com.pe\/index.php\/producto\/1460tool-protector-caja-de-herramientas-portatil\/","og_locale":"es_ES","og_type":"article","og_title":"1460TOOL Protector Caja de Herramientas Port\u00e1til - Grupo Nasca","og_description":"Pelican\u2122 1460TOOL: caja de herramientas port\u00e1til con bandejas ajustables, resistente al agua, polvo y golpes, dise\u00f1ada para entornos extremos.","og_url":"https:\/\/gruponasca.com.pe\/index.php\/producto\/1460tool-protector-caja-de-herramientas-portatil\/","og_site_name":"Grupo Nasca","article_modified_time":"2025-09-24T08:27:21+00:00","og_image":[{"width":500,"height":500,"url":"https:\/\/gruponasca.com.pe\/wp-content\/uploads\/2025\/09\/1460TOOL.jpg","type":"image\/jpeg"}],"twitter_card":"summary_large_image","twitter_misc":{"Tiempo de lectura":"2 minutos"},"schema":{"@context":"https:\/\/schema.org","@graph":[{"@type":"WebPage","@id":"https:\/\/gruponasca.com.pe\/index.php\/producto\/1460tool-protector-caja-de-herramientas-portatil\/","url":"https:\/\/gruponasca.com.pe\/index.php\/producto\/1460tool-protector-caja-de-herramientas-portatil\/","name":"1460TOOL Protector Caja de Herramientas Port\u00e1til - Grupo Nasca","isPartOf":{"@id":"https:\/\/gruponasca.com.pe\/#website"},"primaryImageOfPage":{"@id":"https:\/\/gruponasca.com.pe\/index.php\/producto\/1460tool-protector-caja-de-herramientas-portatil\/#primaryimage"},"image":{"@id":"https:\/\/gruponasca.com.pe\/index.php\/producto\/1460tool-protector-caja-de-herramientas-portatil\/#primaryimage"},"thumbnailUrl":"https:\/\/gruponasca.com.pe\/wp-content\/uploads\/2025\/09\/1460TOOL.jpg","datePublished":"2025-09-24T08:18:07+00:00","dateModified":"2025-09-24T08:27:21+00:00","description":"Pelican\u2122 1460TOOL: caja de herramientas port\u00e1til con bandejas ajustables, resistente al agua, polvo y golpes, dise\u00f1ada para entornos extremos.","breadcrumb":{"@id":"https:\/\/gruponasca.com.pe\/index.php\/producto\/1460tool-protector-caja-de-herramientas-portatil\/#breadcrumb"},"inLanguage":"es","potentialAction":[{"@type":"ReadAction","target":["https:\/\/gruponasca.com.pe\/index.php\/producto\/1460tool-protector-caja-de-herramientas-portatil\/"]}]},{"@type":"ImageObject","inLanguage":"es","@id":"https:\/\/gruponasca.com.pe\/index.php\/producto\/1460tool-protector-caja-de-herramientas-portatil\/#primaryimage","url":"https:\/\/gruponasca.com.pe\/wp-content\/uploads\/2025\/09\/1460TOOL.jpg","contentUrl":"https:\/\/gruponasca.com.pe\/wp-content\/uploads\/2025\/09\/1460TOOL.jpg","width":500,"height":500},{"@type":"BreadcrumbList","@id":"https:\/\/gruponasca.com.pe\/index.php\/producto\/1460tool-protector-caja-de-herramientas-portatil\/#breadcrumb","itemListElement":[{"@type":"ListItem","position":1,"name":"Portada","item":"https:\/\/gruponasca.com.pe\/"},{"@type":"ListItem","position":2,"name":"Productos","item":"https:\/\/gruponasca.com.pe\/index.php\/productos\/"},{"@type":"ListItem","position":3,"name":"1460TOOL Protector Caja de Herramientas Port\u00e1til"}]},{"@type":"WebSite","@id":"https:\/\/gruponasca.com.pe\/#website","url":"https:\/\/gruponasca.com.pe\/","name":"Grupo Nasca SAC","description":"Seguridad Industrial y Herramientas de Calidad","publisher":{"@id":"https:\/\/gruponasca.com.pe\/#organization"},"potentialAction":[{"@type":"SearchAction","target":{"@type":"EntryPoint","urlTemplate":"https:\/\/gruponasca.com.pe\/?s={search_term_string}"},"query-input":{"@type":"PropertyValueSpecification","valueRequired":true,"valueName":"search_term_string"}}],"inLanguage":"es"},{"@type":"Organization","@id":"https:\/\/gruponasca.com.pe\/#organization","name":"Grupo Nasca SAC","url":"https:\/\/gruponasca.com.pe\/","logo":{"@type":"ImageObject","inLanguage":"es","@id":"https:\/\/gruponasca.com.pe\/#\/schema\/logo\/image\/","url":"https:\/\/gruponasca.com.pe\/wp-content\/uploads\/2025\/09\/cropped-icono_conasac-scaled-1.jpg","contentUrl":"https:\/\/gruponasca.com.pe\/wp-content\/uploads\/2025\/09\/cropped-icono_conasac-scaled-1.jpg","width":512,"height":512,"caption":"Grupo Nasca SAC"},"image":{"@id":"https:\/\/gruponasca.com.pe\/#\/schema\/logo\/image\/"}}]}},"_links":{"self":[{"href":"https:\/\/gruponasca.com.pe\/index.php\/wp-json\/wp\/v2\/product\/694","targetHints":{"allow":["GET"]}}],"collection":[{"href":"https:\/\/gruponasca.com.pe\/index.php\/wp-json\/wp\/v2\/product"}],"about":[{"href":"https:\/\/gruponasca.com.pe\/index.php\/wp-json\/wp\/v2\/types\/product"}],"wp:featuredmedia":[{"embeddable":true,"href":"https:\/\/gruponasca.com.pe\/index.php\/wp-json\/wp\/v2\/media\/698"}],"wp:attachment":[{"href":"https:\/\/gruponasca.com.pe\/index.php\/wp-json\/wp\/v2\/media?parent=694"}],"wp:term":[{"taxonomy":"product_brand","embeddable":true,"href":"https:\/\/gruponasca.com.pe\/index.php\/wp-json\/wp\/v2\/product_brand?post=694"},{"taxonomy":"product_cat","embeddable":true,"href":"https:\/\/gruponasca.com.pe\/index.php\/wp-json\/wp\/v2\/product_cat?post=694"},{"taxonomy":"product_tag","embeddable":true,"href":"https:\/\/gruponasca.com.pe\/index.php\/wp-json\/wp\/v2\/product_tag?post=694"}],"curies":[{"name":"wp","href":"https:\/\/api.w.org\/{rel}","templated":true}]}}