{"id":683,"date":"2025-09-24T07:58:30","date_gmt":"2025-09-24T07:58:30","guid":{"rendered":"https:\/\/dots-interactive.com\/desarrollo\/nasca\/?post_type=product&#038;p=683"},"modified":"2025-09-24T08:12:16","modified_gmt":"2025-09-24T08:12:16","slug":"v800-vault-double-rifle-case","status":"publish","type":"product","link":"https:\/\/gruponasca.com.pe\/index.php\/producto\/v800-vault-double-rifle-case\/","title":{"rendered":"V800 Vault Double Rifle Case"},"content":{"rendered":"<div class=\"col-lg-4 col-md-10 col-lg-offset-0\">\n<p>Dise\u00f1ados para un uso intensivo, alto impacto y suprema resistencia a la intemperie, los nuevos estuches para armas de la serie Vault son los m\u00e1s resistentes y seguros de su clase. Equipado con una serie de caracter\u00edsticas de protecci\u00f3n de primera calidad a un precio que m\u00e1s cazadores y tiradores pueden permitirse, como solo el veterano de 42 a\u00f1os en golpes fuertes podr\u00eda ofrecer.<\/p>\n<\/div>\n<div class=\"col-lg-8 col-xs-12\">\n<ul id=\"pdp-bullets\" class=\"pl-20\">\n<li>Seis pestillos con bot\u00f3n pulsador ofrecen un cierre seguro con f\u00e1cil acceso<\/li>\n<li>Lleve dos rifles con mira telesc\u00f3pica con absoluta confianza<\/li>\n<li>El pol\u00edmero de alto impacto asegura la protecci\u00f3n de su arma de fuego, por carretera, sendero o aire<\/li>\n<li>Resistente al aplastamiento, al polvo y a la intemperie<\/li>\n<li>Los mangos resistentes son ergon\u00f3micos y resistir\u00e1n incluso en las condiciones m\u00e1s dif\u00edciles<\/li>\n<li>Cuatro capas de espuma protectora<\/li>\n<li>Fabricado en EE. UU<\/li>\n<\/ul>\n<div class=\"product-specs\">\n<h5>Especificaciones T\u00e9cnicas<\/h5>\n<ul>\n<li><strong>Dimensiones (Interior):<\/strong> 134.6 x 40.6 x 15.2 cm<\/li>\n<li><strong>Dimensiones (Exterior):<\/strong> 142.5 x 48.6 x 16.9 cm<\/li>\n<li><strong>Profundidad de Tapa:<\/strong> 4 cm<\/li>\n<li><strong>Profundidad de Base:<\/strong> 11.3 cm<\/li>\n<li><strong>Profundidad Total:<\/strong> 15.2 cm<\/li>\n<li><strong>Volumen Interior:<\/strong> 0.083 m\u00b3<\/li>\n<li><strong>Di\u00e1metro de Agujeros para Candado:<\/strong> 1.2 cm<\/li>\n<li><strong>Peso con Espuma:<\/strong> 11.3 kg<\/li>\n<li><strong>Peso sin Espuma:<\/strong> 8.9 kg<\/li>\n<li><strong>Material Cuerpo:<\/strong> Polyethylene<\/li>\n<li><strong>Material Cierre:<\/strong> ABS<\/li>\n<li><strong>Material Anillo de Sellado:<\/strong> Polymer<\/li>\n<li><strong>Material Pasadores:<\/strong> Stainless Steel<\/li>\n<li><strong>Material Espuma:<\/strong> 1.12 lbs ELE (Polyurethane)<\/li>\n<li><strong>Material Cuerpo de Compensaci\u00f3n:<\/strong> ABS<\/li>\n<li><strong>Material Respiradero de Compensaci\u00f3n:<\/strong> 3 Micron Hydrophobic Non-Woven<\/li>\n<li><strong>Temperatura M\u00ednima:<\/strong> 0\u00b0 F (-18 \u00b0C)<\/li>\n<li><strong>Temperatura M\u00e1xima:<\/strong> 140\u00b0 F (60 \u00b0C)<\/li>\n<li><strong>Fabricaci\u00f3n:<\/strong> Hecho en EE. UU.<\/li>\n<li><strong>Ruedas:<\/strong> 2<\/li>\n<\/ul>\n<\/div>\n<\/div>\n","protected":false},"excerpt":{"rendered":"<p data-start=\"265\" data-end=\"425\">Malet\u00edn Pelican\u2122 Vault V800 para dos rifles. Resistente a impactos, polvo y clima adverso; espuma protectora en cuatro capas y cierre seguro con seis pestillos.<\/p>\n","protected":false},"featured_media":688,"template":"","meta":{"site-sidebar-layout":"default","site-content-layout":"","ast-site-content-layout":"default","site-content-style":"default","site-sidebar-style":"default","ast-global-header-display":"","ast-banner-title-visibility":"","ast-main-header-display":"","ast-hfb-above-header-display":"","ast-hfb-below-header-display":"","ast-hfb-mobile-header-display":"","site-post-title":"","ast-breadcrumbs-content":"","ast-featured-img":"","footer-sml-layout":"","ast-disable-related-posts":"","theme-transparent-header-meta":"default","adv-header-id-meta":"","stick-header-meta":"","header-above-stick-meta":"","header-main-stick-meta":"","header-below-stick-meta":"","astra-migrate-meta-layouts":"set","ast-page-background-enabled":"default","ast-page-background-meta":{"desktop":{"background-color":"var(--ast-global-color-5)","background-image":"","background-repeat":"repeat","background-position":"center center","background-size":"auto","background-attachment":"scroll","background-type":"","background-media":"","overlay-type":"","overlay-color":"","overlay-opacity":"","overlay-gradient":""},"tablet":{"background-color":"","background-image":"","background-repeat":"repeat","background-position":"center center","background-size":"auto","background-attachment":"scroll","background-type":"","background-media":"","overlay-type":"","overlay-color":"","overlay-opacity":"","overlay-gradient":""},"mobile":{"background-color":"","background-image":"","background-repeat":"repeat","background-position":"center center","background-size":"auto","background-attachment":"scroll","background-type":"","background-media":"","overlay-type":"","overlay-color":"","overlay-opacity":"","overlay-gradient":""}},"ast-content-background-meta":{"desktop":{"background-color":"var(--ast-global-color-4)","background-image":"","background-repeat":"repeat","background-position":"center center","background-size":"auto","background-attachment":"scroll","background-type":"","background-media":"","overlay-type":"","overlay-color":"","overlay-opacity":"","overlay-gradient":""},"tablet":{"background-color":"var(--ast-global-color-4)","background-image":"","background-repeat":"repeat","background-position":"center center","background-size":"auto","background-attachment":"scroll","background-type":"","background-media":"","overlay-type":"","overlay-color":"","overlay-opacity":"","overlay-gradient":""},"mobile":{"background-color":"var(--ast-global-color-4)","background-image":"","background-repeat":"repeat","background-position":"center center","background-size":"auto","background-attachment":"scroll","background-type":"","background-media":"","overlay-type":"","overlay-color":"","overlay-opacity":"","overlay-gradient":""}}},"product_brand":[],"product_cat":[19,365],"product_tag":[373,369,371,370,372,368,366,367],"class_list":{"0":"post-683","1":"product","2":"type-product","3":"status-publish","4":"has-post-thumbnail","6":"product_cat-iluminacion-y-proteccion-de-equipos","7":"product_cat-maletas-uso-militar-policial","8":"product_tag-estuche-polietileno-resistente","9":"product_tag-estuche-rifles-resistente","10":"product_tag-estuche-vault-v800","11":"product_tag-maleta-armas-dos-rifles","12":"product_tag-maletin-con-espuma-para-rifles","13":"product_tag-maletin-rifles-doble","14":"product_tag-pelican-v800","15":"product_tag-vault-double-rifle-case","16":"desktop-align-center","17":"tablet-align-left","18":"mobile-align-left","20":"first","21":"instock","22":"shipping-taxable","23":"product-type-simple"},"yoast_head":"<!-- This site is optimized with the Yoast SEO plugin v27.5 - https:\/\/yoast.com\/product\/yoast-seo-wordpress\/ -->\n<title>V800 Vault Double Rifle Case - Grupo Nasca<\/title>\n<meta name=\"description\" content=\"Pelican\u2122 Vault V800: estuche para dos rifles, resistente a impactos, polvo y clima, con espuma protectora en 4 capas y 6 cierres de seguridad.\" \/>\n<meta name=\"robots\" content=\"index, follow, max-snippet:-1, max-image-preview:large, max-video-preview:-1\" \/>\n<link rel=\"canonical\" href=\"https:\/\/gruponasca.com.pe\/index.php\/producto\/v800-vault-double-rifle-case\/\" \/>\n<meta property=\"og:locale\" content=\"es_ES\" \/>\n<meta property=\"og:type\" content=\"article\" \/>\n<meta property=\"og:title\" content=\"V800 Vault Double Rifle Case - Grupo Nasca\" \/>\n<meta property=\"og:description\" content=\"Pelican\u2122 Vault V800: estuche para dos rifles, resistente a impactos, polvo y clima, con espuma protectora en 4 capas y 6 cierres de seguridad.\" \/>\n<meta property=\"og:url\" content=\"https:\/\/gruponasca.com.pe\/index.php\/producto\/v800-vault-double-rifle-case\/\" \/>\n<meta property=\"og:site_name\" content=\"Grupo Nasca\" \/>\n<meta property=\"article:modified_time\" content=\"2025-09-24T08:12:16+00:00\" \/>\n<meta property=\"og:image\" content=\"https:\/\/gruponasca.com.pe\/wp-content\/uploads\/2025\/09\/V800.jpg\" \/>\n\t<meta property=\"og:image:width\" content=\"500\" \/>\n\t<meta property=\"og:image:height\" content=\"500\" \/>\n\t<meta property=\"og:image:type\" content=\"image\/jpeg\" \/>\n<meta name=\"twitter:card\" content=\"summary_large_image\" \/>\n<meta name=\"twitter:label1\" content=\"Tiempo de lectura\" \/>\n\t<meta name=\"twitter:data1\" content=\"2 minutos\" \/>\n<script type=\"application\/ld+json\" class=\"yoast-schema-graph\">{\"@context\":\"https:\\\/\\\/schema.org\",\"@graph\":[{\"@type\":\"WebPage\",\"@id\":\"https:\\\/\\\/gruponasca.com.pe\\\/index.php\\\/producto\\\/v800-vault-double-rifle-case\\\/\",\"url\":\"https:\\\/\\\/gruponasca.com.pe\\\/index.php\\\/producto\\\/v800-vault-double-rifle-case\\\/\",\"name\":\"V800 Vault Double Rifle Case - Grupo Nasca\",\"isPartOf\":{\"@id\":\"https:\\\/\\\/gruponasca.com.pe\\\/#website\"},\"primaryImageOfPage\":{\"@id\":\"https:\\\/\\\/gruponasca.com.pe\\\/index.php\\\/producto\\\/v800-vault-double-rifle-case\\\/#primaryimage\"},\"image\":{\"@id\":\"https:\\\/\\\/gruponasca.com.pe\\\/index.php\\\/producto\\\/v800-vault-double-rifle-case\\\/#primaryimage\"},\"thumbnailUrl\":\"https:\\\/\\\/gruponasca.com.pe\\\/wp-content\\\/uploads\\\/2025\\\/09\\\/V800.jpg\",\"datePublished\":\"2025-09-24T07:58:30+00:00\",\"dateModified\":\"2025-09-24T08:12:16+00:00\",\"description\":\"Pelican\u2122 Vault V800: estuche para dos rifles, resistente a impactos, polvo y clima, con espuma protectora en 4 capas y 6 cierres de seguridad.\",\"breadcrumb\":{\"@id\":\"https:\\\/\\\/gruponasca.com.pe\\\/index.php\\\/producto\\\/v800-vault-double-rifle-case\\\/#breadcrumb\"},\"inLanguage\":\"es\",\"potentialAction\":[{\"@type\":\"ReadAction\",\"target\":[\"https:\\\/\\\/gruponasca.com.pe\\\/index.php\\\/producto\\\/v800-vault-double-rifle-case\\\/\"]}]},{\"@type\":\"ImageObject\",\"inLanguage\":\"es\",\"@id\":\"https:\\\/\\\/gruponasca.com.pe\\\/index.php\\\/producto\\\/v800-vault-double-rifle-case\\\/#primaryimage\",\"url\":\"https:\\\/\\\/gruponasca.com.pe\\\/wp-content\\\/uploads\\\/2025\\\/09\\\/V800.jpg\",\"contentUrl\":\"https:\\\/\\\/gruponasca.com.pe\\\/wp-content\\\/uploads\\\/2025\\\/09\\\/V800.jpg\",\"width\":500,\"height\":500},{\"@type\":\"BreadcrumbList\",\"@id\":\"https:\\\/\\\/gruponasca.com.pe\\\/index.php\\\/producto\\\/v800-vault-double-rifle-case\\\/#breadcrumb\",\"itemListElement\":[{\"@type\":\"ListItem\",\"position\":1,\"name\":\"Portada\",\"item\":\"https:\\\/\\\/gruponasca.com.pe\\\/\"},{\"@type\":\"ListItem\",\"position\":2,\"name\":\"Productos\",\"item\":\"https:\\\/\\\/gruponasca.com.pe\\\/index.php\\\/productos\\\/\"},{\"@type\":\"ListItem\",\"position\":3,\"name\":\"V800 Vault Double Rifle Case\"}]},{\"@type\":\"WebSite\",\"@id\":\"https:\\\/\\\/gruponasca.com.pe\\\/#website\",\"url\":\"https:\\\/\\\/gruponasca.com.pe\\\/\",\"name\":\"Grupo Nasca SAC\",\"description\":\"Seguridad Industrial y Herramientas de Calidad\",\"publisher\":{\"@id\":\"https:\\\/\\\/gruponasca.com.pe\\\/#organization\"},\"potentialAction\":[{\"@type\":\"SearchAction\",\"target\":{\"@type\":\"EntryPoint\",\"urlTemplate\":\"https:\\\/\\\/gruponasca.com.pe\\\/?s={search_term_string}\"},\"query-input\":{\"@type\":\"PropertyValueSpecification\",\"valueRequired\":true,\"valueName\":\"search_term_string\"}}],\"inLanguage\":\"es\"},{\"@type\":\"Organization\",\"@id\":\"https:\\\/\\\/gruponasca.com.pe\\\/#organization\",\"name\":\"Grupo Nasca SAC\",\"url\":\"https:\\\/\\\/gruponasca.com.pe\\\/\",\"logo\":{\"@type\":\"ImageObject\",\"inLanguage\":\"es\",\"@id\":\"https:\\\/\\\/gruponasca.com.pe\\\/#\\\/schema\\\/logo\\\/image\\\/\",\"url\":\"https:\\\/\\\/gruponasca.com.pe\\\/wp-content\\\/uploads\\\/2025\\\/09\\\/cropped-icono_conasac-scaled-1.jpg\",\"contentUrl\":\"https:\\\/\\\/gruponasca.com.pe\\\/wp-content\\\/uploads\\\/2025\\\/09\\\/cropped-icono_conasac-scaled-1.jpg\",\"width\":512,\"height\":512,\"caption\":\"Grupo Nasca SAC\"},\"image\":{\"@id\":\"https:\\\/\\\/gruponasca.com.pe\\\/#\\\/schema\\\/logo\\\/image\\\/\"}}]}<\/script>\n<!-- \/ Yoast SEO plugin. -->","yoast_head_json":{"title":"V800 Vault Double Rifle Case - Grupo Nasca","description":"Pelican\u2122 Vault V800: estuche para dos rifles, resistente a impactos, polvo y clima, con espuma protectora en 4 capas y 6 cierres de seguridad.","robots":{"index":"index","follow":"follow","max-snippet":"max-snippet:-1","max-image-preview":"max-image-preview:large","max-video-preview":"max-video-preview:-1"},"canonical":"https:\/\/gruponasca.com.pe\/index.php\/producto\/v800-vault-double-rifle-case\/","og_locale":"es_ES","og_type":"article","og_title":"V800 Vault Double Rifle Case - Grupo Nasca","og_description":"Pelican\u2122 Vault V800: estuche para dos rifles, resistente a impactos, polvo y clima, con espuma protectora en 4 capas y 6 cierres de seguridad.","og_url":"https:\/\/gruponasca.com.pe\/index.php\/producto\/v800-vault-double-rifle-case\/","og_site_name":"Grupo Nasca","article_modified_time":"2025-09-24T08:12:16+00:00","og_image":[{"width":500,"height":500,"url":"https:\/\/gruponasca.com.pe\/wp-content\/uploads\/2025\/09\/V800.jpg","type":"image\/jpeg"}],"twitter_card":"summary_large_image","twitter_misc":{"Tiempo de lectura":"2 minutos"},"schema":{"@context":"https:\/\/schema.org","@graph":[{"@type":"WebPage","@id":"https:\/\/gruponasca.com.pe\/index.php\/producto\/v800-vault-double-rifle-case\/","url":"https:\/\/gruponasca.com.pe\/index.php\/producto\/v800-vault-double-rifle-case\/","name":"V800 Vault Double Rifle Case - Grupo Nasca","isPartOf":{"@id":"https:\/\/gruponasca.com.pe\/#website"},"primaryImageOfPage":{"@id":"https:\/\/gruponasca.com.pe\/index.php\/producto\/v800-vault-double-rifle-case\/#primaryimage"},"image":{"@id":"https:\/\/gruponasca.com.pe\/index.php\/producto\/v800-vault-double-rifle-case\/#primaryimage"},"thumbnailUrl":"https:\/\/gruponasca.com.pe\/wp-content\/uploads\/2025\/09\/V800.jpg","datePublished":"2025-09-24T07:58:30+00:00","dateModified":"2025-09-24T08:12:16+00:00","description":"Pelican\u2122 Vault V800: estuche para dos rifles, resistente a impactos, polvo y clima, con espuma protectora en 4 capas y 6 cierres de seguridad.","breadcrumb":{"@id":"https:\/\/gruponasca.com.pe\/index.php\/producto\/v800-vault-double-rifle-case\/#breadcrumb"},"inLanguage":"es","potentialAction":[{"@type":"ReadAction","target":["https:\/\/gruponasca.com.pe\/index.php\/producto\/v800-vault-double-rifle-case\/"]}]},{"@type":"ImageObject","inLanguage":"es","@id":"https:\/\/gruponasca.com.pe\/index.php\/producto\/v800-vault-double-rifle-case\/#primaryimage","url":"https:\/\/gruponasca.com.pe\/wp-content\/uploads\/2025\/09\/V800.jpg","contentUrl":"https:\/\/gruponasca.com.pe\/wp-content\/uploads\/2025\/09\/V800.jpg","width":500,"height":500},{"@type":"BreadcrumbList","@id":"https:\/\/gruponasca.com.pe\/index.php\/producto\/v800-vault-double-rifle-case\/#breadcrumb","itemListElement":[{"@type":"ListItem","position":1,"name":"Portada","item":"https:\/\/gruponasca.com.pe\/"},{"@type":"ListItem","position":2,"name":"Productos","item":"https:\/\/gruponasca.com.pe\/index.php\/productos\/"},{"@type":"ListItem","position":3,"name":"V800 Vault Double Rifle Case"}]},{"@type":"WebSite","@id":"https:\/\/gruponasca.com.pe\/#website","url":"https:\/\/gruponasca.com.pe\/","name":"Grupo Nasca SAC","description":"Seguridad Industrial y Herramientas de Calidad","publisher":{"@id":"https:\/\/gruponasca.com.pe\/#organization"},"potentialAction":[{"@type":"SearchAction","target":{"@type":"EntryPoint","urlTemplate":"https:\/\/gruponasca.com.pe\/?s={search_term_string}"},"query-input":{"@type":"PropertyValueSpecification","valueRequired":true,"valueName":"search_term_string"}}],"inLanguage":"es"},{"@type":"Organization","@id":"https:\/\/gruponasca.com.pe\/#organization","name":"Grupo Nasca SAC","url":"https:\/\/gruponasca.com.pe\/","logo":{"@type":"ImageObject","inLanguage":"es","@id":"https:\/\/gruponasca.com.pe\/#\/schema\/logo\/image\/","url":"https:\/\/gruponasca.com.pe\/wp-content\/uploads\/2025\/09\/cropped-icono_conasac-scaled-1.jpg","contentUrl":"https:\/\/gruponasca.com.pe\/wp-content\/uploads\/2025\/09\/cropped-icono_conasac-scaled-1.jpg","width":512,"height":512,"caption":"Grupo Nasca SAC"},"image":{"@id":"https:\/\/gruponasca.com.pe\/#\/schema\/logo\/image\/"}}]}},"_links":{"self":[{"href":"https:\/\/gruponasca.com.pe\/index.php\/wp-json\/wp\/v2\/product\/683","targetHints":{"allow":["GET"]}}],"collection":[{"href":"https:\/\/gruponasca.com.pe\/index.php\/wp-json\/wp\/v2\/product"}],"about":[{"href":"https:\/\/gruponasca.com.pe\/index.php\/wp-json\/wp\/v2\/types\/product"}],"wp:featuredmedia":[{"embeddable":true,"href":"https:\/\/gruponasca.com.pe\/index.php\/wp-json\/wp\/v2\/media\/688"}],"wp:attachment":[{"href":"https:\/\/gruponasca.com.pe\/index.php\/wp-json\/wp\/v2\/media?parent=683"}],"wp:term":[{"taxonomy":"product_brand","embeddable":true,"href":"https:\/\/gruponasca.com.pe\/index.php\/wp-json\/wp\/v2\/product_brand?post=683"},{"taxonomy":"product_cat","embeddable":true,"href":"https:\/\/gruponasca.com.pe\/index.php\/wp-json\/wp\/v2\/product_cat?post=683"},{"taxonomy":"product_tag","embeddable":true,"href":"https:\/\/gruponasca.com.pe\/index.php\/wp-json\/wp\/v2\/product_tag?post=683"}],"curies":[{"name":"wp","href":"https:\/\/api.w.org\/{rel}","templated":true}]}}