{"id":663,"date":"2025-09-24T07:25:49","date_gmt":"2025-09-24T07:25:49","guid":{"rendered":"https:\/\/dots-interactive.com\/desarrollo\/nasca\/?post_type=product&#038;p=663"},"modified":"2025-09-24T07:39:18","modified_gmt":"2025-09-24T07:39:18","slug":"1460ems-protector-maleta-para-emergencias","status":"publish","type":"product","link":"https:\/\/gruponasca.com.pe\/index.php\/producto\/1460ems-protector-maleta-para-emergencias\/","title":{"rendered":"1460EMS Protector Maleta Para Emergencias"},"content":{"rendered":"<div class=\"col-lg-4 col-md-10 col-lg-offset-0\">\n<p><strong>Pelican\u2122 Protector Case\u2122 Maleta Para Emergencias<\/strong><\/p>\n<p>Desde 1976, las maletas Peli\u00ae Protector son la respuesta a las necesidades de protecci\u00f3n de los equipos m\u00e1s delicados. Estas maletas cuentan con un dise\u00f1o resistente y se pueden utilizar en los entornos m\u00e1s adversos del planeta. Las maletas Peli siempre sobreviven, tanto en el fr\u00edo extremo del \u00c1rtico como en el fragor de cualquier conflicto b\u00e9lico.<\/p>\n<p>Estas resistentes maletas fabricadas en EE. UU. est\u00e1n dise\u00f1adas con una v\u00e1lvula de purga autom\u00e1tica que iguala la presi\u00f3n del aire, una tapa con anillo de sellado estanco de silicona, asas de goma ergon\u00f3micas y componentes met\u00e1licos de acero inoxidable.<\/p>\n<\/div>\n<div class=\"col-lg-8 col-xs-12\">\n<ul id=\"pdp-bullets\" class=\"pl-20\">\n<li>Espec\u00edficamente dise\u00f1ada en colaboraci\u00f3n con el cuerpo de bomberos y el personal de urgencias m\u00e9dicas<\/li>\n<li>La tapa superior se abre hasta un \u00e1ngulo de 180\u00b0 para dotar a la maleta de estabilidad antivuelco sobre el terreno cuando e<\/li>\n<li>Compartimento con cierre para sustancias que requieren control<\/li>\n<li>Cada bandeja tiene unas dimensiones interiores totales de 43,18 x 19,43 x 3,45 cm (L. x An. x Prof.)<\/li>\n<li>Soporte de almacenamiento de instrumentos cortantes incluido<\/li>\n<li>N\u00facleo interior de c\u00e9lula abierta y paneles exteriores r\u00edgidos: resistente y ligera<\/li>\n<li>Cierres de doble recorrido f\u00e1ciles de abrir<\/li>\n<li>Pernos y candados con refuerzos de acero inoxidable<\/li>\n<li>V\u00e1lvula autom\u00e1tica de compensaci\u00f3n de la presi\u00f3n (mantiene el interior a salvo del agua y equilibra la presi\u00f3n del aire)<\/li>\n<li>Los divisores ajustables de las bandejas facilitan la personalizaci\u00f3n<\/li>\n<li>Anillo de sellado de neopreno resistente al polvo y al agua (IP66)<\/li>\n<li>*\u00a0Contenedor para objetos punzantes no incluido<\/li>\n<li>Tambi\u00e9n disponible sin organizador de tapa y divisores EMS<\/li>\n<li>Servicio opcional de placa personalizada con tu nombre<\/li>\n<li>Each tray can support 1.5 lbs of weight<\/li>\n<li>Garant\u00eda de excelencia de por vida (Sistema de bandejas no cubierto por la garant\u00eda de por vida)<\/li>\n<\/ul>\n<h5>Especificaciones T\u00e9cnicas<\/h5>\n<ul>\n<li><strong>Serie:<\/strong> Protector Case\u2122<\/li>\n<li><strong>Modelo:<\/strong> 1460EMS Maleta para Emergencias<\/li>\n<li><strong>Dise\u00f1o:<\/strong> Desarrollada junto a bomberos y personal m\u00e9dico<\/li>\n<li><strong>Caracter\u00edsticas:<\/strong> Tapa con apertura 180\u00b0 antivuelco, bandejas ajustables, compartimento con cierre, soporte para objetos cortantes, cierres de doble recorrido, v\u00e1lvula autom\u00e1tica de compensaci\u00f3n de presi\u00f3n<\/li>\n<li><strong>Certificaciones:<\/strong> IP66, NTOA Approved<\/li>\n<li><strong>Garant\u00eda:<\/strong> Garant\u00eda de excelencia de por vida (sistema de bandejas no incluido)<\/li>\n<li><strong>Dimensiones interiores:<\/strong> 47.1 x 25.2 x 27.7 cm<\/li>\n<li><strong>Dimensiones exteriores:<\/strong> 53 x 32.3 x 32.4 cm<\/li>\n<li><strong>Profundidad tapa:<\/strong> 12.5 cm<\/li>\n<li><strong>Profundidad base:<\/strong> 15.3 cm<\/li>\n<li><strong>Profundidad total:<\/strong> 27.7 cm<\/li>\n<li><strong>Volumen interior:<\/strong> 0.033 m\u00b3<\/li>\n<li><strong>Di\u00e1metro orificio candado:<\/strong> 8 mm<\/li>\n<li><strong>Peso:<\/strong> 8.3 kg<\/li>\n<li><strong>Materiales:<\/strong> Cuerpo de polipropileno, cierre EXL, anillo de sellado de pol\u00edmero, pasadores de acero inoxidable, espuma de poliuretano, compensaci\u00f3n ABS y membrana hidrof\u00f3bica de 3 micras<\/li>\n<li><strong>Temperatura m\u00ednima:<\/strong> -40 \u00b0C<\/li>\n<li><strong>Temperatura m\u00e1xima:<\/strong> 88 \u00b0C<\/li>\n<li><strong>Color:<\/strong> Negro<\/li>\n<\/ul>\n<\/div>\n","protected":false},"excerpt":{"rendered":"<p data-start=\"165\" data-end=\"336\">Maleta Peli\u2122 1460EMS, dise\u00f1ada para emergencias m\u00e9dicas. Resistente, estanca y ligera, con bandejas ajustables, cierre seguro, certificaci\u00f3n IP66 y garant\u00eda de por vida.<\/p>\n","protected":false},"featured_media":668,"template":"","meta":{"site-sidebar-layout":"default","site-content-layout":"","ast-site-content-layout":"default","site-content-style":"default","site-sidebar-style":"default","ast-global-header-display":"","ast-banner-title-visibility":"","ast-main-header-display":"","ast-hfb-above-header-display":"","ast-hfb-below-header-display":"","ast-hfb-mobile-header-display":"","site-post-title":"","ast-breadcrumbs-content":"","ast-featured-img":"","footer-sml-layout":"","ast-disable-related-posts":"","theme-transparent-header-meta":"default","adv-header-id-meta":"","stick-header-meta":"","header-above-stick-meta":"","header-main-stick-meta":"","header-below-stick-meta":"","astra-migrate-meta-layouts":"set","ast-page-background-enabled":"default","ast-page-background-meta":{"desktop":{"background-color":"var(--ast-global-color-5)","background-image":"","background-repeat":"repeat","background-position":"center center","background-size":"auto","background-attachment":"scroll","background-type":"","background-media":"","overlay-type":"","overlay-color":"","overlay-opacity":"","overlay-gradient":""},"tablet":{"background-color":"","background-image":"","background-repeat":"repeat","background-position":"center center","background-size":"auto","background-attachment":"scroll","background-type":"","background-media":"","overlay-type":"","overlay-color":"","overlay-opacity":"","overlay-gradient":""},"mobile":{"background-color":"","background-image":"","background-repeat":"repeat","background-position":"center center","background-size":"auto","background-attachment":"scroll","background-type":"","background-media":"","overlay-type":"","overlay-color":"","overlay-opacity":"","overlay-gradient":""}},"ast-content-background-meta":{"desktop":{"background-color":"var(--ast-global-color-4)","background-image":"","background-repeat":"repeat","background-position":"center center","background-size":"auto","background-attachment":"scroll","background-type":"","background-media":"","overlay-type":"","overlay-color":"","overlay-opacity":"","overlay-gradient":""},"tablet":{"background-color":"var(--ast-global-color-4)","background-image":"","background-repeat":"repeat","background-position":"center center","background-size":"auto","background-attachment":"scroll","background-type":"","background-media":"","overlay-type":"","overlay-color":"","overlay-opacity":"","overlay-gradient":""},"mobile":{"background-color":"var(--ast-global-color-4)","background-image":"","background-repeat":"repeat","background-position":"center center","background-size":"auto","background-attachment":"scroll","background-type":"","background-media":"","overlay-type":"","overlay-color":"","overlay-opacity":"","overlay-gradient":""}}},"product_brand":[],"product_cat":[19,330],"product_tag":[331,332,337,335,336,334,338,333],"class_list":{"0":"post-663","1":"product","2":"type-product","3":"status-publish","4":"has-post-thumbnail","6":"product_cat-iluminacion-y-proteccion-de-equipos","7":"product_cat-maleta-proteccion-de-emergencias","8":"product_tag-1460ems-peli","9":"product_tag-maleta-emergencias-medicas","10":"product_tag-maleta-ems-certificada-ntoa","11":"product_tag-maleta-estanca-ip66","12":"product_tag-maleta-primeros-auxilios-peli","13":"product_tag-maletin-medico-resistente","14":"product_tag-maletin-profesional-urgencias","15":"product_tag-peli-protector-case-ems","16":"desktop-align-center","17":"tablet-align-left","18":"mobile-align-left","20":"first","21":"instock","22":"shipping-taxable","23":"product-type-simple"},"yoast_head":"<!-- This site is optimized with the Yoast SEO plugin v27.5 - https:\/\/yoast.com\/product\/yoast-seo-wordpress\/ -->\n<title>1460EMS Protector Maleta Para Emergencias - Grupo Nasca<\/title>\n<meta name=\"description\" content=\"Maleta Peli\u2122 1460EMS para emergencias m\u00e9dicas, estanca al agua y polvo, con bandejas ajustables, certificaci\u00f3n IP66 y garant\u00eda de por vida.\" \/>\n<meta name=\"robots\" content=\"index, follow, max-snippet:-1, max-image-preview:large, max-video-preview:-1\" \/>\n<link rel=\"canonical\" href=\"https:\/\/gruponasca.com.pe\/index.php\/producto\/1460ems-protector-maleta-para-emergencias\/\" \/>\n<meta property=\"og:locale\" content=\"es_ES\" \/>\n<meta property=\"og:type\" content=\"article\" \/>\n<meta property=\"og:title\" content=\"1460EMS Protector Maleta Para Emergencias - Grupo Nasca\" \/>\n<meta property=\"og:description\" content=\"Maleta Peli\u2122 1460EMS para emergencias m\u00e9dicas, estanca al agua y polvo, con bandejas ajustables, certificaci\u00f3n IP66 y garant\u00eda de por vida.\" \/>\n<meta property=\"og:url\" content=\"https:\/\/gruponasca.com.pe\/index.php\/producto\/1460ems-protector-maleta-para-emergencias\/\" \/>\n<meta property=\"og:site_name\" content=\"Grupo Nasca\" \/>\n<meta property=\"article:modified_time\" content=\"2025-09-24T07:39:18+00:00\" \/>\n<meta property=\"og:image\" content=\"https:\/\/gruponasca.com.pe\/wp-content\/uploads\/2025\/09\/1460EMS.jpg\" \/>\n\t<meta property=\"og:image:width\" content=\"500\" \/>\n\t<meta property=\"og:image:height\" content=\"500\" \/>\n\t<meta property=\"og:image:type\" content=\"image\/jpeg\" \/>\n<meta name=\"twitter:card\" content=\"summary_large_image\" \/>\n<meta name=\"twitter:label1\" content=\"Tiempo de lectura\" \/>\n\t<meta name=\"twitter:data1\" content=\"3 minutos\" \/>\n<script type=\"application\/ld+json\" class=\"yoast-schema-graph\">{\"@context\":\"https:\\\/\\\/schema.org\",\"@graph\":[{\"@type\":\"WebPage\",\"@id\":\"https:\\\/\\\/gruponasca.com.pe\\\/index.php\\\/producto\\\/1460ems-protector-maleta-para-emergencias\\\/\",\"url\":\"https:\\\/\\\/gruponasca.com.pe\\\/index.php\\\/producto\\\/1460ems-protector-maleta-para-emergencias\\\/\",\"name\":\"1460EMS Protector Maleta Para Emergencias - Grupo Nasca\",\"isPartOf\":{\"@id\":\"https:\\\/\\\/gruponasca.com.pe\\\/#website\"},\"primaryImageOfPage\":{\"@id\":\"https:\\\/\\\/gruponasca.com.pe\\\/index.php\\\/producto\\\/1460ems-protector-maleta-para-emergencias\\\/#primaryimage\"},\"image\":{\"@id\":\"https:\\\/\\\/gruponasca.com.pe\\\/index.php\\\/producto\\\/1460ems-protector-maleta-para-emergencias\\\/#primaryimage\"},\"thumbnailUrl\":\"https:\\\/\\\/gruponasca.com.pe\\\/wp-content\\\/uploads\\\/2025\\\/09\\\/1460EMS.jpg\",\"datePublished\":\"2025-09-24T07:25:49+00:00\",\"dateModified\":\"2025-09-24T07:39:18+00:00\",\"description\":\"Maleta Peli\u2122 1460EMS para emergencias m\u00e9dicas, estanca al agua y polvo, con bandejas ajustables, certificaci\u00f3n IP66 y garant\u00eda de por vida.\",\"breadcrumb\":{\"@id\":\"https:\\\/\\\/gruponasca.com.pe\\\/index.php\\\/producto\\\/1460ems-protector-maleta-para-emergencias\\\/#breadcrumb\"},\"inLanguage\":\"es\",\"potentialAction\":[{\"@type\":\"ReadAction\",\"target\":[\"https:\\\/\\\/gruponasca.com.pe\\\/index.php\\\/producto\\\/1460ems-protector-maleta-para-emergencias\\\/\"]}]},{\"@type\":\"ImageObject\",\"inLanguage\":\"es\",\"@id\":\"https:\\\/\\\/gruponasca.com.pe\\\/index.php\\\/producto\\\/1460ems-protector-maleta-para-emergencias\\\/#primaryimage\",\"url\":\"https:\\\/\\\/gruponasca.com.pe\\\/wp-content\\\/uploads\\\/2025\\\/09\\\/1460EMS.jpg\",\"contentUrl\":\"https:\\\/\\\/gruponasca.com.pe\\\/wp-content\\\/uploads\\\/2025\\\/09\\\/1460EMS.jpg\",\"width\":500,\"height\":500},{\"@type\":\"BreadcrumbList\",\"@id\":\"https:\\\/\\\/gruponasca.com.pe\\\/index.php\\\/producto\\\/1460ems-protector-maleta-para-emergencias\\\/#breadcrumb\",\"itemListElement\":[{\"@type\":\"ListItem\",\"position\":1,\"name\":\"Portada\",\"item\":\"https:\\\/\\\/gruponasca.com.pe\\\/\"},{\"@type\":\"ListItem\",\"position\":2,\"name\":\"Productos\",\"item\":\"https:\\\/\\\/gruponasca.com.pe\\\/index.php\\\/productos\\\/\"},{\"@type\":\"ListItem\",\"position\":3,\"name\":\"1460EMS Protector Maleta Para Emergencias\"}]},{\"@type\":\"WebSite\",\"@id\":\"https:\\\/\\\/gruponasca.com.pe\\\/#website\",\"url\":\"https:\\\/\\\/gruponasca.com.pe\\\/\",\"name\":\"Grupo Nasca SAC\",\"description\":\"Seguridad Industrial y Herramientas de Calidad\",\"publisher\":{\"@id\":\"https:\\\/\\\/gruponasca.com.pe\\\/#organization\"},\"potentialAction\":[{\"@type\":\"SearchAction\",\"target\":{\"@type\":\"EntryPoint\",\"urlTemplate\":\"https:\\\/\\\/gruponasca.com.pe\\\/?s={search_term_string}\"},\"query-input\":{\"@type\":\"PropertyValueSpecification\",\"valueRequired\":true,\"valueName\":\"search_term_string\"}}],\"inLanguage\":\"es\"},{\"@type\":\"Organization\",\"@id\":\"https:\\\/\\\/gruponasca.com.pe\\\/#organization\",\"name\":\"Grupo Nasca SAC\",\"url\":\"https:\\\/\\\/gruponasca.com.pe\\\/\",\"logo\":{\"@type\":\"ImageObject\",\"inLanguage\":\"es\",\"@id\":\"https:\\\/\\\/gruponasca.com.pe\\\/#\\\/schema\\\/logo\\\/image\\\/\",\"url\":\"https:\\\/\\\/gruponasca.com.pe\\\/wp-content\\\/uploads\\\/2025\\\/09\\\/cropped-icono_conasac-scaled-1.jpg\",\"contentUrl\":\"https:\\\/\\\/gruponasca.com.pe\\\/wp-content\\\/uploads\\\/2025\\\/09\\\/cropped-icono_conasac-scaled-1.jpg\",\"width\":512,\"height\":512,\"caption\":\"Grupo Nasca SAC\"},\"image\":{\"@id\":\"https:\\\/\\\/gruponasca.com.pe\\\/#\\\/schema\\\/logo\\\/image\\\/\"}}]}<\/script>\n<!-- \/ Yoast SEO plugin. -->","yoast_head_json":{"title":"1460EMS Protector Maleta Para Emergencias - Grupo Nasca","description":"Maleta Peli\u2122 1460EMS para emergencias m\u00e9dicas, estanca al agua y polvo, con bandejas ajustables, certificaci\u00f3n IP66 y garant\u00eda de por vida.","robots":{"index":"index","follow":"follow","max-snippet":"max-snippet:-1","max-image-preview":"max-image-preview:large","max-video-preview":"max-video-preview:-1"},"canonical":"https:\/\/gruponasca.com.pe\/index.php\/producto\/1460ems-protector-maleta-para-emergencias\/","og_locale":"es_ES","og_type":"article","og_title":"1460EMS Protector Maleta Para Emergencias - Grupo Nasca","og_description":"Maleta Peli\u2122 1460EMS para emergencias m\u00e9dicas, estanca al agua y polvo, con bandejas ajustables, certificaci\u00f3n IP66 y garant\u00eda de por vida.","og_url":"https:\/\/gruponasca.com.pe\/index.php\/producto\/1460ems-protector-maleta-para-emergencias\/","og_site_name":"Grupo Nasca","article_modified_time":"2025-09-24T07:39:18+00:00","og_image":[{"width":500,"height":500,"url":"https:\/\/gruponasca.com.pe\/wp-content\/uploads\/2025\/09\/1460EMS.jpg","type":"image\/jpeg"}],"twitter_card":"summary_large_image","twitter_misc":{"Tiempo de lectura":"3 minutos"},"schema":{"@context":"https:\/\/schema.org","@graph":[{"@type":"WebPage","@id":"https:\/\/gruponasca.com.pe\/index.php\/producto\/1460ems-protector-maleta-para-emergencias\/","url":"https:\/\/gruponasca.com.pe\/index.php\/producto\/1460ems-protector-maleta-para-emergencias\/","name":"1460EMS Protector Maleta Para Emergencias - Grupo Nasca","isPartOf":{"@id":"https:\/\/gruponasca.com.pe\/#website"},"primaryImageOfPage":{"@id":"https:\/\/gruponasca.com.pe\/index.php\/producto\/1460ems-protector-maleta-para-emergencias\/#primaryimage"},"image":{"@id":"https:\/\/gruponasca.com.pe\/index.php\/producto\/1460ems-protector-maleta-para-emergencias\/#primaryimage"},"thumbnailUrl":"https:\/\/gruponasca.com.pe\/wp-content\/uploads\/2025\/09\/1460EMS.jpg","datePublished":"2025-09-24T07:25:49+00:00","dateModified":"2025-09-24T07:39:18+00:00","description":"Maleta Peli\u2122 1460EMS para emergencias m\u00e9dicas, estanca al agua y polvo, con bandejas ajustables, certificaci\u00f3n IP66 y garant\u00eda de por vida.","breadcrumb":{"@id":"https:\/\/gruponasca.com.pe\/index.php\/producto\/1460ems-protector-maleta-para-emergencias\/#breadcrumb"},"inLanguage":"es","potentialAction":[{"@type":"ReadAction","target":["https:\/\/gruponasca.com.pe\/index.php\/producto\/1460ems-protector-maleta-para-emergencias\/"]}]},{"@type":"ImageObject","inLanguage":"es","@id":"https:\/\/gruponasca.com.pe\/index.php\/producto\/1460ems-protector-maleta-para-emergencias\/#primaryimage","url":"https:\/\/gruponasca.com.pe\/wp-content\/uploads\/2025\/09\/1460EMS.jpg","contentUrl":"https:\/\/gruponasca.com.pe\/wp-content\/uploads\/2025\/09\/1460EMS.jpg","width":500,"height":500},{"@type":"BreadcrumbList","@id":"https:\/\/gruponasca.com.pe\/index.php\/producto\/1460ems-protector-maleta-para-emergencias\/#breadcrumb","itemListElement":[{"@type":"ListItem","position":1,"name":"Portada","item":"https:\/\/gruponasca.com.pe\/"},{"@type":"ListItem","position":2,"name":"Productos","item":"https:\/\/gruponasca.com.pe\/index.php\/productos\/"},{"@type":"ListItem","position":3,"name":"1460EMS Protector Maleta Para Emergencias"}]},{"@type":"WebSite","@id":"https:\/\/gruponasca.com.pe\/#website","url":"https:\/\/gruponasca.com.pe\/","name":"Grupo Nasca SAC","description":"Seguridad Industrial y Herramientas de Calidad","publisher":{"@id":"https:\/\/gruponasca.com.pe\/#organization"},"potentialAction":[{"@type":"SearchAction","target":{"@type":"EntryPoint","urlTemplate":"https:\/\/gruponasca.com.pe\/?s={search_term_string}"},"query-input":{"@type":"PropertyValueSpecification","valueRequired":true,"valueName":"search_term_string"}}],"inLanguage":"es"},{"@type":"Organization","@id":"https:\/\/gruponasca.com.pe\/#organization","name":"Grupo Nasca SAC","url":"https:\/\/gruponasca.com.pe\/","logo":{"@type":"ImageObject","inLanguage":"es","@id":"https:\/\/gruponasca.com.pe\/#\/schema\/logo\/image\/","url":"https:\/\/gruponasca.com.pe\/wp-content\/uploads\/2025\/09\/cropped-icono_conasac-scaled-1.jpg","contentUrl":"https:\/\/gruponasca.com.pe\/wp-content\/uploads\/2025\/09\/cropped-icono_conasac-scaled-1.jpg","width":512,"height":512,"caption":"Grupo Nasca SAC"},"image":{"@id":"https:\/\/gruponasca.com.pe\/#\/schema\/logo\/image\/"}}]}},"_links":{"self":[{"href":"https:\/\/gruponasca.com.pe\/index.php\/wp-json\/wp\/v2\/product\/663","targetHints":{"allow":["GET"]}}],"collection":[{"href":"https:\/\/gruponasca.com.pe\/index.php\/wp-json\/wp\/v2\/product"}],"about":[{"href":"https:\/\/gruponasca.com.pe\/index.php\/wp-json\/wp\/v2\/types\/product"}],"wp:featuredmedia":[{"embeddable":true,"href":"https:\/\/gruponasca.com.pe\/index.php\/wp-json\/wp\/v2\/media\/668"}],"wp:attachment":[{"href":"https:\/\/gruponasca.com.pe\/index.php\/wp-json\/wp\/v2\/media?parent=663"}],"wp:term":[{"taxonomy":"product_brand","embeddable":true,"href":"https:\/\/gruponasca.com.pe\/index.php\/wp-json\/wp\/v2\/product_brand?post=663"},{"taxonomy":"product_cat","embeddable":true,"href":"https:\/\/gruponasca.com.pe\/index.php\/wp-json\/wp\/v2\/product_cat?post=663"},{"taxonomy":"product_tag","embeddable":true,"href":"https:\/\/gruponasca.com.pe\/index.php\/wp-json\/wp\/v2\/product_tag?post=663"}],"curies":[{"name":"wp","href":"https:\/\/api.w.org\/{rel}","templated":true}]}}