{"id":657,"date":"2025-09-24T07:17:43","date_gmt":"2025-09-24T07:17:43","guid":{"rendered":"https:\/\/dots-interactive.com\/desarrollo\/nasca\/?post_type=product&#038;p=657"},"modified":"2025-09-24T07:28:12","modified_gmt":"2025-09-24T07:28:12","slug":"1065cc-hardback-tablet-case","status":"publish","type":"product","link":"https:\/\/gruponasca.com.pe\/index.php\/producto\/1065cc-hardback-tablet-case\/","title":{"rendered":"1065CC HardBack Tablet Case"},"content":{"rendered":"<ul>\n<li><strong>Serie:<\/strong> HardBack<\/li>\n<li><strong>Modelo:<\/strong> 1065CC Tablet Case<\/li>\n<li><strong>Compatibilidad:<\/strong> Dise\u00f1ada para la mayor\u00eda de tabletas de 25,4 cm, incluidas iPad\u00ae, iPad\u00ae 2, iPad\u00ae 3 con funda<\/li>\n<li><strong>Caracter\u00edsticas:<\/strong> Indestructible, estanca al agua y al polvo, junta estanca, cierre de f\u00e1cil apertura, v\u00e1lvula autom\u00e1tica de compensaci\u00f3n de presi\u00f3n<\/li>\n<li><strong>Garant\u00eda:<\/strong> Garant\u00eda de excelencia de por vida<\/li>\n<li><strong>Dimensiones interiores:<\/strong> 25.3 x 19.7 x 2.1 cm<\/li>\n<li><strong>Dimensiones exteriores:<\/strong> 27.6 x 23.6 x 3.1 cm<\/li>\n<li><strong>Profundidad tapa:<\/strong> 1 cm<\/li>\n<li><strong>Profundidad base:<\/strong> 1 cm<\/li>\n<li><strong>Profundidad total:<\/strong> 2.1 cm<\/li>\n<li><strong>Volumen interior:<\/strong> 0.001 m\u00b3<\/li>\n<li><strong>Peso con espuma:<\/strong> 0.6 kg<\/li>\n<li><strong>Materiales:<\/strong> Cuerpo y cierre ABS, anillo de sellado EPDM, pasadores de acero inoxidable, compensaci\u00f3n en policarbonato (PC) y PTFE<\/li>\n<li><strong>Color:<\/strong> Negro<\/li>\n<li><strong>Temperatura m\u00ednima:<\/strong> -23.3 \u00b0C<\/li>\n<li><strong>Temperatura m\u00e1xima:<\/strong> 48.9 \u00b0C<\/li>\n<\/ul>\n","protected":false},"excerpt":{"rendered":"<p data-start=\"170\" data-end=\"347\">Protecci\u00f3n indestructible y herm\u00e9tica para tabletas de hasta 25,4 cm, incluyendo iPad con funda. Resistente al agua, polvo y presi\u00f3n, con cierre seguro y garant\u00eda de por vida.<\/p>\n","protected":false},"featured_media":664,"template":"","meta":{"site-sidebar-layout":"default","site-content-layout":"","ast-site-content-layout":"default","site-content-style":"default","site-sidebar-style":"default","ast-global-header-display":"","ast-banner-title-visibility":"","ast-main-header-display":"","ast-hfb-above-header-display":"","ast-hfb-below-header-display":"","ast-hfb-mobile-header-display":"","site-post-title":"","ast-breadcrumbs-content":"","ast-featured-img":"","footer-sml-layout":"","ast-disable-related-posts":"","theme-transparent-header-meta":"default","adv-header-id-meta":"","stick-header-meta":"","header-above-stick-meta":"","header-main-stick-meta":"","header-below-stick-meta":"","astra-migrate-meta-layouts":"set","ast-page-background-enabled":"default","ast-page-background-meta":{"desktop":{"background-color":"var(--ast-global-color-5)","background-image":"","background-repeat":"repeat","background-position":"center center","background-size":"auto","background-attachment":"scroll","background-type":"","background-media":"","overlay-type":"","overlay-color":"","overlay-opacity":"","overlay-gradient":""},"tablet":{"background-color":"","background-image":"","background-repeat":"repeat","background-position":"center center","background-size":"auto","background-attachment":"scroll","background-type":"","background-media":"","overlay-type":"","overlay-color":"","overlay-opacity":"","overlay-gradient":""},"mobile":{"background-color":"","background-image":"","background-repeat":"repeat","background-position":"center center","background-size":"auto","background-attachment":"scroll","background-type":"","background-media":"","overlay-type":"","overlay-color":"","overlay-opacity":"","overlay-gradient":""}},"ast-content-background-meta":{"desktop":{"background-color":"var(--ast-global-color-4)","background-image":"","background-repeat":"repeat","background-position":"center center","background-size":"auto","background-attachment":"scroll","background-type":"","background-media":"","overlay-type":"","overlay-color":"","overlay-opacity":"","overlay-gradient":""},"tablet":{"background-color":"var(--ast-global-color-4)","background-image":"","background-repeat":"repeat","background-position":"center center","background-size":"auto","background-attachment":"scroll","background-type":"","background-media":"","overlay-type":"","overlay-color":"","overlay-opacity":"","overlay-gradient":""},"mobile":{"background-color":"var(--ast-global-color-4)","background-image":"","background-repeat":"repeat","background-position":"center center","background-size":"auto","background-attachment":"scroll","background-type":"","background-media":"","overlay-type":"","overlay-color":"","overlay-opacity":"","overlay-gradient":""}}},"product_brand":[],"product_cat":[19,279],"product_tag":[322,326,329,325,327,323,324,328],"class_list":{"0":"post-657","1":"product","2":"type-product","3":"status-publish","4":"has-post-thumbnail","6":"product_cat-iluminacion-y-proteccion-de-equipos","7":"product_cat-maletas-protecion-laptop","8":"product_tag-1065cc-hardback","9":"product_tag-carcasa-impermeable-tablet","10":"product_tag-estuche-a-prueba-de-agua-polvo","11":"product_tag-estuche-protector-ipad","12":"product_tag-funda-indestructible-peli","13":"product_tag-funda-rigida-tablet","14":"product_tag-maleta-peli-tablet","15":"product_tag-tablet-case-25-4-cm","16":"desktop-align-center","17":"tablet-align-left","18":"mobile-align-left","20":"first","21":"instock","22":"shipping-taxable","23":"product-type-simple"},"yoast_head":"<!-- This site is optimized with the Yoast SEO plugin v27.5 - https:\/\/yoast.com\/product\/yoast-seo-wordpress\/ -->\n<title>1065CC HardBack Tablet Case - Grupo Nasca<\/title>\n<meta name=\"description\" content=\"Funda r\u00edgida Peli 1065CC HardBack para tabletas de 25,4 cm e iPad con funda. Resistente al agua, polvo e impactos, con cierre seguro y garant\u00eda de por vida.\" \/>\n<meta name=\"robots\" content=\"index, follow, max-snippet:-1, max-image-preview:large, max-video-preview:-1\" \/>\n<link rel=\"canonical\" href=\"https:\/\/gruponasca.com.pe\/index.php\/producto\/1065cc-hardback-tablet-case\/\" \/>\n<meta property=\"og:locale\" content=\"es_ES\" \/>\n<meta property=\"og:type\" content=\"article\" \/>\n<meta property=\"og:title\" content=\"1065CC HardBack Tablet Case - Grupo Nasca\" \/>\n<meta property=\"og:description\" content=\"Funda r\u00edgida Peli 1065CC HardBack para tabletas de 25,4 cm e iPad con funda. Resistente al agua, polvo e impactos, con cierre seguro y garant\u00eda de por vida.\" \/>\n<meta property=\"og:url\" content=\"https:\/\/gruponasca.com.pe\/index.php\/producto\/1065cc-hardback-tablet-case\/\" \/>\n<meta property=\"og:site_name\" content=\"Grupo Nasca\" \/>\n<meta property=\"article:modified_time\" content=\"2025-09-24T07:28:12+00:00\" \/>\n<meta property=\"og:image\" content=\"https:\/\/gruponasca.com.pe\/wp-content\/uploads\/2025\/09\/1065CC.jpg\" \/>\n\t<meta property=\"og:image:width\" content=\"500\" \/>\n\t<meta property=\"og:image:height\" content=\"500\" \/>\n\t<meta property=\"og:image:type\" content=\"image\/jpeg\" \/>\n<meta name=\"twitter:card\" content=\"summary_large_image\" \/>\n<meta name=\"twitter:label1\" content=\"Tiempo de lectura\" \/>\n\t<meta name=\"twitter:data1\" content=\"1 minuto\" \/>\n<script type=\"application\/ld+json\" class=\"yoast-schema-graph\">{\"@context\":\"https:\\\/\\\/schema.org\",\"@graph\":[{\"@type\":\"WebPage\",\"@id\":\"https:\\\/\\\/gruponasca.com.pe\\\/index.php\\\/producto\\\/1065cc-hardback-tablet-case\\\/\",\"url\":\"https:\\\/\\\/gruponasca.com.pe\\\/index.php\\\/producto\\\/1065cc-hardback-tablet-case\\\/\",\"name\":\"1065CC HardBack Tablet Case - Grupo Nasca\",\"isPartOf\":{\"@id\":\"https:\\\/\\\/gruponasca.com.pe\\\/#website\"},\"primaryImageOfPage\":{\"@id\":\"https:\\\/\\\/gruponasca.com.pe\\\/index.php\\\/producto\\\/1065cc-hardback-tablet-case\\\/#primaryimage\"},\"image\":{\"@id\":\"https:\\\/\\\/gruponasca.com.pe\\\/index.php\\\/producto\\\/1065cc-hardback-tablet-case\\\/#primaryimage\"},\"thumbnailUrl\":\"https:\\\/\\\/gruponasca.com.pe\\\/wp-content\\\/uploads\\\/2025\\\/09\\\/1065CC.jpg\",\"datePublished\":\"2025-09-24T07:17:43+00:00\",\"dateModified\":\"2025-09-24T07:28:12+00:00\",\"description\":\"Funda r\u00edgida Peli 1065CC HardBack para tabletas de 25,4 cm e iPad con funda. Resistente al agua, polvo e impactos, con cierre seguro y garant\u00eda de por vida.\",\"breadcrumb\":{\"@id\":\"https:\\\/\\\/gruponasca.com.pe\\\/index.php\\\/producto\\\/1065cc-hardback-tablet-case\\\/#breadcrumb\"},\"inLanguage\":\"es\",\"potentialAction\":[{\"@type\":\"ReadAction\",\"target\":[\"https:\\\/\\\/gruponasca.com.pe\\\/index.php\\\/producto\\\/1065cc-hardback-tablet-case\\\/\"]}]},{\"@type\":\"ImageObject\",\"inLanguage\":\"es\",\"@id\":\"https:\\\/\\\/gruponasca.com.pe\\\/index.php\\\/producto\\\/1065cc-hardback-tablet-case\\\/#primaryimage\",\"url\":\"https:\\\/\\\/gruponasca.com.pe\\\/wp-content\\\/uploads\\\/2025\\\/09\\\/1065CC.jpg\",\"contentUrl\":\"https:\\\/\\\/gruponasca.com.pe\\\/wp-content\\\/uploads\\\/2025\\\/09\\\/1065CC.jpg\",\"width\":500,\"height\":500},{\"@type\":\"BreadcrumbList\",\"@id\":\"https:\\\/\\\/gruponasca.com.pe\\\/index.php\\\/producto\\\/1065cc-hardback-tablet-case\\\/#breadcrumb\",\"itemListElement\":[{\"@type\":\"ListItem\",\"position\":1,\"name\":\"Portada\",\"item\":\"https:\\\/\\\/gruponasca.com.pe\\\/\"},{\"@type\":\"ListItem\",\"position\":2,\"name\":\"Productos\",\"item\":\"https:\\\/\\\/gruponasca.com.pe\\\/index.php\\\/productos\\\/\"},{\"@type\":\"ListItem\",\"position\":3,\"name\":\"1065CC HardBack Tablet Case\"}]},{\"@type\":\"WebSite\",\"@id\":\"https:\\\/\\\/gruponasca.com.pe\\\/#website\",\"url\":\"https:\\\/\\\/gruponasca.com.pe\\\/\",\"name\":\"Grupo Nasca SAC\",\"description\":\"Seguridad Industrial y Herramientas de Calidad\",\"publisher\":{\"@id\":\"https:\\\/\\\/gruponasca.com.pe\\\/#organization\"},\"potentialAction\":[{\"@type\":\"SearchAction\",\"target\":{\"@type\":\"EntryPoint\",\"urlTemplate\":\"https:\\\/\\\/gruponasca.com.pe\\\/?s={search_term_string}\"},\"query-input\":{\"@type\":\"PropertyValueSpecification\",\"valueRequired\":true,\"valueName\":\"search_term_string\"}}],\"inLanguage\":\"es\"},{\"@type\":\"Organization\",\"@id\":\"https:\\\/\\\/gruponasca.com.pe\\\/#organization\",\"name\":\"Grupo Nasca SAC\",\"url\":\"https:\\\/\\\/gruponasca.com.pe\\\/\",\"logo\":{\"@type\":\"ImageObject\",\"inLanguage\":\"es\",\"@id\":\"https:\\\/\\\/gruponasca.com.pe\\\/#\\\/schema\\\/logo\\\/image\\\/\",\"url\":\"https:\\\/\\\/gruponasca.com.pe\\\/wp-content\\\/uploads\\\/2025\\\/09\\\/cropped-icono_conasac-scaled-1.jpg\",\"contentUrl\":\"https:\\\/\\\/gruponasca.com.pe\\\/wp-content\\\/uploads\\\/2025\\\/09\\\/cropped-icono_conasac-scaled-1.jpg\",\"width\":512,\"height\":512,\"caption\":\"Grupo Nasca SAC\"},\"image\":{\"@id\":\"https:\\\/\\\/gruponasca.com.pe\\\/#\\\/schema\\\/logo\\\/image\\\/\"}}]}<\/script>\n<!-- \/ Yoast SEO plugin. -->","yoast_head_json":{"title":"1065CC HardBack Tablet Case - Grupo Nasca","description":"Funda r\u00edgida Peli 1065CC HardBack para tabletas de 25,4 cm e iPad con funda. Resistente al agua, polvo e impactos, con cierre seguro y garant\u00eda de por vida.","robots":{"index":"index","follow":"follow","max-snippet":"max-snippet:-1","max-image-preview":"max-image-preview:large","max-video-preview":"max-video-preview:-1"},"canonical":"https:\/\/gruponasca.com.pe\/index.php\/producto\/1065cc-hardback-tablet-case\/","og_locale":"es_ES","og_type":"article","og_title":"1065CC HardBack Tablet Case - Grupo Nasca","og_description":"Funda r\u00edgida Peli 1065CC HardBack para tabletas de 25,4 cm e iPad con funda. Resistente al agua, polvo e impactos, con cierre seguro y garant\u00eda de por vida.","og_url":"https:\/\/gruponasca.com.pe\/index.php\/producto\/1065cc-hardback-tablet-case\/","og_site_name":"Grupo Nasca","article_modified_time":"2025-09-24T07:28:12+00:00","og_image":[{"width":500,"height":500,"url":"https:\/\/gruponasca.com.pe\/wp-content\/uploads\/2025\/09\/1065CC.jpg","type":"image\/jpeg"}],"twitter_card":"summary_large_image","twitter_misc":{"Tiempo de lectura":"1 minuto"},"schema":{"@context":"https:\/\/schema.org","@graph":[{"@type":"WebPage","@id":"https:\/\/gruponasca.com.pe\/index.php\/producto\/1065cc-hardback-tablet-case\/","url":"https:\/\/gruponasca.com.pe\/index.php\/producto\/1065cc-hardback-tablet-case\/","name":"1065CC HardBack Tablet Case - Grupo Nasca","isPartOf":{"@id":"https:\/\/gruponasca.com.pe\/#website"},"primaryImageOfPage":{"@id":"https:\/\/gruponasca.com.pe\/index.php\/producto\/1065cc-hardback-tablet-case\/#primaryimage"},"image":{"@id":"https:\/\/gruponasca.com.pe\/index.php\/producto\/1065cc-hardback-tablet-case\/#primaryimage"},"thumbnailUrl":"https:\/\/gruponasca.com.pe\/wp-content\/uploads\/2025\/09\/1065CC.jpg","datePublished":"2025-09-24T07:17:43+00:00","dateModified":"2025-09-24T07:28:12+00:00","description":"Funda r\u00edgida Peli 1065CC HardBack para tabletas de 25,4 cm e iPad con funda. Resistente al agua, polvo e impactos, con cierre seguro y garant\u00eda de por vida.","breadcrumb":{"@id":"https:\/\/gruponasca.com.pe\/index.php\/producto\/1065cc-hardback-tablet-case\/#breadcrumb"},"inLanguage":"es","potentialAction":[{"@type":"ReadAction","target":["https:\/\/gruponasca.com.pe\/index.php\/producto\/1065cc-hardback-tablet-case\/"]}]},{"@type":"ImageObject","inLanguage":"es","@id":"https:\/\/gruponasca.com.pe\/index.php\/producto\/1065cc-hardback-tablet-case\/#primaryimage","url":"https:\/\/gruponasca.com.pe\/wp-content\/uploads\/2025\/09\/1065CC.jpg","contentUrl":"https:\/\/gruponasca.com.pe\/wp-content\/uploads\/2025\/09\/1065CC.jpg","width":500,"height":500},{"@type":"BreadcrumbList","@id":"https:\/\/gruponasca.com.pe\/index.php\/producto\/1065cc-hardback-tablet-case\/#breadcrumb","itemListElement":[{"@type":"ListItem","position":1,"name":"Portada","item":"https:\/\/gruponasca.com.pe\/"},{"@type":"ListItem","position":2,"name":"Productos","item":"https:\/\/gruponasca.com.pe\/index.php\/productos\/"},{"@type":"ListItem","position":3,"name":"1065CC HardBack Tablet Case"}]},{"@type":"WebSite","@id":"https:\/\/gruponasca.com.pe\/#website","url":"https:\/\/gruponasca.com.pe\/","name":"Grupo Nasca SAC","description":"Seguridad Industrial y Herramientas de Calidad","publisher":{"@id":"https:\/\/gruponasca.com.pe\/#organization"},"potentialAction":[{"@type":"SearchAction","target":{"@type":"EntryPoint","urlTemplate":"https:\/\/gruponasca.com.pe\/?s={search_term_string}"},"query-input":{"@type":"PropertyValueSpecification","valueRequired":true,"valueName":"search_term_string"}}],"inLanguage":"es"},{"@type":"Organization","@id":"https:\/\/gruponasca.com.pe\/#organization","name":"Grupo Nasca SAC","url":"https:\/\/gruponasca.com.pe\/","logo":{"@type":"ImageObject","inLanguage":"es","@id":"https:\/\/gruponasca.com.pe\/#\/schema\/logo\/image\/","url":"https:\/\/gruponasca.com.pe\/wp-content\/uploads\/2025\/09\/cropped-icono_conasac-scaled-1.jpg","contentUrl":"https:\/\/gruponasca.com.pe\/wp-content\/uploads\/2025\/09\/cropped-icono_conasac-scaled-1.jpg","width":512,"height":512,"caption":"Grupo Nasca SAC"},"image":{"@id":"https:\/\/gruponasca.com.pe\/#\/schema\/logo\/image\/"}}]}},"_links":{"self":[{"href":"https:\/\/gruponasca.com.pe\/index.php\/wp-json\/wp\/v2\/product\/657","targetHints":{"allow":["GET"]}}],"collection":[{"href":"https:\/\/gruponasca.com.pe\/index.php\/wp-json\/wp\/v2\/product"}],"about":[{"href":"https:\/\/gruponasca.com.pe\/index.php\/wp-json\/wp\/v2\/types\/product"}],"wp:featuredmedia":[{"embeddable":true,"href":"https:\/\/gruponasca.com.pe\/index.php\/wp-json\/wp\/v2\/media\/664"}],"wp:attachment":[{"href":"https:\/\/gruponasca.com.pe\/index.php\/wp-json\/wp\/v2\/media?parent=657"}],"wp:term":[{"taxonomy":"product_brand","embeddable":true,"href":"https:\/\/gruponasca.com.pe\/index.php\/wp-json\/wp\/v2\/product_brand?post=657"},{"taxonomy":"product_cat","embeddable":true,"href":"https:\/\/gruponasca.com.pe\/index.php\/wp-json\/wp\/v2\/product_cat?post=657"},{"taxonomy":"product_tag","embeddable":true,"href":"https:\/\/gruponasca.com.pe\/index.php\/wp-json\/wp\/v2\/product_tag?post=657"}],"curies":[{"name":"wp","href":"https:\/\/api.w.org\/{rel}","templated":true}]}}