{"id":656,"date":"2025-09-24T07:15:42","date_gmt":"2025-09-24T07:15:42","guid":{"rendered":"https:\/\/dots-interactive.com\/desarrollo\/nasca\/?post_type=product&#038;p=656"},"modified":"2025-09-24T07:20:28","modified_gmt":"2025-09-24T07:20:28","slug":"1095-hardback-portatil","status":"publish","type":"product","link":"https:\/\/gruponasca.com.pe\/index.php\/producto\/1095-hardback-portatil\/","title":{"rendered":"1095 HardBack Port\u00e1til"},"content":{"rendered":"<div class=\"col-lg-4 col-md-10 col-lg-offset-0\">\n<p>A veces basta con una gota para que tu tableta o port\u00e1til se estropeen y pierdas toda la m\u00fasica, fotograf\u00edas y archivos que conten\u00edan. Las maletas de la serie HardBack cuentan con todas las legendarias caracter\u00edsticas de las maletas Peli: solidez, sellado herm\u00e9tico frente al agua y v\u00e1lvula de regulaci\u00f3n autom\u00e1tica de la presi\u00f3n para evitar que se haga el vac\u00edo y facilitar su apertura a cualquier altitud.<\/p>\n<\/div>\n<div class=\"col-lg-8 col-xs-12\">\n<ul id=\"pdp-bullets\" class=\"pl-20\">\n<li>Dise\u00f1ada para proteger ordenadores port\u00e1tiles de 15\u00bb<\/li>\n<li>Espuma protectora precortada con espuma de tapa corrugada<\/li>\n<li>Indestructible, estanca al agua y al polvo<\/li>\n<li>Junta estanca &#8211; al cerrar la maleta se crea un sellado perfecto<\/li>\n<li>El cierre de f\u00e1cil apertura permanece cerrado bajo presi\u00f3n o tras un impacto<\/li>\n<li>V\u00e1lvula autom\u00e1tica de compensaci\u00f3n de la presi\u00f3n: mantiene el interior a salvo del polvo y del agua, y equilibra la presi\u00f3n del aire<\/li>\n<li>Correa desmontable incluida<\/li>\n<li>Garant\u00eda limitada de por vida de Peli**<\/li>\n<li>*La garant\u00eda de por vida no es aplicable en los pa\u00edses cuya legislaci\u00f3n no lo permita<\/li>\n<\/ul>\n<div class=\"product-specs\">\n<h2 style=\"font-size: 18px;\">Especificaciones<\/h2>\n<ul>\n<li><strong>Dimensiones (Interior):<\/strong> 40.1 x 28.3 x 5.2 cm<\/li>\n<li><strong>Dimensiones (Exterior):<\/strong> 43.6 x 33.6 x 6.6 cm<\/li>\n<li><strong>Profundidad de Tapa:<\/strong> 2.6 cm<\/li>\n<li><strong>Profundidad de Base:<\/strong> 2.6 cm<\/li>\n<li><strong>Profundidad Total:<\/strong> 5.2 cm<\/li>\n<li><strong>Volumen Interior:<\/strong> 0.006 m\u00b3<\/li>\n<li><strong>Peso con Espuma:<\/strong> 1.6 kg<\/li>\n<li><strong>Peso sin Espuma:<\/strong> 1.4 kg<\/li>\n<li><strong>Material Cuerpo:<\/strong> ABS<\/li>\n<li><strong>Material Cierre:<\/strong> ABS<\/li>\n<li><strong>Material Anillo de Sellado:<\/strong> EPDM<\/li>\n<li><strong>Material Pasadores:<\/strong> Stainless Steel<\/li>\n<li><strong>Material Cuerpo de Compensaci\u00f3n:<\/strong> Polycarbonate (PC)<\/li>\n<li><strong>Material Respiradero de Compensaci\u00f3n:<\/strong> PTFE<\/li>\n<li><strong>Temperatura M\u00ednima:<\/strong> -23\u00b0 C (-10\u00b0 F)<\/li>\n<li><strong>Temperatura M\u00e1xima:<\/strong> 49\u00b0 C (120\u00b0 F)<\/li>\n<\/ul>\n<h3 style=\"font-size: 16px;\">Caracter\u00edsticas Adicionales<\/h3>\n<ul>\n<li>Dise\u00f1ada para port\u00e1tiles de hasta 15\u00bb<\/li>\n<li>Espuma protectora precortada con tapa corrugada<\/li>\n<li>Junta estanca al agua y polvo<\/li>\n<li>Cierres de f\u00e1cil apertura incluso bajo presi\u00f3n<\/li>\n<li>V\u00e1lvula autom\u00e1tica de compensaci\u00f3n de la presi\u00f3n<\/li>\n<li>Correa desmontable incluida<\/li>\n<li>Resistente, indestructible y herm\u00e9tica<\/li>\n<li>Garant\u00eda limitada de por vida de Peli\u00ae<\/li>\n<\/ul>\n<\/div>\n<\/div>\n","protected":false},"excerpt":{"rendered":"<p data-start=\"120\" data-end=\"273\">Malet\u00edn Pelican\u00ae HardBack\u2122 para port\u00e1tiles de hasta 15\u00bb, con espuma precortada, junta estanca y certificaci\u00f3n IP67. Resistente al agua, polvo e impactos.<\/p>\n","protected":false},"featured_media":659,"template":"","meta":{"site-sidebar-layout":"default","site-content-layout":"","ast-site-content-layout":"default","site-content-style":"default","site-sidebar-style":"default","ast-global-header-display":"","ast-banner-title-visibility":"","ast-main-header-display":"","ast-hfb-above-header-display":"","ast-hfb-below-header-display":"","ast-hfb-mobile-header-display":"","site-post-title":"","ast-breadcrumbs-content":"","ast-featured-img":"","footer-sml-layout":"","ast-disable-related-posts":"","theme-transparent-header-meta":"default","adv-header-id-meta":"","stick-header-meta":"","header-above-stick-meta":"","header-main-stick-meta":"","header-below-stick-meta":"","astra-migrate-meta-layouts":"set","ast-page-background-enabled":"default","ast-page-background-meta":{"desktop":{"background-color":"var(--ast-global-color-5)","background-image":"","background-repeat":"repeat","background-position":"center center","background-size":"auto","background-attachment":"scroll","background-type":"","background-media":"","overlay-type":"","overlay-color":"","overlay-opacity":"","overlay-gradient":""},"tablet":{"background-color":"","background-image":"","background-repeat":"repeat","background-position":"center center","background-size":"auto","background-attachment":"scroll","background-type":"","background-media":"","overlay-type":"","overlay-color":"","overlay-opacity":"","overlay-gradient":""},"mobile":{"background-color":"","background-image":"","background-repeat":"repeat","background-position":"center center","background-size":"auto","background-attachment":"scroll","background-type":"","background-media":"","overlay-type":"","overlay-color":"","overlay-opacity":"","overlay-gradient":""}},"ast-content-background-meta":{"desktop":{"background-color":"var(--ast-global-color-4)","background-image":"","background-repeat":"repeat","background-position":"center center","background-size":"auto","background-attachment":"scroll","background-type":"","background-media":"","overlay-type":"","overlay-color":"","overlay-opacity":"","overlay-gradient":""},"tablet":{"background-color":"var(--ast-global-color-4)","background-image":"","background-repeat":"repeat","background-position":"center center","background-size":"auto","background-attachment":"scroll","background-type":"","background-media":"","overlay-type":"","overlay-color":"","overlay-opacity":"","overlay-gradient":""},"mobile":{"background-color":"var(--ast-global-color-4)","background-image":"","background-repeat":"repeat","background-position":"center center","background-size":"auto","background-attachment":"scroll","background-type":"","background-media":"","overlay-type":"","overlay-color":"","overlay-opacity":"","overlay-gradient":""}}},"product_brand":[],"product_cat":[19,279],"product_tag":[300,308,287,309,311,306,305,310,307],"class_list":{"0":"post-656","1":"product","2":"type-product","3":"status-publish","4":"has-post-thumbnail","6":"product_cat-iluminacion-y-proteccion-de-equipos","7":"product_cat-maletas-protecion-laptop","8":"product_tag-estuche-ip67-portatil","9":"product_tag-estuche-rigido-portatil","10":"product_tag-maleta-estanca-agua-polvo","11":"product_tag-maleta-hermetica-peli","12":"product_tag-maletin-indestructible-peli","13":"product_tag-maletin-portatil-15-pulgadas","14":"product_tag-peli-hardback-15","15":"product_tag-protector-portatil-con-espuma","16":"product_tag-protector-portatil-peli","17":"desktop-align-center","18":"tablet-align-left","19":"mobile-align-left","21":"first","22":"instock","23":"shipping-taxable","24":"product-type-simple"},"yoast_head":"<!-- This site is optimized with the Yoast SEO plugin v27.5 - https:\/\/yoast.com\/product\/yoast-seo-wordpress\/ -->\n<title>1095 HardBack Port\u00e1til - Grupo Nasca<\/title>\n<meta name=\"description\" content=\"Pelican\u00ae HardBack\u2122 para port\u00e1tiles de 15&#039;&#039;, resistente al agua, polvo e impactos, con espuma precortada y v\u00e1lvula de presi\u00f3n autom\u00e1tica.\" \/>\n<meta name=\"robots\" content=\"index, follow, max-snippet:-1, max-image-preview:large, max-video-preview:-1\" \/>\n<link rel=\"canonical\" href=\"https:\/\/gruponasca.com.pe\/index.php\/producto\/1095-hardback-portatil\/\" \/>\n<meta property=\"og:locale\" content=\"es_ES\" \/>\n<meta property=\"og:type\" content=\"article\" \/>\n<meta property=\"og:title\" content=\"1095 HardBack Port\u00e1til - Grupo Nasca\" \/>\n<meta property=\"og:description\" content=\"Pelican\u00ae HardBack\u2122 para port\u00e1tiles de 15&#039;&#039;, resistente al agua, polvo e impactos, con espuma precortada y v\u00e1lvula de presi\u00f3n autom\u00e1tica.\" \/>\n<meta property=\"og:url\" content=\"https:\/\/gruponasca.com.pe\/index.php\/producto\/1095-hardback-portatil\/\" \/>\n<meta property=\"og:site_name\" content=\"Grupo Nasca\" \/>\n<meta property=\"article:modified_time\" content=\"2025-09-24T07:20:28+00:00\" \/>\n<meta property=\"og:image\" content=\"https:\/\/gruponasca.com.pe\/wp-content\/uploads\/2025\/09\/1095HardBack.jpg\" \/>\n\t<meta property=\"og:image:width\" content=\"500\" \/>\n\t<meta property=\"og:image:height\" content=\"500\" \/>\n\t<meta property=\"og:image:type\" content=\"image\/jpeg\" \/>\n<meta name=\"twitter:card\" content=\"summary_large_image\" \/>\n<meta name=\"twitter:label1\" content=\"Tiempo de lectura\" \/>\n\t<meta name=\"twitter:data1\" content=\"2 minutos\" \/>\n<script type=\"application\/ld+json\" class=\"yoast-schema-graph\">{\"@context\":\"https:\\\/\\\/schema.org\",\"@graph\":[{\"@type\":\"WebPage\",\"@id\":\"https:\\\/\\\/gruponasca.com.pe\\\/index.php\\\/producto\\\/1095-hardback-portatil\\\/\",\"url\":\"https:\\\/\\\/gruponasca.com.pe\\\/index.php\\\/producto\\\/1095-hardback-portatil\\\/\",\"name\":\"1095 HardBack Port\u00e1til - Grupo Nasca\",\"isPartOf\":{\"@id\":\"https:\\\/\\\/gruponasca.com.pe\\\/#website\"},\"primaryImageOfPage\":{\"@id\":\"https:\\\/\\\/gruponasca.com.pe\\\/index.php\\\/producto\\\/1095-hardback-portatil\\\/#primaryimage\"},\"image\":{\"@id\":\"https:\\\/\\\/gruponasca.com.pe\\\/index.php\\\/producto\\\/1095-hardback-portatil\\\/#primaryimage\"},\"thumbnailUrl\":\"https:\\\/\\\/gruponasca.com.pe\\\/wp-content\\\/uploads\\\/2025\\\/09\\\/1095HardBack.jpg\",\"datePublished\":\"2025-09-24T07:15:42+00:00\",\"dateModified\":\"2025-09-24T07:20:28+00:00\",\"description\":\"Pelican\u00ae HardBack\u2122 para port\u00e1tiles de 15'', resistente al agua, polvo e impactos, con espuma precortada y v\u00e1lvula de presi\u00f3n autom\u00e1tica.\",\"breadcrumb\":{\"@id\":\"https:\\\/\\\/gruponasca.com.pe\\\/index.php\\\/producto\\\/1095-hardback-portatil\\\/#breadcrumb\"},\"inLanguage\":\"es\",\"potentialAction\":[{\"@type\":\"ReadAction\",\"target\":[\"https:\\\/\\\/gruponasca.com.pe\\\/index.php\\\/producto\\\/1095-hardback-portatil\\\/\"]}]},{\"@type\":\"ImageObject\",\"inLanguage\":\"es\",\"@id\":\"https:\\\/\\\/gruponasca.com.pe\\\/index.php\\\/producto\\\/1095-hardback-portatil\\\/#primaryimage\",\"url\":\"https:\\\/\\\/gruponasca.com.pe\\\/wp-content\\\/uploads\\\/2025\\\/09\\\/1095HardBack.jpg\",\"contentUrl\":\"https:\\\/\\\/gruponasca.com.pe\\\/wp-content\\\/uploads\\\/2025\\\/09\\\/1095HardBack.jpg\",\"width\":500,\"height\":500},{\"@type\":\"BreadcrumbList\",\"@id\":\"https:\\\/\\\/gruponasca.com.pe\\\/index.php\\\/producto\\\/1095-hardback-portatil\\\/#breadcrumb\",\"itemListElement\":[{\"@type\":\"ListItem\",\"position\":1,\"name\":\"Portada\",\"item\":\"https:\\\/\\\/gruponasca.com.pe\\\/\"},{\"@type\":\"ListItem\",\"position\":2,\"name\":\"Productos\",\"item\":\"https:\\\/\\\/gruponasca.com.pe\\\/index.php\\\/productos\\\/\"},{\"@type\":\"ListItem\",\"position\":3,\"name\":\"1095 HardBack Port\u00e1til\"}]},{\"@type\":\"WebSite\",\"@id\":\"https:\\\/\\\/gruponasca.com.pe\\\/#website\",\"url\":\"https:\\\/\\\/gruponasca.com.pe\\\/\",\"name\":\"Grupo Nasca SAC\",\"description\":\"Seguridad Industrial y Herramientas de Calidad\",\"publisher\":{\"@id\":\"https:\\\/\\\/gruponasca.com.pe\\\/#organization\"},\"potentialAction\":[{\"@type\":\"SearchAction\",\"target\":{\"@type\":\"EntryPoint\",\"urlTemplate\":\"https:\\\/\\\/gruponasca.com.pe\\\/?s={search_term_string}\"},\"query-input\":{\"@type\":\"PropertyValueSpecification\",\"valueRequired\":true,\"valueName\":\"search_term_string\"}}],\"inLanguage\":\"es\"},{\"@type\":\"Organization\",\"@id\":\"https:\\\/\\\/gruponasca.com.pe\\\/#organization\",\"name\":\"Grupo Nasca SAC\",\"url\":\"https:\\\/\\\/gruponasca.com.pe\\\/\",\"logo\":{\"@type\":\"ImageObject\",\"inLanguage\":\"es\",\"@id\":\"https:\\\/\\\/gruponasca.com.pe\\\/#\\\/schema\\\/logo\\\/image\\\/\",\"url\":\"https:\\\/\\\/gruponasca.com.pe\\\/wp-content\\\/uploads\\\/2025\\\/09\\\/cropped-icono_conasac-scaled-1.jpg\",\"contentUrl\":\"https:\\\/\\\/gruponasca.com.pe\\\/wp-content\\\/uploads\\\/2025\\\/09\\\/cropped-icono_conasac-scaled-1.jpg\",\"width\":512,\"height\":512,\"caption\":\"Grupo Nasca SAC\"},\"image\":{\"@id\":\"https:\\\/\\\/gruponasca.com.pe\\\/#\\\/schema\\\/logo\\\/image\\\/\"}}]}<\/script>\n<!-- \/ Yoast SEO plugin. -->","yoast_head_json":{"title":"1095 HardBack Port\u00e1til - Grupo Nasca","description":"Pelican\u00ae HardBack\u2122 para port\u00e1tiles de 15'', resistente al agua, polvo e impactos, con espuma precortada y v\u00e1lvula de presi\u00f3n autom\u00e1tica.","robots":{"index":"index","follow":"follow","max-snippet":"max-snippet:-1","max-image-preview":"max-image-preview:large","max-video-preview":"max-video-preview:-1"},"canonical":"https:\/\/gruponasca.com.pe\/index.php\/producto\/1095-hardback-portatil\/","og_locale":"es_ES","og_type":"article","og_title":"1095 HardBack Port\u00e1til - Grupo Nasca","og_description":"Pelican\u00ae HardBack\u2122 para port\u00e1tiles de 15'', resistente al agua, polvo e impactos, con espuma precortada y v\u00e1lvula de presi\u00f3n autom\u00e1tica.","og_url":"https:\/\/gruponasca.com.pe\/index.php\/producto\/1095-hardback-portatil\/","og_site_name":"Grupo Nasca","article_modified_time":"2025-09-24T07:20:28+00:00","og_image":[{"width":500,"height":500,"url":"https:\/\/gruponasca.com.pe\/wp-content\/uploads\/2025\/09\/1095HardBack.jpg","type":"image\/jpeg"}],"twitter_card":"summary_large_image","twitter_misc":{"Tiempo de lectura":"2 minutos"},"schema":{"@context":"https:\/\/schema.org","@graph":[{"@type":"WebPage","@id":"https:\/\/gruponasca.com.pe\/index.php\/producto\/1095-hardback-portatil\/","url":"https:\/\/gruponasca.com.pe\/index.php\/producto\/1095-hardback-portatil\/","name":"1095 HardBack Port\u00e1til - Grupo Nasca","isPartOf":{"@id":"https:\/\/gruponasca.com.pe\/#website"},"primaryImageOfPage":{"@id":"https:\/\/gruponasca.com.pe\/index.php\/producto\/1095-hardback-portatil\/#primaryimage"},"image":{"@id":"https:\/\/gruponasca.com.pe\/index.php\/producto\/1095-hardback-portatil\/#primaryimage"},"thumbnailUrl":"https:\/\/gruponasca.com.pe\/wp-content\/uploads\/2025\/09\/1095HardBack.jpg","datePublished":"2025-09-24T07:15:42+00:00","dateModified":"2025-09-24T07:20:28+00:00","description":"Pelican\u00ae HardBack\u2122 para port\u00e1tiles de 15'', resistente al agua, polvo e impactos, con espuma precortada y v\u00e1lvula de presi\u00f3n autom\u00e1tica.","breadcrumb":{"@id":"https:\/\/gruponasca.com.pe\/index.php\/producto\/1095-hardback-portatil\/#breadcrumb"},"inLanguage":"es","potentialAction":[{"@type":"ReadAction","target":["https:\/\/gruponasca.com.pe\/index.php\/producto\/1095-hardback-portatil\/"]}]},{"@type":"ImageObject","inLanguage":"es","@id":"https:\/\/gruponasca.com.pe\/index.php\/producto\/1095-hardback-portatil\/#primaryimage","url":"https:\/\/gruponasca.com.pe\/wp-content\/uploads\/2025\/09\/1095HardBack.jpg","contentUrl":"https:\/\/gruponasca.com.pe\/wp-content\/uploads\/2025\/09\/1095HardBack.jpg","width":500,"height":500},{"@type":"BreadcrumbList","@id":"https:\/\/gruponasca.com.pe\/index.php\/producto\/1095-hardback-portatil\/#breadcrumb","itemListElement":[{"@type":"ListItem","position":1,"name":"Portada","item":"https:\/\/gruponasca.com.pe\/"},{"@type":"ListItem","position":2,"name":"Productos","item":"https:\/\/gruponasca.com.pe\/index.php\/productos\/"},{"@type":"ListItem","position":3,"name":"1095 HardBack Port\u00e1til"}]},{"@type":"WebSite","@id":"https:\/\/gruponasca.com.pe\/#website","url":"https:\/\/gruponasca.com.pe\/","name":"Grupo Nasca SAC","description":"Seguridad Industrial y Herramientas de Calidad","publisher":{"@id":"https:\/\/gruponasca.com.pe\/#organization"},"potentialAction":[{"@type":"SearchAction","target":{"@type":"EntryPoint","urlTemplate":"https:\/\/gruponasca.com.pe\/?s={search_term_string}"},"query-input":{"@type":"PropertyValueSpecification","valueRequired":true,"valueName":"search_term_string"}}],"inLanguage":"es"},{"@type":"Organization","@id":"https:\/\/gruponasca.com.pe\/#organization","name":"Grupo Nasca SAC","url":"https:\/\/gruponasca.com.pe\/","logo":{"@type":"ImageObject","inLanguage":"es","@id":"https:\/\/gruponasca.com.pe\/#\/schema\/logo\/image\/","url":"https:\/\/gruponasca.com.pe\/wp-content\/uploads\/2025\/09\/cropped-icono_conasac-scaled-1.jpg","contentUrl":"https:\/\/gruponasca.com.pe\/wp-content\/uploads\/2025\/09\/cropped-icono_conasac-scaled-1.jpg","width":512,"height":512,"caption":"Grupo Nasca SAC"},"image":{"@id":"https:\/\/gruponasca.com.pe\/#\/schema\/logo\/image\/"}}]}},"_links":{"self":[{"href":"https:\/\/gruponasca.com.pe\/index.php\/wp-json\/wp\/v2\/product\/656","targetHints":{"allow":["GET"]}}],"collection":[{"href":"https:\/\/gruponasca.com.pe\/index.php\/wp-json\/wp\/v2\/product"}],"about":[{"href":"https:\/\/gruponasca.com.pe\/index.php\/wp-json\/wp\/v2\/types\/product"}],"wp:featuredmedia":[{"embeddable":true,"href":"https:\/\/gruponasca.com.pe\/index.php\/wp-json\/wp\/v2\/media\/659"}],"wp:attachment":[{"href":"https:\/\/gruponasca.com.pe\/index.php\/wp-json\/wp\/v2\/media?parent=656"}],"wp:term":[{"taxonomy":"product_brand","embeddable":true,"href":"https:\/\/gruponasca.com.pe\/index.php\/wp-json\/wp\/v2\/product_brand?post=656"},{"taxonomy":"product_cat","embeddable":true,"href":"https:\/\/gruponasca.com.pe\/index.php\/wp-json\/wp\/v2\/product_cat?post=656"},{"taxonomy":"product_tag","embeddable":true,"href":"https:\/\/gruponasca.com.pe\/index.php\/wp-json\/wp\/v2\/product_tag?post=656"}],"curies":[{"name":"wp","href":"https:\/\/api.w.org\/{rel}","templated":true}]}}