{"id":619,"date":"2025-09-24T05:35:31","date_gmt":"2025-09-24T05:35:31","guid":{"rendered":"https:\/\/dots-interactive.com\/desarrollo\/nasca\/?post_type=product&#038;p=619"},"modified":"2025-09-24T06:58:11","modified_gmt":"2025-09-24T06:58:11","slug":"1490cc1-protector-portatil","status":"publish","type":"product","link":"https:\/\/gruponasca.com.pe\/index.php\/producto\/1490cc1-protector-portatil\/","title":{"rendered":"1490CC1 Protector Port\u00e1til"},"content":{"rendered":"<div class=\"col-lg-4 col-md-10 col-lg-offset-0\">\n<p><strong>Pelican\u2122 Protector Case\u2122 Port\u00e1til<\/strong><\/p>\n<p>Desde 1976, las maletas Peli\u00ae Protector son la respuesta a las necesidades de protecci\u00f3n de los equipos m\u00e1s delicados. Estas maletas cuentan con un dise\u00f1o resistente y se pueden utilizar en los entornos m\u00e1s adversos del planeta. Las maletas Peli siempre sobreviven, tanto en el fr\u00edo extremo del \u00c1rtico como en el fragor de cualquier conflicto b\u00e9lico.<\/p>\n<p>Estas resistentes maletas fabricadas en EE. UU. est\u00e1n dise\u00f1adas con una v\u00e1lvula de purga autom\u00e1tica que iguala la presi\u00f3n del aire, una tapa con anillo de sellado estanco de silicona, asas de goma ergon\u00f3micas y componentes met\u00e1licos de acero inoxidable.<\/p>\n<\/div>\n<div class=\"col-lg-8 col-xs-12\">\n<ul id=\"pdp-bullets\" class=\"pl-20\">\n<li>Apta para notebooks de hasta 43,9 cm largo x 24,9 cm ancho x 8,3 cm fondo (14&#8243; x 10,8&#8243; x 2,5&#8243;)<\/li>\n<li>Doble cierre de pasador con llaves<\/li>\n<li>Organizador de tapa, TAPA, bandeja de absorci\u00f3n de impactos integrada, correa<\/li>\n<li>C\u00f3modas asas ergon\u00f3micas de goma<\/li>\n<li>N\u00facleo interior de c\u00e9lula abierta y paneles exteriores r\u00edgidos: resistente y ligera<\/li>\n<li>V\u00e1lvula autom\u00e1tica de compensaci\u00f3n de la presi\u00f3n (mantiene el interior a salvo del agua y equilibra la presi\u00f3n del aire)<\/li>\n<li>Anillo de sellado<\/li>\n<li>Pernos de acero inoxidable<\/li>\n<li>Servicio opcional de placa personalizada con tu nombre<\/li>\n<li>Garant\u00eda de excelencia de por vida<\/li>\n<\/ul>\n<div class=\"product-specs\">\n<h2 style=\"font-size: 18px;\">Especificaciones<\/h2>\n<ul>\n<li><strong>Dimensiones (Interior):<\/strong> 45.1 x 28.9 x 10.5 cm<\/li>\n<li><strong>Dimensiones (Exterior):<\/strong> 50.5 x 35.4 x 11.9 cm<\/li>\n<li><strong>Profundidad de Tapa:<\/strong> 3.8 cm<\/li>\n<li><strong>Profundidad de Base:<\/strong> 6.7 cm<\/li>\n<li><strong>Profundidad Total:<\/strong> 10.5 cm<\/li>\n<li><strong>Volumen Interior:<\/strong> 0.014 m\u00b3<\/li>\n<li><strong>Di\u00e1metro de Agujeros para Candado:<\/strong> 1.2 cm<\/li>\n<li><strong>Peso con Espuma:<\/strong> 2.9 kg<\/li>\n<li><strong>Peso sin Espuma:<\/strong> 2.5 kg<\/li>\n<li><strong>Flotabilidad:<\/strong> 18.6 kg<\/li>\n<li><strong>Material Cuerpo:<\/strong> ABS<\/li>\n<li><strong>Material Cierre:<\/strong> ABS<\/li>\n<li><strong>Material Anillo de Sellado:<\/strong> Polymer<\/li>\n<li><strong>Material Pasadores:<\/strong> Stainless Steel<\/li>\n<li><strong>Material Espuma:<\/strong> 1.3 lb Polyurethane<\/li>\n<li><strong>Material Cuerpo de Compensaci\u00f3n:<\/strong> ABS<\/li>\n<li><strong>Material Respiradero de Compensaci\u00f3n:<\/strong> 3 Micron Hydrophobic Non-Woven<\/li>\n<li><strong>Temperatura M\u00ednima:<\/strong> -40\u00b0 F (-40\u00b0 C)<\/li>\n<li><strong>Temperatura M\u00e1xima:<\/strong> 190\u00b0 F (88\u00b0 C)<\/li>\n<li><strong>Certificaciones:<\/strong> Def Stan 81-41<\/li>\n<\/ul>\n<h3 style=\"font-size: 16px;\">Caracter\u00edsticas Adicionales<\/h3>\n<table>\n<tbody>\n<tr>\n<th>Espuma Protectora<\/th>\n<td>Juego de espuma protectora de alta calidad<\/td>\n<\/tr>\n<tr>\n<th>Cierres de Seguridad<\/th>\n<td>Doble cierre de pasador con llaves para mayor seguridad<\/td>\n<\/tr>\n<tr>\n<th>Organizador de Tapa<\/th>\n<td>Incluye organizador de tapa con bandeja de absorci\u00f3n de impactos integrada<\/td>\n<\/tr>\n<tr>\n<th>Asas<\/th>\n<td>Asas ergon\u00f3micas de goma para comodidad al transportar<\/td>\n<\/tr>\n<tr>\n<th>Construcci\u00f3n<\/th>\n<td>Pol\u00edmero de alta resistencia, estanca al agua y al polvo<\/td>\n<\/tr>\n<tr>\n<th>V\u00e1lvula de Compensaci\u00f3n de Presi\u00f3n<\/th>\n<td>Mantiene el interior a salvo del agua y equilibra la presi\u00f3n del aire<\/td>\n<\/tr>\n<\/tbody>\n<\/table>\n<\/div>\n<\/div>\n","protected":false},"excerpt":{"rendered":"<p data-start=\"212\" data-end=\"671\">La <strong data-start=\"215\" data-end=\"260\">Pelican\u2122 1490CC1 Protector Case\u2122 Port\u00e1til<\/strong> es una maleta de transporte dise\u00f1ada para proteger equipos delicados como notebooks y dispositivos electr\u00f3nicos. Su construcci\u00f3n robusta y resistente, junto con caracter\u00edsticas como el organizador de tapa, la v\u00e1lvula de compensaci\u00f3n de presi\u00f3n y el n\u00facleo de espuma de alta calidad, hace de esta maleta una opci\u00f3n segura y confiable para mantener tus dispositivos a salvo, incluso en los entornos m\u00e1s extremos.<\/p>\n","protected":false},"featured_media":644,"template":"","meta":{"site-sidebar-layout":"default","site-content-layout":"","ast-site-content-layout":"default","site-content-style":"default","site-sidebar-style":"default","ast-global-header-display":"","ast-banner-title-visibility":"","ast-main-header-display":"","ast-hfb-above-header-display":"","ast-hfb-below-header-display":"","ast-hfb-mobile-header-display":"","site-post-title":"","ast-breadcrumbs-content":"","ast-featured-img":"","footer-sml-layout":"","ast-disable-related-posts":"","theme-transparent-header-meta":"default","adv-header-id-meta":"","stick-header-meta":"","header-above-stick-meta":"","header-main-stick-meta":"","header-below-stick-meta":"","astra-migrate-meta-layouts":"set","ast-page-background-enabled":"default","ast-page-background-meta":{"desktop":{"background-color":"var(--ast-global-color-5)","background-image":"","background-repeat":"repeat","background-position":"center center","background-size":"auto","background-attachment":"scroll","background-type":"","background-media":"","overlay-type":"","overlay-color":"","overlay-opacity":"","overlay-gradient":""},"tablet":{"background-color":"","background-image":"","background-repeat":"repeat","background-position":"center center","background-size":"auto","background-attachment":"scroll","background-type":"","background-media":"","overlay-type":"","overlay-color":"","overlay-opacity":"","overlay-gradient":""},"mobile":{"background-color":"","background-image":"","background-repeat":"repeat","background-position":"center center","background-size":"auto","background-attachment":"scroll","background-type":"","background-media":"","overlay-type":"","overlay-color":"","overlay-opacity":"","overlay-gradient":""}},"ast-content-background-meta":{"desktop":{"background-color":"var(--ast-global-color-4)","background-image":"","background-repeat":"repeat","background-position":"center center","background-size":"auto","background-attachment":"scroll","background-type":"","background-media":"","overlay-type":"","overlay-color":"","overlay-opacity":"","overlay-gradient":""},"tablet":{"background-color":"var(--ast-global-color-4)","background-image":"","background-repeat":"repeat","background-position":"center center","background-size":"auto","background-attachment":"scroll","background-type":"","background-media":"","overlay-type":"","overlay-color":"","overlay-opacity":"","overlay-gradient":""},"mobile":{"background-color":"var(--ast-global-color-4)","background-image":"","background-repeat":"repeat","background-position":"center center","background-size":"auto","background-attachment":"scroll","background-type":"","background-media":"","overlay-type":"","overlay-color":"","overlay-opacity":"","overlay-gradient":""}}},"product_brand":[],"product_cat":[19,279],"product_tag":[262,276,216,225,212,275,274,273,220,272],"class_list":{"0":"post-619","1":"product","2":"type-product","3":"status-publish","4":"has-post-thumbnail","6":"product_cat-iluminacion-y-proteccion-de-equipos","7":"product_cat-maletas-protecion-laptop","8":"product_tag-maleta-con-espuma-protectora","9":"product_tag-maleta-con-valvula-de-presion","10":"product_tag-maleta-de-proteccion","11":"product_tag-maleta-de-seguridad","12":"product_tag-maleta-impermeable","13":"product_tag-maleta-para-equipos-electronicos","14":"product_tag-maleta-para-notebooks","15":"product_tag-maleta-portatil","16":"product_tag-maleta-resistente","17":"product_tag-pelican-1490cc1","18":"desktop-align-center","19":"tablet-align-left","20":"mobile-align-left","22":"first","23":"instock","24":"shipping-taxable","25":"product-type-simple"},"yoast_head":"<!-- This site is optimized with the Yoast SEO plugin v27.5 - https:\/\/yoast.com\/product\/yoast-seo-wordpress\/ -->\n<title>1490CC1 Protector Port\u00e1til - Grupo Nasca<\/title>\n<meta name=\"description\" content=\"La Pelican\u2122 1490CC1 Protector Case\u2122 Port\u00e1til ofrece una protecci\u00f3n extrema para tu notebook o equipo electr\u00f3nico. Con un dise\u00f1o robusto\" \/>\n<meta name=\"robots\" content=\"index, follow, max-snippet:-1, max-image-preview:large, max-video-preview:-1\" \/>\n<link rel=\"canonical\" href=\"https:\/\/gruponasca.com.pe\/index.php\/producto\/1490cc1-protector-portatil\/\" \/>\n<meta property=\"og:locale\" content=\"es_ES\" \/>\n<meta property=\"og:type\" content=\"article\" \/>\n<meta property=\"og:title\" content=\"1490CC1 Protector Port\u00e1til - Grupo Nasca\" \/>\n<meta property=\"og:description\" content=\"La Pelican\u2122 1490CC1 Protector Case\u2122 Port\u00e1til ofrece una protecci\u00f3n extrema para tu notebook o equipo electr\u00f3nico. Con un dise\u00f1o robusto\" \/>\n<meta property=\"og:url\" content=\"https:\/\/gruponasca.com.pe\/index.php\/producto\/1490cc1-protector-portatil\/\" \/>\n<meta property=\"og:site_name\" content=\"Grupo Nasca\" \/>\n<meta property=\"article:modified_time\" content=\"2025-09-24T06:58:11+00:00\" \/>\n<meta property=\"og:image\" content=\"https:\/\/gruponasca.com.pe\/wp-content\/uploads\/2025\/09\/1490CC1.jpg\" \/>\n\t<meta property=\"og:image:width\" content=\"500\" \/>\n\t<meta property=\"og:image:height\" content=\"500\" \/>\n\t<meta property=\"og:image:type\" content=\"image\/jpeg\" \/>\n<meta name=\"twitter:card\" content=\"summary_large_image\" \/>\n<meta name=\"twitter:label1\" content=\"Tiempo de lectura\" \/>\n\t<meta name=\"twitter:data1\" content=\"2 minutos\" \/>\n<script type=\"application\/ld+json\" class=\"yoast-schema-graph\">{\"@context\":\"https:\\\/\\\/schema.org\",\"@graph\":[{\"@type\":\"WebPage\",\"@id\":\"https:\\\/\\\/gruponasca.com.pe\\\/index.php\\\/producto\\\/1490cc1-protector-portatil\\\/\",\"url\":\"https:\\\/\\\/gruponasca.com.pe\\\/index.php\\\/producto\\\/1490cc1-protector-portatil\\\/\",\"name\":\"1490CC1 Protector Port\u00e1til - Grupo Nasca\",\"isPartOf\":{\"@id\":\"https:\\\/\\\/gruponasca.com.pe\\\/#website\"},\"primaryImageOfPage\":{\"@id\":\"https:\\\/\\\/gruponasca.com.pe\\\/index.php\\\/producto\\\/1490cc1-protector-portatil\\\/#primaryimage\"},\"image\":{\"@id\":\"https:\\\/\\\/gruponasca.com.pe\\\/index.php\\\/producto\\\/1490cc1-protector-portatil\\\/#primaryimage\"},\"thumbnailUrl\":\"https:\\\/\\\/gruponasca.com.pe\\\/wp-content\\\/uploads\\\/2025\\\/09\\\/1490CC1.jpg\",\"datePublished\":\"2025-09-24T05:35:31+00:00\",\"dateModified\":\"2025-09-24T06:58:11+00:00\",\"description\":\"La Pelican\u2122 1490CC1 Protector Case\u2122 Port\u00e1til ofrece una protecci\u00f3n extrema para tu notebook o equipo electr\u00f3nico. Con un dise\u00f1o robusto\",\"breadcrumb\":{\"@id\":\"https:\\\/\\\/gruponasca.com.pe\\\/index.php\\\/producto\\\/1490cc1-protector-portatil\\\/#breadcrumb\"},\"inLanguage\":\"es\",\"potentialAction\":[{\"@type\":\"ReadAction\",\"target\":[\"https:\\\/\\\/gruponasca.com.pe\\\/index.php\\\/producto\\\/1490cc1-protector-portatil\\\/\"]}]},{\"@type\":\"ImageObject\",\"inLanguage\":\"es\",\"@id\":\"https:\\\/\\\/gruponasca.com.pe\\\/index.php\\\/producto\\\/1490cc1-protector-portatil\\\/#primaryimage\",\"url\":\"https:\\\/\\\/gruponasca.com.pe\\\/wp-content\\\/uploads\\\/2025\\\/09\\\/1490CC1.jpg\",\"contentUrl\":\"https:\\\/\\\/gruponasca.com.pe\\\/wp-content\\\/uploads\\\/2025\\\/09\\\/1490CC1.jpg\",\"width\":500,\"height\":500},{\"@type\":\"BreadcrumbList\",\"@id\":\"https:\\\/\\\/gruponasca.com.pe\\\/index.php\\\/producto\\\/1490cc1-protector-portatil\\\/#breadcrumb\",\"itemListElement\":[{\"@type\":\"ListItem\",\"position\":1,\"name\":\"Portada\",\"item\":\"https:\\\/\\\/gruponasca.com.pe\\\/\"},{\"@type\":\"ListItem\",\"position\":2,\"name\":\"Productos\",\"item\":\"https:\\\/\\\/gruponasca.com.pe\\\/index.php\\\/productos\\\/\"},{\"@type\":\"ListItem\",\"position\":3,\"name\":\"1490CC1 Protector Port\u00e1til\"}]},{\"@type\":\"WebSite\",\"@id\":\"https:\\\/\\\/gruponasca.com.pe\\\/#website\",\"url\":\"https:\\\/\\\/gruponasca.com.pe\\\/\",\"name\":\"Grupo Nasca SAC\",\"description\":\"Seguridad Industrial y Herramientas de Calidad\",\"publisher\":{\"@id\":\"https:\\\/\\\/gruponasca.com.pe\\\/#organization\"},\"potentialAction\":[{\"@type\":\"SearchAction\",\"target\":{\"@type\":\"EntryPoint\",\"urlTemplate\":\"https:\\\/\\\/gruponasca.com.pe\\\/?s={search_term_string}\"},\"query-input\":{\"@type\":\"PropertyValueSpecification\",\"valueRequired\":true,\"valueName\":\"search_term_string\"}}],\"inLanguage\":\"es\"},{\"@type\":\"Organization\",\"@id\":\"https:\\\/\\\/gruponasca.com.pe\\\/#organization\",\"name\":\"Grupo Nasca SAC\",\"url\":\"https:\\\/\\\/gruponasca.com.pe\\\/\",\"logo\":{\"@type\":\"ImageObject\",\"inLanguage\":\"es\",\"@id\":\"https:\\\/\\\/gruponasca.com.pe\\\/#\\\/schema\\\/logo\\\/image\\\/\",\"url\":\"https:\\\/\\\/gruponasca.com.pe\\\/wp-content\\\/uploads\\\/2025\\\/09\\\/cropped-icono_conasac-scaled-1.jpg\",\"contentUrl\":\"https:\\\/\\\/gruponasca.com.pe\\\/wp-content\\\/uploads\\\/2025\\\/09\\\/cropped-icono_conasac-scaled-1.jpg\",\"width\":512,\"height\":512,\"caption\":\"Grupo Nasca SAC\"},\"image\":{\"@id\":\"https:\\\/\\\/gruponasca.com.pe\\\/#\\\/schema\\\/logo\\\/image\\\/\"}}]}<\/script>\n<!-- \/ Yoast SEO plugin. -->","yoast_head_json":{"title":"1490CC1 Protector Port\u00e1til - Grupo Nasca","description":"La Pelican\u2122 1490CC1 Protector Case\u2122 Port\u00e1til ofrece una protecci\u00f3n extrema para tu notebook o equipo electr\u00f3nico. Con un dise\u00f1o robusto","robots":{"index":"index","follow":"follow","max-snippet":"max-snippet:-1","max-image-preview":"max-image-preview:large","max-video-preview":"max-video-preview:-1"},"canonical":"https:\/\/gruponasca.com.pe\/index.php\/producto\/1490cc1-protector-portatil\/","og_locale":"es_ES","og_type":"article","og_title":"1490CC1 Protector Port\u00e1til - Grupo Nasca","og_description":"La Pelican\u2122 1490CC1 Protector Case\u2122 Port\u00e1til ofrece una protecci\u00f3n extrema para tu notebook o equipo electr\u00f3nico. Con un dise\u00f1o robusto","og_url":"https:\/\/gruponasca.com.pe\/index.php\/producto\/1490cc1-protector-portatil\/","og_site_name":"Grupo Nasca","article_modified_time":"2025-09-24T06:58:11+00:00","og_image":[{"width":500,"height":500,"url":"https:\/\/gruponasca.com.pe\/wp-content\/uploads\/2025\/09\/1490CC1.jpg","type":"image\/jpeg"}],"twitter_card":"summary_large_image","twitter_misc":{"Tiempo de lectura":"2 minutos"},"schema":{"@context":"https:\/\/schema.org","@graph":[{"@type":"WebPage","@id":"https:\/\/gruponasca.com.pe\/index.php\/producto\/1490cc1-protector-portatil\/","url":"https:\/\/gruponasca.com.pe\/index.php\/producto\/1490cc1-protector-portatil\/","name":"1490CC1 Protector Port\u00e1til - Grupo Nasca","isPartOf":{"@id":"https:\/\/gruponasca.com.pe\/#website"},"primaryImageOfPage":{"@id":"https:\/\/gruponasca.com.pe\/index.php\/producto\/1490cc1-protector-portatil\/#primaryimage"},"image":{"@id":"https:\/\/gruponasca.com.pe\/index.php\/producto\/1490cc1-protector-portatil\/#primaryimage"},"thumbnailUrl":"https:\/\/gruponasca.com.pe\/wp-content\/uploads\/2025\/09\/1490CC1.jpg","datePublished":"2025-09-24T05:35:31+00:00","dateModified":"2025-09-24T06:58:11+00:00","description":"La Pelican\u2122 1490CC1 Protector Case\u2122 Port\u00e1til ofrece una protecci\u00f3n extrema para tu notebook o equipo electr\u00f3nico. Con un dise\u00f1o robusto","breadcrumb":{"@id":"https:\/\/gruponasca.com.pe\/index.php\/producto\/1490cc1-protector-portatil\/#breadcrumb"},"inLanguage":"es","potentialAction":[{"@type":"ReadAction","target":["https:\/\/gruponasca.com.pe\/index.php\/producto\/1490cc1-protector-portatil\/"]}]},{"@type":"ImageObject","inLanguage":"es","@id":"https:\/\/gruponasca.com.pe\/index.php\/producto\/1490cc1-protector-portatil\/#primaryimage","url":"https:\/\/gruponasca.com.pe\/wp-content\/uploads\/2025\/09\/1490CC1.jpg","contentUrl":"https:\/\/gruponasca.com.pe\/wp-content\/uploads\/2025\/09\/1490CC1.jpg","width":500,"height":500},{"@type":"BreadcrumbList","@id":"https:\/\/gruponasca.com.pe\/index.php\/producto\/1490cc1-protector-portatil\/#breadcrumb","itemListElement":[{"@type":"ListItem","position":1,"name":"Portada","item":"https:\/\/gruponasca.com.pe\/"},{"@type":"ListItem","position":2,"name":"Productos","item":"https:\/\/gruponasca.com.pe\/index.php\/productos\/"},{"@type":"ListItem","position":3,"name":"1490CC1 Protector Port\u00e1til"}]},{"@type":"WebSite","@id":"https:\/\/gruponasca.com.pe\/#website","url":"https:\/\/gruponasca.com.pe\/","name":"Grupo Nasca SAC","description":"Seguridad Industrial y Herramientas de Calidad","publisher":{"@id":"https:\/\/gruponasca.com.pe\/#organization"},"potentialAction":[{"@type":"SearchAction","target":{"@type":"EntryPoint","urlTemplate":"https:\/\/gruponasca.com.pe\/?s={search_term_string}"},"query-input":{"@type":"PropertyValueSpecification","valueRequired":true,"valueName":"search_term_string"}}],"inLanguage":"es"},{"@type":"Organization","@id":"https:\/\/gruponasca.com.pe\/#organization","name":"Grupo Nasca SAC","url":"https:\/\/gruponasca.com.pe\/","logo":{"@type":"ImageObject","inLanguage":"es","@id":"https:\/\/gruponasca.com.pe\/#\/schema\/logo\/image\/","url":"https:\/\/gruponasca.com.pe\/wp-content\/uploads\/2025\/09\/cropped-icono_conasac-scaled-1.jpg","contentUrl":"https:\/\/gruponasca.com.pe\/wp-content\/uploads\/2025\/09\/cropped-icono_conasac-scaled-1.jpg","width":512,"height":512,"caption":"Grupo Nasca SAC"},"image":{"@id":"https:\/\/gruponasca.com.pe\/#\/schema\/logo\/image\/"}}]}},"_links":{"self":[{"href":"https:\/\/gruponasca.com.pe\/index.php\/wp-json\/wp\/v2\/product\/619","targetHints":{"allow":["GET"]}}],"collection":[{"href":"https:\/\/gruponasca.com.pe\/index.php\/wp-json\/wp\/v2\/product"}],"about":[{"href":"https:\/\/gruponasca.com.pe\/index.php\/wp-json\/wp\/v2\/types\/product"}],"wp:featuredmedia":[{"embeddable":true,"href":"https:\/\/gruponasca.com.pe\/index.php\/wp-json\/wp\/v2\/media\/644"}],"wp:attachment":[{"href":"https:\/\/gruponasca.com.pe\/index.php\/wp-json\/wp\/v2\/media?parent=619"}],"wp:term":[{"taxonomy":"product_brand","embeddable":true,"href":"https:\/\/gruponasca.com.pe\/index.php\/wp-json\/wp\/v2\/product_brand?post=619"},{"taxonomy":"product_cat","embeddable":true,"href":"https:\/\/gruponasca.com.pe\/index.php\/wp-json\/wp\/v2\/product_cat?post=619"},{"taxonomy":"product_tag","embeddable":true,"href":"https:\/\/gruponasca.com.pe\/index.php\/wp-json\/wp\/v2\/product_tag?post=619"}],"curies":[{"name":"wp","href":"https:\/\/api.w.org\/{rel}","templated":true}]}}