{"id":616,"date":"2025-09-24T05:13:27","date_gmt":"2025-09-24T05:13:27","guid":{"rendered":"https:\/\/dots-interactive.com\/desarrollo\/nasca\/?post_type=product&#038;p=616"},"modified":"2025-09-24T06:48:01","modified_gmt":"2025-09-24T06:48:01","slug":"v550-vault-equipment-case","status":"publish","type":"product","link":"https:\/\/gruponasca.com.pe\/index.php\/producto\/v550-vault-equipment-case\/","title":{"rendered":"V550 Vault Equipment Case"},"content":{"rendered":"<div class=\"col-lg-4 col-md-10 col-lg-offset-0\">\n<p>Dise\u00f1adas para uso rudo, de alto impacto y resistencia a la intemperie suprema, las nuevas cajas de armas de la serie Vault son las m\u00e1s resistentes y seguras de su clase. Equipado con una serie de caracter\u00edsticas de protecci\u00f3n premium a un precio que m\u00e1s cazadores y tiradores pueden pagar, ya que solo el veterano de 42 a\u00f1os de protecci\u00f3n podr\u00eda cumplir.<\/p>\n<\/div>\n<div class=\"col-lg-8 col-xs-12\">\n<ul id=\"pdp-bullets\" class=\"pl-20\">\n<li>Construido para transportar con seguridad una gran variedad de equipamiento del m\u00e1s alto nivel.<\/li>\n<li>El pol\u00edmero de alto impacto garantiza la protecci\u00f3n de su equipo, por carretera, pista o aire<\/li>\n<li>Resistente a los golpes, al polvo y a la intemperie<\/li>\n<li>Las asas de gran resistencia son ergon\u00f3micas y resisten incluso en las condiciones m\u00e1s duras<\/li>\n<li>Cuatro capas de espuma protectora<\/li>\n<li>Cuatro cierres con pulsador ofrecen seguridad y f\u00e1cil acceso.<\/li>\n<li>Fabricada en EE. UU.<\/li>\n<\/ul>\n<div class=\"product-specs\">\n<h2 style=\"font-size: 18px;\">Especificaciones<\/h2>\n<ul>\n<li><strong>Dimensiones (Interior):<\/strong> 48.3 x 35.6 x 21.6 cm<\/li>\n<li><strong>Dimensiones (Exterior):<\/strong> 56.9 x 44.3 x 23.3 cm<\/li>\n<li><strong>Profundidad de Tapa:<\/strong> 4 cm<\/li>\n<li><strong>Profundidad de Base:<\/strong> 17.6 cm<\/li>\n<li><strong>Profundidad Total:<\/strong> 21.6 cm<\/li>\n<li><strong>Volumen Interior:<\/strong> 0.037 m\u00b3<\/li>\n<li><strong>Di\u00e1metro de Agujeros para Candado:<\/strong> 1.2 cm<\/li>\n<li><strong>Peso con Espuma:<\/strong> 4.9 kg<\/li>\n<li><strong>Peso sin Espuma:<\/strong> 4.1 kg<\/li>\n<li><strong>Material Cuerpo:<\/strong> Polyethylene<\/li>\n<li><strong>Material Cierre:<\/strong> ABS<\/li>\n<li><strong>Material Anillo de Sellado:<\/strong> Polymer<\/li>\n<li><strong>Material Pasadores:<\/strong> Stainless Steel<\/li>\n<li><strong>Material Espuma:<\/strong> 1.12 lbs. ELE (Polyurethane)<\/li>\n<li><strong>Material Cuerpo de Compensaci\u00f3n:<\/strong> ABS<\/li>\n<li><strong>Material Respiradero de Compensaci\u00f3n:<\/strong> 3 Micron Hydrophobic Non-Woven<\/li>\n<li><strong>Temperatura M\u00ednima:<\/strong> 0\u00b0 F (-18\u00b0 C)<\/li>\n<li><strong>Temperatura M\u00e1xima:<\/strong> 140\u00b0 F (60\u00b0 C)<\/li>\n<li><strong>Certificaciones:<\/strong> Fabricada en EE. UU.<\/li>\n<\/ul>\n<h3 style=\"font-size: 16px;\">Caracter\u00edsticas Adicionales<\/h3>\n<table>\n<tbody>\n<tr>\n<th>Espuma Protectora<\/th>\n<td>4 capas de espuma<\/td>\n<\/tr>\n<tr>\n<th>Cierres de Seguridad<\/th>\n<td>4 cierres con pulsador para f\u00e1cil acceso y seguridad<\/td>\n<\/tr>\n<tr>\n<th>Resistencia<\/th>\n<td>Resistente a golpes, polvo e intemperie<\/td>\n<\/tr>\n<tr>\n<th>Asas<\/th>\n<td>Asas ergon\u00f3micas de alta resistencia<\/td>\n<\/tr>\n<tr>\n<th>Construcci\u00f3n<\/th>\n<td>Pol\u00edmero de alto impacto para m\u00e1xima protecci\u00f3n<\/td>\n<\/tr>\n<\/tbody>\n<\/table>\n<\/div>\n<\/div>\n","protected":false},"excerpt":{"rendered":"<p data-start=\"211\" data-end=\"597\">La <strong data-start=\"214\" data-end=\"243\">V550 Vault Equipment Case<\/strong> est\u00e1 dise\u00f1ada para resistir los entornos m\u00e1s duros. Con una construcci\u00f3n de pol\u00edmero de alto impacto, espuma protectora de 4 capas y cierres de seguridad, esta maleta garantiza una protecci\u00f3n premium para tu equipo en condiciones extremas. Perfecta para cazadores, tiradores y cualquier equipo que necesite una seguridad adicional durante el transporte.<\/p>\n","protected":false},"featured_media":639,"template":"","meta":{"site-sidebar-layout":"default","site-content-layout":"","ast-site-content-layout":"default","site-content-style":"default","site-sidebar-style":"default","ast-global-header-display":"","ast-banner-title-visibility":"","ast-main-header-display":"","ast-hfb-above-header-display":"","ast-hfb-below-header-display":"","ast-hfb-mobile-header-display":"","site-post-title":"","ast-breadcrumbs-content":"","ast-featured-img":"","footer-sml-layout":"","ast-disable-related-posts":"","theme-transparent-header-meta":"default","adv-header-id-meta":"","stick-header-meta":"","header-above-stick-meta":"","header-main-stick-meta":"","header-below-stick-meta":"","astra-migrate-meta-layouts":"set","ast-page-background-enabled":"default","ast-page-background-meta":{"desktop":{"background-color":"var(--ast-global-color-5)","background-image":"","background-repeat":"repeat","background-position":"center center","background-size":"auto","background-attachment":"scroll","background-type":"","background-media":"","overlay-type":"","overlay-color":"","overlay-opacity":"","overlay-gradient":""},"tablet":{"background-color":"","background-image":"","background-repeat":"repeat","background-position":"center center","background-size":"auto","background-attachment":"scroll","background-type":"","background-media":"","overlay-type":"","overlay-color":"","overlay-opacity":"","overlay-gradient":""},"mobile":{"background-color":"","background-image":"","background-repeat":"repeat","background-position":"center center","background-size":"auto","background-attachment":"scroll","background-type":"","background-media":"","overlay-type":"","overlay-color":"","overlay-opacity":"","overlay-gradient":""}},"ast-content-background-meta":{"desktop":{"background-color":"var(--ast-global-color-4)","background-image":"","background-repeat":"repeat","background-position":"center center","background-size":"auto","background-attachment":"scroll","background-type":"","background-media":"","overlay-type":"","overlay-color":"","overlay-opacity":"","overlay-gradient":""},"tablet":{"background-color":"var(--ast-global-color-4)","background-image":"","background-repeat":"repeat","background-position":"center center","background-size":"auto","background-attachment":"scroll","background-type":"","background-media":"","overlay-type":"","overlay-color":"","overlay-opacity":"","overlay-gradient":""},"mobile":{"background-color":"var(--ast-global-color-4)","background-image":"","background-repeat":"repeat","background-position":"center center","background-size":"auto","background-attachment":"scroll","background-type":"","background-media":"","overlay-type":"","overlay-color":"","overlay-opacity":"","overlay-gradient":""}}},"product_brand":[],"product_cat":[19,278],"product_tag":[270,271,262,269,267,225,260,212,268,223,220,266],"class_list":{"0":"post-616","1":"product","2":"type-product","3":"status-publish","4":"has-post-thumbnail","6":"product_cat-iluminacion-y-proteccion-de-equipos","7":"product_cat-maletas-proteccion","8":"product_tag-equipo-de-proteccion","9":"product_tag-maleta-con-cierres-de-seguridad","10":"product_tag-maleta-con-espuma-protectora","11":"product_tag-maleta-de-alto-impacto","12":"product_tag-maleta-de-equipo","13":"product_tag-maleta-de-seguridad","14":"product_tag-maleta-de-transporte","15":"product_tag-maleta-impermeable","16":"product_tag-maleta-para-armas","17":"product_tag-maleta-para-condiciones-extremas","18":"product_tag-maleta-resistente","19":"product_tag-v550-vault","20":"desktop-align-center","21":"tablet-align-left","22":"mobile-align-left","24":"first","25":"instock","26":"shipping-taxable","27":"product-type-simple"},"yoast_head":"<!-- This site is optimized with the Yoast SEO plugin v27.5 - https:\/\/yoast.com\/product\/yoast-seo-wordpress\/ -->\n<title>V550 Vault Equipment Case - Grupo Nasca<\/title>\n<meta name=\"description\" content=\"La V550 Vault Equipment Case ofrece protecci\u00f3n de alto impacto para tu equipo en condiciones extremas. Con 4 capas de espuma protectora\" \/>\n<meta name=\"robots\" content=\"index, follow, max-snippet:-1, max-image-preview:large, max-video-preview:-1\" \/>\n<link rel=\"canonical\" href=\"https:\/\/gruponasca.com.pe\/index.php\/producto\/v550-vault-equipment-case\/\" \/>\n<meta property=\"og:locale\" content=\"es_ES\" \/>\n<meta property=\"og:type\" content=\"article\" \/>\n<meta property=\"og:title\" content=\"V550 Vault Equipment Case - Grupo Nasca\" \/>\n<meta property=\"og:description\" content=\"La V550 Vault Equipment Case ofrece protecci\u00f3n de alto impacto para tu equipo en condiciones extremas. Con 4 capas de espuma protectora\" \/>\n<meta property=\"og:url\" content=\"https:\/\/gruponasca.com.pe\/index.php\/producto\/v550-vault-equipment-case\/\" \/>\n<meta property=\"og:site_name\" content=\"Grupo Nasca\" \/>\n<meta property=\"article:modified_time\" content=\"2025-09-24T06:48:01+00:00\" \/>\n<meta property=\"og:image\" content=\"https:\/\/gruponasca.com.pe\/wp-content\/uploads\/2025\/09\/V550.jpg\" \/>\n\t<meta property=\"og:image:width\" content=\"500\" \/>\n\t<meta property=\"og:image:height\" content=\"500\" \/>\n\t<meta property=\"og:image:type\" content=\"image\/jpeg\" \/>\n<meta name=\"twitter:card\" content=\"summary_large_image\" \/>\n<meta name=\"twitter:label1\" content=\"Tiempo de lectura\" \/>\n\t<meta name=\"twitter:data1\" content=\"2 minutos\" \/>\n<script type=\"application\/ld+json\" class=\"yoast-schema-graph\">{\"@context\":\"https:\\\/\\\/schema.org\",\"@graph\":[{\"@type\":\"WebPage\",\"@id\":\"https:\\\/\\\/gruponasca.com.pe\\\/index.php\\\/producto\\\/v550-vault-equipment-case\\\/\",\"url\":\"https:\\\/\\\/gruponasca.com.pe\\\/index.php\\\/producto\\\/v550-vault-equipment-case\\\/\",\"name\":\"V550 Vault Equipment Case - Grupo Nasca\",\"isPartOf\":{\"@id\":\"https:\\\/\\\/gruponasca.com.pe\\\/#website\"},\"primaryImageOfPage\":{\"@id\":\"https:\\\/\\\/gruponasca.com.pe\\\/index.php\\\/producto\\\/v550-vault-equipment-case\\\/#primaryimage\"},\"image\":{\"@id\":\"https:\\\/\\\/gruponasca.com.pe\\\/index.php\\\/producto\\\/v550-vault-equipment-case\\\/#primaryimage\"},\"thumbnailUrl\":\"https:\\\/\\\/gruponasca.com.pe\\\/wp-content\\\/uploads\\\/2025\\\/09\\\/V550.jpg\",\"datePublished\":\"2025-09-24T05:13:27+00:00\",\"dateModified\":\"2025-09-24T06:48:01+00:00\",\"description\":\"La V550 Vault Equipment Case ofrece protecci\u00f3n de alto impacto para tu equipo en condiciones extremas. Con 4 capas de espuma protectora\",\"breadcrumb\":{\"@id\":\"https:\\\/\\\/gruponasca.com.pe\\\/index.php\\\/producto\\\/v550-vault-equipment-case\\\/#breadcrumb\"},\"inLanguage\":\"es\",\"potentialAction\":[{\"@type\":\"ReadAction\",\"target\":[\"https:\\\/\\\/gruponasca.com.pe\\\/index.php\\\/producto\\\/v550-vault-equipment-case\\\/\"]}]},{\"@type\":\"ImageObject\",\"inLanguage\":\"es\",\"@id\":\"https:\\\/\\\/gruponasca.com.pe\\\/index.php\\\/producto\\\/v550-vault-equipment-case\\\/#primaryimage\",\"url\":\"https:\\\/\\\/gruponasca.com.pe\\\/wp-content\\\/uploads\\\/2025\\\/09\\\/V550.jpg\",\"contentUrl\":\"https:\\\/\\\/gruponasca.com.pe\\\/wp-content\\\/uploads\\\/2025\\\/09\\\/V550.jpg\",\"width\":500,\"height\":500},{\"@type\":\"BreadcrumbList\",\"@id\":\"https:\\\/\\\/gruponasca.com.pe\\\/index.php\\\/producto\\\/v550-vault-equipment-case\\\/#breadcrumb\",\"itemListElement\":[{\"@type\":\"ListItem\",\"position\":1,\"name\":\"Portada\",\"item\":\"https:\\\/\\\/gruponasca.com.pe\\\/\"},{\"@type\":\"ListItem\",\"position\":2,\"name\":\"Productos\",\"item\":\"https:\\\/\\\/gruponasca.com.pe\\\/index.php\\\/productos\\\/\"},{\"@type\":\"ListItem\",\"position\":3,\"name\":\"V550 Vault Equipment Case\"}]},{\"@type\":\"WebSite\",\"@id\":\"https:\\\/\\\/gruponasca.com.pe\\\/#website\",\"url\":\"https:\\\/\\\/gruponasca.com.pe\\\/\",\"name\":\"Grupo Nasca SAC\",\"description\":\"Seguridad Industrial y Herramientas de Calidad\",\"publisher\":{\"@id\":\"https:\\\/\\\/gruponasca.com.pe\\\/#organization\"},\"potentialAction\":[{\"@type\":\"SearchAction\",\"target\":{\"@type\":\"EntryPoint\",\"urlTemplate\":\"https:\\\/\\\/gruponasca.com.pe\\\/?s={search_term_string}\"},\"query-input\":{\"@type\":\"PropertyValueSpecification\",\"valueRequired\":true,\"valueName\":\"search_term_string\"}}],\"inLanguage\":\"es\"},{\"@type\":\"Organization\",\"@id\":\"https:\\\/\\\/gruponasca.com.pe\\\/#organization\",\"name\":\"Grupo Nasca SAC\",\"url\":\"https:\\\/\\\/gruponasca.com.pe\\\/\",\"logo\":{\"@type\":\"ImageObject\",\"inLanguage\":\"es\",\"@id\":\"https:\\\/\\\/gruponasca.com.pe\\\/#\\\/schema\\\/logo\\\/image\\\/\",\"url\":\"https:\\\/\\\/gruponasca.com.pe\\\/wp-content\\\/uploads\\\/2025\\\/09\\\/cropped-icono_conasac-scaled-1.jpg\",\"contentUrl\":\"https:\\\/\\\/gruponasca.com.pe\\\/wp-content\\\/uploads\\\/2025\\\/09\\\/cropped-icono_conasac-scaled-1.jpg\",\"width\":512,\"height\":512,\"caption\":\"Grupo Nasca SAC\"},\"image\":{\"@id\":\"https:\\\/\\\/gruponasca.com.pe\\\/#\\\/schema\\\/logo\\\/image\\\/\"}}]}<\/script>\n<!-- \/ Yoast SEO plugin. -->","yoast_head_json":{"title":"V550 Vault Equipment Case - Grupo Nasca","description":"La V550 Vault Equipment Case ofrece protecci\u00f3n de alto impacto para tu equipo en condiciones extremas. Con 4 capas de espuma protectora","robots":{"index":"index","follow":"follow","max-snippet":"max-snippet:-1","max-image-preview":"max-image-preview:large","max-video-preview":"max-video-preview:-1"},"canonical":"https:\/\/gruponasca.com.pe\/index.php\/producto\/v550-vault-equipment-case\/","og_locale":"es_ES","og_type":"article","og_title":"V550 Vault Equipment Case - Grupo Nasca","og_description":"La V550 Vault Equipment Case ofrece protecci\u00f3n de alto impacto para tu equipo en condiciones extremas. Con 4 capas de espuma protectora","og_url":"https:\/\/gruponasca.com.pe\/index.php\/producto\/v550-vault-equipment-case\/","og_site_name":"Grupo Nasca","article_modified_time":"2025-09-24T06:48:01+00:00","og_image":[{"width":500,"height":500,"url":"https:\/\/gruponasca.com.pe\/wp-content\/uploads\/2025\/09\/V550.jpg","type":"image\/jpeg"}],"twitter_card":"summary_large_image","twitter_misc":{"Tiempo de lectura":"2 minutos"},"schema":{"@context":"https:\/\/schema.org","@graph":[{"@type":"WebPage","@id":"https:\/\/gruponasca.com.pe\/index.php\/producto\/v550-vault-equipment-case\/","url":"https:\/\/gruponasca.com.pe\/index.php\/producto\/v550-vault-equipment-case\/","name":"V550 Vault Equipment Case - Grupo Nasca","isPartOf":{"@id":"https:\/\/gruponasca.com.pe\/#website"},"primaryImageOfPage":{"@id":"https:\/\/gruponasca.com.pe\/index.php\/producto\/v550-vault-equipment-case\/#primaryimage"},"image":{"@id":"https:\/\/gruponasca.com.pe\/index.php\/producto\/v550-vault-equipment-case\/#primaryimage"},"thumbnailUrl":"https:\/\/gruponasca.com.pe\/wp-content\/uploads\/2025\/09\/V550.jpg","datePublished":"2025-09-24T05:13:27+00:00","dateModified":"2025-09-24T06:48:01+00:00","description":"La V550 Vault Equipment Case ofrece protecci\u00f3n de alto impacto para tu equipo en condiciones extremas. Con 4 capas de espuma protectora","breadcrumb":{"@id":"https:\/\/gruponasca.com.pe\/index.php\/producto\/v550-vault-equipment-case\/#breadcrumb"},"inLanguage":"es","potentialAction":[{"@type":"ReadAction","target":["https:\/\/gruponasca.com.pe\/index.php\/producto\/v550-vault-equipment-case\/"]}]},{"@type":"ImageObject","inLanguage":"es","@id":"https:\/\/gruponasca.com.pe\/index.php\/producto\/v550-vault-equipment-case\/#primaryimage","url":"https:\/\/gruponasca.com.pe\/wp-content\/uploads\/2025\/09\/V550.jpg","contentUrl":"https:\/\/gruponasca.com.pe\/wp-content\/uploads\/2025\/09\/V550.jpg","width":500,"height":500},{"@type":"BreadcrumbList","@id":"https:\/\/gruponasca.com.pe\/index.php\/producto\/v550-vault-equipment-case\/#breadcrumb","itemListElement":[{"@type":"ListItem","position":1,"name":"Portada","item":"https:\/\/gruponasca.com.pe\/"},{"@type":"ListItem","position":2,"name":"Productos","item":"https:\/\/gruponasca.com.pe\/index.php\/productos\/"},{"@type":"ListItem","position":3,"name":"V550 Vault Equipment Case"}]},{"@type":"WebSite","@id":"https:\/\/gruponasca.com.pe\/#website","url":"https:\/\/gruponasca.com.pe\/","name":"Grupo Nasca SAC","description":"Seguridad Industrial y Herramientas de Calidad","publisher":{"@id":"https:\/\/gruponasca.com.pe\/#organization"},"potentialAction":[{"@type":"SearchAction","target":{"@type":"EntryPoint","urlTemplate":"https:\/\/gruponasca.com.pe\/?s={search_term_string}"},"query-input":{"@type":"PropertyValueSpecification","valueRequired":true,"valueName":"search_term_string"}}],"inLanguage":"es"},{"@type":"Organization","@id":"https:\/\/gruponasca.com.pe\/#organization","name":"Grupo Nasca SAC","url":"https:\/\/gruponasca.com.pe\/","logo":{"@type":"ImageObject","inLanguage":"es","@id":"https:\/\/gruponasca.com.pe\/#\/schema\/logo\/image\/","url":"https:\/\/gruponasca.com.pe\/wp-content\/uploads\/2025\/09\/cropped-icono_conasac-scaled-1.jpg","contentUrl":"https:\/\/gruponasca.com.pe\/wp-content\/uploads\/2025\/09\/cropped-icono_conasac-scaled-1.jpg","width":512,"height":512,"caption":"Grupo Nasca SAC"},"image":{"@id":"https:\/\/gruponasca.com.pe\/#\/schema\/logo\/image\/"}}]}},"_links":{"self":[{"href":"https:\/\/gruponasca.com.pe\/index.php\/wp-json\/wp\/v2\/product\/616","targetHints":{"allow":["GET"]}}],"collection":[{"href":"https:\/\/gruponasca.com.pe\/index.php\/wp-json\/wp\/v2\/product"}],"about":[{"href":"https:\/\/gruponasca.com.pe\/index.php\/wp-json\/wp\/v2\/types\/product"}],"wp:featuredmedia":[{"embeddable":true,"href":"https:\/\/gruponasca.com.pe\/index.php\/wp-json\/wp\/v2\/media\/639"}],"wp:attachment":[{"href":"https:\/\/gruponasca.com.pe\/index.php\/wp-json\/wp\/v2\/media?parent=616"}],"wp:term":[{"taxonomy":"product_brand","embeddable":true,"href":"https:\/\/gruponasca.com.pe\/index.php\/wp-json\/wp\/v2\/product_brand?post=616"},{"taxonomy":"product_cat","embeddable":true,"href":"https:\/\/gruponasca.com.pe\/index.php\/wp-json\/wp\/v2\/product_cat?post=616"},{"taxonomy":"product_tag","embeddable":true,"href":"https:\/\/gruponasca.com.pe\/index.php\/wp-json\/wp\/v2\/product_tag?post=616"}],"curies":[{"name":"wp","href":"https:\/\/api.w.org\/{rel}","templated":true}]}}