{"id":614,"date":"2025-09-24T04:59:51","date_gmt":"2025-09-24T04:59:51","guid":{"rendered":"https:\/\/dots-interactive.com\/desarrollo\/nasca\/?post_type=product&#038;p=614"},"modified":"2025-09-24T06:49:41","modified_gmt":"2025-09-24T06:49:41","slug":"1650-protector-maleta","status":"publish","type":"product","link":"https:\/\/gruponasca.com.pe\/index.php\/producto\/1650-protector-maleta\/","title":{"rendered":"1650 Protector Maleta"},"content":{"rendered":"<div class=\"col-lg-4 col-md-10 col-lg-offset-0\">\n<p><strong>Pelican\u2122 Protector Case\u2122<\/strong><\/p>\n<p>The original case introduced over 45 years ago has since evolved into the global standard for equipment protection. The Protector Case series is designed to survive and trusted to travel to the harshest environments on earth.<\/p>\n<p>The Pelican 1650 Protector Case provides military-grade protection for a wide variety of gear, from camera equipment to camping kits. It is available with foam, without foam, padded dividers, or TrekPak dividers.<\/p>\n<\/div>\n<div class=\"col-lg-8 col-xs-12\">\n<ul id=\"pdp-bullets\" class=\"pl-20\">\n<li>4 ruedas de poliuretano de gran resistencia con rodamientos de acero inoxidable<\/li>\n<li>Indestructible, estanca al agua y al polvo<\/li>\n<li>Espuma protectora precortada de 2 niveles con espuma de tapa corrugada<\/li>\n<li>N\u00facleo interior de c\u00e9lula abierta y paneles exteriores r\u00edgidos: resistente y ligera<\/li>\n<li>Asa extra\u00edble retr\u00e1ctil<\/li>\n<li>Asas abatibles<\/li>\n<li>Cierres de doble recorrido f\u00e1ciles de abrir<\/li>\n<li>Pernos y candados con refuerzos de acero inoxidable<\/li>\n<li>V\u00e1lvula autom\u00e1tica de compensaci\u00f3n de la presi\u00f3n (mantiene el interior a salvo del agua y equilibra la presi\u00f3n del aire)<\/li>\n<li>Anillo de sellado<\/li>\n<li>Servicio opcional de placa personalizada con tu nombre<\/li>\n<\/ul>\n<div class=\"product-specs\">\n<h2 style=\"font-size: 18px;\">Especificaciones<\/h2>\n<ul>\n<li><strong>Dimensiones (Interior):<\/strong> 72.6 x 44.5 x 27.1 cm<\/li>\n<li><strong>Dimensiones (Exterior):<\/strong> 80.2 x 52 x 31.6 cm<\/li>\n<li><strong>Profundidad de Tapa:<\/strong> 4.6 cm<\/li>\n<li><strong>Profundidad de Base:<\/strong> 22.5 cm<\/li>\n<li><strong>Profundidad Total:<\/strong> 27.1 cm<\/li>\n<li><strong>Volumen Interior:<\/strong> 0.087 m\u00b3<\/li>\n<li><strong>Di\u00e1metro de Agujeros para Candado:<\/strong> 0.8 cm<\/li>\n<li><strong>Peso con Espuma:<\/strong> 12.7 kg<\/li>\n<li><strong>Peso sin Espuma:<\/strong> 10.9 kg<\/li>\n<li><strong>Flotabilidad:<\/strong> 82.1 kg<\/li>\n<li><strong>Material Cuerpo:<\/strong> Polypropylene<\/li>\n<li><strong>Material Cierre:<\/strong> ABS<\/li>\n<li><strong>Material Anillo de Sellado:<\/strong> Polymer<\/li>\n<li><strong>Material Pasadores:<\/strong> Stainless Steel<\/li>\n<li><strong>Material Espuma:<\/strong> 1.3 lb Polyurethane<\/li>\n<li><strong>Material Cuerpo de Compensaci\u00f3n:<\/strong> ABS<\/li>\n<li><strong>Material Respiradero de Compensaci\u00f3n:<\/strong> 3 Micron Hydrophobic Non-Woven<\/li>\n<li><strong>Temperatura M\u00ednima:<\/strong> -40\u00b0 F (-40\u00b0 C)<\/li>\n<li><strong>Temperatura M\u00e1xima:<\/strong> 190\u00b0 F (88\u00b0 C)<\/li>\n<li><strong>Certificaciones:<\/strong> IP67, MIL C-4150J, Def Stan 81-41, ATA 300<\/li>\n<\/ul>\n<h3 style=\"font-size: 16px;\">Especificaciones de Movilidad<\/h3>\n<table>\n<tbody>\n<tr>\n<th>Ruedas<\/th>\n<td>4 Ruedas de Poliuretano con rodamientos de acero inoxidable<\/td>\n<\/tr>\n<tr>\n<th>Asa Extensible<\/th>\n<td>S\u00ed<\/td>\n<\/tr>\n<tr>\n<th>Asas Abatibles<\/th>\n<td>S\u00ed<\/td>\n<\/tr>\n<\/tbody>\n<\/table>\n<\/div>\n<\/div>\n","protected":false},"excerpt":{"rendered":"<p data-start=\"189\" data-end=\"610\">La <strong data-start=\"192\" data-end=\"225\">Pelican\u2122 1650 Protector Case\u2122<\/strong> es una maleta indestructible dise\u00f1ada para proteger equipos en las condiciones m\u00e1s extremas. Con 4 ruedas de alta resistencia, un dise\u00f1o estanco al agua y al polvo, y espuma precortada de 2 niveles, es ideal para transportar desde equipos fotogr\u00e1ficos hasta kits de camping. Su v\u00e1lvula de purga autom\u00e1tica y su dise\u00f1o ergon\u00f3mico aseguran una protecci\u00f3n confiable en cualquier entorno.<\/p>\n","protected":false},"featured_media":635,"template":"","meta":{"site-sidebar-layout":"default","site-content-layout":"","ast-site-content-layout":"default","site-content-style":"default","site-sidebar-style":"default","ast-global-header-display":"","ast-banner-title-visibility":"","ast-main-header-display":"","ast-hfb-above-header-display":"","ast-hfb-below-header-display":"","ast-hfb-mobile-header-display":"","site-post-title":"","ast-breadcrumbs-content":"","ast-featured-img":"","footer-sml-layout":"","ast-disable-related-posts":"","theme-transparent-header-meta":"default","adv-header-id-meta":"","stick-header-meta":"","header-above-stick-meta":"","header-main-stick-meta":"","header-below-stick-meta":"","astra-migrate-meta-layouts":"set","ast-page-background-enabled":"default","ast-page-background-meta":{"desktop":{"background-color":"var(--ast-global-color-5)","background-image":"","background-repeat":"repeat","background-position":"center center","background-size":"auto","background-attachment":"scroll","background-type":"","background-media":"","overlay-type":"","overlay-color":"","overlay-opacity":"","overlay-gradient":""},"tablet":{"background-color":"","background-image":"","background-repeat":"repeat","background-position":"center center","background-size":"auto","background-attachment":"scroll","background-type":"","background-media":"","overlay-type":"","overlay-color":"","overlay-opacity":"","overlay-gradient":""},"mobile":{"background-color":"","background-image":"","background-repeat":"repeat","background-position":"center center","background-size":"auto","background-attachment":"scroll","background-type":"","background-media":"","overlay-type":"","overlay-color":"","overlay-opacity":"","overlay-gradient":""}},"ast-content-background-meta":{"desktop":{"background-color":"var(--ast-global-color-4)","background-image":"","background-repeat":"repeat","background-position":"center center","background-size":"auto","background-attachment":"scroll","background-type":"","background-media":"","overlay-type":"","overlay-color":"","overlay-opacity":"","overlay-gradient":""},"tablet":{"background-color":"var(--ast-global-color-4)","background-image":"","background-repeat":"repeat","background-position":"center center","background-size":"auto","background-attachment":"scroll","background-type":"","background-media":"","overlay-type":"","overlay-color":"","overlay-opacity":"","overlay-gradient":""},"mobile":{"background-color":"var(--ast-global-color-4)","background-image":"","background-repeat":"repeat","background-position":"center center","background-size":"auto","background-attachment":"scroll","background-type":"","background-media":"","overlay-type":"","overlay-color":"","overlay-opacity":"","overlay-gradient":""}}},"product_brand":[],"product_cat":[19,278],"product_tag":[221,238,240,216,212,217,254,257,255,256,214,222,251,253,218],"class_list":{"0":"post-614","1":"product","2":"type-product","3":"status-publish","4":"has-post-thumbnail","6":"product_cat-iluminacion-y-proteccion-de-equipos","7":"product_cat-maletas-proteccion","8":"product_tag-maleta-con-espuma-precortada","9":"product_tag-maleta-con-ruedas","10":"product_tag-maleta-con-valvula-de-purga","11":"product_tag-maleta-de-proteccion","12":"product_tag-maleta-impermeable","13":"product_tag-maleta-para-equipos","14":"product_tag-maleta-resistente-al-polvo","15":"product_tag-maleta-retractil","16":"product_tag-maletas-con-asas-abatibles","17":"product_tag-maletas-con-divisores","18":"product_tag-maletas-industriales","19":"product_tag-maletas-militares","20":"product_tag-maletas-para-condiciones-extremas","21":"product_tag-pelican-1650","22":"product_tag-protector-para-equipos","23":"desktop-align-center","24":"tablet-align-left","25":"mobile-align-left","27":"first","28":"instock","29":"shipping-taxable","30":"product-type-simple"},"yoast_head":"<!-- This site is optimized with the Yoast SEO plugin v27.5 - https:\/\/yoast.com\/product\/yoast-seo-wordpress\/ -->\n<title>1650 Protector Maleta - Grupo Nasca<\/title>\n<meta name=\"description\" content=\"La Pelican\u2122 1650 Protector Case\u2122 es una maleta robusta, impermeable y resistente al polvo, dise\u00f1ada para ofrecer protecci\u00f3n de nivel militar a tus equipos\" \/>\n<meta name=\"robots\" content=\"index, follow, max-snippet:-1, max-image-preview:large, max-video-preview:-1\" \/>\n<link rel=\"canonical\" href=\"https:\/\/gruponasca.com.pe\/index.php\/producto\/1650-protector-maleta\/\" \/>\n<meta property=\"og:locale\" content=\"es_ES\" \/>\n<meta property=\"og:type\" content=\"article\" \/>\n<meta property=\"og:title\" content=\"1650 Protector Maleta - Grupo Nasca\" \/>\n<meta property=\"og:description\" content=\"La Pelican\u2122 1650 Protector Case\u2122 es una maleta robusta, impermeable y resistente al polvo, dise\u00f1ada para ofrecer protecci\u00f3n de nivel militar a tus equipos\" \/>\n<meta property=\"og:url\" content=\"https:\/\/gruponasca.com.pe\/index.php\/producto\/1650-protector-maleta\/\" \/>\n<meta property=\"og:site_name\" content=\"Grupo Nasca\" \/>\n<meta property=\"article:modified_time\" content=\"2025-09-24T06:49:41+00:00\" \/>\n<meta property=\"og:image\" content=\"https:\/\/gruponasca.com.pe\/wp-content\/uploads\/2025\/09\/1650-.jpg\" \/>\n\t<meta property=\"og:image:width\" content=\"500\" \/>\n\t<meta property=\"og:image:height\" content=\"500\" \/>\n\t<meta property=\"og:image:type\" content=\"image\/jpeg\" \/>\n<meta name=\"twitter:card\" content=\"summary_large_image\" \/>\n<meta name=\"twitter:label1\" content=\"Tiempo de lectura\" \/>\n\t<meta name=\"twitter:data1\" content=\"2 minutos\" \/>\n<script type=\"application\/ld+json\" class=\"yoast-schema-graph\">{\"@context\":\"https:\\\/\\\/schema.org\",\"@graph\":[{\"@type\":\"WebPage\",\"@id\":\"https:\\\/\\\/gruponasca.com.pe\\\/index.php\\\/producto\\\/1650-protector-maleta\\\/\",\"url\":\"https:\\\/\\\/gruponasca.com.pe\\\/index.php\\\/producto\\\/1650-protector-maleta\\\/\",\"name\":\"1650 Protector Maleta - Grupo Nasca\",\"isPartOf\":{\"@id\":\"https:\\\/\\\/gruponasca.com.pe\\\/#website\"},\"primaryImageOfPage\":{\"@id\":\"https:\\\/\\\/gruponasca.com.pe\\\/index.php\\\/producto\\\/1650-protector-maleta\\\/#primaryimage\"},\"image\":{\"@id\":\"https:\\\/\\\/gruponasca.com.pe\\\/index.php\\\/producto\\\/1650-protector-maleta\\\/#primaryimage\"},\"thumbnailUrl\":\"https:\\\/\\\/gruponasca.com.pe\\\/wp-content\\\/uploads\\\/2025\\\/09\\\/1650-.jpg\",\"datePublished\":\"2025-09-24T04:59:51+00:00\",\"dateModified\":\"2025-09-24T06:49:41+00:00\",\"description\":\"La Pelican\u2122 1650 Protector Case\u2122 es una maleta robusta, impermeable y resistente al polvo, dise\u00f1ada para ofrecer protecci\u00f3n de nivel militar a tus equipos\",\"breadcrumb\":{\"@id\":\"https:\\\/\\\/gruponasca.com.pe\\\/index.php\\\/producto\\\/1650-protector-maleta\\\/#breadcrumb\"},\"inLanguage\":\"es\",\"potentialAction\":[{\"@type\":\"ReadAction\",\"target\":[\"https:\\\/\\\/gruponasca.com.pe\\\/index.php\\\/producto\\\/1650-protector-maleta\\\/\"]}]},{\"@type\":\"ImageObject\",\"inLanguage\":\"es\",\"@id\":\"https:\\\/\\\/gruponasca.com.pe\\\/index.php\\\/producto\\\/1650-protector-maleta\\\/#primaryimage\",\"url\":\"https:\\\/\\\/gruponasca.com.pe\\\/wp-content\\\/uploads\\\/2025\\\/09\\\/1650-.jpg\",\"contentUrl\":\"https:\\\/\\\/gruponasca.com.pe\\\/wp-content\\\/uploads\\\/2025\\\/09\\\/1650-.jpg\",\"width\":500,\"height\":500},{\"@type\":\"BreadcrumbList\",\"@id\":\"https:\\\/\\\/gruponasca.com.pe\\\/index.php\\\/producto\\\/1650-protector-maleta\\\/#breadcrumb\",\"itemListElement\":[{\"@type\":\"ListItem\",\"position\":1,\"name\":\"Portada\",\"item\":\"https:\\\/\\\/gruponasca.com.pe\\\/\"},{\"@type\":\"ListItem\",\"position\":2,\"name\":\"Productos\",\"item\":\"https:\\\/\\\/gruponasca.com.pe\\\/index.php\\\/productos\\\/\"},{\"@type\":\"ListItem\",\"position\":3,\"name\":\"1650 Protector Maleta\"}]},{\"@type\":\"WebSite\",\"@id\":\"https:\\\/\\\/gruponasca.com.pe\\\/#website\",\"url\":\"https:\\\/\\\/gruponasca.com.pe\\\/\",\"name\":\"Grupo Nasca SAC\",\"description\":\"Seguridad Industrial y Herramientas de Calidad\",\"publisher\":{\"@id\":\"https:\\\/\\\/gruponasca.com.pe\\\/#organization\"},\"potentialAction\":[{\"@type\":\"SearchAction\",\"target\":{\"@type\":\"EntryPoint\",\"urlTemplate\":\"https:\\\/\\\/gruponasca.com.pe\\\/?s={search_term_string}\"},\"query-input\":{\"@type\":\"PropertyValueSpecification\",\"valueRequired\":true,\"valueName\":\"search_term_string\"}}],\"inLanguage\":\"es\"},{\"@type\":\"Organization\",\"@id\":\"https:\\\/\\\/gruponasca.com.pe\\\/#organization\",\"name\":\"Grupo Nasca SAC\",\"url\":\"https:\\\/\\\/gruponasca.com.pe\\\/\",\"logo\":{\"@type\":\"ImageObject\",\"inLanguage\":\"es\",\"@id\":\"https:\\\/\\\/gruponasca.com.pe\\\/#\\\/schema\\\/logo\\\/image\\\/\",\"url\":\"https:\\\/\\\/gruponasca.com.pe\\\/wp-content\\\/uploads\\\/2025\\\/09\\\/cropped-icono_conasac-scaled-1.jpg\",\"contentUrl\":\"https:\\\/\\\/gruponasca.com.pe\\\/wp-content\\\/uploads\\\/2025\\\/09\\\/cropped-icono_conasac-scaled-1.jpg\",\"width\":512,\"height\":512,\"caption\":\"Grupo Nasca SAC\"},\"image\":{\"@id\":\"https:\\\/\\\/gruponasca.com.pe\\\/#\\\/schema\\\/logo\\\/image\\\/\"}}]}<\/script>\n<!-- \/ Yoast SEO plugin. -->","yoast_head_json":{"title":"1650 Protector Maleta - Grupo Nasca","description":"La Pelican\u2122 1650 Protector Case\u2122 es una maleta robusta, impermeable y resistente al polvo, dise\u00f1ada para ofrecer protecci\u00f3n de nivel militar a tus equipos","robots":{"index":"index","follow":"follow","max-snippet":"max-snippet:-1","max-image-preview":"max-image-preview:large","max-video-preview":"max-video-preview:-1"},"canonical":"https:\/\/gruponasca.com.pe\/index.php\/producto\/1650-protector-maleta\/","og_locale":"es_ES","og_type":"article","og_title":"1650 Protector Maleta - Grupo Nasca","og_description":"La Pelican\u2122 1650 Protector Case\u2122 es una maleta robusta, impermeable y resistente al polvo, dise\u00f1ada para ofrecer protecci\u00f3n de nivel militar a tus equipos","og_url":"https:\/\/gruponasca.com.pe\/index.php\/producto\/1650-protector-maleta\/","og_site_name":"Grupo Nasca","article_modified_time":"2025-09-24T06:49:41+00:00","og_image":[{"width":500,"height":500,"url":"https:\/\/gruponasca.com.pe\/wp-content\/uploads\/2025\/09\/1650-.jpg","type":"image\/jpeg"}],"twitter_card":"summary_large_image","twitter_misc":{"Tiempo de lectura":"2 minutos"},"schema":{"@context":"https:\/\/schema.org","@graph":[{"@type":"WebPage","@id":"https:\/\/gruponasca.com.pe\/index.php\/producto\/1650-protector-maleta\/","url":"https:\/\/gruponasca.com.pe\/index.php\/producto\/1650-protector-maleta\/","name":"1650 Protector Maleta - Grupo Nasca","isPartOf":{"@id":"https:\/\/gruponasca.com.pe\/#website"},"primaryImageOfPage":{"@id":"https:\/\/gruponasca.com.pe\/index.php\/producto\/1650-protector-maleta\/#primaryimage"},"image":{"@id":"https:\/\/gruponasca.com.pe\/index.php\/producto\/1650-protector-maleta\/#primaryimage"},"thumbnailUrl":"https:\/\/gruponasca.com.pe\/wp-content\/uploads\/2025\/09\/1650-.jpg","datePublished":"2025-09-24T04:59:51+00:00","dateModified":"2025-09-24T06:49:41+00:00","description":"La Pelican\u2122 1650 Protector Case\u2122 es una maleta robusta, impermeable y resistente al polvo, dise\u00f1ada para ofrecer protecci\u00f3n de nivel militar a tus equipos","breadcrumb":{"@id":"https:\/\/gruponasca.com.pe\/index.php\/producto\/1650-protector-maleta\/#breadcrumb"},"inLanguage":"es","potentialAction":[{"@type":"ReadAction","target":["https:\/\/gruponasca.com.pe\/index.php\/producto\/1650-protector-maleta\/"]}]},{"@type":"ImageObject","inLanguage":"es","@id":"https:\/\/gruponasca.com.pe\/index.php\/producto\/1650-protector-maleta\/#primaryimage","url":"https:\/\/gruponasca.com.pe\/wp-content\/uploads\/2025\/09\/1650-.jpg","contentUrl":"https:\/\/gruponasca.com.pe\/wp-content\/uploads\/2025\/09\/1650-.jpg","width":500,"height":500},{"@type":"BreadcrumbList","@id":"https:\/\/gruponasca.com.pe\/index.php\/producto\/1650-protector-maleta\/#breadcrumb","itemListElement":[{"@type":"ListItem","position":1,"name":"Portada","item":"https:\/\/gruponasca.com.pe\/"},{"@type":"ListItem","position":2,"name":"Productos","item":"https:\/\/gruponasca.com.pe\/index.php\/productos\/"},{"@type":"ListItem","position":3,"name":"1650 Protector Maleta"}]},{"@type":"WebSite","@id":"https:\/\/gruponasca.com.pe\/#website","url":"https:\/\/gruponasca.com.pe\/","name":"Grupo Nasca SAC","description":"Seguridad Industrial y Herramientas de Calidad","publisher":{"@id":"https:\/\/gruponasca.com.pe\/#organization"},"potentialAction":[{"@type":"SearchAction","target":{"@type":"EntryPoint","urlTemplate":"https:\/\/gruponasca.com.pe\/?s={search_term_string}"},"query-input":{"@type":"PropertyValueSpecification","valueRequired":true,"valueName":"search_term_string"}}],"inLanguage":"es"},{"@type":"Organization","@id":"https:\/\/gruponasca.com.pe\/#organization","name":"Grupo Nasca SAC","url":"https:\/\/gruponasca.com.pe\/","logo":{"@type":"ImageObject","inLanguage":"es","@id":"https:\/\/gruponasca.com.pe\/#\/schema\/logo\/image\/","url":"https:\/\/gruponasca.com.pe\/wp-content\/uploads\/2025\/09\/cropped-icono_conasac-scaled-1.jpg","contentUrl":"https:\/\/gruponasca.com.pe\/wp-content\/uploads\/2025\/09\/cropped-icono_conasac-scaled-1.jpg","width":512,"height":512,"caption":"Grupo Nasca SAC"},"image":{"@id":"https:\/\/gruponasca.com.pe\/#\/schema\/logo\/image\/"}}]}},"_links":{"self":[{"href":"https:\/\/gruponasca.com.pe\/index.php\/wp-json\/wp\/v2\/product\/614","targetHints":{"allow":["GET"]}}],"collection":[{"href":"https:\/\/gruponasca.com.pe\/index.php\/wp-json\/wp\/v2\/product"}],"about":[{"href":"https:\/\/gruponasca.com.pe\/index.php\/wp-json\/wp\/v2\/types\/product"}],"wp:featuredmedia":[{"embeddable":true,"href":"https:\/\/gruponasca.com.pe\/index.php\/wp-json\/wp\/v2\/media\/635"}],"wp:attachment":[{"href":"https:\/\/gruponasca.com.pe\/index.php\/wp-json\/wp\/v2\/media?parent=614"}],"wp:term":[{"taxonomy":"product_brand","embeddable":true,"href":"https:\/\/gruponasca.com.pe\/index.php\/wp-json\/wp\/v2\/product_brand?post=614"},{"taxonomy":"product_cat","embeddable":true,"href":"https:\/\/gruponasca.com.pe\/index.php\/wp-json\/wp\/v2\/product_cat?post=614"},{"taxonomy":"product_tag","embeddable":true,"href":"https:\/\/gruponasca.com.pe\/index.php\/wp-json\/wp\/v2\/product_tag?post=614"}],"curies":[{"name":"wp","href":"https:\/\/api.w.org\/{rel}","templated":true}]}}