{"id":613,"date":"2025-09-24T04:52:41","date_gmt":"2025-09-24T04:52:41","guid":{"rendered":"https:\/\/dots-interactive.com\/desarrollo\/nasca\/?post_type=product&#038;p=613"},"modified":"2025-09-24T06:42:26","modified_gmt":"2025-09-24T06:42:26","slug":"1610m-protector-movilidad","status":"publish","type":"product","link":"https:\/\/gruponasca.com.pe\/index.php\/producto\/1610m-protector-movilidad\/","title":{"rendered":"1610M Protector Movilidad"},"content":{"rendered":"<div class=\"col-lg-4 col-md-10 col-lg-offset-0\">\n<p><strong>Pelican\u2122 Protector Case\u2122 Movilidad<\/strong><\/p>\n<p>Desde 1976, las maletas Peli\u00ae Protector son la respuesta a las necesidades de protecci\u00f3n de los equipos m\u00e1s delicados. Estas maletas cuentan con un dise\u00f1o resistente y se pueden utilizar en los entornos m\u00e1s adversos del planeta. Las maletas Peli siempre sobreviven, tanto en el fr\u00edo extremo del \u00c1rtico como en el fragor de cualquier conflicto b\u00e9lico.<\/p>\n<p>Estas resistentes maletas fabricadas en EE. UU. est\u00e1n dise\u00f1adas con una v\u00e1lvula de purga autom\u00e1tica que iguala la presi\u00f3n del aire, una tapa con anillo de sellado estanco de silicona, asas de goma ergon\u00f3micas y componentes met\u00e1licos de acero inoxidable.<\/p>\n<\/div>\n<div class=\"col-lg-8 col-xs-12\">\n<ul id=\"pdp-bullets\" class=\"pl-20\">\n<li>Ruedas de poliuretano de alta resistencia de 10,2\u00a0cm de di\u00e1metro x 3,8\u00a0cm de ancho con rodamientos de acero inoxidable<\/li>\n<li>Indestructible, resistente al agua y al polvo<\/li>\n<li>N\u00facleo interior de c\u00e9lula abierta y paneles exteriores r\u00edgidos: resistente y ligera<\/li>\n<li>Asa extra\u00edble retr\u00e1ctil<\/li>\n<li>Asas abatibles<\/li>\n<li>Cierres de doble recorrido f\u00e1ciles de abrir<\/li>\n<li>Pernos y candados con refuerzos de acero inoxidable<\/li>\n<li>V\u00e1lvula autom\u00e1tica de compensaci\u00f3n de la presi\u00f3n (mantiene el interior a salvo del agua y equilibra la presi\u00f3n del aire)<\/li>\n<li>Anillo de sellado<\/li>\n<li>Servicio opcional de placa personalizada con tu nombre<\/li>\n<\/ul>\n<div class=\"product-specs\">\n<h2 style=\"font-size: 18px;\">Especificaciones<\/h2>\n<ul>\n<li><strong>Dimensiones (Interior):<\/strong> 55.3 x 42.4 x 27 cm<\/li>\n<li><strong>Dimensiones (Exterior):<\/strong> 66.5 x 58.4 x 34.7 cm<\/li>\n<li><strong>Profundidad de Tapa:<\/strong> 5.2 cm<\/li>\n<li><strong>Profundidad de Base:<\/strong> 21.8 cm<\/li>\n<li><strong>Profundidad Total:<\/strong> 27 cm<\/li>\n<li><strong>Volumen Interior:<\/strong> 0.063 m\u00b3<\/li>\n<li><strong>Di\u00e1metro de Agujeros para Candado:<\/strong> 8 mm<\/li>\n<li><strong>Peso con Espuma:<\/strong> 13.2 kg<\/li>\n<li><strong>Peso sin Espuma:<\/strong> 11.9 kg<\/li>\n<li><strong>Material Cuerpo:<\/strong> Polypropylene<\/li>\n<li><strong>Material Cierre:<\/strong> ABS<\/li>\n<li><strong>Material Anillo de Sellado:<\/strong> Polymer<\/li>\n<li><strong>Material Pasadores:<\/strong> Stainless Steel<\/li>\n<li><strong>Material Espuma:<\/strong> 1.3 lb Polyurethane<\/li>\n<li><strong>Material Cuerpo de Compensaci\u00f3n:<\/strong> ABS<\/li>\n<li><strong>Material Respiradero de Compensaci\u00f3n:<\/strong> 3 Micron Hydrophobic Non-Woven<\/li>\n<li><strong>Temperatura M\u00ednima:<\/strong> -40\u00b0 F (-40\u00b0 C)<\/li>\n<li><strong>Temperatura M\u00e1xima:<\/strong> 190\u00b0 F (88\u00b0 C)<\/li>\n<li><strong>Certificaciones:<\/strong> IP57<\/li>\n<\/ul>\n<h3 style=\"font-size: 16px;\">Especificaciones de Movilidad<\/h3>\n<table>\n<tbody>\n<tr>\n<th>Ruedas<\/th>\n<td>2 Ruedas de Poliuretano<\/td>\n<\/tr>\n<tr>\n<th>Asa Extensible<\/th>\n<td>S\u00ed<\/td>\n<\/tr>\n<tr>\n<th>Asas Abatibles<\/th>\n<td>S\u00ed<\/td>\n<\/tr>\n<\/tbody>\n<\/table>\n<\/div>\n<\/div>\n","protected":false},"excerpt":{"rendered":"<p data-start=\"163\" data-end=\"541\">La maleta <strong data-start=\"173\" data-end=\"217\">Pelican\u2122 1610M Protector Case\u2122 Movilidad<\/strong> est\u00e1 dise\u00f1ada para ofrecer una protecci\u00f3n robusta a equipos delicados en condiciones extremas. Con ruedas de alta resistencia y un dise\u00f1o impermeable y resistente al polvo, esta maleta es perfecta para cualquier entorno desafiante. Cuenta con una v\u00e1lvula de purga autom\u00e1tica y asas ergon\u00f3micas para facilitar su transporte.<\/p>\n","protected":false},"featured_media":633,"template":"","meta":{"site-sidebar-layout":"default","site-content-layout":"","ast-site-content-layout":"default","site-content-style":"default","site-sidebar-style":"default","ast-global-header-display":"","ast-banner-title-visibility":"","ast-main-header-display":"","ast-hfb-above-header-display":"","ast-hfb-below-header-display":"","ast-hfb-mobile-header-display":"","site-post-title":"","ast-breadcrumbs-content":"","ast-featured-img":"","footer-sml-layout":"","ast-disable-related-posts":"","theme-transparent-header-meta":"default","adv-header-id-meta":"","stick-header-meta":"","header-above-stick-meta":"","header-main-stick-meta":"","header-below-stick-meta":"","astra-migrate-meta-layouts":"set","ast-page-background-enabled":"default","ast-page-background-meta":{"desktop":{"background-color":"var(--ast-global-color-5)","background-image":"","background-repeat":"repeat","background-position":"center center","background-size":"auto","background-attachment":"scroll","background-type":"","background-media":"","overlay-type":"","overlay-color":"","overlay-opacity":"","overlay-gradient":""},"tablet":{"background-color":"","background-image":"","background-repeat":"repeat","background-position":"center center","background-size":"auto","background-attachment":"scroll","background-type":"","background-media":"","overlay-type":"","overlay-color":"","overlay-opacity":"","overlay-gradient":""},"mobile":{"background-color":"","background-image":"","background-repeat":"repeat","background-position":"center center","background-size":"auto","background-attachment":"scroll","background-type":"","background-media":"","overlay-type":"","overlay-color":"","overlay-opacity":"","overlay-gradient":""}},"ast-content-background-meta":{"desktop":{"background-color":"var(--ast-global-color-4)","background-image":"","background-repeat":"repeat","background-position":"center center","background-size":"auto","background-attachment":"scroll","background-type":"","background-media":"","overlay-type":"","overlay-color":"","overlay-opacity":"","overlay-gradient":""},"tablet":{"background-color":"var(--ast-global-color-4)","background-image":"","background-repeat":"repeat","background-position":"center center","background-size":"auto","background-attachment":"scroll","background-type":"","background-media":"","overlay-type":"","overlay-color":"","overlay-opacity":"","overlay-gradient":""},"mobile":{"background-color":"var(--ast-global-color-4)","background-image":"","background-repeat":"repeat","background-position":"center center","background-size":"auto","background-attachment":"scroll","background-type":"","background-media":"","overlay-type":"","overlay-color":"","overlay-opacity":"","overlay-gradient":""}}},"product_brand":[],"product_cat":[19,278],"product_tag":[219,221,238,240,216,212,252,239,220,251,250,218],"class_list":{"0":"post-613","1":"product","2":"type-product","3":"status-publish","4":"has-post-thumbnail","6":"product_cat-iluminacion-y-proteccion-de-equipos","7":"product_cat-maletas-proteccion","8":"product_tag-maleta-a-prueba-de-polvo","9":"product_tag-maleta-con-espuma-precortada","10":"product_tag-maleta-con-ruedas","11":"product_tag-maleta-con-valvula-de-purga","12":"product_tag-maleta-de-proteccion","13":"product_tag-maleta-impermeable","14":"product_tag-maleta-industrial","15":"product_tag-maleta-para-equipos-sensibles","16":"product_tag-maleta-resistente","17":"product_tag-maletas-para-condiciones-extremas","18":"product_tag-pelican-1610m","19":"product_tag-protector-para-equipos","20":"desktop-align-center","21":"tablet-align-left","22":"mobile-align-left","24":"first","25":"instock","26":"shipping-taxable","27":"product-type-simple"},"yoast_head":"<!-- This site is optimized with the Yoast SEO plugin v27.5 - https:\/\/yoast.com\/product\/yoast-seo-wordpress\/ -->\n<title>1610M Protector Movilidad - Grupo Nasca<\/title>\n<meta name=\"description\" content=\"La Pelican\u2122 1610M Protector Case\u2122 Movilidad es una maleta impermeable y resistente al polvo, ideal para proteger equipos en condiciones extremas.\" \/>\n<meta name=\"robots\" content=\"index, follow, max-snippet:-1, max-image-preview:large, max-video-preview:-1\" \/>\n<link rel=\"canonical\" href=\"https:\/\/gruponasca.com.pe\/index.php\/producto\/1610m-protector-movilidad\/\" \/>\n<meta property=\"og:locale\" content=\"es_ES\" \/>\n<meta property=\"og:type\" content=\"article\" \/>\n<meta property=\"og:title\" content=\"1610M Protector Movilidad - Grupo Nasca\" \/>\n<meta property=\"og:description\" content=\"La Pelican\u2122 1610M Protector Case\u2122 Movilidad es una maleta impermeable y resistente al polvo, ideal para proteger equipos en condiciones extremas.\" \/>\n<meta property=\"og:url\" content=\"https:\/\/gruponasca.com.pe\/index.php\/producto\/1610m-protector-movilidad\/\" \/>\n<meta property=\"og:site_name\" content=\"Grupo Nasca\" \/>\n<meta property=\"article:modified_time\" content=\"2025-09-24T06:42:26+00:00\" \/>\n<meta property=\"og:image\" content=\"https:\/\/gruponasca.com.pe\/wp-content\/uploads\/2025\/09\/1610M.jpg\" \/>\n\t<meta property=\"og:image:width\" content=\"500\" \/>\n\t<meta property=\"og:image:height\" content=\"500\" \/>\n\t<meta property=\"og:image:type\" content=\"image\/jpeg\" \/>\n<meta name=\"twitter:card\" content=\"summary_large_image\" \/>\n<meta name=\"twitter:label1\" content=\"Tiempo de lectura\" \/>\n\t<meta name=\"twitter:data1\" content=\"2 minutos\" \/>\n<script type=\"application\/ld+json\" class=\"yoast-schema-graph\">{\"@context\":\"https:\\\/\\\/schema.org\",\"@graph\":[{\"@type\":\"WebPage\",\"@id\":\"https:\\\/\\\/gruponasca.com.pe\\\/index.php\\\/producto\\\/1610m-protector-movilidad\\\/\",\"url\":\"https:\\\/\\\/gruponasca.com.pe\\\/index.php\\\/producto\\\/1610m-protector-movilidad\\\/\",\"name\":\"1610M Protector Movilidad - Grupo Nasca\",\"isPartOf\":{\"@id\":\"https:\\\/\\\/gruponasca.com.pe\\\/#website\"},\"primaryImageOfPage\":{\"@id\":\"https:\\\/\\\/gruponasca.com.pe\\\/index.php\\\/producto\\\/1610m-protector-movilidad\\\/#primaryimage\"},\"image\":{\"@id\":\"https:\\\/\\\/gruponasca.com.pe\\\/index.php\\\/producto\\\/1610m-protector-movilidad\\\/#primaryimage\"},\"thumbnailUrl\":\"https:\\\/\\\/gruponasca.com.pe\\\/wp-content\\\/uploads\\\/2025\\\/09\\\/1610M.jpg\",\"datePublished\":\"2025-09-24T04:52:41+00:00\",\"dateModified\":\"2025-09-24T06:42:26+00:00\",\"description\":\"La Pelican\u2122 1610M Protector Case\u2122 Movilidad es una maleta impermeable y resistente al polvo, ideal para proteger equipos en condiciones extremas.\",\"breadcrumb\":{\"@id\":\"https:\\\/\\\/gruponasca.com.pe\\\/index.php\\\/producto\\\/1610m-protector-movilidad\\\/#breadcrumb\"},\"inLanguage\":\"es\",\"potentialAction\":[{\"@type\":\"ReadAction\",\"target\":[\"https:\\\/\\\/gruponasca.com.pe\\\/index.php\\\/producto\\\/1610m-protector-movilidad\\\/\"]}]},{\"@type\":\"ImageObject\",\"inLanguage\":\"es\",\"@id\":\"https:\\\/\\\/gruponasca.com.pe\\\/index.php\\\/producto\\\/1610m-protector-movilidad\\\/#primaryimage\",\"url\":\"https:\\\/\\\/gruponasca.com.pe\\\/wp-content\\\/uploads\\\/2025\\\/09\\\/1610M.jpg\",\"contentUrl\":\"https:\\\/\\\/gruponasca.com.pe\\\/wp-content\\\/uploads\\\/2025\\\/09\\\/1610M.jpg\",\"width\":500,\"height\":500},{\"@type\":\"BreadcrumbList\",\"@id\":\"https:\\\/\\\/gruponasca.com.pe\\\/index.php\\\/producto\\\/1610m-protector-movilidad\\\/#breadcrumb\",\"itemListElement\":[{\"@type\":\"ListItem\",\"position\":1,\"name\":\"Portada\",\"item\":\"https:\\\/\\\/gruponasca.com.pe\\\/\"},{\"@type\":\"ListItem\",\"position\":2,\"name\":\"Productos\",\"item\":\"https:\\\/\\\/gruponasca.com.pe\\\/index.php\\\/productos\\\/\"},{\"@type\":\"ListItem\",\"position\":3,\"name\":\"1610M Protector Movilidad\"}]},{\"@type\":\"WebSite\",\"@id\":\"https:\\\/\\\/gruponasca.com.pe\\\/#website\",\"url\":\"https:\\\/\\\/gruponasca.com.pe\\\/\",\"name\":\"Grupo Nasca SAC\",\"description\":\"Seguridad Industrial y Herramientas de Calidad\",\"publisher\":{\"@id\":\"https:\\\/\\\/gruponasca.com.pe\\\/#organization\"},\"potentialAction\":[{\"@type\":\"SearchAction\",\"target\":{\"@type\":\"EntryPoint\",\"urlTemplate\":\"https:\\\/\\\/gruponasca.com.pe\\\/?s={search_term_string}\"},\"query-input\":{\"@type\":\"PropertyValueSpecification\",\"valueRequired\":true,\"valueName\":\"search_term_string\"}}],\"inLanguage\":\"es\"},{\"@type\":\"Organization\",\"@id\":\"https:\\\/\\\/gruponasca.com.pe\\\/#organization\",\"name\":\"Grupo Nasca SAC\",\"url\":\"https:\\\/\\\/gruponasca.com.pe\\\/\",\"logo\":{\"@type\":\"ImageObject\",\"inLanguage\":\"es\",\"@id\":\"https:\\\/\\\/gruponasca.com.pe\\\/#\\\/schema\\\/logo\\\/image\\\/\",\"url\":\"https:\\\/\\\/gruponasca.com.pe\\\/wp-content\\\/uploads\\\/2025\\\/09\\\/cropped-icono_conasac-scaled-1.jpg\",\"contentUrl\":\"https:\\\/\\\/gruponasca.com.pe\\\/wp-content\\\/uploads\\\/2025\\\/09\\\/cropped-icono_conasac-scaled-1.jpg\",\"width\":512,\"height\":512,\"caption\":\"Grupo Nasca SAC\"},\"image\":{\"@id\":\"https:\\\/\\\/gruponasca.com.pe\\\/#\\\/schema\\\/logo\\\/image\\\/\"}}]}<\/script>\n<!-- \/ Yoast SEO plugin. -->","yoast_head_json":{"title":"1610M Protector Movilidad - Grupo Nasca","description":"La Pelican\u2122 1610M Protector Case\u2122 Movilidad es una maleta impermeable y resistente al polvo, ideal para proteger equipos en condiciones extremas.","robots":{"index":"index","follow":"follow","max-snippet":"max-snippet:-1","max-image-preview":"max-image-preview:large","max-video-preview":"max-video-preview:-1"},"canonical":"https:\/\/gruponasca.com.pe\/index.php\/producto\/1610m-protector-movilidad\/","og_locale":"es_ES","og_type":"article","og_title":"1610M Protector Movilidad - Grupo Nasca","og_description":"La Pelican\u2122 1610M Protector Case\u2122 Movilidad es una maleta impermeable y resistente al polvo, ideal para proteger equipos en condiciones extremas.","og_url":"https:\/\/gruponasca.com.pe\/index.php\/producto\/1610m-protector-movilidad\/","og_site_name":"Grupo Nasca","article_modified_time":"2025-09-24T06:42:26+00:00","og_image":[{"width":500,"height":500,"url":"https:\/\/gruponasca.com.pe\/wp-content\/uploads\/2025\/09\/1610M.jpg","type":"image\/jpeg"}],"twitter_card":"summary_large_image","twitter_misc":{"Tiempo de lectura":"2 minutos"},"schema":{"@context":"https:\/\/schema.org","@graph":[{"@type":"WebPage","@id":"https:\/\/gruponasca.com.pe\/index.php\/producto\/1610m-protector-movilidad\/","url":"https:\/\/gruponasca.com.pe\/index.php\/producto\/1610m-protector-movilidad\/","name":"1610M Protector Movilidad - Grupo Nasca","isPartOf":{"@id":"https:\/\/gruponasca.com.pe\/#website"},"primaryImageOfPage":{"@id":"https:\/\/gruponasca.com.pe\/index.php\/producto\/1610m-protector-movilidad\/#primaryimage"},"image":{"@id":"https:\/\/gruponasca.com.pe\/index.php\/producto\/1610m-protector-movilidad\/#primaryimage"},"thumbnailUrl":"https:\/\/gruponasca.com.pe\/wp-content\/uploads\/2025\/09\/1610M.jpg","datePublished":"2025-09-24T04:52:41+00:00","dateModified":"2025-09-24T06:42:26+00:00","description":"La Pelican\u2122 1610M Protector Case\u2122 Movilidad es una maleta impermeable y resistente al polvo, ideal para proteger equipos en condiciones extremas.","breadcrumb":{"@id":"https:\/\/gruponasca.com.pe\/index.php\/producto\/1610m-protector-movilidad\/#breadcrumb"},"inLanguage":"es","potentialAction":[{"@type":"ReadAction","target":["https:\/\/gruponasca.com.pe\/index.php\/producto\/1610m-protector-movilidad\/"]}]},{"@type":"ImageObject","inLanguage":"es","@id":"https:\/\/gruponasca.com.pe\/index.php\/producto\/1610m-protector-movilidad\/#primaryimage","url":"https:\/\/gruponasca.com.pe\/wp-content\/uploads\/2025\/09\/1610M.jpg","contentUrl":"https:\/\/gruponasca.com.pe\/wp-content\/uploads\/2025\/09\/1610M.jpg","width":500,"height":500},{"@type":"BreadcrumbList","@id":"https:\/\/gruponasca.com.pe\/index.php\/producto\/1610m-protector-movilidad\/#breadcrumb","itemListElement":[{"@type":"ListItem","position":1,"name":"Portada","item":"https:\/\/gruponasca.com.pe\/"},{"@type":"ListItem","position":2,"name":"Productos","item":"https:\/\/gruponasca.com.pe\/index.php\/productos\/"},{"@type":"ListItem","position":3,"name":"1610M Protector Movilidad"}]},{"@type":"WebSite","@id":"https:\/\/gruponasca.com.pe\/#website","url":"https:\/\/gruponasca.com.pe\/","name":"Grupo Nasca SAC","description":"Seguridad Industrial y Herramientas de Calidad","publisher":{"@id":"https:\/\/gruponasca.com.pe\/#organization"},"potentialAction":[{"@type":"SearchAction","target":{"@type":"EntryPoint","urlTemplate":"https:\/\/gruponasca.com.pe\/?s={search_term_string}"},"query-input":{"@type":"PropertyValueSpecification","valueRequired":true,"valueName":"search_term_string"}}],"inLanguage":"es"},{"@type":"Organization","@id":"https:\/\/gruponasca.com.pe\/#organization","name":"Grupo Nasca SAC","url":"https:\/\/gruponasca.com.pe\/","logo":{"@type":"ImageObject","inLanguage":"es","@id":"https:\/\/gruponasca.com.pe\/#\/schema\/logo\/image\/","url":"https:\/\/gruponasca.com.pe\/wp-content\/uploads\/2025\/09\/cropped-icono_conasac-scaled-1.jpg","contentUrl":"https:\/\/gruponasca.com.pe\/wp-content\/uploads\/2025\/09\/cropped-icono_conasac-scaled-1.jpg","width":512,"height":512,"caption":"Grupo Nasca SAC"},"image":{"@id":"https:\/\/gruponasca.com.pe\/#\/schema\/logo\/image\/"}}]}},"_links":{"self":[{"href":"https:\/\/gruponasca.com.pe\/index.php\/wp-json\/wp\/v2\/product\/613","targetHints":{"allow":["GET"]}}],"collection":[{"href":"https:\/\/gruponasca.com.pe\/index.php\/wp-json\/wp\/v2\/product"}],"about":[{"href":"https:\/\/gruponasca.com.pe\/index.php\/wp-json\/wp\/v2\/types\/product"}],"wp:featuredmedia":[{"embeddable":true,"href":"https:\/\/gruponasca.com.pe\/index.php\/wp-json\/wp\/v2\/media\/633"}],"wp:attachment":[{"href":"https:\/\/gruponasca.com.pe\/index.php\/wp-json\/wp\/v2\/media?parent=613"}],"wp:term":[{"taxonomy":"product_brand","embeddable":true,"href":"https:\/\/gruponasca.com.pe\/index.php\/wp-json\/wp\/v2\/product_brand?post=613"},{"taxonomy":"product_cat","embeddable":true,"href":"https:\/\/gruponasca.com.pe\/index.php\/wp-json\/wp\/v2\/product_cat?post=613"},{"taxonomy":"product_tag","embeddable":true,"href":"https:\/\/gruponasca.com.pe\/index.php\/wp-json\/wp\/v2\/product_tag?post=613"}],"curies":[{"name":"wp","href":"https:\/\/api.w.org\/{rel}","templated":true}]}}