{"id":610,"date":"2025-09-24T04:08:59","date_gmt":"2025-09-24T04:08:59","guid":{"rendered":"https:\/\/dots-interactive.com\/desarrollo\/nasca\/?post_type=product&#038;p=610"},"modified":"2025-09-24T06:37:34","modified_gmt":"2025-09-24T06:37:34","slug":"1200-protector-maleta","status":"publish","type":"product","link":"https:\/\/gruponasca.com.pe\/index.php\/producto\/1200-protector-maleta\/","title":{"rendered":"1200 Protector Maleta"},"content":{"rendered":"<p><strong>Pelican\u2122 Protector Case\u2122<\/strong><\/p>\n<p>Desde 1976, las maletas Peli\u00ae Protector son la respuesta a las necesidades de protecci\u00f3n de los equipos m\u00e1s delicados. Estas maletas cuentan con un dise\u00f1o resistente y se pueden utilizar en los entornos m\u00e1s adversos del planeta. Las maletas Peli siempre sobreviven, tanto en el fr\u00edo extremo del \u00c1rtico como en el fragor de cualquier conflicto b\u00e9lico.<\/p>\n<p>Estas resistentes maletas fabricadas en EE. UU. est\u00e1n dise\u00f1adas con una v\u00e1lvula de purga autom\u00e1tica que iguala la presi\u00f3n del aire, una tapa con anillo de sellado estanco de silicona, asas de goma ergon\u00f3micas y componentes met\u00e1licos de acero inoxidable.<\/p>\n<div class=\"product-overview\">\n<h5>Especificaciones<\/h5>\n<ul>\n<li><strong>Dimensiones Internas:<\/strong> 23.6 x 18.1 x 10.5 cm<\/li>\n<li><strong>Dimensiones Externas:<\/strong> 27.1 x 24.8 x 12.3 cm<\/li>\n<li><strong>Volumen Interior:<\/strong> 0.005 m\u00b3<\/li>\n<li><strong>Peso con Espuma:<\/strong> 1.2 kg<\/li>\n<li><strong>Peso sin Espuma:<\/strong> 1.2 kg<\/li>\n<li><strong>Flotabilidad:<\/strong> 6.3 kg<\/li>\n<li><strong>Temperaturas Extremas:<\/strong> De -40\u00b0 F (-40 \u00b0C) a 190\u00b0 F (88 \u00b0C)<\/li>\n<li><strong>Materiales:<\/strong> Cuerpo de Polipropileno, Cierre de ABS, Espuma de Poli\u00e9ster, Componentes de Acero Inoxidable<\/li>\n<\/ul>\n<h5>Caracter\u00edsticas Clave:<\/h5>\n<ul>\n<li>V\u00e1lvula de purga autom\u00e1tica que iguala la presi\u00f3n del aire.<\/li>\n<li>Resistente a temperaturas extremas y condiciones adversas.<\/li>\n<li>Asas de goma ergon\u00f3micas para un transporte c\u00f3modo.<\/li>\n<li>Dise\u00f1o resistente a golpes y ca\u00eddas.<\/li>\n<\/ul>\n<\/div>\n","protected":false},"excerpt":{"rendered":"<p data-start=\"169\" data-end=\"596\">La <strong data-start=\"172\" data-end=\"207\">maleta Pelican\u2122 Protector Case\u2122<\/strong> ofrece una protecci\u00f3n superior para tus equipos m\u00e1s sensibles. Con una construcci\u00f3n robusta y resistente, est\u00e1 dise\u00f1ada para soportar temperaturas extremas y entornos hostiles. Perfecta para quienes necesitan mantener sus equipos seguros en todo momento. Con v\u00e1lvula de purga autom\u00e1tica, cierre herm\u00e9tico de silicona y componentes met\u00e1licos de acero inoxidable, esta maleta no te fallar\u00e1.<\/p>\n","protected":false},"featured_media":627,"template":"","meta":{"site-sidebar-layout":"default","site-content-layout":"","ast-site-content-layout":"default","site-content-style":"default","site-sidebar-style":"default","ast-global-header-display":"","ast-banner-title-visibility":"","ast-main-header-display":"","ast-hfb-above-header-display":"","ast-hfb-below-header-display":"","ast-hfb-mobile-header-display":"","site-post-title":"","ast-breadcrumbs-content":"","ast-featured-img":"","footer-sml-layout":"","ast-disable-related-posts":"","theme-transparent-header-meta":"default","adv-header-id-meta":"","stick-header-meta":"","header-above-stick-meta":"","header-main-stick-meta":"","header-below-stick-meta":"","astra-migrate-meta-layouts":"set","ast-page-background-enabled":"default","ast-page-background-meta":{"desktop":{"background-color":"var(--ast-global-color-5)","background-image":"","background-repeat":"repeat","background-position":"center center","background-size":"auto","background-attachment":"scroll","background-type":"","background-media":"","overlay-type":"","overlay-color":"","overlay-opacity":"","overlay-gradient":""},"tablet":{"background-color":"","background-image":"","background-repeat":"repeat","background-position":"center center","background-size":"auto","background-attachment":"scroll","background-type":"","background-media":"","overlay-type":"","overlay-color":"","overlay-opacity":"","overlay-gradient":""},"mobile":{"background-color":"","background-image":"","background-repeat":"repeat","background-position":"center center","background-size":"auto","background-attachment":"scroll","background-type":"","background-media":"","overlay-type":"","overlay-color":"","overlay-opacity":"","overlay-gradient":""}},"ast-content-background-meta":{"desktop":{"background-color":"var(--ast-global-color-4)","background-image":"","background-repeat":"repeat","background-position":"center center","background-size":"auto","background-attachment":"scroll","background-type":"","background-media":"","overlay-type":"","overlay-color":"","overlay-opacity":"","overlay-gradient":""},"tablet":{"background-color":"var(--ast-global-color-4)","background-image":"","background-repeat":"repeat","background-position":"center center","background-size":"auto","background-attachment":"scroll","background-type":"","background-media":"","overlay-type":"","overlay-color":"","overlay-opacity":"","overlay-gradient":""},"mobile":{"background-color":"var(--ast-global-color-4)","background-image":"","background-repeat":"repeat","background-position":"center center","background-size":"auto","background-attachment":"scroll","background-type":"","background-media":"","overlay-type":"","overlay-color":"","overlay-opacity":"","overlay-gradient":""}}},"product_brand":[],"product_cat":[19,278],"product_tag":[213,212,209,207,214,210,211,208],"class_list":{"0":"post-610","1":"product","2":"type-product","3":"status-publish","4":"has-post-thumbnail","6":"product_cat-iluminacion-y-proteccion-de-equipos","7":"product_cat-maletas-proteccion","8":"product_tag-maleta-de-alta-resistencia","9":"product_tag-maleta-impermeable","10":"product_tag-maleta-para-equipo","11":"product_tag-maleta-pelican","12":"product_tag-maletas-industriales","13":"product_tag-maletas-resistentes","14":"product_tag-proteccion-para-equipos","15":"product_tag-protector-case","16":"desktop-align-center","17":"tablet-align-left","18":"mobile-align-left","20":"first","21":"instock","22":"shipping-taxable","23":"product-type-simple"},"yoast_head":"<!-- This site is optimized with the Yoast SEO plugin v27.5 - https:\/\/yoast.com\/product\/yoast-seo-wordpress\/ -->\n<title>1200 Protector Maleta - Grupo Nasca<\/title>\n<meta name=\"description\" content=\"La Pelican\u2122 Protector Case\u2122 ofrece protecci\u00f3n premium para equipos delicados. Con materiales resistentes y caracter\u00edsticas avanzadas\" \/>\n<meta name=\"robots\" content=\"index, follow, max-snippet:-1, max-image-preview:large, max-video-preview:-1\" \/>\n<link rel=\"canonical\" href=\"https:\/\/gruponasca.com.pe\/index.php\/producto\/1200-protector-maleta\/\" \/>\n<meta property=\"og:locale\" content=\"es_ES\" \/>\n<meta property=\"og:type\" content=\"article\" \/>\n<meta property=\"og:title\" content=\"1200 Protector Maleta - Grupo Nasca\" \/>\n<meta property=\"og:description\" content=\"La Pelican\u2122 Protector Case\u2122 ofrece protecci\u00f3n premium para equipos delicados. Con materiales resistentes y caracter\u00edsticas avanzadas\" \/>\n<meta property=\"og:url\" content=\"https:\/\/gruponasca.com.pe\/index.php\/producto\/1200-protector-maleta\/\" \/>\n<meta property=\"og:site_name\" content=\"Grupo Nasca\" \/>\n<meta property=\"article:modified_time\" content=\"2025-09-24T06:37:34+00:00\" \/>\n<meta property=\"og:image\" content=\"https:\/\/gruponasca.com.pe\/wp-content\/uploads\/2025\/09\/1200Maleta.jpg\" \/>\n\t<meta property=\"og:image:width\" content=\"500\" \/>\n\t<meta property=\"og:image:height\" content=\"500\" \/>\n\t<meta property=\"og:image:type\" content=\"image\/jpeg\" \/>\n<meta name=\"twitter:card\" content=\"summary_large_image\" \/>\n<meta name=\"twitter:label1\" content=\"Tiempo de lectura\" \/>\n\t<meta name=\"twitter:data1\" content=\"2 minutos\" \/>\n<script type=\"application\/ld+json\" class=\"yoast-schema-graph\">{\"@context\":\"https:\\\/\\\/schema.org\",\"@graph\":[{\"@type\":\"WebPage\",\"@id\":\"https:\\\/\\\/gruponasca.com.pe\\\/index.php\\\/producto\\\/1200-protector-maleta\\\/\",\"url\":\"https:\\\/\\\/gruponasca.com.pe\\\/index.php\\\/producto\\\/1200-protector-maleta\\\/\",\"name\":\"1200 Protector Maleta - Grupo Nasca\",\"isPartOf\":{\"@id\":\"https:\\\/\\\/gruponasca.com.pe\\\/#website\"},\"primaryImageOfPage\":{\"@id\":\"https:\\\/\\\/gruponasca.com.pe\\\/index.php\\\/producto\\\/1200-protector-maleta\\\/#primaryimage\"},\"image\":{\"@id\":\"https:\\\/\\\/gruponasca.com.pe\\\/index.php\\\/producto\\\/1200-protector-maleta\\\/#primaryimage\"},\"thumbnailUrl\":\"https:\\\/\\\/gruponasca.com.pe\\\/wp-content\\\/uploads\\\/2025\\\/09\\\/1200Maleta.jpg\",\"datePublished\":\"2025-09-24T04:08:59+00:00\",\"dateModified\":\"2025-09-24T06:37:34+00:00\",\"description\":\"La Pelican\u2122 Protector Case\u2122 ofrece protecci\u00f3n premium para equipos delicados. Con materiales resistentes y caracter\u00edsticas avanzadas\",\"breadcrumb\":{\"@id\":\"https:\\\/\\\/gruponasca.com.pe\\\/index.php\\\/producto\\\/1200-protector-maleta\\\/#breadcrumb\"},\"inLanguage\":\"es\",\"potentialAction\":[{\"@type\":\"ReadAction\",\"target\":[\"https:\\\/\\\/gruponasca.com.pe\\\/index.php\\\/producto\\\/1200-protector-maleta\\\/\"]}]},{\"@type\":\"ImageObject\",\"inLanguage\":\"es\",\"@id\":\"https:\\\/\\\/gruponasca.com.pe\\\/index.php\\\/producto\\\/1200-protector-maleta\\\/#primaryimage\",\"url\":\"https:\\\/\\\/gruponasca.com.pe\\\/wp-content\\\/uploads\\\/2025\\\/09\\\/1200Maleta.jpg\",\"contentUrl\":\"https:\\\/\\\/gruponasca.com.pe\\\/wp-content\\\/uploads\\\/2025\\\/09\\\/1200Maleta.jpg\",\"width\":500,\"height\":500},{\"@type\":\"BreadcrumbList\",\"@id\":\"https:\\\/\\\/gruponasca.com.pe\\\/index.php\\\/producto\\\/1200-protector-maleta\\\/#breadcrumb\",\"itemListElement\":[{\"@type\":\"ListItem\",\"position\":1,\"name\":\"Portada\",\"item\":\"https:\\\/\\\/gruponasca.com.pe\\\/\"},{\"@type\":\"ListItem\",\"position\":2,\"name\":\"Productos\",\"item\":\"https:\\\/\\\/gruponasca.com.pe\\\/index.php\\\/productos\\\/\"},{\"@type\":\"ListItem\",\"position\":3,\"name\":\"1200 Protector Maleta\"}]},{\"@type\":\"WebSite\",\"@id\":\"https:\\\/\\\/gruponasca.com.pe\\\/#website\",\"url\":\"https:\\\/\\\/gruponasca.com.pe\\\/\",\"name\":\"Grupo Nasca SAC\",\"description\":\"Seguridad Industrial y Herramientas de Calidad\",\"publisher\":{\"@id\":\"https:\\\/\\\/gruponasca.com.pe\\\/#organization\"},\"potentialAction\":[{\"@type\":\"SearchAction\",\"target\":{\"@type\":\"EntryPoint\",\"urlTemplate\":\"https:\\\/\\\/gruponasca.com.pe\\\/?s={search_term_string}\"},\"query-input\":{\"@type\":\"PropertyValueSpecification\",\"valueRequired\":true,\"valueName\":\"search_term_string\"}}],\"inLanguage\":\"es\"},{\"@type\":\"Organization\",\"@id\":\"https:\\\/\\\/gruponasca.com.pe\\\/#organization\",\"name\":\"Grupo Nasca SAC\",\"url\":\"https:\\\/\\\/gruponasca.com.pe\\\/\",\"logo\":{\"@type\":\"ImageObject\",\"inLanguage\":\"es\",\"@id\":\"https:\\\/\\\/gruponasca.com.pe\\\/#\\\/schema\\\/logo\\\/image\\\/\",\"url\":\"https:\\\/\\\/gruponasca.com.pe\\\/wp-content\\\/uploads\\\/2025\\\/09\\\/cropped-icono_conasac-scaled-1.jpg\",\"contentUrl\":\"https:\\\/\\\/gruponasca.com.pe\\\/wp-content\\\/uploads\\\/2025\\\/09\\\/cropped-icono_conasac-scaled-1.jpg\",\"width\":512,\"height\":512,\"caption\":\"Grupo Nasca SAC\"},\"image\":{\"@id\":\"https:\\\/\\\/gruponasca.com.pe\\\/#\\\/schema\\\/logo\\\/image\\\/\"}}]}<\/script>\n<!-- \/ Yoast SEO plugin. -->","yoast_head_json":{"title":"1200 Protector Maleta - Grupo Nasca","description":"La Pelican\u2122 Protector Case\u2122 ofrece protecci\u00f3n premium para equipos delicados. Con materiales resistentes y caracter\u00edsticas avanzadas","robots":{"index":"index","follow":"follow","max-snippet":"max-snippet:-1","max-image-preview":"max-image-preview:large","max-video-preview":"max-video-preview:-1"},"canonical":"https:\/\/gruponasca.com.pe\/index.php\/producto\/1200-protector-maleta\/","og_locale":"es_ES","og_type":"article","og_title":"1200 Protector Maleta - Grupo Nasca","og_description":"La Pelican\u2122 Protector Case\u2122 ofrece protecci\u00f3n premium para equipos delicados. Con materiales resistentes y caracter\u00edsticas avanzadas","og_url":"https:\/\/gruponasca.com.pe\/index.php\/producto\/1200-protector-maleta\/","og_site_name":"Grupo Nasca","article_modified_time":"2025-09-24T06:37:34+00:00","og_image":[{"width":500,"height":500,"url":"https:\/\/gruponasca.com.pe\/wp-content\/uploads\/2025\/09\/1200Maleta.jpg","type":"image\/jpeg"}],"twitter_card":"summary_large_image","twitter_misc":{"Tiempo de lectura":"2 minutos"},"schema":{"@context":"https:\/\/schema.org","@graph":[{"@type":"WebPage","@id":"https:\/\/gruponasca.com.pe\/index.php\/producto\/1200-protector-maleta\/","url":"https:\/\/gruponasca.com.pe\/index.php\/producto\/1200-protector-maleta\/","name":"1200 Protector Maleta - Grupo Nasca","isPartOf":{"@id":"https:\/\/gruponasca.com.pe\/#website"},"primaryImageOfPage":{"@id":"https:\/\/gruponasca.com.pe\/index.php\/producto\/1200-protector-maleta\/#primaryimage"},"image":{"@id":"https:\/\/gruponasca.com.pe\/index.php\/producto\/1200-protector-maleta\/#primaryimage"},"thumbnailUrl":"https:\/\/gruponasca.com.pe\/wp-content\/uploads\/2025\/09\/1200Maleta.jpg","datePublished":"2025-09-24T04:08:59+00:00","dateModified":"2025-09-24T06:37:34+00:00","description":"La Pelican\u2122 Protector Case\u2122 ofrece protecci\u00f3n premium para equipos delicados. Con materiales resistentes y caracter\u00edsticas avanzadas","breadcrumb":{"@id":"https:\/\/gruponasca.com.pe\/index.php\/producto\/1200-protector-maleta\/#breadcrumb"},"inLanguage":"es","potentialAction":[{"@type":"ReadAction","target":["https:\/\/gruponasca.com.pe\/index.php\/producto\/1200-protector-maleta\/"]}]},{"@type":"ImageObject","inLanguage":"es","@id":"https:\/\/gruponasca.com.pe\/index.php\/producto\/1200-protector-maleta\/#primaryimage","url":"https:\/\/gruponasca.com.pe\/wp-content\/uploads\/2025\/09\/1200Maleta.jpg","contentUrl":"https:\/\/gruponasca.com.pe\/wp-content\/uploads\/2025\/09\/1200Maleta.jpg","width":500,"height":500},{"@type":"BreadcrumbList","@id":"https:\/\/gruponasca.com.pe\/index.php\/producto\/1200-protector-maleta\/#breadcrumb","itemListElement":[{"@type":"ListItem","position":1,"name":"Portada","item":"https:\/\/gruponasca.com.pe\/"},{"@type":"ListItem","position":2,"name":"Productos","item":"https:\/\/gruponasca.com.pe\/index.php\/productos\/"},{"@type":"ListItem","position":3,"name":"1200 Protector Maleta"}]},{"@type":"WebSite","@id":"https:\/\/gruponasca.com.pe\/#website","url":"https:\/\/gruponasca.com.pe\/","name":"Grupo Nasca SAC","description":"Seguridad Industrial y Herramientas de Calidad","publisher":{"@id":"https:\/\/gruponasca.com.pe\/#organization"},"potentialAction":[{"@type":"SearchAction","target":{"@type":"EntryPoint","urlTemplate":"https:\/\/gruponasca.com.pe\/?s={search_term_string}"},"query-input":{"@type":"PropertyValueSpecification","valueRequired":true,"valueName":"search_term_string"}}],"inLanguage":"es"},{"@type":"Organization","@id":"https:\/\/gruponasca.com.pe\/#organization","name":"Grupo Nasca SAC","url":"https:\/\/gruponasca.com.pe\/","logo":{"@type":"ImageObject","inLanguage":"es","@id":"https:\/\/gruponasca.com.pe\/#\/schema\/logo\/image\/","url":"https:\/\/gruponasca.com.pe\/wp-content\/uploads\/2025\/09\/cropped-icono_conasac-scaled-1.jpg","contentUrl":"https:\/\/gruponasca.com.pe\/wp-content\/uploads\/2025\/09\/cropped-icono_conasac-scaled-1.jpg","width":512,"height":512,"caption":"Grupo Nasca SAC"},"image":{"@id":"https:\/\/gruponasca.com.pe\/#\/schema\/logo\/image\/"}}]}},"_links":{"self":[{"href":"https:\/\/gruponasca.com.pe\/index.php\/wp-json\/wp\/v2\/product\/610","targetHints":{"allow":["GET"]}}],"collection":[{"href":"https:\/\/gruponasca.com.pe\/index.php\/wp-json\/wp\/v2\/product"}],"about":[{"href":"https:\/\/gruponasca.com.pe\/index.php\/wp-json\/wp\/v2\/types\/product"}],"wp:featuredmedia":[{"embeddable":true,"href":"https:\/\/gruponasca.com.pe\/index.php\/wp-json\/wp\/v2\/media\/627"}],"wp:attachment":[{"href":"https:\/\/gruponasca.com.pe\/index.php\/wp-json\/wp\/v2\/media?parent=610"}],"wp:term":[{"taxonomy":"product_brand","embeddable":true,"href":"https:\/\/gruponasca.com.pe\/index.php\/wp-json\/wp\/v2\/product_brand?post=610"},{"taxonomy":"product_cat","embeddable":true,"href":"https:\/\/gruponasca.com.pe\/index.php\/wp-json\/wp\/v2\/product_cat?post=610"},{"taxonomy":"product_tag","embeddable":true,"href":"https:\/\/gruponasca.com.pe\/index.php\/wp-json\/wp\/v2\/product_tag?post=610"}],"curies":[{"name":"wp","href":"https:\/\/api.w.org\/{rel}","templated":true}]}}