{"id":608,"date":"2025-09-24T03:52:50","date_gmt":"2025-09-24T03:52:50","guid":{"rendered":"https:\/\/dots-interactive.com\/desarrollo\/nasca\/?post_type=product&#038;p=608"},"modified":"2025-09-24T06:32:42","modified_gmt":"2025-09-24T06:32:42","slug":"3415mcc-linterna-de-angulo-recto","status":"publish","type":"product","link":"https:\/\/gruponasca.com.pe\/index.php\/producto\/3415mcc-linterna-de-angulo-recto\/","title":{"rendered":"3415MCC Linterna de \u00c1ngulo Recto"},"content":{"rendered":"<div class=\"col-lg-4 col-md-10 col-lg-offset-0\">\n<p>Cuando no puede ver la diferencia entre un cable de color y otro, el trabajo puede verse comprometido. Ahora puede confiar en nuestras linternas seleccionadas con la nueva tecnolog\u00eda \u00abCorrect Color\u00bb para detener las conjeturas. Las linternas LED comunes pueden producir un haz intenso y un CRI (\u00edndice de reproducci\u00f3n crom\u00e1tica) m\u00e1s bajo, lo que dificulta la distinci\u00f3n entre cables de diferentes colores y sobrecarga su \u00e1rea de trabajo, con una luz brillante cegadora. Nuestras nuevas linternas de color correcto est\u00e1n dise\u00f1adas con un CRI m\u00e1s alto (\u00edndice de reproducci\u00f3n de color de 90+) que le permite ver el color con mayor precisi\u00f3n en su entorno de trabajo. Y con un haz de baja temperatura (similar a las linternas incandescentes) obtiene los beneficios de nuestra tecnolog\u00eda \u00abCorrect Color\u00bb que no eclipsa los detalles.<\/p>\n<\/div>\n<div class=\"col-lg-8 col-xs-12\">\n<ul id=\"pdp-bullets\" class=\"pl-20\">\n<li>258 Lumens<\/li>\n<li>Hasta 258 l\u00famenes<\/li>\n<li>3 pilas alcalinas AA (no incluidas)<\/li>\n<li>Distancia de haz de hasta 111 m<\/li>\n<li>Tres modos: haz concentrado, haz difuso o ambos<\/li>\n<li>Obtenga m\u00e1s informaci\u00f3n sobre las luces de color correcto<\/li>\n<li>Certificado de seguridad Clase I, Clase II, Clase III &#8211; Divisi\u00f3n 1<\/li>\n<\/ul>\n<div class=\"product-specs\">\n<h2 style=\"font-size: 18px;\">Especificaciones<\/h2>\n<ul>\n<li><strong>Longitud:<\/strong> 18.9 cm<\/li>\n<li><strong>Peso con pilas:<\/strong> 255 gr<\/li>\n<li><strong>Peso sin pilas:<\/strong> 187 gr<\/li>\n<li><strong>Interruptor:<\/strong> Push Button<\/li>\n<li><strong>Modos de Iluminaci\u00f3n:<\/strong> Haz Concentrado \/ Haz Difuso \/ Ambos<\/li>\n<li><strong>Tipo de Pilas:<\/strong> Alkaline AA (3 pilas, no incluidas)<\/li>\n<li><strong>Voltaje:<\/strong> 4.5 V<\/li>\n<li><strong>Material Cuerpo:<\/strong> ABS<\/li>\n<li><strong>Material Lente:<\/strong> Policarbonato (PC)<\/li>\n<li><strong>Certificaciones:<\/strong> Class I, Division 1 \/ Class II, Division 1 \/ Class III, Division 1 \/ IECEx ia<\/li>\n<li><strong>Resistencia al Agua:<\/strong> IPX8 (1m)<\/li>\n<li><strong>CRI:<\/strong> 90+ (Correct Color Technology)<\/li>\n<\/ul>\n<h3 style=\"font-size: 16px;\">Especificaciones de Luz (FL1 Standard)<\/h3>\n<table>\n<tbody>\n<tr>\n<th>Modo<\/th>\n<th>Spot \/ Flood<\/th>\n<th>Flood<\/th>\n<th>Spot<\/th>\n<\/tr>\n<tr>\n<td>Salida de Luz (L\u00famenes)<\/td>\n<td>258<\/td>\n<td>127<\/td>\n<td>144<\/td>\n<\/tr>\n<tr>\n<td>Tiempo de Funcionamiento<\/td>\n<td>5h 0m<\/td>\n<td>13h 0m<\/td>\n<td>13h 0m<\/td>\n<\/tr>\n<tr>\n<td>Distancia del Haz<\/td>\n<td>111m<\/td>\n<td>30m<\/td>\n<td>109m<\/td>\n<\/tr>\n<tr>\n<td>Intensidad del Haz<\/td>\n<td>3109cd<\/td>\n<td>231cd<\/td>\n<td>2998cd<\/td>\n<\/tr>\n<tr>\n<td>Resistencia al Agua<\/td>\n<td colspan=\"3\">IPX8 (1m)<\/td>\n<\/tr>\n<\/tbody>\n<\/table>\n<\/div>\n<\/div>\n","protected":false},"excerpt":{"rendered":"<p>La <strong data-start=\"109\" data-end=\"143\">linterna Pelican Correct Color<\/strong> con 258 l\u00famenes y tecnolog\u00eda CRI 90+ te ofrece una visi\u00f3n precisa de los colores, ideal para trabajos el\u00e9ctricos. Con tres modos (haz concentrado, difuso o ambos), esta linterna tiene un alcance de hasta 111 metros y cuenta con certificaci\u00f3n de seguridad Clase I, II, III Divisi\u00f3n 1. Resistente al agua con clasificaci\u00f3n IPX8.<\/p>\n","protected":false},"featured_media":624,"template":"","meta":{"site-sidebar-layout":"default","site-content-layout":"","ast-site-content-layout":"default","site-content-style":"default","site-sidebar-style":"default","ast-global-header-display":"","ast-banner-title-visibility":"","ast-main-header-display":"","ast-hfb-above-header-display":"","ast-hfb-below-header-display":"","ast-hfb-mobile-header-display":"","site-post-title":"","ast-breadcrumbs-content":"","ast-featured-img":"","footer-sml-layout":"","ast-disable-related-posts":"","theme-transparent-header-meta":"default","adv-header-id-meta":"","stick-header-meta":"","header-above-stick-meta":"","header-main-stick-meta":"","header-below-stick-meta":"","astra-migrate-meta-layouts":"set","ast-page-background-enabled":"default","ast-page-background-meta":{"desktop":{"background-color":"var(--ast-global-color-5)","background-image":"","background-repeat":"repeat","background-position":"center center","background-size":"auto","background-attachment":"scroll","background-type":"","background-media":"","overlay-type":"","overlay-color":"","overlay-opacity":"","overlay-gradient":""},"tablet":{"background-color":"","background-image":"","background-repeat":"repeat","background-position":"center center","background-size":"auto","background-attachment":"scroll","background-type":"","background-media":"","overlay-type":"","overlay-color":"","overlay-opacity":"","overlay-gradient":""},"mobile":{"background-color":"","background-image":"","background-repeat":"repeat","background-position":"center center","background-size":"auto","background-attachment":"scroll","background-type":"","background-media":"","overlay-type":"","overlay-color":"","overlay-opacity":"","overlay-gradient":""}},"ast-content-background-meta":{"desktop":{"background-color":"var(--ast-global-color-4)","background-image":"","background-repeat":"repeat","background-position":"center center","background-size":"auto","background-attachment":"scroll","background-type":"","background-media":"","overlay-type":"","overlay-color":"","overlay-opacity":"","overlay-gradient":""},"tablet":{"background-color":"var(--ast-global-color-4)","background-image":"","background-repeat":"repeat","background-position":"center center","background-size":"auto","background-attachment":"scroll","background-type":"","background-media":"","overlay-type":"","overlay-color":"","overlay-opacity":"","overlay-gradient":""},"mobile":{"background-color":"var(--ast-global-color-4)","background-image":"","background-repeat":"repeat","background-position":"center center","background-size":"auto","background-attachment":"scroll","background-type":"","background-media":"","overlay-type":"","overlay-color":"","overlay-opacity":"","overlay-gradient":""}}},"product_brand":[],"product_cat":[19,277,39],"product_tag":[204,203,198,91,201,80,74,45,202,197],"class_list":{"0":"post-608","1":"product","2":"type-product","3":"status-publish","4":"has-post-thumbnail","6":"product_cat-iluminacion-y-proteccion-de-equipos","7":"product_cat-linternas-correct-color","8":"product_cat-linternas-de-seguridad","9":"product_tag-linterna-258-lumenes","10":"product_tag-linterna-atex","11":"product_tag-linterna-cri-alto","12":"product_tag-linterna-de-trabajo","13":"product_tag-linterna-electrica-segura","14":"product_tag-linterna-industrial","15":"product_tag-linterna-ipx8","16":"product_tag-linterna-led","17":"product_tag-linterna-para-cables","18":"product_tag-pelican-correct-color","19":"desktop-align-center","20":"tablet-align-left","21":"mobile-align-left","23":"first","24":"instock","25":"shipping-taxable","26":"product-type-simple"},"yoast_head":"<!-- This site is optimized with the Yoast SEO plugin v27.5 - https:\/\/yoast.com\/product\/yoast-seo-wordpress\/ -->\n<title>3415MCC Linterna de \u00c1ngulo Recto - Grupo Nasca<\/title>\n<meta name=\"description\" content=\"Linterna Pelican Correct Color con 258 l\u00famenes y CRI 90+ para una visi\u00f3n precisa de colores, con 3 modos de iluminaci\u00f3n, alcance de 111 metros\" \/>\n<meta name=\"robots\" content=\"index, follow, max-snippet:-1, max-image-preview:large, max-video-preview:-1\" \/>\n<link rel=\"canonical\" href=\"https:\/\/gruponasca.com.pe\/index.php\/producto\/3415mcc-linterna-de-angulo-recto\/\" \/>\n<meta property=\"og:locale\" content=\"es_ES\" \/>\n<meta property=\"og:type\" content=\"article\" \/>\n<meta property=\"og:title\" content=\"3415MCC Linterna de \u00c1ngulo Recto - Grupo Nasca\" \/>\n<meta property=\"og:description\" content=\"Linterna Pelican Correct Color con 258 l\u00famenes y CRI 90+ para una visi\u00f3n precisa de colores, con 3 modos de iluminaci\u00f3n, alcance de 111 metros\" \/>\n<meta property=\"og:url\" content=\"https:\/\/gruponasca.com.pe\/index.php\/producto\/3415mcc-linterna-de-angulo-recto\/\" \/>\n<meta property=\"og:site_name\" content=\"Grupo Nasca\" \/>\n<meta property=\"article:modified_time\" content=\"2025-09-24T06:32:42+00:00\" \/>\n<meta property=\"og:image\" content=\"https:\/\/gruponasca.com.pe\/wp-content\/uploads\/2025\/09\/3415MCC.jpg\" \/>\n\t<meta property=\"og:image:width\" content=\"500\" \/>\n\t<meta property=\"og:image:height\" content=\"500\" \/>\n\t<meta property=\"og:image:type\" content=\"image\/jpeg\" \/>\n<meta name=\"twitter:card\" content=\"summary_large_image\" \/>\n<meta name=\"twitter:label1\" content=\"Tiempo de lectura\" \/>\n\t<meta name=\"twitter:data1\" content=\"2 minutos\" \/>\n<script type=\"application\/ld+json\" class=\"yoast-schema-graph\">{\"@context\":\"https:\\\/\\\/schema.org\",\"@graph\":[{\"@type\":\"WebPage\",\"@id\":\"https:\\\/\\\/gruponasca.com.pe\\\/index.php\\\/producto\\\/3415mcc-linterna-de-angulo-recto\\\/\",\"url\":\"https:\\\/\\\/gruponasca.com.pe\\\/index.php\\\/producto\\\/3415mcc-linterna-de-angulo-recto\\\/\",\"name\":\"3415MCC Linterna de \u00c1ngulo Recto - Grupo Nasca\",\"isPartOf\":{\"@id\":\"https:\\\/\\\/gruponasca.com.pe\\\/#website\"},\"primaryImageOfPage\":{\"@id\":\"https:\\\/\\\/gruponasca.com.pe\\\/index.php\\\/producto\\\/3415mcc-linterna-de-angulo-recto\\\/#primaryimage\"},\"image\":{\"@id\":\"https:\\\/\\\/gruponasca.com.pe\\\/index.php\\\/producto\\\/3415mcc-linterna-de-angulo-recto\\\/#primaryimage\"},\"thumbnailUrl\":\"https:\\\/\\\/gruponasca.com.pe\\\/wp-content\\\/uploads\\\/2025\\\/09\\\/3415MCC.jpg\",\"datePublished\":\"2025-09-24T03:52:50+00:00\",\"dateModified\":\"2025-09-24T06:32:42+00:00\",\"description\":\"Linterna Pelican Correct Color con 258 l\u00famenes y CRI 90+ para una visi\u00f3n precisa de colores, con 3 modos de iluminaci\u00f3n, alcance de 111 metros\",\"breadcrumb\":{\"@id\":\"https:\\\/\\\/gruponasca.com.pe\\\/index.php\\\/producto\\\/3415mcc-linterna-de-angulo-recto\\\/#breadcrumb\"},\"inLanguage\":\"es\",\"potentialAction\":[{\"@type\":\"ReadAction\",\"target\":[\"https:\\\/\\\/gruponasca.com.pe\\\/index.php\\\/producto\\\/3415mcc-linterna-de-angulo-recto\\\/\"]}]},{\"@type\":\"ImageObject\",\"inLanguage\":\"es\",\"@id\":\"https:\\\/\\\/gruponasca.com.pe\\\/index.php\\\/producto\\\/3415mcc-linterna-de-angulo-recto\\\/#primaryimage\",\"url\":\"https:\\\/\\\/gruponasca.com.pe\\\/wp-content\\\/uploads\\\/2025\\\/09\\\/3415MCC.jpg\",\"contentUrl\":\"https:\\\/\\\/gruponasca.com.pe\\\/wp-content\\\/uploads\\\/2025\\\/09\\\/3415MCC.jpg\",\"width\":500,\"height\":500},{\"@type\":\"BreadcrumbList\",\"@id\":\"https:\\\/\\\/gruponasca.com.pe\\\/index.php\\\/producto\\\/3415mcc-linterna-de-angulo-recto\\\/#breadcrumb\",\"itemListElement\":[{\"@type\":\"ListItem\",\"position\":1,\"name\":\"Portada\",\"item\":\"https:\\\/\\\/gruponasca.com.pe\\\/\"},{\"@type\":\"ListItem\",\"position\":2,\"name\":\"Productos\",\"item\":\"https:\\\/\\\/gruponasca.com.pe\\\/index.php\\\/productos\\\/\"},{\"@type\":\"ListItem\",\"position\":3,\"name\":\"3415MCC Linterna de \u00c1ngulo Recto\"}]},{\"@type\":\"WebSite\",\"@id\":\"https:\\\/\\\/gruponasca.com.pe\\\/#website\",\"url\":\"https:\\\/\\\/gruponasca.com.pe\\\/\",\"name\":\"Grupo Nasca SAC\",\"description\":\"Seguridad Industrial y Herramientas de Calidad\",\"publisher\":{\"@id\":\"https:\\\/\\\/gruponasca.com.pe\\\/#organization\"},\"potentialAction\":[{\"@type\":\"SearchAction\",\"target\":{\"@type\":\"EntryPoint\",\"urlTemplate\":\"https:\\\/\\\/gruponasca.com.pe\\\/?s={search_term_string}\"},\"query-input\":{\"@type\":\"PropertyValueSpecification\",\"valueRequired\":true,\"valueName\":\"search_term_string\"}}],\"inLanguage\":\"es\"},{\"@type\":\"Organization\",\"@id\":\"https:\\\/\\\/gruponasca.com.pe\\\/#organization\",\"name\":\"Grupo Nasca SAC\",\"url\":\"https:\\\/\\\/gruponasca.com.pe\\\/\",\"logo\":{\"@type\":\"ImageObject\",\"inLanguage\":\"es\",\"@id\":\"https:\\\/\\\/gruponasca.com.pe\\\/#\\\/schema\\\/logo\\\/image\\\/\",\"url\":\"https:\\\/\\\/gruponasca.com.pe\\\/wp-content\\\/uploads\\\/2025\\\/09\\\/cropped-icono_conasac-scaled-1.jpg\",\"contentUrl\":\"https:\\\/\\\/gruponasca.com.pe\\\/wp-content\\\/uploads\\\/2025\\\/09\\\/cropped-icono_conasac-scaled-1.jpg\",\"width\":512,\"height\":512,\"caption\":\"Grupo Nasca SAC\"},\"image\":{\"@id\":\"https:\\\/\\\/gruponasca.com.pe\\\/#\\\/schema\\\/logo\\\/image\\\/\"}}]}<\/script>\n<!-- \/ Yoast SEO plugin. -->","yoast_head_json":{"title":"3415MCC Linterna de \u00c1ngulo Recto - Grupo Nasca","description":"Linterna Pelican Correct Color con 258 l\u00famenes y CRI 90+ para una visi\u00f3n precisa de colores, con 3 modos de iluminaci\u00f3n, alcance de 111 metros","robots":{"index":"index","follow":"follow","max-snippet":"max-snippet:-1","max-image-preview":"max-image-preview:large","max-video-preview":"max-video-preview:-1"},"canonical":"https:\/\/gruponasca.com.pe\/index.php\/producto\/3415mcc-linterna-de-angulo-recto\/","og_locale":"es_ES","og_type":"article","og_title":"3415MCC Linterna de \u00c1ngulo Recto - Grupo Nasca","og_description":"Linterna Pelican Correct Color con 258 l\u00famenes y CRI 90+ para una visi\u00f3n precisa de colores, con 3 modos de iluminaci\u00f3n, alcance de 111 metros","og_url":"https:\/\/gruponasca.com.pe\/index.php\/producto\/3415mcc-linterna-de-angulo-recto\/","og_site_name":"Grupo Nasca","article_modified_time":"2025-09-24T06:32:42+00:00","og_image":[{"width":500,"height":500,"url":"https:\/\/gruponasca.com.pe\/wp-content\/uploads\/2025\/09\/3415MCC.jpg","type":"image\/jpeg"}],"twitter_card":"summary_large_image","twitter_misc":{"Tiempo de lectura":"2 minutos"},"schema":{"@context":"https:\/\/schema.org","@graph":[{"@type":"WebPage","@id":"https:\/\/gruponasca.com.pe\/index.php\/producto\/3415mcc-linterna-de-angulo-recto\/","url":"https:\/\/gruponasca.com.pe\/index.php\/producto\/3415mcc-linterna-de-angulo-recto\/","name":"3415MCC Linterna de \u00c1ngulo Recto - Grupo Nasca","isPartOf":{"@id":"https:\/\/gruponasca.com.pe\/#website"},"primaryImageOfPage":{"@id":"https:\/\/gruponasca.com.pe\/index.php\/producto\/3415mcc-linterna-de-angulo-recto\/#primaryimage"},"image":{"@id":"https:\/\/gruponasca.com.pe\/index.php\/producto\/3415mcc-linterna-de-angulo-recto\/#primaryimage"},"thumbnailUrl":"https:\/\/gruponasca.com.pe\/wp-content\/uploads\/2025\/09\/3415MCC.jpg","datePublished":"2025-09-24T03:52:50+00:00","dateModified":"2025-09-24T06:32:42+00:00","description":"Linterna Pelican Correct Color con 258 l\u00famenes y CRI 90+ para una visi\u00f3n precisa de colores, con 3 modos de iluminaci\u00f3n, alcance de 111 metros","breadcrumb":{"@id":"https:\/\/gruponasca.com.pe\/index.php\/producto\/3415mcc-linterna-de-angulo-recto\/#breadcrumb"},"inLanguage":"es","potentialAction":[{"@type":"ReadAction","target":["https:\/\/gruponasca.com.pe\/index.php\/producto\/3415mcc-linterna-de-angulo-recto\/"]}]},{"@type":"ImageObject","inLanguage":"es","@id":"https:\/\/gruponasca.com.pe\/index.php\/producto\/3415mcc-linterna-de-angulo-recto\/#primaryimage","url":"https:\/\/gruponasca.com.pe\/wp-content\/uploads\/2025\/09\/3415MCC.jpg","contentUrl":"https:\/\/gruponasca.com.pe\/wp-content\/uploads\/2025\/09\/3415MCC.jpg","width":500,"height":500},{"@type":"BreadcrumbList","@id":"https:\/\/gruponasca.com.pe\/index.php\/producto\/3415mcc-linterna-de-angulo-recto\/#breadcrumb","itemListElement":[{"@type":"ListItem","position":1,"name":"Portada","item":"https:\/\/gruponasca.com.pe\/"},{"@type":"ListItem","position":2,"name":"Productos","item":"https:\/\/gruponasca.com.pe\/index.php\/productos\/"},{"@type":"ListItem","position":3,"name":"3415MCC Linterna de \u00c1ngulo Recto"}]},{"@type":"WebSite","@id":"https:\/\/gruponasca.com.pe\/#website","url":"https:\/\/gruponasca.com.pe\/","name":"Grupo Nasca SAC","description":"Seguridad Industrial y Herramientas de Calidad","publisher":{"@id":"https:\/\/gruponasca.com.pe\/#organization"},"potentialAction":[{"@type":"SearchAction","target":{"@type":"EntryPoint","urlTemplate":"https:\/\/gruponasca.com.pe\/?s={search_term_string}"},"query-input":{"@type":"PropertyValueSpecification","valueRequired":true,"valueName":"search_term_string"}}],"inLanguage":"es"},{"@type":"Organization","@id":"https:\/\/gruponasca.com.pe\/#organization","name":"Grupo Nasca SAC","url":"https:\/\/gruponasca.com.pe\/","logo":{"@type":"ImageObject","inLanguage":"es","@id":"https:\/\/gruponasca.com.pe\/#\/schema\/logo\/image\/","url":"https:\/\/gruponasca.com.pe\/wp-content\/uploads\/2025\/09\/cropped-icono_conasac-scaled-1.jpg","contentUrl":"https:\/\/gruponasca.com.pe\/wp-content\/uploads\/2025\/09\/cropped-icono_conasac-scaled-1.jpg","width":512,"height":512,"caption":"Grupo Nasca SAC"},"image":{"@id":"https:\/\/gruponasca.com.pe\/#\/schema\/logo\/image\/"}}]}},"_links":{"self":[{"href":"https:\/\/gruponasca.com.pe\/index.php\/wp-json\/wp\/v2\/product\/608","targetHints":{"allow":["GET"]}}],"collection":[{"href":"https:\/\/gruponasca.com.pe\/index.php\/wp-json\/wp\/v2\/product"}],"about":[{"href":"https:\/\/gruponasca.com.pe\/index.php\/wp-json\/wp\/v2\/types\/product"}],"wp:featuredmedia":[{"embeddable":true,"href":"https:\/\/gruponasca.com.pe\/index.php\/wp-json\/wp\/v2\/media\/624"}],"wp:attachment":[{"href":"https:\/\/gruponasca.com.pe\/index.php\/wp-json\/wp\/v2\/media?parent=608"}],"wp:term":[{"taxonomy":"product_brand","embeddable":true,"href":"https:\/\/gruponasca.com.pe\/index.php\/wp-json\/wp\/v2\/product_brand?post=608"},{"taxonomy":"product_cat","embeddable":true,"href":"https:\/\/gruponasca.com.pe\/index.php\/wp-json\/wp\/v2\/product_cat?post=608"},{"taxonomy":"product_tag","embeddable":true,"href":"https:\/\/gruponasca.com.pe\/index.php\/wp-json\/wp\/v2\/product_tag?post=608"}],"curies":[{"name":"wp","href":"https:\/\/api.w.org\/{rel}","templated":true}]}}