{"id":581,"date":"2025-09-24T02:52:55","date_gmt":"2025-09-24T02:52:55","guid":{"rendered":"https:\/\/dots-interactive.com\/desarrollo\/nasca\/?post_type=product&#038;p=581"},"modified":"2025-09-24T03:07:41","modified_gmt":"2025-09-24T03:07:41","slug":"2720-linterna-frontal","status":"publish","type":"product","link":"https:\/\/gruponasca.com.pe\/index.php\/producto\/2720-linterna-frontal\/","title":{"rendered":"2720 Linterna Frontal"},"content":{"rendered":"<p><span style=\"font-size: 16px;\">Control de activaci\u00f3n gestual, Rendimiento lum\u00ednico variable, Doble LED rojo para visi\u00f3n nocturna. El uso de guantes y tener las manos h\u00famedas o grasientas ya no son un problema con la 2720 con tecnolog\u00eda\u00a0<\/span><strong style=\"font-size: 16px;\">de control de activaci\u00f3n gestual<\/strong><span style=\"font-size: 16px;\">. Enciende la linterna con un gesto de la mano. Entre las caracter\u00edsticas adicionales se incluyen luces de baja intensidad de color rojo compatibles con los dispositivos de visi\u00f3n nocturna. Luz intermitente de color rojo (se\u00f1alizaci\u00f3n de emergencias). La transici\u00f3n de 4 posiciones proporciona un haz amplio o penetrante. Proporciona un rendimiento lum\u00ednico del 100%-10%.<\/span><\/p>\n<div class=\"col-lg-8 col-xs-12\">\n<ul id=\"pdp-bullets\" class=\"pl-20\">\n<li>200 Lumens<\/li>\n<li>Visi\u00f3n nocturna<\/li>\n<li>Resistencia Pelican<\/li>\n<li>AHORA CON NUEVAS ESPECIFICACIONES MEJORADAS<\/li>\n<li>Dise\u00f1o manos libres<\/li>\n<\/ul>\n<div class=\"product-specs\">\n<h2 style=\"font-size: 18px;\">Especificaciones<\/h2>\n<ul>\n<li><strong>Longitud:<\/strong> 6.3 cm<\/li>\n<li><strong>Peso con pilas:<\/strong> 108 gr<\/li>\n<li><strong>Peso sin pilas:<\/strong> 74 gr<\/li>\n<li><strong>Interruptor:<\/strong> Activaci\u00f3n por Gestos<\/li>\n<li><strong>Modos de Iluminaci\u00f3n:<\/strong> Variable \/ Visi\u00f3n Nocturna \/ Se\u00f1alizaci\u00f3n<\/li>\n<li><strong>Tipo de Pilas:<\/strong> Alkaline, AAA (3 pilas incluidas)<\/li>\n<li><strong>Voltaje:<\/strong> 4.5 V<\/li>\n<li><strong>Material Cuerpo:<\/strong> ABS<\/li>\n<li><strong>Material Lente:<\/strong> Policarbonato (PC)<\/li>\n<li><strong>Certificaciones:<\/strong> No especificado<\/li>\n<\/ul>\n<h3 style=\"font-size: 16px;\">Especificaciones de Luz (FL1 Standard)<\/h3>\n<table>\n<tbody>\n<tr>\n<th>Modo<\/th>\n<th>Alto<\/th>\n<th>Bajo<\/th>\n<\/tr>\n<tr>\n<td>Salida de Luz (L\u00famenes)<\/td>\n<td>200<\/td>\n<td>12<\/td>\n<\/tr>\n<tr>\n<td>Tiempo de Funcionamiento<\/td>\n<td>3h 0m<\/td>\n<td>103h 0m<\/td>\n<\/tr>\n<tr>\n<td>Distancia del Haz<\/td>\n<td>82m<\/td>\n<td>20m<\/td>\n<\/tr>\n<tr>\n<td>Intensidad del Haz<\/td>\n<td>1684cd<\/td>\n<td>103cd<\/td>\n<\/tr>\n<tr>\n<td>Resistencia al Agua<\/td>\n<td colspan=\"2\">IPX4<\/td>\n<\/tr>\n<\/tbody>\n<\/table>\n<\/div>\n<\/div>\n","protected":false},"excerpt":{"rendered":"<p data-start=\"23\" data-end=\"569\">La <strong data-start=\"26\" data-end=\"43\">Pelican\u2122 2720<\/strong> es una <strong data-start=\"51\" data-end=\"85\">linterna de activaci\u00f3n gestual<\/strong> de alto rendimiento, dise\u00f1ada para un control f\u00e1cil incluso con guantes o manos mojadas. Ofrece hasta <strong data-start=\"188\" data-end=\"203\">200 l\u00famenes<\/strong> de potencia, con modos variables de iluminaci\u00f3n, visi\u00f3n nocturna con LED rojo y se\u00f1alizaci\u00f3n de emergencia intermitente. Su tecnolog\u00eda avanzada permite una transici\u00f3n fluida entre <strong data-start=\"384\" data-end=\"400\">4 posiciones<\/strong> de haz, adapt\u00e1ndose a diversas necesidades de trabajo. Ideal para entornos dif\u00edciles, con una resistencia a condiciones extremas y una autonom\u00eda de hasta <strong data-start=\"555\" data-end=\"568\">103 horas<\/strong>.<\/p>\n","protected":false},"featured_media":585,"template":"","meta":{"site-sidebar-layout":"default","site-content-layout":"","ast-site-content-layout":"default","site-content-style":"default","site-sidebar-style":"default","ast-global-header-display":"","ast-banner-title-visibility":"","ast-main-header-display":"","ast-hfb-above-header-display":"","ast-hfb-below-header-display":"","ast-hfb-mobile-header-display":"","site-post-title":"","ast-breadcrumbs-content":"","ast-featured-img":"","footer-sml-layout":"","ast-disable-related-posts":"","theme-transparent-header-meta":"default","adv-header-id-meta":"","stick-header-meta":"","header-above-stick-meta":"","header-main-stick-meta":"","header-below-stick-meta":"","astra-migrate-meta-layouts":"set","ast-page-background-enabled":"default","ast-page-background-meta":{"desktop":{"background-color":"var(--ast-global-color-5)","background-image":"","background-repeat":"repeat","background-position":"center center","background-size":"auto","background-attachment":"scroll","background-type":"","background-media":"","overlay-type":"","overlay-color":"","overlay-opacity":"","overlay-gradient":""},"tablet":{"background-color":"","background-image":"","background-repeat":"repeat","background-position":"center center","background-size":"auto","background-attachment":"scroll","background-type":"","background-media":"","overlay-type":"","overlay-color":"","overlay-opacity":"","overlay-gradient":""},"mobile":{"background-color":"","background-image":"","background-repeat":"repeat","background-position":"center center","background-size":"auto","background-attachment":"scroll","background-type":"","background-media":"","overlay-type":"","overlay-color":"","overlay-opacity":"","overlay-gradient":""}},"ast-content-background-meta":{"desktop":{"background-color":"var(--ast-global-color-4)","background-image":"","background-repeat":"repeat","background-position":"center center","background-size":"auto","background-attachment":"scroll","background-type":"","background-media":"","overlay-type":"","overlay-color":"","overlay-opacity":"","overlay-gradient":""},"tablet":{"background-color":"var(--ast-global-color-4)","background-image":"","background-repeat":"repeat","background-position":"center center","background-size":"auto","background-attachment":"scroll","background-type":"","background-media":"","overlay-type":"","overlay-color":"","overlay-opacity":"","overlay-gradient":""},"mobile":{"background-color":"var(--ast-global-color-4)","background-image":"","background-repeat":"repeat","background-position":"center center","background-size":"auto","background-attachment":"scroll","background-type":"","background-media":"","overlay-type":"","overlay-color":"","overlay-opacity":"","overlay-gradient":""}}},"product_brand":[],"product_cat":[19,39,134],"product_tag":[53,157,160,159,140,161,158,72],"class_list":{"0":"post-581","1":"product","2":"type-product","3":"status-publish","4":"has-post-thumbnail","6":"product_cat-iluminacion-y-proteccion-de-equipos","7":"product_cat-linternas-de-seguridad","8":"product_cat-linternas-frontales","9":"product_tag-iluminacion-led","10":"product_tag-linterna-de-activacion-gestual","11":"product_tag-linterna-de-senalizacion","12":"product_tag-linterna-de-vision-nocturna","13":"product_tag-linterna-manos-libres","14":"product_tag-linterna-para-trabajo","15":"product_tag-linterna-pelican-2720","16":"product_tag-linterna-resistente-al-agua","17":"desktop-align-center","18":"tablet-align-left","19":"mobile-align-left","21":"first","22":"instock","23":"shipping-taxable","24":"product-type-simple"},"yoast_head":"<!-- This site is optimized with the Yoast SEO plugin v27.5 - https:\/\/yoast.com\/product\/yoast-seo-wordpress\/ -->\n<title>2720 Linterna Frontal - Grupo Nasca<\/title>\n<meta name=\"description\" content=\"La Pelican\u2122 2720 es una linterna de activaci\u00f3n gestual con 200 l\u00famenes, modos de iluminaci\u00f3n variables, visi\u00f3n nocturna, y hasta 103 horas de autonom\u00eda.\" \/>\n<meta name=\"robots\" content=\"index, follow, max-snippet:-1, max-image-preview:large, max-video-preview:-1\" \/>\n<link rel=\"canonical\" href=\"https:\/\/gruponasca.com.pe\/index.php\/producto\/2720-linterna-frontal\/\" \/>\n<meta property=\"og:locale\" content=\"es_ES\" \/>\n<meta property=\"og:type\" content=\"article\" \/>\n<meta property=\"og:title\" content=\"2720 Linterna Frontal - Grupo Nasca\" \/>\n<meta property=\"og:description\" content=\"La Pelican\u2122 2720 es una linterna de activaci\u00f3n gestual con 200 l\u00famenes, modos de iluminaci\u00f3n variables, visi\u00f3n nocturna, y hasta 103 horas de autonom\u00eda.\" \/>\n<meta property=\"og:url\" content=\"https:\/\/gruponasca.com.pe\/index.php\/producto\/2720-linterna-frontal\/\" \/>\n<meta property=\"og:site_name\" content=\"Grupo Nasca\" \/>\n<meta property=\"article:modified_time\" content=\"2025-09-24T03:07:41+00:00\" \/>\n<meta property=\"og:image\" content=\"https:\/\/gruponasca.com.pe\/wp-content\/uploads\/2025\/09\/2720interna-Frontal.jpg\" \/>\n\t<meta property=\"og:image:width\" content=\"500\" \/>\n\t<meta property=\"og:image:height\" content=\"500\" \/>\n\t<meta property=\"og:image:type\" content=\"image\/jpeg\" \/>\n<meta name=\"twitter:card\" content=\"summary_large_image\" \/>\n<meta name=\"twitter:label1\" content=\"Tiempo de lectura\" \/>\n\t<meta name=\"twitter:data1\" content=\"2 minutos\" \/>\n<script type=\"application\/ld+json\" class=\"yoast-schema-graph\">{\"@context\":\"https:\\\/\\\/schema.org\",\"@graph\":[{\"@type\":\"WebPage\",\"@id\":\"https:\\\/\\\/gruponasca.com.pe\\\/index.php\\\/producto\\\/2720-linterna-frontal\\\/\",\"url\":\"https:\\\/\\\/gruponasca.com.pe\\\/index.php\\\/producto\\\/2720-linterna-frontal\\\/\",\"name\":\"2720 Linterna Frontal - Grupo Nasca\",\"isPartOf\":{\"@id\":\"https:\\\/\\\/gruponasca.com.pe\\\/#website\"},\"primaryImageOfPage\":{\"@id\":\"https:\\\/\\\/gruponasca.com.pe\\\/index.php\\\/producto\\\/2720-linterna-frontal\\\/#primaryimage\"},\"image\":{\"@id\":\"https:\\\/\\\/gruponasca.com.pe\\\/index.php\\\/producto\\\/2720-linterna-frontal\\\/#primaryimage\"},\"thumbnailUrl\":\"https:\\\/\\\/gruponasca.com.pe\\\/wp-content\\\/uploads\\\/2025\\\/09\\\/2720interna-Frontal.jpg\",\"datePublished\":\"2025-09-24T02:52:55+00:00\",\"dateModified\":\"2025-09-24T03:07:41+00:00\",\"description\":\"La Pelican\u2122 2720 es una linterna de activaci\u00f3n gestual con 200 l\u00famenes, modos de iluminaci\u00f3n variables, visi\u00f3n nocturna, y hasta 103 horas de autonom\u00eda.\",\"breadcrumb\":{\"@id\":\"https:\\\/\\\/gruponasca.com.pe\\\/index.php\\\/producto\\\/2720-linterna-frontal\\\/#breadcrumb\"},\"inLanguage\":\"es\",\"potentialAction\":[{\"@type\":\"ReadAction\",\"target\":[\"https:\\\/\\\/gruponasca.com.pe\\\/index.php\\\/producto\\\/2720-linterna-frontal\\\/\"]}]},{\"@type\":\"ImageObject\",\"inLanguage\":\"es\",\"@id\":\"https:\\\/\\\/gruponasca.com.pe\\\/index.php\\\/producto\\\/2720-linterna-frontal\\\/#primaryimage\",\"url\":\"https:\\\/\\\/gruponasca.com.pe\\\/wp-content\\\/uploads\\\/2025\\\/09\\\/2720interna-Frontal.jpg\",\"contentUrl\":\"https:\\\/\\\/gruponasca.com.pe\\\/wp-content\\\/uploads\\\/2025\\\/09\\\/2720interna-Frontal.jpg\",\"width\":500,\"height\":500},{\"@type\":\"BreadcrumbList\",\"@id\":\"https:\\\/\\\/gruponasca.com.pe\\\/index.php\\\/producto\\\/2720-linterna-frontal\\\/#breadcrumb\",\"itemListElement\":[{\"@type\":\"ListItem\",\"position\":1,\"name\":\"Portada\",\"item\":\"https:\\\/\\\/gruponasca.com.pe\\\/\"},{\"@type\":\"ListItem\",\"position\":2,\"name\":\"Productos\",\"item\":\"https:\\\/\\\/gruponasca.com.pe\\\/index.php\\\/productos\\\/\"},{\"@type\":\"ListItem\",\"position\":3,\"name\":\"2720 Linterna Frontal\"}]},{\"@type\":\"WebSite\",\"@id\":\"https:\\\/\\\/gruponasca.com.pe\\\/#website\",\"url\":\"https:\\\/\\\/gruponasca.com.pe\\\/\",\"name\":\"Grupo Nasca SAC\",\"description\":\"Seguridad Industrial y Herramientas de Calidad\",\"publisher\":{\"@id\":\"https:\\\/\\\/gruponasca.com.pe\\\/#organization\"},\"potentialAction\":[{\"@type\":\"SearchAction\",\"target\":{\"@type\":\"EntryPoint\",\"urlTemplate\":\"https:\\\/\\\/gruponasca.com.pe\\\/?s={search_term_string}\"},\"query-input\":{\"@type\":\"PropertyValueSpecification\",\"valueRequired\":true,\"valueName\":\"search_term_string\"}}],\"inLanguage\":\"es\"},{\"@type\":\"Organization\",\"@id\":\"https:\\\/\\\/gruponasca.com.pe\\\/#organization\",\"name\":\"Grupo Nasca SAC\",\"url\":\"https:\\\/\\\/gruponasca.com.pe\\\/\",\"logo\":{\"@type\":\"ImageObject\",\"inLanguage\":\"es\",\"@id\":\"https:\\\/\\\/gruponasca.com.pe\\\/#\\\/schema\\\/logo\\\/image\\\/\",\"url\":\"https:\\\/\\\/gruponasca.com.pe\\\/wp-content\\\/uploads\\\/2025\\\/09\\\/cropped-icono_conasac-scaled-1.jpg\",\"contentUrl\":\"https:\\\/\\\/gruponasca.com.pe\\\/wp-content\\\/uploads\\\/2025\\\/09\\\/cropped-icono_conasac-scaled-1.jpg\",\"width\":512,\"height\":512,\"caption\":\"Grupo Nasca SAC\"},\"image\":{\"@id\":\"https:\\\/\\\/gruponasca.com.pe\\\/#\\\/schema\\\/logo\\\/image\\\/\"}}]}<\/script>\n<!-- \/ Yoast SEO plugin. -->","yoast_head_json":{"title":"2720 Linterna Frontal - Grupo Nasca","description":"La Pelican\u2122 2720 es una linterna de activaci\u00f3n gestual con 200 l\u00famenes, modos de iluminaci\u00f3n variables, visi\u00f3n nocturna, y hasta 103 horas de autonom\u00eda.","robots":{"index":"index","follow":"follow","max-snippet":"max-snippet:-1","max-image-preview":"max-image-preview:large","max-video-preview":"max-video-preview:-1"},"canonical":"https:\/\/gruponasca.com.pe\/index.php\/producto\/2720-linterna-frontal\/","og_locale":"es_ES","og_type":"article","og_title":"2720 Linterna Frontal - Grupo Nasca","og_description":"La Pelican\u2122 2720 es una linterna de activaci\u00f3n gestual con 200 l\u00famenes, modos de iluminaci\u00f3n variables, visi\u00f3n nocturna, y hasta 103 horas de autonom\u00eda.","og_url":"https:\/\/gruponasca.com.pe\/index.php\/producto\/2720-linterna-frontal\/","og_site_name":"Grupo Nasca","article_modified_time":"2025-09-24T03:07:41+00:00","og_image":[{"width":500,"height":500,"url":"https:\/\/gruponasca.com.pe\/wp-content\/uploads\/2025\/09\/2720interna-Frontal.jpg","type":"image\/jpeg"}],"twitter_card":"summary_large_image","twitter_misc":{"Tiempo de lectura":"2 minutos"},"schema":{"@context":"https:\/\/schema.org","@graph":[{"@type":"WebPage","@id":"https:\/\/gruponasca.com.pe\/index.php\/producto\/2720-linterna-frontal\/","url":"https:\/\/gruponasca.com.pe\/index.php\/producto\/2720-linterna-frontal\/","name":"2720 Linterna Frontal - Grupo Nasca","isPartOf":{"@id":"https:\/\/gruponasca.com.pe\/#website"},"primaryImageOfPage":{"@id":"https:\/\/gruponasca.com.pe\/index.php\/producto\/2720-linterna-frontal\/#primaryimage"},"image":{"@id":"https:\/\/gruponasca.com.pe\/index.php\/producto\/2720-linterna-frontal\/#primaryimage"},"thumbnailUrl":"https:\/\/gruponasca.com.pe\/wp-content\/uploads\/2025\/09\/2720interna-Frontal.jpg","datePublished":"2025-09-24T02:52:55+00:00","dateModified":"2025-09-24T03:07:41+00:00","description":"La Pelican\u2122 2720 es una linterna de activaci\u00f3n gestual con 200 l\u00famenes, modos de iluminaci\u00f3n variables, visi\u00f3n nocturna, y hasta 103 horas de autonom\u00eda.","breadcrumb":{"@id":"https:\/\/gruponasca.com.pe\/index.php\/producto\/2720-linterna-frontal\/#breadcrumb"},"inLanguage":"es","potentialAction":[{"@type":"ReadAction","target":["https:\/\/gruponasca.com.pe\/index.php\/producto\/2720-linterna-frontal\/"]}]},{"@type":"ImageObject","inLanguage":"es","@id":"https:\/\/gruponasca.com.pe\/index.php\/producto\/2720-linterna-frontal\/#primaryimage","url":"https:\/\/gruponasca.com.pe\/wp-content\/uploads\/2025\/09\/2720interna-Frontal.jpg","contentUrl":"https:\/\/gruponasca.com.pe\/wp-content\/uploads\/2025\/09\/2720interna-Frontal.jpg","width":500,"height":500},{"@type":"BreadcrumbList","@id":"https:\/\/gruponasca.com.pe\/index.php\/producto\/2720-linterna-frontal\/#breadcrumb","itemListElement":[{"@type":"ListItem","position":1,"name":"Portada","item":"https:\/\/gruponasca.com.pe\/"},{"@type":"ListItem","position":2,"name":"Productos","item":"https:\/\/gruponasca.com.pe\/index.php\/productos\/"},{"@type":"ListItem","position":3,"name":"2720 Linterna Frontal"}]},{"@type":"WebSite","@id":"https:\/\/gruponasca.com.pe\/#website","url":"https:\/\/gruponasca.com.pe\/","name":"Grupo Nasca SAC","description":"Seguridad Industrial y Herramientas de Calidad","publisher":{"@id":"https:\/\/gruponasca.com.pe\/#organization"},"potentialAction":[{"@type":"SearchAction","target":{"@type":"EntryPoint","urlTemplate":"https:\/\/gruponasca.com.pe\/?s={search_term_string}"},"query-input":{"@type":"PropertyValueSpecification","valueRequired":true,"valueName":"search_term_string"}}],"inLanguage":"es"},{"@type":"Organization","@id":"https:\/\/gruponasca.com.pe\/#organization","name":"Grupo Nasca SAC","url":"https:\/\/gruponasca.com.pe\/","logo":{"@type":"ImageObject","inLanguage":"es","@id":"https:\/\/gruponasca.com.pe\/#\/schema\/logo\/image\/","url":"https:\/\/gruponasca.com.pe\/wp-content\/uploads\/2025\/09\/cropped-icono_conasac-scaled-1.jpg","contentUrl":"https:\/\/gruponasca.com.pe\/wp-content\/uploads\/2025\/09\/cropped-icono_conasac-scaled-1.jpg","width":512,"height":512,"caption":"Grupo Nasca SAC"},"image":{"@id":"https:\/\/gruponasca.com.pe\/#\/schema\/logo\/image\/"}}]}},"_links":{"self":[{"href":"https:\/\/gruponasca.com.pe\/index.php\/wp-json\/wp\/v2\/product\/581","targetHints":{"allow":["GET"]}}],"collection":[{"href":"https:\/\/gruponasca.com.pe\/index.php\/wp-json\/wp\/v2\/product"}],"about":[{"href":"https:\/\/gruponasca.com.pe\/index.php\/wp-json\/wp\/v2\/types\/product"}],"wp:featuredmedia":[{"embeddable":true,"href":"https:\/\/gruponasca.com.pe\/index.php\/wp-json\/wp\/v2\/media\/585"}],"wp:attachment":[{"href":"https:\/\/gruponasca.com.pe\/index.php\/wp-json\/wp\/v2\/media?parent=581"}],"wp:term":[{"taxonomy":"product_brand","embeddable":true,"href":"https:\/\/gruponasca.com.pe\/index.php\/wp-json\/wp\/v2\/product_brand?post=581"},{"taxonomy":"product_cat","embeddable":true,"href":"https:\/\/gruponasca.com.pe\/index.php\/wp-json\/wp\/v2\/product_cat?post=581"},{"taxonomy":"product_tag","embeddable":true,"href":"https:\/\/gruponasca.com.pe\/index.php\/wp-json\/wp\/v2\/product_tag?post=581"}],"curies":[{"name":"wp","href":"https:\/\/api.w.org\/{rel}","templated":true}]}}