{"id":580,"date":"2025-09-24T02:44:59","date_gmt":"2025-09-24T02:44:59","guid":{"rendered":"https:\/\/dots-interactive.com\/desarrollo\/nasca\/?post_type=product&#038;p=580"},"modified":"2025-09-24T03:09:56","modified_gmt":"2025-09-24T03:09:56","slug":"2785-linterna-frontal","status":"publish","type":"product","link":"https:\/\/gruponasca.com.pe\/index.php\/producto\/2785-linterna-frontal\/","title":{"rendered":"2785 Linterna Frontal"},"content":{"rendered":"<div class=\"col-lg-4 col-md-10 col-lg-offset-0\">\n<p>\u00a1Por fin una linterna para la cabeza con certificaci\u00f3n de seguridad de alto rendimiento\/tiempo prolongado de duraci\u00f3n! Con certificaci\u00f3n IECEx, Clase I, Divisi\u00f3n 1, la 2785 ofrece LED principal, hacia abajo, intermitente y una combinaci\u00f3n de modos LED. El LED principal concentrado proporciona un haz de gran distancia mientras el LED hacia abajo proyecta un haz de luz disperso establecido a un \u00e1ngulo descendente de 45\u00b0. Este haz \u201chacia abajo\u201d ofrece varios beneficios que incluyen recorridos iluminados m\u00e1s seguros, capacidad de lectura, as\u00ed como tambi\u00e9n aplicaciones convenientes cara a cara. Las opciones son numerosas ya que cada modo se proporciona de una manera sencilla para seleccionar configuraciones alta, media o baja. El paquete de bater\u00edas montado en la parte trasera est\u00e1 equipado con un indicador de nivel de bater\u00eda de tiempo completo adem\u00e1s de un LED rojo orientado hacia atr\u00e1s para mayor seguridad. Con m\u00e1s de 200 l\u00famenes de rendimiento de luz de alta intensidad disponibles, acoplados con la capacidad de durar hasta 100 horas en la configuraci\u00f3n baja, la 2785 respaldar\u00e1 pr\u00e1cticamente todas sus necesidades de iluminaci\u00f3n con manos libres. Todo esto en un producto que cuenta con certificaciones intr\u00ednsicamente seguras.<\/p>\n<\/div>\n<div class=\"col-lg-8 col-xs-12\">\n<ul id=\"pdp-bullets\" class=\"pl-20\">\n<li>215 Lumens<\/li>\n<li>Indicaci\u00f3n de nivel de bater\u00eda de tiempo completo<\/li>\n<li>Se incluyen correas de tela y de goma<\/li>\n<li>Dos haces de luz que incluyen tecnolog\u00eda LED hacia abajo<\/li>\n<li>Cabezal pivotante para direccionar el haz (70\u00b0)<\/li>\n<li>LED rojo posterior con dos modos de funcionamiento<\/li>\n<li>4 alcalinas pilas AA (incluidas)<\/li>\n<li>3 niveles de luces<\/li>\n<li>Includes Full Time Battery Status Indication<\/li>\n<\/ul>\n<div class=\"product-specs\">\n<h2 style=\"font-size: 18px;\">Especificaciones<\/h2>\n<ul>\n<li><strong>Longitud:<\/strong> 7.6 cm<\/li>\n<li><strong>Peso con pilas:<\/strong> 249 gr<\/li>\n<li><strong>Peso sin pilas:<\/strong> 187 gr<\/li>\n<li><strong>Interruptor:<\/strong> Rotary \/ Push Button<\/li>\n<li><strong>Modos de Iluminaci\u00f3n:<\/strong> High \/ Medium \/ Low \/ Downcast \/ Spot \/ Flashing<\/li>\n<li><strong>Tipo de Pilas:<\/strong> Alkaline, AA (4 pilas incluidas)<\/li>\n<li><strong>Voltaje:<\/strong> 6.0 V<\/li>\n<li><strong>Material Cuerpo:<\/strong> Policarbonato (PC)<\/li>\n<li><strong>Material Anillo Sellado:<\/strong> Gasket<\/li>\n<li><strong>Material Lente:<\/strong> Policarbonato (PC)<\/li>\n<li><strong>Certificaciones:<\/strong> Class I, Division 1 \/ IECEx ia<\/li>\n<\/ul>\n<h3 style=\"font-size: 16px;\">Especificaciones de Luz (FL1 Standard)<\/h3>\n<table>\n<tbody>\n<tr>\n<th>Modo<\/th>\n<th>Main High<\/th>\n<th>Main Med<\/th>\n<th>Main Low<\/th>\n<\/tr>\n<tr>\n<td>Salida de Luz (L\u00famenes)<\/td>\n<td>215<\/td>\n<td>106<\/td>\n<td>22<\/td>\n<\/tr>\n<tr>\n<td>Tiempo de Funcionamiento<\/td>\n<td>5h 0m<\/td>\n<td>13h 0m<\/td>\n<td>98h 0m<\/td>\n<\/tr>\n<tr>\n<td>Distancia del Haz<\/td>\n<td>108m<\/td>\n<td>76m<\/td>\n<td>34m<\/td>\n<\/tr>\n<tr>\n<td>Intensidad del Haz<\/td>\n<td>2911cd<\/td>\n<td>1445cd<\/td>\n<td>290cd<\/td>\n<\/tr>\n<tr>\n<td>Resistencia al Agua<\/td>\n<td colspan=\"3\">IP54<\/td>\n<\/tr>\n<\/tbody>\n<\/table>\n<\/div>\n<\/div>\n<div id=\"pdp-lifestyle\" class=\"col-xs-12 mt-60\"><\/div>\n","protected":false},"excerpt":{"rendered":"<p>La <strong data-start=\"156\" data-end=\"173\">Pelican\u2122 2785<\/strong> es una <strong data-start=\"181\" data-end=\"223\">linterna de cabeza de alto rendimiento<\/strong>, dise\u00f1ada para <strong data-start=\"239\" data-end=\"262\">entornos peligrosos<\/strong> con la <strong data-start=\"270\" data-end=\"293\">certificaci\u00f3n IECEx<\/strong>, <strong data-start=\"295\" data-end=\"318\">Clase I, Divisi\u00f3n 1<\/strong>. Esta linterna cuenta con <strong data-start=\"345\" data-end=\"367\">m\u00e1s de 200 l\u00famenes<\/strong> de luz LED intensa y proporciona <strong data-start=\"401\" data-end=\"420\">hasta 100 horas<\/strong> de autonom\u00eda en su configuraci\u00f3n baja. Equipada con <strong data-start=\"473\" data-end=\"489\">modos de luz<\/strong> (alta, media, baja, hacia abajo, intermitente y spot), ofrece una <strong data-start=\"556\" data-end=\"577\">gran versatilidad<\/strong> para diferentes aplicaciones, desde la iluminaci\u00f3n de caminos hasta la lectura o trabajo cerca de compa\u00f1eros sin deslumbrarlos.<\/p>\n","protected":false},"featured_media":588,"template":"","meta":{"site-sidebar-layout":"default","site-content-layout":"","ast-site-content-layout":"default","site-content-style":"default","site-sidebar-style":"default","ast-global-header-display":"","ast-banner-title-visibility":"","ast-main-header-display":"","ast-hfb-above-header-display":"","ast-hfb-below-header-display":"","ast-hfb-mobile-header-display":"","site-post-title":"","ast-breadcrumbs-content":"","ast-featured-img":"","footer-sml-layout":"","ast-disable-related-posts":"","theme-transparent-header-meta":"default","adv-header-id-meta":"","stick-header-meta":"","header-above-stick-meta":"","header-main-stick-meta":"","header-below-stick-meta":"","astra-migrate-meta-layouts":"set","ast-page-background-enabled":"default","ast-page-background-meta":{"desktop":{"background-color":"var(--ast-global-color-5)","background-image":"","background-repeat":"repeat","background-position":"center center","background-size":"auto","background-attachment":"scroll","background-type":"","background-media":"","overlay-type":"","overlay-color":"","overlay-opacity":"","overlay-gradient":""},"tablet":{"background-color":"","background-image":"","background-repeat":"repeat","background-position":"center center","background-size":"auto","background-attachment":"scroll","background-type":"","background-media":"","overlay-type":"","overlay-color":"","overlay-opacity":"","overlay-gradient":""},"mobile":{"background-color":"","background-image":"","background-repeat":"repeat","background-position":"center center","background-size":"auto","background-attachment":"scroll","background-type":"","background-media":"","overlay-type":"","overlay-color":"","overlay-opacity":"","overlay-gradient":""}},"ast-content-background-meta":{"desktop":{"background-color":"var(--ast-global-color-4)","background-image":"","background-repeat":"repeat","background-position":"center center","background-size":"auto","background-attachment":"scroll","background-type":"","background-media":"","overlay-type":"","overlay-color":"","overlay-opacity":"","overlay-gradient":""},"tablet":{"background-color":"var(--ast-global-color-4)","background-image":"","background-repeat":"repeat","background-position":"center center","background-size":"auto","background-attachment":"scroll","background-type":"","background-media":"","overlay-type":"","overlay-color":"","overlay-opacity":"","overlay-gradient":""},"mobile":{"background-color":"var(--ast-global-color-4)","background-image":"","background-repeat":"repeat","background-position":"center center","background-size":"auto","background-attachment":"scroll","background-type":"","background-media":"","overlay-type":"","overlay-color":"","overlay-opacity":"","overlay-gradient":""}}},"product_brand":[],"product_cat":[19,39,134],"product_tag":[53,54,155,71,154,60,153,140,72,156],"class_list":{"0":"post-580","1":"product","2":"type-product","3":"status-publish","4":"has-post-thumbnail","6":"product_cat-iluminacion-y-proteccion-de-equipos","7":"product_cat-linternas-de-seguridad","8":"product_cat-linternas-frontales","9":"product_tag-iluminacion-led","10":"product_tag-linterna-con-bateria-larga-duracion","11":"product_tag-linterna-con-certificacion-iecex","12":"product_tag-linterna-con-indicador-de-bateria","13":"product_tag-linterna-con-led-hacia-abajo","14":"product_tag-linterna-de-alto-rendimiento","15":"product_tag-linterna-de-cabeza-pelican-2785","16":"product_tag-linterna-manos-libres","17":"product_tag-linterna-resistente-al-agua","18":"product_tag-linterna-segura-para-zonas-peligrosas","19":"desktop-align-center","20":"tablet-align-left","21":"mobile-align-left","23":"first","24":"instock","25":"shipping-taxable","26":"product-type-simple"},"yoast_head":"<!-- This site is optimized with the Yoast SEO plugin v27.5 - https:\/\/yoast.com\/product\/yoast-seo-wordpress\/ -->\n<title>2785 Linterna Frontal - Grupo Nasca<\/title>\n<meta name=\"description\" content=\"La Pelican\u2122 2785 es una linterna de cabeza de alto rendimiento, con 215 l\u00famenes de luz LED, certificaci\u00f3n IECEx, Clase I, Divisi\u00f3n 1\" \/>\n<meta name=\"robots\" content=\"index, follow, max-snippet:-1, max-image-preview:large, max-video-preview:-1\" \/>\n<link rel=\"canonical\" href=\"https:\/\/gruponasca.com.pe\/index.php\/producto\/2785-linterna-frontal\/\" \/>\n<meta property=\"og:locale\" content=\"es_ES\" \/>\n<meta property=\"og:type\" content=\"article\" \/>\n<meta property=\"og:title\" content=\"2785 Linterna Frontal - Grupo Nasca\" \/>\n<meta property=\"og:description\" content=\"La Pelican\u2122 2785 es una linterna de cabeza de alto rendimiento, con 215 l\u00famenes de luz LED, certificaci\u00f3n IECEx, Clase I, Divisi\u00f3n 1\" \/>\n<meta property=\"og:url\" content=\"https:\/\/gruponasca.com.pe\/index.php\/producto\/2785-linterna-frontal\/\" \/>\n<meta property=\"og:site_name\" content=\"Grupo Nasca\" \/>\n<meta property=\"article:modified_time\" content=\"2025-09-24T03:09:56+00:00\" \/>\n<meta property=\"og:image\" content=\"https:\/\/gruponasca.com.pe\/wp-content\/uploads\/2025\/09\/2785-Linterna-Frontal-.jpg\" \/>\n\t<meta property=\"og:image:width\" content=\"500\" \/>\n\t<meta property=\"og:image:height\" content=\"500\" \/>\n\t<meta property=\"og:image:type\" content=\"image\/jpeg\" \/>\n<meta name=\"twitter:card\" content=\"summary_large_image\" \/>\n<meta name=\"twitter:label1\" content=\"Tiempo de lectura\" \/>\n\t<meta name=\"twitter:data1\" content=\"2 minutos\" \/>\n<script type=\"application\/ld+json\" class=\"yoast-schema-graph\">{\"@context\":\"https:\\\/\\\/schema.org\",\"@graph\":[{\"@type\":\"WebPage\",\"@id\":\"https:\\\/\\\/gruponasca.com.pe\\\/index.php\\\/producto\\\/2785-linterna-frontal\\\/\",\"url\":\"https:\\\/\\\/gruponasca.com.pe\\\/index.php\\\/producto\\\/2785-linterna-frontal\\\/\",\"name\":\"2785 Linterna Frontal - Grupo Nasca\",\"isPartOf\":{\"@id\":\"https:\\\/\\\/gruponasca.com.pe\\\/#website\"},\"primaryImageOfPage\":{\"@id\":\"https:\\\/\\\/gruponasca.com.pe\\\/index.php\\\/producto\\\/2785-linterna-frontal\\\/#primaryimage\"},\"image\":{\"@id\":\"https:\\\/\\\/gruponasca.com.pe\\\/index.php\\\/producto\\\/2785-linterna-frontal\\\/#primaryimage\"},\"thumbnailUrl\":\"https:\\\/\\\/gruponasca.com.pe\\\/wp-content\\\/uploads\\\/2025\\\/09\\\/2785-Linterna-Frontal-.jpg\",\"datePublished\":\"2025-09-24T02:44:59+00:00\",\"dateModified\":\"2025-09-24T03:09:56+00:00\",\"description\":\"La Pelican\u2122 2785 es una linterna de cabeza de alto rendimiento, con 215 l\u00famenes de luz LED, certificaci\u00f3n IECEx, Clase I, Divisi\u00f3n 1\",\"breadcrumb\":{\"@id\":\"https:\\\/\\\/gruponasca.com.pe\\\/index.php\\\/producto\\\/2785-linterna-frontal\\\/#breadcrumb\"},\"inLanguage\":\"es\",\"potentialAction\":[{\"@type\":\"ReadAction\",\"target\":[\"https:\\\/\\\/gruponasca.com.pe\\\/index.php\\\/producto\\\/2785-linterna-frontal\\\/\"]}]},{\"@type\":\"ImageObject\",\"inLanguage\":\"es\",\"@id\":\"https:\\\/\\\/gruponasca.com.pe\\\/index.php\\\/producto\\\/2785-linterna-frontal\\\/#primaryimage\",\"url\":\"https:\\\/\\\/gruponasca.com.pe\\\/wp-content\\\/uploads\\\/2025\\\/09\\\/2785-Linterna-Frontal-.jpg\",\"contentUrl\":\"https:\\\/\\\/gruponasca.com.pe\\\/wp-content\\\/uploads\\\/2025\\\/09\\\/2785-Linterna-Frontal-.jpg\",\"width\":500,\"height\":500},{\"@type\":\"BreadcrumbList\",\"@id\":\"https:\\\/\\\/gruponasca.com.pe\\\/index.php\\\/producto\\\/2785-linterna-frontal\\\/#breadcrumb\",\"itemListElement\":[{\"@type\":\"ListItem\",\"position\":1,\"name\":\"Portada\",\"item\":\"https:\\\/\\\/gruponasca.com.pe\\\/\"},{\"@type\":\"ListItem\",\"position\":2,\"name\":\"Productos\",\"item\":\"https:\\\/\\\/gruponasca.com.pe\\\/index.php\\\/productos\\\/\"},{\"@type\":\"ListItem\",\"position\":3,\"name\":\"2785 Linterna Frontal\"}]},{\"@type\":\"WebSite\",\"@id\":\"https:\\\/\\\/gruponasca.com.pe\\\/#website\",\"url\":\"https:\\\/\\\/gruponasca.com.pe\\\/\",\"name\":\"Grupo Nasca SAC\",\"description\":\"Seguridad Industrial y Herramientas de Calidad\",\"publisher\":{\"@id\":\"https:\\\/\\\/gruponasca.com.pe\\\/#organization\"},\"potentialAction\":[{\"@type\":\"SearchAction\",\"target\":{\"@type\":\"EntryPoint\",\"urlTemplate\":\"https:\\\/\\\/gruponasca.com.pe\\\/?s={search_term_string}\"},\"query-input\":{\"@type\":\"PropertyValueSpecification\",\"valueRequired\":true,\"valueName\":\"search_term_string\"}}],\"inLanguage\":\"es\"},{\"@type\":\"Organization\",\"@id\":\"https:\\\/\\\/gruponasca.com.pe\\\/#organization\",\"name\":\"Grupo Nasca SAC\",\"url\":\"https:\\\/\\\/gruponasca.com.pe\\\/\",\"logo\":{\"@type\":\"ImageObject\",\"inLanguage\":\"es\",\"@id\":\"https:\\\/\\\/gruponasca.com.pe\\\/#\\\/schema\\\/logo\\\/image\\\/\",\"url\":\"https:\\\/\\\/gruponasca.com.pe\\\/wp-content\\\/uploads\\\/2025\\\/09\\\/cropped-icono_conasac-scaled-1.jpg\",\"contentUrl\":\"https:\\\/\\\/gruponasca.com.pe\\\/wp-content\\\/uploads\\\/2025\\\/09\\\/cropped-icono_conasac-scaled-1.jpg\",\"width\":512,\"height\":512,\"caption\":\"Grupo Nasca SAC\"},\"image\":{\"@id\":\"https:\\\/\\\/gruponasca.com.pe\\\/#\\\/schema\\\/logo\\\/image\\\/\"}}]}<\/script>\n<!-- \/ Yoast SEO plugin. -->","yoast_head_json":{"title":"2785 Linterna Frontal - Grupo Nasca","description":"La Pelican\u2122 2785 es una linterna de cabeza de alto rendimiento, con 215 l\u00famenes de luz LED, certificaci\u00f3n IECEx, Clase I, Divisi\u00f3n 1","robots":{"index":"index","follow":"follow","max-snippet":"max-snippet:-1","max-image-preview":"max-image-preview:large","max-video-preview":"max-video-preview:-1"},"canonical":"https:\/\/gruponasca.com.pe\/index.php\/producto\/2785-linterna-frontal\/","og_locale":"es_ES","og_type":"article","og_title":"2785 Linterna Frontal - Grupo Nasca","og_description":"La Pelican\u2122 2785 es una linterna de cabeza de alto rendimiento, con 215 l\u00famenes de luz LED, certificaci\u00f3n IECEx, Clase I, Divisi\u00f3n 1","og_url":"https:\/\/gruponasca.com.pe\/index.php\/producto\/2785-linterna-frontal\/","og_site_name":"Grupo Nasca","article_modified_time":"2025-09-24T03:09:56+00:00","og_image":[{"width":500,"height":500,"url":"https:\/\/gruponasca.com.pe\/wp-content\/uploads\/2025\/09\/2785-Linterna-Frontal-.jpg","type":"image\/jpeg"}],"twitter_card":"summary_large_image","twitter_misc":{"Tiempo de lectura":"2 minutos"},"schema":{"@context":"https:\/\/schema.org","@graph":[{"@type":"WebPage","@id":"https:\/\/gruponasca.com.pe\/index.php\/producto\/2785-linterna-frontal\/","url":"https:\/\/gruponasca.com.pe\/index.php\/producto\/2785-linterna-frontal\/","name":"2785 Linterna Frontal - Grupo Nasca","isPartOf":{"@id":"https:\/\/gruponasca.com.pe\/#website"},"primaryImageOfPage":{"@id":"https:\/\/gruponasca.com.pe\/index.php\/producto\/2785-linterna-frontal\/#primaryimage"},"image":{"@id":"https:\/\/gruponasca.com.pe\/index.php\/producto\/2785-linterna-frontal\/#primaryimage"},"thumbnailUrl":"https:\/\/gruponasca.com.pe\/wp-content\/uploads\/2025\/09\/2785-Linterna-Frontal-.jpg","datePublished":"2025-09-24T02:44:59+00:00","dateModified":"2025-09-24T03:09:56+00:00","description":"La Pelican\u2122 2785 es una linterna de cabeza de alto rendimiento, con 215 l\u00famenes de luz LED, certificaci\u00f3n IECEx, Clase I, Divisi\u00f3n 1","breadcrumb":{"@id":"https:\/\/gruponasca.com.pe\/index.php\/producto\/2785-linterna-frontal\/#breadcrumb"},"inLanguage":"es","potentialAction":[{"@type":"ReadAction","target":["https:\/\/gruponasca.com.pe\/index.php\/producto\/2785-linterna-frontal\/"]}]},{"@type":"ImageObject","inLanguage":"es","@id":"https:\/\/gruponasca.com.pe\/index.php\/producto\/2785-linterna-frontal\/#primaryimage","url":"https:\/\/gruponasca.com.pe\/wp-content\/uploads\/2025\/09\/2785-Linterna-Frontal-.jpg","contentUrl":"https:\/\/gruponasca.com.pe\/wp-content\/uploads\/2025\/09\/2785-Linterna-Frontal-.jpg","width":500,"height":500},{"@type":"BreadcrumbList","@id":"https:\/\/gruponasca.com.pe\/index.php\/producto\/2785-linterna-frontal\/#breadcrumb","itemListElement":[{"@type":"ListItem","position":1,"name":"Portada","item":"https:\/\/gruponasca.com.pe\/"},{"@type":"ListItem","position":2,"name":"Productos","item":"https:\/\/gruponasca.com.pe\/index.php\/productos\/"},{"@type":"ListItem","position":3,"name":"2785 Linterna Frontal"}]},{"@type":"WebSite","@id":"https:\/\/gruponasca.com.pe\/#website","url":"https:\/\/gruponasca.com.pe\/","name":"Grupo Nasca SAC","description":"Seguridad Industrial y Herramientas de Calidad","publisher":{"@id":"https:\/\/gruponasca.com.pe\/#organization"},"potentialAction":[{"@type":"SearchAction","target":{"@type":"EntryPoint","urlTemplate":"https:\/\/gruponasca.com.pe\/?s={search_term_string}"},"query-input":{"@type":"PropertyValueSpecification","valueRequired":true,"valueName":"search_term_string"}}],"inLanguage":"es"},{"@type":"Organization","@id":"https:\/\/gruponasca.com.pe\/#organization","name":"Grupo Nasca SAC","url":"https:\/\/gruponasca.com.pe\/","logo":{"@type":"ImageObject","inLanguage":"es","@id":"https:\/\/gruponasca.com.pe\/#\/schema\/logo\/image\/","url":"https:\/\/gruponasca.com.pe\/wp-content\/uploads\/2025\/09\/cropped-icono_conasac-scaled-1.jpg","contentUrl":"https:\/\/gruponasca.com.pe\/wp-content\/uploads\/2025\/09\/cropped-icono_conasac-scaled-1.jpg","width":512,"height":512,"caption":"Grupo Nasca SAC"},"image":{"@id":"https:\/\/gruponasca.com.pe\/#\/schema\/logo\/image\/"}}]}},"_links":{"self":[{"href":"https:\/\/gruponasca.com.pe\/index.php\/wp-json\/wp\/v2\/product\/580","targetHints":{"allow":["GET"]}}],"collection":[{"href":"https:\/\/gruponasca.com.pe\/index.php\/wp-json\/wp\/v2\/product"}],"about":[{"href":"https:\/\/gruponasca.com.pe\/index.php\/wp-json\/wp\/v2\/types\/product"}],"wp:featuredmedia":[{"embeddable":true,"href":"https:\/\/gruponasca.com.pe\/index.php\/wp-json\/wp\/v2\/media\/588"}],"wp:attachment":[{"href":"https:\/\/gruponasca.com.pe\/index.php\/wp-json\/wp\/v2\/media?parent=580"}],"wp:term":[{"taxonomy":"product_brand","embeddable":true,"href":"https:\/\/gruponasca.com.pe\/index.php\/wp-json\/wp\/v2\/product_brand?post=580"},{"taxonomy":"product_cat","embeddable":true,"href":"https:\/\/gruponasca.com.pe\/index.php\/wp-json\/wp\/v2\/product_cat?post=580"},{"taxonomy":"product_tag","embeddable":true,"href":"https:\/\/gruponasca.com.pe\/index.php\/wp-json\/wp\/v2\/product_tag?post=580"}],"curies":[{"name":"wp","href":"https:\/\/api.w.org\/{rel}","templated":true}]}}