{"id":574,"date":"2025-09-23T23:15:42","date_gmt":"2025-09-23T23:15:42","guid":{"rendered":"https:\/\/dots-interactive.com\/desarrollo\/nasca\/?post_type=product&#038;p=574"},"modified":"2025-09-23T23:19:10","modified_gmt":"2025-09-23T23:19:10","slug":"2755-linterna-frontal","status":"publish","type":"product","link":"https:\/\/gruponasca.com.pe\/index.php\/producto\/2755-linterna-frontal\/","title":{"rendered":"2755 Linterna Frontal"},"content":{"rendered":"<div class=\"col-lg-4 col-md-10 col-lg-offset-0\">\n<div class=\"col-lg-4 col-md-10 col-lg-offset-0\">\n<div class=\"col-lg-4 col-md-10 col-lg-offset-0\">\n<p>Las linternas para la cabeza con aprobaciones de seguridad de Pelican est\u00e1n dise\u00f1adas para su uso en entornos peligrosos. No s\u00f3lo cuenta con la aprobaci\u00f3n Clase I Divisi\u00f3n 1 sino que tambi\u00e9n es ultra compacta y liviana. Equipada con un solo LED de gran potencia, produce hasta 118 l\u00famenes y ofrece hasta 16 horas de funcionamiento y m\u00faltiples modos (alto, bajo, intermitente). Adem\u00e1s, la Pelican 2755 ofrece un indicador de bater\u00eda baja que puede resultar ser de lo m\u00e1s valioso. Est\u00e1 disponible en dos colores (amarillo o negro) e incluye correas de tela y de goma para una variedad de aplicaciones para cabeza\/con casco. Cuente con Pelican para que le brinde lo mejor en tecnolog\u00eda y dise\u00f1o de iluminaci\u00f3n. La nueva linterna para la cabeza Pelican 2755: Gu\u00eda segura a trav\u00e9s de zonas peligrosas.<\/p>\n<\/div>\n<div class=\"col-lg-8 col-xs-12\">\n<ul id=\"pdp-bullets\" class=\"pl-20\">\n<li>118 Lumens<\/li>\n<li>Banda de tela confortable<\/li>\n<li>Dise\u00f1o manos libres<\/li>\n<li>Con certificaci\u00f3n de seguridad &#8211; Clase I, Divisi\u00f3n I<\/li>\n<li>Resistencia Pelican<\/li>\n<li>Includes Low Battery Warning Light<\/li>\n<\/ul>\n<div class=\"product-specs\">\n<h2 style=\"font-size: 18px;\">Especificaciones<\/h2>\n<ul>\n<li><strong>Longitud:<\/strong> 5.7 cm<\/li>\n<li><strong>Peso con pilas:<\/strong> 96 gr<\/li>\n<li><strong>Peso sin pilas:<\/strong> 60 gr<\/li>\n<li><strong>Interruptor:<\/strong> Push Button<\/li>\n<li><strong>Modos de Iluminaci\u00f3n:<\/strong> High \/ Low \/ Flashing<\/li>\n<li><strong>Tipo de Pilas:<\/strong> Alkaline, AAA (3 pilas incluidas)<\/li>\n<li><strong>Voltaje:<\/strong> 4.5 V<\/li>\n<li><strong>Material Cuerpo:<\/strong> Policarbonato (PC)<\/li>\n<li><strong>Material Anillo Sellado:<\/strong> TPR sobre moldeado<\/li>\n<li><strong>Material Lente:<\/strong> Policarbonato (PC)<\/li>\n<li><strong>Certificaciones:<\/strong> Class I, Division 1 \/ IECEx ia<\/li>\n<\/ul>\n<h3 style=\"font-size: 16px;\">Especificaciones de Luz (FL1 Standard)<\/h3>\n<table>\n<tbody>\n<tr>\n<th>Modo<\/th>\n<th>High<\/th>\n<th>Low<\/th>\n<\/tr>\n<tr>\n<td>Salida de Luz (L\u00famenes)<\/td>\n<td>118<\/td>\n<td>60<\/td>\n<\/tr>\n<tr>\n<td>Tiempo de Funcionamiento<\/td>\n<td>7h 30m<\/td>\n<td>16h 0m<\/td>\n<\/tr>\n<tr>\n<td>Distancia del Haz<\/td>\n<td>60m<\/td>\n<td>43m<\/td>\n<\/tr>\n<tr>\n<td>Intensidad del Haz<\/td>\n<td>910 cd<\/td>\n<td>454 cd<\/td>\n<\/tr>\n<tr>\n<td>Resistencia al Agua<\/td>\n<td colspan=\"2\">IP54<\/td>\n<\/tr>\n<\/tbody>\n<\/table>\n<\/div>\n<\/div>\n<\/div>\n<\/div>\n","protected":false},"excerpt":{"rendered":"<p>La <strong data-start=\"143\" data-end=\"160\">Pelican\u2122 2755<\/strong> es una linterna de cabeza <strong data-start=\"187\" data-end=\"204\">ultracompacta<\/strong> y <strong data-start=\"207\" data-end=\"218\">liviana<\/strong>, con <strong data-start=\"224\" data-end=\"274\">certificaci\u00f3n de seguridad Clase I, Divisi\u00f3n 1<\/strong>, dise\u00f1ada para su uso en <strong data-start=\"300\" data-end=\"323\">entornos peligrosos<\/strong>. Equipado con un <strong data-start=\"341\" data-end=\"365\">LED de gran potencia<\/strong>, esta linterna produce <strong data-start=\"389\" data-end=\"410\">hasta 118 l\u00famenes<\/strong> y ofrece un tiempo de funcionamiento de hasta <strong data-start=\"457\" data-end=\"469\">16 horas<\/strong>.<\/p>\n","protected":false},"featured_media":571,"template":"","meta":{"site-sidebar-layout":"default","site-content-layout":"","ast-site-content-layout":"default","site-content-style":"default","site-sidebar-style":"default","ast-global-header-display":"","ast-banner-title-visibility":"","ast-main-header-display":"","ast-hfb-above-header-display":"","ast-hfb-below-header-display":"","ast-hfb-mobile-header-display":"","site-post-title":"","ast-breadcrumbs-content":"","ast-featured-img":"","footer-sml-layout":"","ast-disable-related-posts":"","theme-transparent-header-meta":"default","adv-header-id-meta":"","stick-header-meta":"","header-above-stick-meta":"","header-main-stick-meta":"","header-below-stick-meta":"","astra-migrate-meta-layouts":"set","ast-page-background-enabled":"default","ast-page-background-meta":{"desktop":{"background-color":"var(--ast-global-color-5)","background-image":"","background-repeat":"repeat","background-position":"center center","background-size":"auto","background-attachment":"scroll","background-type":"","background-media":"","overlay-type":"","overlay-color":"","overlay-opacity":"","overlay-gradient":""},"tablet":{"background-color":"","background-image":"","background-repeat":"repeat","background-position":"center center","background-size":"auto","background-attachment":"scroll","background-type":"","background-media":"","overlay-type":"","overlay-color":"","overlay-opacity":"","overlay-gradient":""},"mobile":{"background-color":"","background-image":"","background-repeat":"repeat","background-position":"center center","background-size":"auto","background-attachment":"scroll","background-type":"","background-media":"","overlay-type":"","overlay-color":"","overlay-opacity":"","overlay-gradient":""}},"ast-content-background-meta":{"desktop":{"background-color":"var(--ast-global-color-4)","background-image":"","background-repeat":"repeat","background-position":"center center","background-size":"auto","background-attachment":"scroll","background-type":"","background-media":"","overlay-type":"","overlay-color":"","overlay-opacity":"","overlay-gradient":""},"tablet":{"background-color":"var(--ast-global-color-4)","background-image":"","background-repeat":"repeat","background-position":"center center","background-size":"auto","background-attachment":"scroll","background-type":"","background-media":"","overlay-type":"","overlay-color":"","overlay-opacity":"","overlay-gradient":""},"mobile":{"background-color":"var(--ast-global-color-4)","background-image":"","background-repeat":"repeat","background-position":"center center","background-size":"auto","background-attachment":"scroll","background-type":"","background-media":"","overlay-type":"","overlay-color":"","overlay-opacity":"","overlay-gradient":""}}},"product_brand":[],"product_cat":[19,39,134],"product_tag":[61,149,148,142,147,146,136,140,145,150],"class_list":{"0":"post-574","1":"product","2":"type-product","3":"status-publish","4":"has-post-thumbnail","6":"product_cat-iluminacion-y-proteccion-de-equipos","7":"product_cat-linternas-de-seguridad","8":"product_cat-linternas-frontales","9":"product_tag-linterna-compacta","10":"product_tag-linterna-con-118-lumenes","11":"product_tag-linterna-de-alta-potencia","12":"product_tag-linterna-de-cabeza-con-certificacion-de-seguridad","13":"product_tag-linterna-de-cabeza-pelican-2755","14":"product_tag-linterna-ip54","15":"product_tag-linterna-led-para-cabeza","16":"product_tag-linterna-manos-libres","17":"product_tag-linterna-para-casco","18":"product_tag-linterna-para-zonas-peligrosas","19":"desktop-align-center","20":"tablet-align-left","21":"mobile-align-left","23":"first","24":"instock","25":"shipping-taxable","26":"product-type-simple"},"yoast_head":"<!-- This site is optimized with the Yoast SEO plugin v27.5 - https:\/\/yoast.com\/product\/yoast-seo-wordpress\/ -->\n<title>2755 Linterna Frontal - Grupo Nasca<\/title>\n<meta name=\"description\" content=\"La Pelican\u2122 2755 es una linterna de cabeza compacta con 118 l\u00famenes de luz LED y certificaci\u00f3n de seguridad Clase I, Divisi\u00f3n 1.\" \/>\n<meta name=\"robots\" content=\"index, follow, max-snippet:-1, max-image-preview:large, max-video-preview:-1\" \/>\n<link rel=\"canonical\" href=\"https:\/\/gruponasca.com.pe\/index.php\/producto\/2755-linterna-frontal\/\" \/>\n<meta property=\"og:locale\" content=\"es_ES\" \/>\n<meta property=\"og:type\" content=\"article\" \/>\n<meta property=\"og:title\" content=\"2755 Linterna Frontal - Grupo Nasca\" \/>\n<meta property=\"og:description\" content=\"La Pelican\u2122 2755 es una linterna de cabeza compacta con 118 l\u00famenes de luz LED y certificaci\u00f3n de seguridad Clase I, Divisi\u00f3n 1.\" \/>\n<meta property=\"og:url\" content=\"https:\/\/gruponasca.com.pe\/index.php\/producto\/2755-linterna-frontal\/\" \/>\n<meta property=\"og:site_name\" content=\"Grupo Nasca\" \/>\n<meta property=\"article:modified_time\" content=\"2025-09-23T23:19:10+00:00\" \/>\n<meta property=\"og:image\" content=\"https:\/\/gruponasca.com.pe\/wp-content\/uploads\/2025\/09\/2745-Linterna-Frontal.jpg\" \/>\n\t<meta property=\"og:image:width\" content=\"500\" \/>\n\t<meta property=\"og:image:height\" content=\"500\" \/>\n\t<meta property=\"og:image:type\" content=\"image\/jpeg\" \/>\n<meta name=\"twitter:card\" content=\"summary_large_image\" \/>\n<meta name=\"twitter:label1\" content=\"Tiempo de lectura\" \/>\n\t<meta name=\"twitter:data1\" content=\"2 minutos\" \/>\n<script type=\"application\/ld+json\" class=\"yoast-schema-graph\">{\"@context\":\"https:\\\/\\\/schema.org\",\"@graph\":[{\"@type\":\"WebPage\",\"@id\":\"https:\\\/\\\/gruponasca.com.pe\\\/index.php\\\/producto\\\/2755-linterna-frontal\\\/\",\"url\":\"https:\\\/\\\/gruponasca.com.pe\\\/index.php\\\/producto\\\/2755-linterna-frontal\\\/\",\"name\":\"2755 Linterna Frontal - Grupo Nasca\",\"isPartOf\":{\"@id\":\"https:\\\/\\\/gruponasca.com.pe\\\/#website\"},\"primaryImageOfPage\":{\"@id\":\"https:\\\/\\\/gruponasca.com.pe\\\/index.php\\\/producto\\\/2755-linterna-frontal\\\/#primaryimage\"},\"image\":{\"@id\":\"https:\\\/\\\/gruponasca.com.pe\\\/index.php\\\/producto\\\/2755-linterna-frontal\\\/#primaryimage\"},\"thumbnailUrl\":\"https:\\\/\\\/gruponasca.com.pe\\\/wp-content\\\/uploads\\\/2025\\\/09\\\/2745-Linterna-Frontal.jpg\",\"datePublished\":\"2025-09-23T23:15:42+00:00\",\"dateModified\":\"2025-09-23T23:19:10+00:00\",\"description\":\"La Pelican\u2122 2755 es una linterna de cabeza compacta con 118 l\u00famenes de luz LED y certificaci\u00f3n de seguridad Clase I, Divisi\u00f3n 1.\",\"breadcrumb\":{\"@id\":\"https:\\\/\\\/gruponasca.com.pe\\\/index.php\\\/producto\\\/2755-linterna-frontal\\\/#breadcrumb\"},\"inLanguage\":\"es\",\"potentialAction\":[{\"@type\":\"ReadAction\",\"target\":[\"https:\\\/\\\/gruponasca.com.pe\\\/index.php\\\/producto\\\/2755-linterna-frontal\\\/\"]}]},{\"@type\":\"ImageObject\",\"inLanguage\":\"es\",\"@id\":\"https:\\\/\\\/gruponasca.com.pe\\\/index.php\\\/producto\\\/2755-linterna-frontal\\\/#primaryimage\",\"url\":\"https:\\\/\\\/gruponasca.com.pe\\\/wp-content\\\/uploads\\\/2025\\\/09\\\/2745-Linterna-Frontal.jpg\",\"contentUrl\":\"https:\\\/\\\/gruponasca.com.pe\\\/wp-content\\\/uploads\\\/2025\\\/09\\\/2745-Linterna-Frontal.jpg\",\"width\":500,\"height\":500},{\"@type\":\"BreadcrumbList\",\"@id\":\"https:\\\/\\\/gruponasca.com.pe\\\/index.php\\\/producto\\\/2755-linterna-frontal\\\/#breadcrumb\",\"itemListElement\":[{\"@type\":\"ListItem\",\"position\":1,\"name\":\"Portada\",\"item\":\"https:\\\/\\\/gruponasca.com.pe\\\/\"},{\"@type\":\"ListItem\",\"position\":2,\"name\":\"Productos\",\"item\":\"https:\\\/\\\/gruponasca.com.pe\\\/index.php\\\/productos\\\/\"},{\"@type\":\"ListItem\",\"position\":3,\"name\":\"2755 Linterna Frontal\"}]},{\"@type\":\"WebSite\",\"@id\":\"https:\\\/\\\/gruponasca.com.pe\\\/#website\",\"url\":\"https:\\\/\\\/gruponasca.com.pe\\\/\",\"name\":\"Grupo Nasca SAC\",\"description\":\"Seguridad Industrial y Herramientas de Calidad\",\"publisher\":{\"@id\":\"https:\\\/\\\/gruponasca.com.pe\\\/#organization\"},\"potentialAction\":[{\"@type\":\"SearchAction\",\"target\":{\"@type\":\"EntryPoint\",\"urlTemplate\":\"https:\\\/\\\/gruponasca.com.pe\\\/?s={search_term_string}\"},\"query-input\":{\"@type\":\"PropertyValueSpecification\",\"valueRequired\":true,\"valueName\":\"search_term_string\"}}],\"inLanguage\":\"es\"},{\"@type\":\"Organization\",\"@id\":\"https:\\\/\\\/gruponasca.com.pe\\\/#organization\",\"name\":\"Grupo Nasca SAC\",\"url\":\"https:\\\/\\\/gruponasca.com.pe\\\/\",\"logo\":{\"@type\":\"ImageObject\",\"inLanguage\":\"es\",\"@id\":\"https:\\\/\\\/gruponasca.com.pe\\\/#\\\/schema\\\/logo\\\/image\\\/\",\"url\":\"https:\\\/\\\/gruponasca.com.pe\\\/wp-content\\\/uploads\\\/2025\\\/09\\\/cropped-icono_conasac-scaled-1.jpg\",\"contentUrl\":\"https:\\\/\\\/gruponasca.com.pe\\\/wp-content\\\/uploads\\\/2025\\\/09\\\/cropped-icono_conasac-scaled-1.jpg\",\"width\":512,\"height\":512,\"caption\":\"Grupo Nasca SAC\"},\"image\":{\"@id\":\"https:\\\/\\\/gruponasca.com.pe\\\/#\\\/schema\\\/logo\\\/image\\\/\"}}]}<\/script>\n<!-- \/ Yoast SEO plugin. -->","yoast_head_json":{"title":"2755 Linterna Frontal - Grupo Nasca","description":"La Pelican\u2122 2755 es una linterna de cabeza compacta con 118 l\u00famenes de luz LED y certificaci\u00f3n de seguridad Clase I, Divisi\u00f3n 1.","robots":{"index":"index","follow":"follow","max-snippet":"max-snippet:-1","max-image-preview":"max-image-preview:large","max-video-preview":"max-video-preview:-1"},"canonical":"https:\/\/gruponasca.com.pe\/index.php\/producto\/2755-linterna-frontal\/","og_locale":"es_ES","og_type":"article","og_title":"2755 Linterna Frontal - Grupo Nasca","og_description":"La Pelican\u2122 2755 es una linterna de cabeza compacta con 118 l\u00famenes de luz LED y certificaci\u00f3n de seguridad Clase I, Divisi\u00f3n 1.","og_url":"https:\/\/gruponasca.com.pe\/index.php\/producto\/2755-linterna-frontal\/","og_site_name":"Grupo Nasca","article_modified_time":"2025-09-23T23:19:10+00:00","og_image":[{"width":500,"height":500,"url":"https:\/\/gruponasca.com.pe\/wp-content\/uploads\/2025\/09\/2745-Linterna-Frontal.jpg","type":"image\/jpeg"}],"twitter_card":"summary_large_image","twitter_misc":{"Tiempo de lectura":"2 minutos"},"schema":{"@context":"https:\/\/schema.org","@graph":[{"@type":"WebPage","@id":"https:\/\/gruponasca.com.pe\/index.php\/producto\/2755-linterna-frontal\/","url":"https:\/\/gruponasca.com.pe\/index.php\/producto\/2755-linterna-frontal\/","name":"2755 Linterna Frontal - Grupo Nasca","isPartOf":{"@id":"https:\/\/gruponasca.com.pe\/#website"},"primaryImageOfPage":{"@id":"https:\/\/gruponasca.com.pe\/index.php\/producto\/2755-linterna-frontal\/#primaryimage"},"image":{"@id":"https:\/\/gruponasca.com.pe\/index.php\/producto\/2755-linterna-frontal\/#primaryimage"},"thumbnailUrl":"https:\/\/gruponasca.com.pe\/wp-content\/uploads\/2025\/09\/2745-Linterna-Frontal.jpg","datePublished":"2025-09-23T23:15:42+00:00","dateModified":"2025-09-23T23:19:10+00:00","description":"La Pelican\u2122 2755 es una linterna de cabeza compacta con 118 l\u00famenes de luz LED y certificaci\u00f3n de seguridad Clase I, Divisi\u00f3n 1.","breadcrumb":{"@id":"https:\/\/gruponasca.com.pe\/index.php\/producto\/2755-linterna-frontal\/#breadcrumb"},"inLanguage":"es","potentialAction":[{"@type":"ReadAction","target":["https:\/\/gruponasca.com.pe\/index.php\/producto\/2755-linterna-frontal\/"]}]},{"@type":"ImageObject","inLanguage":"es","@id":"https:\/\/gruponasca.com.pe\/index.php\/producto\/2755-linterna-frontal\/#primaryimage","url":"https:\/\/gruponasca.com.pe\/wp-content\/uploads\/2025\/09\/2745-Linterna-Frontal.jpg","contentUrl":"https:\/\/gruponasca.com.pe\/wp-content\/uploads\/2025\/09\/2745-Linterna-Frontal.jpg","width":500,"height":500},{"@type":"BreadcrumbList","@id":"https:\/\/gruponasca.com.pe\/index.php\/producto\/2755-linterna-frontal\/#breadcrumb","itemListElement":[{"@type":"ListItem","position":1,"name":"Portada","item":"https:\/\/gruponasca.com.pe\/"},{"@type":"ListItem","position":2,"name":"Productos","item":"https:\/\/gruponasca.com.pe\/index.php\/productos\/"},{"@type":"ListItem","position":3,"name":"2755 Linterna Frontal"}]},{"@type":"WebSite","@id":"https:\/\/gruponasca.com.pe\/#website","url":"https:\/\/gruponasca.com.pe\/","name":"Grupo Nasca SAC","description":"Seguridad Industrial y Herramientas de Calidad","publisher":{"@id":"https:\/\/gruponasca.com.pe\/#organization"},"potentialAction":[{"@type":"SearchAction","target":{"@type":"EntryPoint","urlTemplate":"https:\/\/gruponasca.com.pe\/?s={search_term_string}"},"query-input":{"@type":"PropertyValueSpecification","valueRequired":true,"valueName":"search_term_string"}}],"inLanguage":"es"},{"@type":"Organization","@id":"https:\/\/gruponasca.com.pe\/#organization","name":"Grupo Nasca SAC","url":"https:\/\/gruponasca.com.pe\/","logo":{"@type":"ImageObject","inLanguage":"es","@id":"https:\/\/gruponasca.com.pe\/#\/schema\/logo\/image\/","url":"https:\/\/gruponasca.com.pe\/wp-content\/uploads\/2025\/09\/cropped-icono_conasac-scaled-1.jpg","contentUrl":"https:\/\/gruponasca.com.pe\/wp-content\/uploads\/2025\/09\/cropped-icono_conasac-scaled-1.jpg","width":512,"height":512,"caption":"Grupo Nasca SAC"},"image":{"@id":"https:\/\/gruponasca.com.pe\/#\/schema\/logo\/image\/"}}]}},"_links":{"self":[{"href":"https:\/\/gruponasca.com.pe\/index.php\/wp-json\/wp\/v2\/product\/574","targetHints":{"allow":["GET"]}}],"collection":[{"href":"https:\/\/gruponasca.com.pe\/index.php\/wp-json\/wp\/v2\/product"}],"about":[{"href":"https:\/\/gruponasca.com.pe\/index.php\/wp-json\/wp\/v2\/types\/product"}],"wp:featuredmedia":[{"embeddable":true,"href":"https:\/\/gruponasca.com.pe\/index.php\/wp-json\/wp\/v2\/media\/571"}],"wp:attachment":[{"href":"https:\/\/gruponasca.com.pe\/index.php\/wp-json\/wp\/v2\/media?parent=574"}],"wp:term":[{"taxonomy":"product_brand","embeddable":true,"href":"https:\/\/gruponasca.com.pe\/index.php\/wp-json\/wp\/v2\/product_brand?post=574"},{"taxonomy":"product_cat","embeddable":true,"href":"https:\/\/gruponasca.com.pe\/index.php\/wp-json\/wp\/v2\/product_cat?post=574"},{"taxonomy":"product_tag","embeddable":true,"href":"https:\/\/gruponasca.com.pe\/index.php\/wp-json\/wp\/v2\/product_tag?post=574"}],"curies":[{"name":"wp","href":"https:\/\/api.w.org\/{rel}","templated":true}]}}