{"id":555,"date":"2025-09-23T22:23:43","date_gmt":"2025-09-23T22:23:43","guid":{"rendered":"https:\/\/dots-interactive.com\/desarrollo\/nasca\/?post_type=product&#038;p=555"},"modified":"2025-09-23T22:50:28","modified_gmt":"2025-09-23T22:50:28","slug":"3415-linterna-de-angulo-recto","status":"publish","type":"product","link":"https:\/\/gruponasca.com.pe\/index.php\/producto\/3415-linterna-de-angulo-recto\/","title":{"rendered":"3415 Linterna de \u00c1ngulo Recto"},"content":{"rendered":"<div class=\"col-lg-4 col-md-10 col-lg-offset-0\">\n<p>La linterna de\u00a0 trabajo, intr\u00ednsecamente segura, m\u00e1s vers\u00e1til del mundo. La 3415 es la mejor linterna de trabajo compacta, certificada de seguridad. Las certificaciones Clase I II III Divisi\u00f3n 1 brindan la seguridad necesaria para la mayor\u00eda de los lugares peligrosos. La 3415 est\u00e1 equipada con un LED focalizado y un LED de inundaci\u00f3n para primeros planos y distancia, para que pueda tener una luz de \u00e1rea amplia en el \u00e1rea de trabajo inmediata y a\u00fan as\u00ed penetrar en la oscuridad a cientos de metros de distancia. Se puede activar para ejecutar uno o ambos LED con 3 niveles de brillo. La cabeza articulada y el clip incorporado permiten que la luz se dirija a donde sea necesaria. La Pelican 3415, una herramienta de iluminaci\u00f3n de tareas m\u00faltiples de grado profesional, que lo ayudar\u00e1 a realizar el trabajo, bajo cualquier circunstancia.<\/p>\n<\/div>\n<div class=\"col-lg-8 col-xs-12\">\n<ul id=\"pdp-bullets\" class=\"pl-20\">\n<li>336 Lumens<\/li>\n<li>Indicaci\u00f3n de nivel de bater\u00eda de tiempo completo<\/li>\n<li>Cabeza de linterna articulada<\/li>\n<li>Certificado de seguridad Clase I, Clase II, Clase III &#8211; Divisi\u00f3n 1<\/li>\n<li>Anillo separador instalado<\/li>\n<li>2 modos: spot, intermitente<\/li>\n<li>Clip adjunto<\/li>\n<li>Cord\u00f3n de seguridad<\/li>\n<\/ul>\n<div class=\"product-specs\">\n<h2 style=\"font-size: 18px;\">Especificaciones<\/h2>\n<ul>\n<li><strong>Longitud:<\/strong> 18.9 cm<\/li>\n<li><strong>Peso con pilas:<\/strong> 255 gr<\/li>\n<li><strong>Peso sin pilas:<\/strong> 187 gr<\/li>\n<li><strong>Interruptor:<\/strong> Push Button<\/li>\n<li><strong>Modos de Iluminaci\u00f3n:<\/strong> High \/ Flashing<\/li>\n<li><strong>Tipo de Pilas:<\/strong> Alkaline, AA (3 pilas, no incluidas)<\/li>\n<li><strong>Voltaje:<\/strong> 4.5 V<\/li>\n<li><strong>Material Cuerpo:<\/strong> ABS<\/li>\n<li><strong>Material Anillo Sellado:<\/strong> NBR<\/li>\n<li><strong>Material Lente:<\/strong> Policarbonato (PC)<\/li>\n<li><strong>Material Clip:<\/strong> ABS<\/li>\n<li><strong>Certificaciones:<\/strong> Class I, Division 1 \/ Class II, Division 1 \/ Class III, Division 1 \/ IECEx ia<\/li>\n<\/ul>\n<h3 style=\"font-size: 16px;\">Especificaciones de Luz (FL1 Standard)<\/h3>\n<table>\n<tbody>\n<tr>\n<th>Modo<\/th>\n<th>Flood<\/th>\n<th>Spot<\/th>\n<\/tr>\n<tr>\n<td>Salida de Luz (L\u00famenes)<\/td>\n<td>177<\/td>\n<td>186<\/td>\n<\/tr>\n<tr>\n<td>Tiempo de Funcionamiento<\/td>\n<td>15h 0m<\/td>\n<td>14h 0m<\/td>\n<\/tr>\n<tr>\n<td>Distancia del Haz<\/td>\n<td>37m<\/td>\n<td>135m<\/td>\n<\/tr>\n<tr>\n<td>Intensidad del Haz<\/td>\n<td>336 cd<\/td>\n<td>4544 cd<\/td>\n<\/tr>\n<tr>\n<td>Resistencia al Agua<\/td>\n<td colspan=\"2\">IPX8 (1m)<\/td>\n<\/tr>\n<\/tbody>\n<\/table>\n<\/div>\n<\/div>\n","protected":false},"excerpt":{"rendered":"<p>La <strong data-start=\"143\" data-end=\"160\">Pelican\u2122 3415<\/strong> es una linterna de trabajo <strong data-start=\"188\" data-end=\"214\">intr\u00ednsecamente segura<\/strong> con <strong data-start=\"219\" data-end=\"265\">certificaci\u00f3n Clase I, II, III, Divisi\u00f3n 1<\/strong>, ideal para entornos peligrosos. Con <strong data-start=\"303\" data-end=\"318\">336 l\u00famenes<\/strong>, ofrece un <strong data-start=\"330\" data-end=\"348\">LED focalizado<\/strong> para distancias largas y un <strong data-start=\"377\" data-end=\"398\">LED de inundaci\u00f3n<\/strong> para \u00e1reas cercanas. Sus <strong data-start=\"424\" data-end=\"447\">3 niveles de brillo<\/strong>, <strong data-start=\"449\" data-end=\"470\">cabeza articulada<\/strong> y <strong data-start=\"473\" data-end=\"493\">clip incorporado<\/strong> permiten una iluminaci\u00f3n dirigida y de manos libres. Perfecta para trabajos de precisi\u00f3n y condiciones extremas, la <strong data-start=\"610\" data-end=\"627\">Pelican\u2122 3415<\/strong> garantiza fiabilidad y rendimiento bajo cualquier circunstancia.<\/p>\n","protected":false},"featured_media":560,"template":"","meta":{"site-sidebar-layout":"default","site-content-layout":"","ast-site-content-layout":"default","site-content-style":"default","site-sidebar-style":"default","ast-global-header-display":"","ast-banner-title-visibility":"","ast-main-header-display":"","ast-hfb-above-header-display":"","ast-hfb-below-header-display":"","ast-hfb-mobile-header-display":"","site-post-title":"","ast-breadcrumbs-content":"","ast-featured-img":"","footer-sml-layout":"","ast-disable-related-posts":"","theme-transparent-header-meta":"default","adv-header-id-meta":"","stick-header-meta":"","header-above-stick-meta":"","header-main-stick-meta":"","header-below-stick-meta":"","astra-migrate-meta-layouts":"set","ast-page-background-enabled":"default","ast-page-background-meta":{"desktop":{"background-color":"var(--ast-global-color-5)","background-image":"","background-repeat":"repeat","background-position":"center center","background-size":"auto","background-attachment":"scroll","background-type":"","background-media":"","overlay-type":"","overlay-color":"","overlay-opacity":"","overlay-gradient":""},"tablet":{"background-color":"","background-image":"","background-repeat":"repeat","background-position":"center center","background-size":"auto","background-attachment":"scroll","background-type":"","background-media":"","overlay-type":"","overlay-color":"","overlay-opacity":"","overlay-gradient":""},"mobile":{"background-color":"","background-image":"","background-repeat":"repeat","background-position":"center center","background-size":"auto","background-attachment":"scroll","background-type":"","background-media":"","overlay-type":"","overlay-color":"","overlay-opacity":"","overlay-gradient":""}},"ast-content-background-meta":{"desktop":{"background-color":"var(--ast-global-color-4)","background-image":"","background-repeat":"repeat","background-position":"center center","background-size":"auto","background-attachment":"scroll","background-type":"","background-media":"","overlay-type":"","overlay-color":"","overlay-opacity":"","overlay-gradient":""},"tablet":{"background-color":"var(--ast-global-color-4)","background-image":"","background-repeat":"repeat","background-position":"center center","background-size":"auto","background-attachment":"scroll","background-type":"","background-media":"","overlay-type":"","overlay-color":"","overlay-opacity":"","overlay-gradient":""},"mobile":{"background-color":"var(--ast-global-color-4)","background-image":"","background-repeat":"repeat","background-position":"center center","background-size":"auto","background-attachment":"scroll","background-type":"","background-media":"","overlay-type":"","overlay-color":"","overlay-opacity":"","overlay-gradient":""}}},"product_brand":[],"product_cat":[19,118,39],"product_tag":[124,127,121,125,102,122,123,79,91,120,115,126,119,72],"class_list":{"0":"post-555","1":"product","2":"type-product","3":"status-publish","4":"has-post-thumbnail","6":"product_cat-iluminacion-y-proteccion-de-equipos","7":"product_cat-linternas-de-angulo","8":"product_cat-linternas-de-seguridad","9":"product_tag-linterna-certificada","10":"product_tag-linterna-clase-i-ii-iii","11":"product_tag-linterna-con-336-lumenes","12":"product_tag-linterna-con-cabeza-articulada","13":"product_tag-linterna-con-clip","14":"product_tag-linterna-con-led-de-inundacion","15":"product_tag-linterna-con-led-focalizado","16":"product_tag-linterna-de-seguridad","17":"product_tag-linterna-de-trabajo","18":"product_tag-linterna-intrinsecamente-segura","19":"product_tag-linterna-para-entornos-peligrosos","20":"product_tag-linterna-para-trabajos-extremos","21":"product_tag-linterna-pelican-3415","22":"product_tag-linterna-resistente-al-agua","23":"desktop-align-center","24":"tablet-align-left","25":"mobile-align-left","27":"first","28":"instock","29":"shipping-taxable","30":"product-type-simple"},"yoast_head":"<!-- This site is optimized with the Yoast SEO plugin v27.5 - https:\/\/yoast.com\/product\/yoast-seo-wordpress\/ -->\n<title>3415 Linterna de \u00c1ngulo Recto - Grupo Nasca<\/title>\n<meta name=\"description\" content=\"La Pelican\u2122 3415 es una linterna intr\u00ednsecamente segura y vers\u00e1til con certificaci\u00f3n Clase I, II, III, Divisi\u00f3n 1, ideal para entornos peligrosos.\" \/>\n<meta name=\"robots\" content=\"index, follow, max-snippet:-1, max-image-preview:large, max-video-preview:-1\" \/>\n<link rel=\"canonical\" href=\"https:\/\/gruponasca.com.pe\/index.php\/producto\/3415-linterna-de-angulo-recto\/\" \/>\n<meta property=\"og:locale\" content=\"es_ES\" \/>\n<meta property=\"og:type\" content=\"article\" \/>\n<meta property=\"og:title\" content=\"3415 Linterna de \u00c1ngulo Recto - Grupo Nasca\" \/>\n<meta property=\"og:description\" content=\"La Pelican\u2122 3415 es una linterna intr\u00ednsecamente segura y vers\u00e1til con certificaci\u00f3n Clase I, II, III, Divisi\u00f3n 1, ideal para entornos peligrosos.\" \/>\n<meta property=\"og:url\" content=\"https:\/\/gruponasca.com.pe\/index.php\/producto\/3415-linterna-de-angulo-recto\/\" \/>\n<meta property=\"og:site_name\" content=\"Grupo Nasca\" \/>\n<meta property=\"article:modified_time\" content=\"2025-09-23T22:50:28+00:00\" \/>\n<meta property=\"og:image\" content=\"https:\/\/gruponasca.com.pe\/wp-content\/uploads\/2025\/09\/3415-Linterna-angulo-Recto.jpg\" \/>\n\t<meta property=\"og:image:width\" content=\"500\" \/>\n\t<meta property=\"og:image:height\" content=\"500\" \/>\n\t<meta property=\"og:image:type\" content=\"image\/jpeg\" \/>\n<meta name=\"twitter:card\" content=\"summary_large_image\" \/>\n<meta name=\"twitter:label1\" content=\"Tiempo de lectura\" \/>\n\t<meta name=\"twitter:data1\" content=\"2 minutos\" \/>\n<script type=\"application\/ld+json\" class=\"yoast-schema-graph\">{\"@context\":\"https:\\\/\\\/schema.org\",\"@graph\":[{\"@type\":\"WebPage\",\"@id\":\"https:\\\/\\\/gruponasca.com.pe\\\/index.php\\\/producto\\\/3415-linterna-de-angulo-recto\\\/\",\"url\":\"https:\\\/\\\/gruponasca.com.pe\\\/index.php\\\/producto\\\/3415-linterna-de-angulo-recto\\\/\",\"name\":\"3415 Linterna de \u00c1ngulo Recto - Grupo Nasca\",\"isPartOf\":{\"@id\":\"https:\\\/\\\/gruponasca.com.pe\\\/#website\"},\"primaryImageOfPage\":{\"@id\":\"https:\\\/\\\/gruponasca.com.pe\\\/index.php\\\/producto\\\/3415-linterna-de-angulo-recto\\\/#primaryimage\"},\"image\":{\"@id\":\"https:\\\/\\\/gruponasca.com.pe\\\/index.php\\\/producto\\\/3415-linterna-de-angulo-recto\\\/#primaryimage\"},\"thumbnailUrl\":\"https:\\\/\\\/gruponasca.com.pe\\\/wp-content\\\/uploads\\\/2025\\\/09\\\/3415-Linterna-angulo-Recto.jpg\",\"datePublished\":\"2025-09-23T22:23:43+00:00\",\"dateModified\":\"2025-09-23T22:50:28+00:00\",\"description\":\"La Pelican\u2122 3415 es una linterna intr\u00ednsecamente segura y vers\u00e1til con certificaci\u00f3n Clase I, II, III, Divisi\u00f3n 1, ideal para entornos peligrosos.\",\"breadcrumb\":{\"@id\":\"https:\\\/\\\/gruponasca.com.pe\\\/index.php\\\/producto\\\/3415-linterna-de-angulo-recto\\\/#breadcrumb\"},\"inLanguage\":\"es\",\"potentialAction\":[{\"@type\":\"ReadAction\",\"target\":[\"https:\\\/\\\/gruponasca.com.pe\\\/index.php\\\/producto\\\/3415-linterna-de-angulo-recto\\\/\"]}]},{\"@type\":\"ImageObject\",\"inLanguage\":\"es\",\"@id\":\"https:\\\/\\\/gruponasca.com.pe\\\/index.php\\\/producto\\\/3415-linterna-de-angulo-recto\\\/#primaryimage\",\"url\":\"https:\\\/\\\/gruponasca.com.pe\\\/wp-content\\\/uploads\\\/2025\\\/09\\\/3415-Linterna-angulo-Recto.jpg\",\"contentUrl\":\"https:\\\/\\\/gruponasca.com.pe\\\/wp-content\\\/uploads\\\/2025\\\/09\\\/3415-Linterna-angulo-Recto.jpg\",\"width\":500,\"height\":500},{\"@type\":\"BreadcrumbList\",\"@id\":\"https:\\\/\\\/gruponasca.com.pe\\\/index.php\\\/producto\\\/3415-linterna-de-angulo-recto\\\/#breadcrumb\",\"itemListElement\":[{\"@type\":\"ListItem\",\"position\":1,\"name\":\"Portada\",\"item\":\"https:\\\/\\\/gruponasca.com.pe\\\/\"},{\"@type\":\"ListItem\",\"position\":2,\"name\":\"Productos\",\"item\":\"https:\\\/\\\/gruponasca.com.pe\\\/index.php\\\/productos\\\/\"},{\"@type\":\"ListItem\",\"position\":3,\"name\":\"3415 Linterna de \u00c1ngulo Recto\"}]},{\"@type\":\"WebSite\",\"@id\":\"https:\\\/\\\/gruponasca.com.pe\\\/#website\",\"url\":\"https:\\\/\\\/gruponasca.com.pe\\\/\",\"name\":\"Grupo Nasca SAC\",\"description\":\"Seguridad Industrial y Herramientas de Calidad\",\"publisher\":{\"@id\":\"https:\\\/\\\/gruponasca.com.pe\\\/#organization\"},\"potentialAction\":[{\"@type\":\"SearchAction\",\"target\":{\"@type\":\"EntryPoint\",\"urlTemplate\":\"https:\\\/\\\/gruponasca.com.pe\\\/?s={search_term_string}\"},\"query-input\":{\"@type\":\"PropertyValueSpecification\",\"valueRequired\":true,\"valueName\":\"search_term_string\"}}],\"inLanguage\":\"es\"},{\"@type\":\"Organization\",\"@id\":\"https:\\\/\\\/gruponasca.com.pe\\\/#organization\",\"name\":\"Grupo Nasca SAC\",\"url\":\"https:\\\/\\\/gruponasca.com.pe\\\/\",\"logo\":{\"@type\":\"ImageObject\",\"inLanguage\":\"es\",\"@id\":\"https:\\\/\\\/gruponasca.com.pe\\\/#\\\/schema\\\/logo\\\/image\\\/\",\"url\":\"https:\\\/\\\/gruponasca.com.pe\\\/wp-content\\\/uploads\\\/2025\\\/09\\\/cropped-icono_conasac-scaled-1.jpg\",\"contentUrl\":\"https:\\\/\\\/gruponasca.com.pe\\\/wp-content\\\/uploads\\\/2025\\\/09\\\/cropped-icono_conasac-scaled-1.jpg\",\"width\":512,\"height\":512,\"caption\":\"Grupo Nasca SAC\"},\"image\":{\"@id\":\"https:\\\/\\\/gruponasca.com.pe\\\/#\\\/schema\\\/logo\\\/image\\\/\"}}]}<\/script>\n<!-- \/ Yoast SEO plugin. -->","yoast_head_json":{"title":"3415 Linterna de \u00c1ngulo Recto - Grupo Nasca","description":"La Pelican\u2122 3415 es una linterna intr\u00ednsecamente segura y vers\u00e1til con certificaci\u00f3n Clase I, II, III, Divisi\u00f3n 1, ideal para entornos peligrosos.","robots":{"index":"index","follow":"follow","max-snippet":"max-snippet:-1","max-image-preview":"max-image-preview:large","max-video-preview":"max-video-preview:-1"},"canonical":"https:\/\/gruponasca.com.pe\/index.php\/producto\/3415-linterna-de-angulo-recto\/","og_locale":"es_ES","og_type":"article","og_title":"3415 Linterna de \u00c1ngulo Recto - Grupo Nasca","og_description":"La Pelican\u2122 3415 es una linterna intr\u00ednsecamente segura y vers\u00e1til con certificaci\u00f3n Clase I, II, III, Divisi\u00f3n 1, ideal para entornos peligrosos.","og_url":"https:\/\/gruponasca.com.pe\/index.php\/producto\/3415-linterna-de-angulo-recto\/","og_site_name":"Grupo Nasca","article_modified_time":"2025-09-23T22:50:28+00:00","og_image":[{"width":500,"height":500,"url":"https:\/\/gruponasca.com.pe\/wp-content\/uploads\/2025\/09\/3415-Linterna-angulo-Recto.jpg","type":"image\/jpeg"}],"twitter_card":"summary_large_image","twitter_misc":{"Tiempo de lectura":"2 minutos"},"schema":{"@context":"https:\/\/schema.org","@graph":[{"@type":"WebPage","@id":"https:\/\/gruponasca.com.pe\/index.php\/producto\/3415-linterna-de-angulo-recto\/","url":"https:\/\/gruponasca.com.pe\/index.php\/producto\/3415-linterna-de-angulo-recto\/","name":"3415 Linterna de \u00c1ngulo Recto - Grupo Nasca","isPartOf":{"@id":"https:\/\/gruponasca.com.pe\/#website"},"primaryImageOfPage":{"@id":"https:\/\/gruponasca.com.pe\/index.php\/producto\/3415-linterna-de-angulo-recto\/#primaryimage"},"image":{"@id":"https:\/\/gruponasca.com.pe\/index.php\/producto\/3415-linterna-de-angulo-recto\/#primaryimage"},"thumbnailUrl":"https:\/\/gruponasca.com.pe\/wp-content\/uploads\/2025\/09\/3415-Linterna-angulo-Recto.jpg","datePublished":"2025-09-23T22:23:43+00:00","dateModified":"2025-09-23T22:50:28+00:00","description":"La Pelican\u2122 3415 es una linterna intr\u00ednsecamente segura y vers\u00e1til con certificaci\u00f3n Clase I, II, III, Divisi\u00f3n 1, ideal para entornos peligrosos.","breadcrumb":{"@id":"https:\/\/gruponasca.com.pe\/index.php\/producto\/3415-linterna-de-angulo-recto\/#breadcrumb"},"inLanguage":"es","potentialAction":[{"@type":"ReadAction","target":["https:\/\/gruponasca.com.pe\/index.php\/producto\/3415-linterna-de-angulo-recto\/"]}]},{"@type":"ImageObject","inLanguage":"es","@id":"https:\/\/gruponasca.com.pe\/index.php\/producto\/3415-linterna-de-angulo-recto\/#primaryimage","url":"https:\/\/gruponasca.com.pe\/wp-content\/uploads\/2025\/09\/3415-Linterna-angulo-Recto.jpg","contentUrl":"https:\/\/gruponasca.com.pe\/wp-content\/uploads\/2025\/09\/3415-Linterna-angulo-Recto.jpg","width":500,"height":500},{"@type":"BreadcrumbList","@id":"https:\/\/gruponasca.com.pe\/index.php\/producto\/3415-linterna-de-angulo-recto\/#breadcrumb","itemListElement":[{"@type":"ListItem","position":1,"name":"Portada","item":"https:\/\/gruponasca.com.pe\/"},{"@type":"ListItem","position":2,"name":"Productos","item":"https:\/\/gruponasca.com.pe\/index.php\/productos\/"},{"@type":"ListItem","position":3,"name":"3415 Linterna de \u00c1ngulo Recto"}]},{"@type":"WebSite","@id":"https:\/\/gruponasca.com.pe\/#website","url":"https:\/\/gruponasca.com.pe\/","name":"Grupo Nasca SAC","description":"Seguridad Industrial y Herramientas de Calidad","publisher":{"@id":"https:\/\/gruponasca.com.pe\/#organization"},"potentialAction":[{"@type":"SearchAction","target":{"@type":"EntryPoint","urlTemplate":"https:\/\/gruponasca.com.pe\/?s={search_term_string}"},"query-input":{"@type":"PropertyValueSpecification","valueRequired":true,"valueName":"search_term_string"}}],"inLanguage":"es"},{"@type":"Organization","@id":"https:\/\/gruponasca.com.pe\/#organization","name":"Grupo Nasca SAC","url":"https:\/\/gruponasca.com.pe\/","logo":{"@type":"ImageObject","inLanguage":"es","@id":"https:\/\/gruponasca.com.pe\/#\/schema\/logo\/image\/","url":"https:\/\/gruponasca.com.pe\/wp-content\/uploads\/2025\/09\/cropped-icono_conasac-scaled-1.jpg","contentUrl":"https:\/\/gruponasca.com.pe\/wp-content\/uploads\/2025\/09\/cropped-icono_conasac-scaled-1.jpg","width":512,"height":512,"caption":"Grupo Nasca SAC"},"image":{"@id":"https:\/\/gruponasca.com.pe\/#\/schema\/logo\/image\/"}}]}},"_links":{"self":[{"href":"https:\/\/gruponasca.com.pe\/index.php\/wp-json\/wp\/v2\/product\/555","targetHints":{"allow":["GET"]}}],"collection":[{"href":"https:\/\/gruponasca.com.pe\/index.php\/wp-json\/wp\/v2\/product"}],"about":[{"href":"https:\/\/gruponasca.com.pe\/index.php\/wp-json\/wp\/v2\/types\/product"}],"wp:featuredmedia":[{"embeddable":true,"href":"https:\/\/gruponasca.com.pe\/index.php\/wp-json\/wp\/v2\/media\/560"}],"wp:attachment":[{"href":"https:\/\/gruponasca.com.pe\/index.php\/wp-json\/wp\/v2\/media?parent=555"}],"wp:term":[{"taxonomy":"product_brand","embeddable":true,"href":"https:\/\/gruponasca.com.pe\/index.php\/wp-json\/wp\/v2\/product_brand?post=555"},{"taxonomy":"product_cat","embeddable":true,"href":"https:\/\/gruponasca.com.pe\/index.php\/wp-json\/wp\/v2\/product_cat?post=555"},{"taxonomy":"product_tag","embeddable":true,"href":"https:\/\/gruponasca.com.pe\/index.php\/wp-json\/wp\/v2\/product_tag?post=555"}],"curies":[{"name":"wp","href":"https:\/\/api.w.org\/{rel}","templated":true}]}}