{"id":554,"date":"2025-09-23T22:22:37","date_gmt":"2025-09-23T22:22:37","guid":{"rendered":"https:\/\/dots-interactive.com\/desarrollo\/nasca\/?post_type=product&#038;p=554"},"modified":"2025-09-23T22:28:09","modified_gmt":"2025-09-23T22:28:09","slug":"3345-linterna","status":"publish","type":"product","link":"https:\/\/gruponasca.com.pe\/index.php\/producto\/3345-linterna\/","title":{"rendered":"3345 Linterna"},"content":{"rendered":"<div class=\"col-lg-4 col-md-10 col-lg-offset-0\">\n<p><strong>Pelican \u2122 3345 VLO con salida de luz variable: la primera linterna profesional que ajusta autom\u00e1ticamente el brillo.Tiene una mente propia.\u00a0<\/strong><\/p>\n<p>El sensor de salida de luz variable (VLO) en el nuevo Pelican \u2122 3345 VLO examina la luz ambiental \/ proximidad y ajusta instant\u00e1neamente sus l\u00famenes al nivel m\u00e1s efectivo. Ahora puede leer los medidores de presi\u00f3n de cerca o arrojar luz a cientos de metros de distancia, sin tener que preocuparse por la configuraci\u00f3n de energ\u00eda manual. El sensor de salida de luz variable tambi\u00e9n hace que el Pelican \u2122 3345 VLO sea una de nuestras linternas con mayor eficiencia energ\u00e9tica, preservando la energ\u00eda y alargando la vida \u00fatil de la bater\u00eda. Adem\u00e1s, el haz de inundaci\u00f3n secundario ilumina los riesgos potenciales de tropiezo, como cables sueltos, mientras que el haz puntual primario ilumina los t\u00faneles largos. El clip integrado se puede montar en un chaleco de seguridad para iluminaci\u00f3n con manos libres. Con las certificaciones Clase I, II, III, Divisi\u00f3n 1 \/ IECEx ia y un indicador de nivel de bater\u00eda a tiempo completo, puede trabajar en \u00e1reas peligrosas de todo el mundo.<\/p>\n<\/div>\n<div class=\"col-lg-8 col-xs-12\">\n<ul id=\"pdp-bullets\" class=\"pl-20\">\n<li>280 Lumens<\/li>\n<li>Salida de luz variable (se ajusta autom\u00e1ticamente a los niveles de luz ambiental y de proximidad)<\/li>\n<li>Con certificado de seguridad, Clase I, II, III, Divisi\u00f3n 1 \/ IECEx ia<\/li>\n<li>3 pilas alcalinas AA (no incluidas)<\/li>\n<li>Indicaci\u00f3n de nivel de bater\u00eda de tiempo completo<\/li>\n<li>Doble haz (concentrado y difuso)<\/li>\n<li>Clip integrado<\/li>\n<\/ul>\n<div class=\"product-specs\">\n<h2 style=\"font-size: 18px;\">Especificaciones<\/h2>\n<ul>\n<li><strong>Longitud:<\/strong> 18.4 cm<\/li>\n<li><strong>Peso con pilas:<\/strong> 213 gr<\/li>\n<li><strong>Peso sin pilas:<\/strong> 142 gr<\/li>\n<li><strong>Interruptor:<\/strong> Push Button<\/li>\n<li><strong>Modos de Iluminaci\u00f3n:<\/strong> High<\/li>\n<li><strong>Tipo de Pilas:<\/strong> Alkaline, AA (3 pilas, no incluidas)<\/li>\n<li><strong>Voltaje:<\/strong> 4.5 V<\/li>\n<li><strong>Material Cuerpo:<\/strong> ABS<\/li>\n<li><strong>Material Anillo Sellado:<\/strong> NBR<\/li>\n<li><strong>Material Lente:<\/strong> Policarbonato (PC)<\/li>\n<li><strong>Material Clip:<\/strong> ABS<\/li>\n<li><strong>Certificaciones:<\/strong> Class I, Division 1 \/ Class II, Division 1 \/ Class III, Division 1 \/ IECEx ia<\/li>\n<\/ul>\n<h3 style=\"font-size: 16px;\">Especificaciones de Luz (FL1 Standard)<\/h3>\n<table>\n<tbody>\n<tr>\n<th>Modo<\/th>\n<th>Flood<\/th>\n<th>Spot<\/th>\n<\/tr>\n<tr>\n<td>Salida de Luz (L\u00famenes)<\/td>\n<td>117<\/td>\n<td>219<\/td>\n<\/tr>\n<tr>\n<td>Tiempo de Funcionamiento<\/td>\n<td>14h 0m<\/td>\n<td>12h 0m<\/td>\n<\/tr>\n<tr>\n<td>Distancia del Haz<\/td>\n<td>16m<\/td>\n<td>137m<\/td>\n<\/tr>\n<tr>\n<td>Intensidad del Haz<\/td>\n<td>60 cd<\/td>\n<td>4724 cd<\/td>\n<\/tr>\n<tr>\n<td>Resistencia al Agua<\/td>\n<td colspan=\"2\">IPX7<\/td>\n<\/tr>\n<\/tbody>\n<\/table>\n<\/div>\n<\/div>\n","protected":false},"excerpt":{"rendered":"<p>La <strong data-start=\"127\" data-end=\"148\">Pelican\u2122 3345 VLO<\/strong> es una linterna profesional con <strong data-start=\"181\" data-end=\"213\">salida de luz variable (VLO)<\/strong>, que ajusta autom\u00e1ticamente la intensidad del brillo seg\u00fan la luz ambiental y la proximidad. Con <strong data-start=\"311\" data-end=\"326\">280 l\u00famenes<\/strong>, ofrece un <strong data-start=\"338\" data-end=\"361\">haz de luz primario<\/strong> para distancias largas y un <strong data-start=\"390\" data-end=\"422\">haz de inundaci\u00f3n secundario<\/strong> para visibilidad cercana. Su <strong data-start=\"452\" data-end=\"498\">certificaci\u00f3n Clase I, II, III, Divisi\u00f3n 1<\/strong> y <strong data-start=\"501\" data-end=\"521\">resistencia IPX7<\/strong> la hacen ideal para entornos de trabajo peligrosos. Adem\u00e1s, cuenta con <strong data-start=\"593\" data-end=\"626\">indicador de nivel de bater\u00eda<\/strong>, <strong data-start=\"628\" data-end=\"646\">clip integrado<\/strong> y <strong data-start=\"649\" data-end=\"680\">hasta 14 horas de autonom\u00eda<\/strong>.<\/p>\n","protected":false},"featured_media":558,"template":"","meta":{"site-sidebar-layout":"default","site-content-layout":"","ast-site-content-layout":"default","site-content-style":"default","site-sidebar-style":"default","ast-global-header-display":"","ast-banner-title-visibility":"","ast-main-header-display":"","ast-hfb-above-header-display":"","ast-hfb-below-header-display":"","ast-hfb-mobile-header-display":"","site-post-title":"","ast-breadcrumbs-content":"","ast-featured-img":"","footer-sml-layout":"","ast-disable-related-posts":"","theme-transparent-header-meta":"default","adv-header-id-meta":"","stick-header-meta":"","header-above-stick-meta":"","header-main-stick-meta":"","header-below-stick-meta":"","astra-migrate-meta-layouts":"set","ast-page-background-enabled":"default","ast-page-background-meta":{"desktop":{"background-color":"var(--ast-global-color-5)","background-image":"","background-repeat":"repeat","background-position":"center center","background-size":"auto","background-attachment":"scroll","background-type":"","background-media":"","overlay-type":"","overlay-color":"","overlay-opacity":"","overlay-gradient":""},"tablet":{"background-color":"","background-image":"","background-repeat":"repeat","background-position":"center center","background-size":"auto","background-attachment":"scroll","background-type":"","background-media":"","overlay-type":"","overlay-color":"","overlay-opacity":"","overlay-gradient":""},"mobile":{"background-color":"","background-image":"","background-repeat":"repeat","background-position":"center center","background-size":"auto","background-attachment":"scroll","background-type":"","background-media":"","overlay-type":"","overlay-color":"","overlay-opacity":"","overlay-gradient":""}},"ast-content-background-meta":{"desktop":{"background-color":"var(--ast-global-color-4)","background-image":"","background-repeat":"repeat","background-position":"center center","background-size":"auto","background-attachment":"scroll","background-type":"","background-media":"","overlay-type":"","overlay-color":"","overlay-opacity":"","overlay-gradient":""},"tablet":{"background-color":"var(--ast-global-color-4)","background-image":"","background-repeat":"repeat","background-position":"center center","background-size":"auto","background-attachment":"scroll","background-type":"","background-media":"","overlay-type":"","overlay-color":"","overlay-opacity":"","overlay-gradient":""},"mobile":{"background-color":"var(--ast-global-color-4)","background-image":"","background-repeat":"repeat","background-position":"center center","background-size":"auto","background-attachment":"scroll","background-type":"","background-media":"","overlay-type":"","overlay-color":"","overlay-opacity":"","overlay-gradient":""}}},"product_brand":[],"product_cat":[19,75,39],"product_tag":[113,114,109,112,102,111,110,60,116,79,91,78,115,107,117,49,108],"class_list":{"0":"post-554","1":"product","2":"type-product","3":"status-publish","4":"has-post-thumbnail","6":"product_cat-iluminacion-y-proteccion-de-equipos","7":"product_cat-linternas-de-mano","8":"product_cat-linternas-de-seguridad","9":"product_tag-ii","10":"product_tag-iii","11":"product_tag-linterna-ajustable","12":"product_tag-linterna-con-certificacion-clase-i","13":"product_tag-linterna-con-clip","14":"product_tag-linterna-con-haz-de-inundacion","15":"product_tag-linterna-con-haz-puntual","16":"product_tag-linterna-de-alto-rendimiento","17":"product_tag-linterna-de-largo-alcance","18":"product_tag-linterna-de-seguridad","19":"product_tag-linterna-de-trabajo","20":"product_tag-linterna-ipx7","21":"product_tag-linterna-para-entornos-peligrosos","22":"product_tag-linterna-pelican-3345-vlo","23":"product_tag-linterna-pelican","24":"product_tag-linterna-profesional","25":"product_tag-linterna-salida-de-luz-variable","26":"desktop-align-center","27":"tablet-align-left","28":"mobile-align-left","30":"first","31":"instock","32":"shipping-taxable","33":"product-type-simple"},"yoast_head":"<!-- This site is optimized with the Yoast SEO plugin v27.5 - https:\/\/yoast.com\/product\/yoast-seo-wordpress\/ -->\n<title>3345 Linterna - Grupo Nasca<\/title>\n<meta name=\"description\" content=\"La Pelican\u2122 3345 VLO es una linterna profesional con salida de luz variable (VLO), ajustando autom\u00e1ticamente la intensidad seg\u00fan el entorno.\" \/>\n<meta name=\"robots\" content=\"index, follow, max-snippet:-1, max-image-preview:large, max-video-preview:-1\" \/>\n<link rel=\"canonical\" href=\"https:\/\/gruponasca.com.pe\/index.php\/producto\/3345-linterna\/\" \/>\n<meta property=\"og:locale\" content=\"es_ES\" \/>\n<meta property=\"og:type\" content=\"article\" \/>\n<meta property=\"og:title\" content=\"3345 Linterna - Grupo Nasca\" \/>\n<meta property=\"og:description\" content=\"La Pelican\u2122 3345 VLO es una linterna profesional con salida de luz variable (VLO), ajustando autom\u00e1ticamente la intensidad seg\u00fan el entorno.\" \/>\n<meta property=\"og:url\" content=\"https:\/\/gruponasca.com.pe\/index.php\/producto\/3345-linterna\/\" \/>\n<meta property=\"og:site_name\" content=\"Grupo Nasca\" \/>\n<meta property=\"article:modified_time\" content=\"2025-09-23T22:28:09+00:00\" \/>\n<meta property=\"og:image\" content=\"https:\/\/gruponasca.com.pe\/wp-content\/uploads\/2025\/09\/3345-Linterna.jpg\" \/>\n\t<meta property=\"og:image:width\" content=\"500\" \/>\n\t<meta property=\"og:image:height\" content=\"500\" \/>\n\t<meta property=\"og:image:type\" content=\"image\/jpeg\" \/>\n<meta name=\"twitter:card\" content=\"summary_large_image\" \/>\n<meta name=\"twitter:label1\" content=\"Tiempo de lectura\" \/>\n\t<meta name=\"twitter:data1\" content=\"2 minutos\" \/>\n<script type=\"application\/ld+json\" class=\"yoast-schema-graph\">{\"@context\":\"https:\\\/\\\/schema.org\",\"@graph\":[{\"@type\":\"WebPage\",\"@id\":\"https:\\\/\\\/gruponasca.com.pe\\\/index.php\\\/producto\\\/3345-linterna\\\/\",\"url\":\"https:\\\/\\\/gruponasca.com.pe\\\/index.php\\\/producto\\\/3345-linterna\\\/\",\"name\":\"3345 Linterna - Grupo Nasca\",\"isPartOf\":{\"@id\":\"https:\\\/\\\/gruponasca.com.pe\\\/#website\"},\"primaryImageOfPage\":{\"@id\":\"https:\\\/\\\/gruponasca.com.pe\\\/index.php\\\/producto\\\/3345-linterna\\\/#primaryimage\"},\"image\":{\"@id\":\"https:\\\/\\\/gruponasca.com.pe\\\/index.php\\\/producto\\\/3345-linterna\\\/#primaryimage\"},\"thumbnailUrl\":\"https:\\\/\\\/gruponasca.com.pe\\\/wp-content\\\/uploads\\\/2025\\\/09\\\/3345-Linterna.jpg\",\"datePublished\":\"2025-09-23T22:22:37+00:00\",\"dateModified\":\"2025-09-23T22:28:09+00:00\",\"description\":\"La Pelican\u2122 3345 VLO es una linterna profesional con salida de luz variable (VLO), ajustando autom\u00e1ticamente la intensidad seg\u00fan el entorno.\",\"breadcrumb\":{\"@id\":\"https:\\\/\\\/gruponasca.com.pe\\\/index.php\\\/producto\\\/3345-linterna\\\/#breadcrumb\"},\"inLanguage\":\"es\",\"potentialAction\":[{\"@type\":\"ReadAction\",\"target\":[\"https:\\\/\\\/gruponasca.com.pe\\\/index.php\\\/producto\\\/3345-linterna\\\/\"]}]},{\"@type\":\"ImageObject\",\"inLanguage\":\"es\",\"@id\":\"https:\\\/\\\/gruponasca.com.pe\\\/index.php\\\/producto\\\/3345-linterna\\\/#primaryimage\",\"url\":\"https:\\\/\\\/gruponasca.com.pe\\\/wp-content\\\/uploads\\\/2025\\\/09\\\/3345-Linterna.jpg\",\"contentUrl\":\"https:\\\/\\\/gruponasca.com.pe\\\/wp-content\\\/uploads\\\/2025\\\/09\\\/3345-Linterna.jpg\",\"width\":500,\"height\":500},{\"@type\":\"BreadcrumbList\",\"@id\":\"https:\\\/\\\/gruponasca.com.pe\\\/index.php\\\/producto\\\/3345-linterna\\\/#breadcrumb\",\"itemListElement\":[{\"@type\":\"ListItem\",\"position\":1,\"name\":\"Portada\",\"item\":\"https:\\\/\\\/gruponasca.com.pe\\\/\"},{\"@type\":\"ListItem\",\"position\":2,\"name\":\"Productos\",\"item\":\"https:\\\/\\\/gruponasca.com.pe\\\/index.php\\\/productos\\\/\"},{\"@type\":\"ListItem\",\"position\":3,\"name\":\"3345 Linterna\"}]},{\"@type\":\"WebSite\",\"@id\":\"https:\\\/\\\/gruponasca.com.pe\\\/#website\",\"url\":\"https:\\\/\\\/gruponasca.com.pe\\\/\",\"name\":\"Grupo Nasca SAC\",\"description\":\"Seguridad Industrial y Herramientas de Calidad\",\"publisher\":{\"@id\":\"https:\\\/\\\/gruponasca.com.pe\\\/#organization\"},\"potentialAction\":[{\"@type\":\"SearchAction\",\"target\":{\"@type\":\"EntryPoint\",\"urlTemplate\":\"https:\\\/\\\/gruponasca.com.pe\\\/?s={search_term_string}\"},\"query-input\":{\"@type\":\"PropertyValueSpecification\",\"valueRequired\":true,\"valueName\":\"search_term_string\"}}],\"inLanguage\":\"es\"},{\"@type\":\"Organization\",\"@id\":\"https:\\\/\\\/gruponasca.com.pe\\\/#organization\",\"name\":\"Grupo Nasca SAC\",\"url\":\"https:\\\/\\\/gruponasca.com.pe\\\/\",\"logo\":{\"@type\":\"ImageObject\",\"inLanguage\":\"es\",\"@id\":\"https:\\\/\\\/gruponasca.com.pe\\\/#\\\/schema\\\/logo\\\/image\\\/\",\"url\":\"https:\\\/\\\/gruponasca.com.pe\\\/wp-content\\\/uploads\\\/2025\\\/09\\\/cropped-icono_conasac-scaled-1.jpg\",\"contentUrl\":\"https:\\\/\\\/gruponasca.com.pe\\\/wp-content\\\/uploads\\\/2025\\\/09\\\/cropped-icono_conasac-scaled-1.jpg\",\"width\":512,\"height\":512,\"caption\":\"Grupo Nasca SAC\"},\"image\":{\"@id\":\"https:\\\/\\\/gruponasca.com.pe\\\/#\\\/schema\\\/logo\\\/image\\\/\"}}]}<\/script>\n<!-- \/ Yoast SEO plugin. -->","yoast_head_json":{"title":"3345 Linterna - Grupo Nasca","description":"La Pelican\u2122 3345 VLO es una linterna profesional con salida de luz variable (VLO), ajustando autom\u00e1ticamente la intensidad seg\u00fan el entorno.","robots":{"index":"index","follow":"follow","max-snippet":"max-snippet:-1","max-image-preview":"max-image-preview:large","max-video-preview":"max-video-preview:-1"},"canonical":"https:\/\/gruponasca.com.pe\/index.php\/producto\/3345-linterna\/","og_locale":"es_ES","og_type":"article","og_title":"3345 Linterna - Grupo Nasca","og_description":"La Pelican\u2122 3345 VLO es una linterna profesional con salida de luz variable (VLO), ajustando autom\u00e1ticamente la intensidad seg\u00fan el entorno.","og_url":"https:\/\/gruponasca.com.pe\/index.php\/producto\/3345-linterna\/","og_site_name":"Grupo Nasca","article_modified_time":"2025-09-23T22:28:09+00:00","og_image":[{"width":500,"height":500,"url":"https:\/\/gruponasca.com.pe\/wp-content\/uploads\/2025\/09\/3345-Linterna.jpg","type":"image\/jpeg"}],"twitter_card":"summary_large_image","twitter_misc":{"Tiempo de lectura":"2 minutos"},"schema":{"@context":"https:\/\/schema.org","@graph":[{"@type":"WebPage","@id":"https:\/\/gruponasca.com.pe\/index.php\/producto\/3345-linterna\/","url":"https:\/\/gruponasca.com.pe\/index.php\/producto\/3345-linterna\/","name":"3345 Linterna - Grupo Nasca","isPartOf":{"@id":"https:\/\/gruponasca.com.pe\/#website"},"primaryImageOfPage":{"@id":"https:\/\/gruponasca.com.pe\/index.php\/producto\/3345-linterna\/#primaryimage"},"image":{"@id":"https:\/\/gruponasca.com.pe\/index.php\/producto\/3345-linterna\/#primaryimage"},"thumbnailUrl":"https:\/\/gruponasca.com.pe\/wp-content\/uploads\/2025\/09\/3345-Linterna.jpg","datePublished":"2025-09-23T22:22:37+00:00","dateModified":"2025-09-23T22:28:09+00:00","description":"La Pelican\u2122 3345 VLO es una linterna profesional con salida de luz variable (VLO), ajustando autom\u00e1ticamente la intensidad seg\u00fan el entorno.","breadcrumb":{"@id":"https:\/\/gruponasca.com.pe\/index.php\/producto\/3345-linterna\/#breadcrumb"},"inLanguage":"es","potentialAction":[{"@type":"ReadAction","target":["https:\/\/gruponasca.com.pe\/index.php\/producto\/3345-linterna\/"]}]},{"@type":"ImageObject","inLanguage":"es","@id":"https:\/\/gruponasca.com.pe\/index.php\/producto\/3345-linterna\/#primaryimage","url":"https:\/\/gruponasca.com.pe\/wp-content\/uploads\/2025\/09\/3345-Linterna.jpg","contentUrl":"https:\/\/gruponasca.com.pe\/wp-content\/uploads\/2025\/09\/3345-Linterna.jpg","width":500,"height":500},{"@type":"BreadcrumbList","@id":"https:\/\/gruponasca.com.pe\/index.php\/producto\/3345-linterna\/#breadcrumb","itemListElement":[{"@type":"ListItem","position":1,"name":"Portada","item":"https:\/\/gruponasca.com.pe\/"},{"@type":"ListItem","position":2,"name":"Productos","item":"https:\/\/gruponasca.com.pe\/index.php\/productos\/"},{"@type":"ListItem","position":3,"name":"3345 Linterna"}]},{"@type":"WebSite","@id":"https:\/\/gruponasca.com.pe\/#website","url":"https:\/\/gruponasca.com.pe\/","name":"Grupo Nasca SAC","description":"Seguridad Industrial y Herramientas de Calidad","publisher":{"@id":"https:\/\/gruponasca.com.pe\/#organization"},"potentialAction":[{"@type":"SearchAction","target":{"@type":"EntryPoint","urlTemplate":"https:\/\/gruponasca.com.pe\/?s={search_term_string}"},"query-input":{"@type":"PropertyValueSpecification","valueRequired":true,"valueName":"search_term_string"}}],"inLanguage":"es"},{"@type":"Organization","@id":"https:\/\/gruponasca.com.pe\/#organization","name":"Grupo Nasca SAC","url":"https:\/\/gruponasca.com.pe\/","logo":{"@type":"ImageObject","inLanguage":"es","@id":"https:\/\/gruponasca.com.pe\/#\/schema\/logo\/image\/","url":"https:\/\/gruponasca.com.pe\/wp-content\/uploads\/2025\/09\/cropped-icono_conasac-scaled-1.jpg","contentUrl":"https:\/\/gruponasca.com.pe\/wp-content\/uploads\/2025\/09\/cropped-icono_conasac-scaled-1.jpg","width":512,"height":512,"caption":"Grupo Nasca SAC"},"image":{"@id":"https:\/\/gruponasca.com.pe\/#\/schema\/logo\/image\/"}}]}},"_links":{"self":[{"href":"https:\/\/gruponasca.com.pe\/index.php\/wp-json\/wp\/v2\/product\/554","targetHints":{"allow":["GET"]}}],"collection":[{"href":"https:\/\/gruponasca.com.pe\/index.php\/wp-json\/wp\/v2\/product"}],"about":[{"href":"https:\/\/gruponasca.com.pe\/index.php\/wp-json\/wp\/v2\/types\/product"}],"wp:featuredmedia":[{"embeddable":true,"href":"https:\/\/gruponasca.com.pe\/index.php\/wp-json\/wp\/v2\/media\/558"}],"wp:attachment":[{"href":"https:\/\/gruponasca.com.pe\/index.php\/wp-json\/wp\/v2\/media?parent=554"}],"wp:term":[{"taxonomy":"product_brand","embeddable":true,"href":"https:\/\/gruponasca.com.pe\/index.php\/wp-json\/wp\/v2\/product_brand?post=554"},{"taxonomy":"product_cat","embeddable":true,"href":"https:\/\/gruponasca.com.pe\/index.php\/wp-json\/wp\/v2\/product_cat?post=554"},{"taxonomy":"product_tag","embeddable":true,"href":"https:\/\/gruponasca.com.pe\/index.php\/wp-json\/wp\/v2\/product_tag?post=554"}],"curies":[{"name":"wp","href":"https:\/\/api.w.org\/{rel}","templated":true}]}}