{"id":551,"date":"2025-09-23T22:17:26","date_gmt":"2025-09-23T22:17:26","guid":{"rendered":"https:\/\/dots-interactive.com\/desarrollo\/nasca\/?post_type=product&#038;p=551"},"modified":"2025-09-23T22:20:48","modified_gmt":"2025-09-23T22:20:48","slug":"3315pl-linterna","status":"publish","type":"product","link":"https:\/\/gruponasca.com.pe\/index.php\/producto\/3315pl-linterna\/","title":{"rendered":"3315PL Linterna"},"content":{"rendered":"<div class=\"col-lg-4 col-md-10 col-lg-offset-0\">\n<div class=\"col-lg-4 col-md-10 col-lg-offset-0\">\n<p>LED \u201cBRILLANTE EN LA OSCURIDAD\u201d de alto rendimiento, sin sorpresas en el costo. La nueva linterna LED 3315PL: el dise\u00f1o compacto de la linterna funciona con 3 bater\u00edas tipo AA que alimentan a un solo LED para 160 l\u00famenes de luz LED extremadamente brillante. La linterna LED 3315PL, que cuenta con aprobaci\u00f3n de seguridad para los entornos de trabajo m\u00e1s vol\u00e1tiles, es una de las linternas m\u00e1s eficientes del mercado actual.<\/p>\n<p>Moldeada con material fotoluminiscente \u201cbrillante en la oscuridad\u201d que puede visualizarse en los entornos m\u00e1s oscuros. La 3315PL siempre podr\u00e1 ser encontrada cuando m\u00e1s se la necesite. La nueva linterna LED 3315PL: linterna compacta, gran rendimiento de LED que \u201cbrilla en la oscuridad\u201d.<\/p>\n<\/div>\n<div class=\"col-lg-8 col-xs-12\">\n<ul id=\"pdp-bullets\" class=\"pl-20\">\n<li>160 Lumens<\/li>\n<li>Pilas: 3 alcalinas AA (incluidas)<\/li>\n<li>Clip extra\u00edble incluido<\/li>\n<li>Certificado de seguridad Clase I, Clase II, Clase III &#8211; Divisi\u00f3n 1<\/li>\n<li>Garant\u00eda de por vida de Pelican<\/li>\n<li>Cuerpo fotoluminiscente \u00abbrillante en la oscuridad\u00bb<\/li>\n<\/ul>\n<div class=\"product-specs\">\n<h2 style=\"font-size: 18px;\">Especificaciones<\/h2>\n<ul>\n<li><strong>Longitud:<\/strong> 15.6 cm<\/li>\n<li><strong>Peso con pilas:<\/strong> 176 gr<\/li>\n<li><strong>Peso sin pilas:<\/strong> 105 gr<\/li>\n<li><strong>Interruptor:<\/strong> Push Button<\/li>\n<li><strong>Modos de Iluminaci\u00f3n:<\/strong> On \/ Off<\/li>\n<li><strong>Tipo de Pilas:<\/strong> Alkaline, AA (3 pilas, incluidas)<\/li>\n<li><strong>Voltaje:<\/strong> 4.5 V<\/li>\n<li><strong>Material Cuerpo:<\/strong> Polycarbonate fotoluminiscente (PC)<\/li>\n<li><strong>Material Anillo Sellado:<\/strong> EPDM<\/li>\n<li><strong>Material Lente:<\/strong> Policarbonato (PC)<\/li>\n<li><strong>Material Clip:<\/strong> Nylon<\/li>\n<li><strong>Certificaciones:<\/strong> Class I, Division 1 \/ Class II, Division 1 \/ Class III, Division 1<\/li>\n<\/ul>\n<h3 style=\"font-size: 16px;\">Especificaciones de Luz (FL1 Standard)<\/h3>\n<table>\n<tbody>\n<tr>\n<th>Modo<\/th>\n<th>High<\/th>\n<\/tr>\n<tr>\n<td>Salida de Luz (L\u00famenes)<\/td>\n<td>160<\/td>\n<\/tr>\n<tr>\n<td>Tiempo de Funcionamiento<\/td>\n<td>19h 0m<\/td>\n<\/tr>\n<tr>\n<td>Distancia del Haz<\/td>\n<td>144m<\/td>\n<\/tr>\n<tr>\n<td>Intensidad del Haz<\/td>\n<td>5153 cd<\/td>\n<\/tr>\n<tr>\n<td>Resistencia al Agua<\/td>\n<td colspan=\"2\">IP67 (a prueba de agua y polvo)<\/td>\n<\/tr>\n<\/tbody>\n<\/table>\n<\/div>\n<\/div>\n<\/div>\n","protected":false},"excerpt":{"rendered":"<p>La <strong data-start=\"130\" data-end=\"149\">Pelican\u2122 3315PL<\/strong> es una linterna compacta y de alto rendimiento con <strong data-start=\"201\" data-end=\"216\">160 l\u00famenes<\/strong> de luz LED. Su cuerpo fotoluminiscente <strong data-start=\"256\" data-end=\"287\" data-is-only-node=\"\">\u00abbrillante en la oscuridad\u00bb<\/strong> la hace f\u00e1cil de localizar en entornos oscuros. Con <strong data-start=\"340\" data-end=\"364\">3 pilas AA alcalinas<\/strong> (incluidas) y <strong data-start=\"379\" data-end=\"427\">certificaci\u00f3n de seguridad Clase I, II y III<\/strong>, es perfecta para ambientes de trabajo exigentes. Ofrece <strong data-start=\"485\" data-end=\"510\">19 horas de autonom\u00eda<\/strong> y es <strong data-start=\"516\" data-end=\"524\">IP67<\/strong> a prueba de agua y polvo.<\/p>\n","protected":false},"featured_media":552,"template":"","meta":{"site-sidebar-layout":"default","site-content-layout":"","ast-site-content-layout":"default","site-content-style":"default","site-sidebar-style":"default","ast-global-header-display":"","ast-banner-title-visibility":"","ast-main-header-display":"","ast-hfb-above-header-display":"","ast-hfb-below-header-display":"","ast-hfb-mobile-header-display":"","site-post-title":"","ast-breadcrumbs-content":"","ast-featured-img":"","footer-sml-layout":"","ast-disable-related-posts":"","theme-transparent-header-meta":"default","adv-header-id-meta":"","stick-header-meta":"","header-above-stick-meta":"","header-main-stick-meta":"","header-below-stick-meta":"","astra-migrate-meta-layouts":"set","ast-page-background-enabled":"default","ast-page-background-meta":{"desktop":{"background-color":"var(--ast-global-color-5)","background-image":"","background-repeat":"repeat","background-position":"center center","background-size":"auto","background-attachment":"scroll","background-type":"","background-media":"","overlay-type":"","overlay-color":"","overlay-opacity":"","overlay-gradient":""},"tablet":{"background-color":"","background-image":"","background-repeat":"repeat","background-position":"center center","background-size":"auto","background-attachment":"scroll","background-type":"","background-media":"","overlay-type":"","overlay-color":"","overlay-opacity":"","overlay-gradient":""},"mobile":{"background-color":"","background-image":"","background-repeat":"repeat","background-position":"center center","background-size":"auto","background-attachment":"scroll","background-type":"","background-media":"","overlay-type":"","overlay-color":"","overlay-opacity":"","overlay-gradient":""}},"ast-content-background-meta":{"desktop":{"background-color":"var(--ast-global-color-4)","background-image":"","background-repeat":"repeat","background-position":"center center","background-size":"auto","background-attachment":"scroll","background-type":"","background-media":"","overlay-type":"","overlay-color":"","overlay-opacity":"","overlay-gradient":""},"tablet":{"background-color":"var(--ast-global-color-4)","background-image":"","background-repeat":"repeat","background-position":"center center","background-size":"auto","background-attachment":"scroll","background-type":"","background-media":"","overlay-type":"","overlay-color":"","overlay-opacity":"","overlay-gradient":""},"mobile":{"background-color":"var(--ast-global-color-4)","background-image":"","background-repeat":"repeat","background-position":"center center","background-size":"auto","background-attachment":"scroll","background-type":"","background-media":"","overlay-type":"","overlay-color":"","overlay-opacity":"","overlay-gradient":""}}},"product_brand":[],"product_cat":[19,75,39],"product_tag":[],"class_list":{"0":"post-551","1":"product","2":"type-product","3":"status-publish","4":"has-post-thumbnail","6":"product_cat-iluminacion-y-proteccion-de-equipos","7":"product_cat-linternas-de-mano","8":"product_cat-linternas-de-seguridad","9":"desktop-align-center","10":"tablet-align-left","11":"mobile-align-left","13":"first","14":"instock","15":"shipping-taxable","16":"product-type-simple"},"yoast_head":"<!-- This site is optimized with the Yoast SEO plugin v27.5 - https:\/\/yoast.com\/product\/yoast-seo-wordpress\/ -->\n<title>3315PL Linterna - Grupo Nasca<\/title>\n<meta name=\"description\" content=\"La Pelican\u2122 3315PL es una linterna compacta con 160 l\u00famenes, cuerpo fotoluminiscente brillante en la oscuridad, certificaci\u00f3n de seguridad Clase I, II y III\" \/>\n<meta name=\"robots\" content=\"index, follow, max-snippet:-1, max-image-preview:large, max-video-preview:-1\" \/>\n<link rel=\"canonical\" href=\"https:\/\/gruponasca.com.pe\/index.php\/producto\/3315pl-linterna\/\" \/>\n<meta property=\"og:locale\" content=\"es_ES\" \/>\n<meta property=\"og:type\" content=\"article\" \/>\n<meta property=\"og:title\" content=\"3315PL Linterna - Grupo Nasca\" \/>\n<meta property=\"og:description\" content=\"La Pelican\u2122 3315PL es una linterna compacta con 160 l\u00famenes, cuerpo fotoluminiscente brillante en la oscuridad, certificaci\u00f3n de seguridad Clase I, II y III\" \/>\n<meta property=\"og:url\" content=\"https:\/\/gruponasca.com.pe\/index.php\/producto\/3315pl-linterna\/\" \/>\n<meta property=\"og:site_name\" content=\"Grupo Nasca\" \/>\n<meta property=\"article:modified_time\" content=\"2025-09-23T22:20:48+00:00\" \/>\n<meta property=\"og:image\" content=\"https:\/\/gruponasca.com.pe\/wp-content\/uploads\/2025\/09\/3315PL-Linterna.jpg\" \/>\n\t<meta property=\"og:image:width\" content=\"500\" \/>\n\t<meta property=\"og:image:height\" content=\"500\" \/>\n\t<meta property=\"og:image:type\" content=\"image\/jpeg\" \/>\n<meta name=\"twitter:card\" content=\"summary_large_image\" \/>\n<meta name=\"twitter:label1\" content=\"Tiempo de lectura\" \/>\n\t<meta name=\"twitter:data1\" content=\"2 minutos\" \/>\n<script type=\"application\/ld+json\" class=\"yoast-schema-graph\">{\"@context\":\"https:\\\/\\\/schema.org\",\"@graph\":[{\"@type\":\"WebPage\",\"@id\":\"https:\\\/\\\/gruponasca.com.pe\\\/index.php\\\/producto\\\/3315pl-linterna\\\/\",\"url\":\"https:\\\/\\\/gruponasca.com.pe\\\/index.php\\\/producto\\\/3315pl-linterna\\\/\",\"name\":\"3315PL Linterna - Grupo Nasca\",\"isPartOf\":{\"@id\":\"https:\\\/\\\/gruponasca.com.pe\\\/#website\"},\"primaryImageOfPage\":{\"@id\":\"https:\\\/\\\/gruponasca.com.pe\\\/index.php\\\/producto\\\/3315pl-linterna\\\/#primaryimage\"},\"image\":{\"@id\":\"https:\\\/\\\/gruponasca.com.pe\\\/index.php\\\/producto\\\/3315pl-linterna\\\/#primaryimage\"},\"thumbnailUrl\":\"https:\\\/\\\/gruponasca.com.pe\\\/wp-content\\\/uploads\\\/2025\\\/09\\\/3315PL-Linterna.jpg\",\"datePublished\":\"2025-09-23T22:17:26+00:00\",\"dateModified\":\"2025-09-23T22:20:48+00:00\",\"description\":\"La Pelican\u2122 3315PL es una linterna compacta con 160 l\u00famenes, cuerpo fotoluminiscente brillante en la oscuridad, certificaci\u00f3n de seguridad Clase I, II y III\",\"breadcrumb\":{\"@id\":\"https:\\\/\\\/gruponasca.com.pe\\\/index.php\\\/producto\\\/3315pl-linterna\\\/#breadcrumb\"},\"inLanguage\":\"es\",\"potentialAction\":[{\"@type\":\"ReadAction\",\"target\":[\"https:\\\/\\\/gruponasca.com.pe\\\/index.php\\\/producto\\\/3315pl-linterna\\\/\"]}]},{\"@type\":\"ImageObject\",\"inLanguage\":\"es\",\"@id\":\"https:\\\/\\\/gruponasca.com.pe\\\/index.php\\\/producto\\\/3315pl-linterna\\\/#primaryimage\",\"url\":\"https:\\\/\\\/gruponasca.com.pe\\\/wp-content\\\/uploads\\\/2025\\\/09\\\/3315PL-Linterna.jpg\",\"contentUrl\":\"https:\\\/\\\/gruponasca.com.pe\\\/wp-content\\\/uploads\\\/2025\\\/09\\\/3315PL-Linterna.jpg\",\"width\":500,\"height\":500},{\"@type\":\"BreadcrumbList\",\"@id\":\"https:\\\/\\\/gruponasca.com.pe\\\/index.php\\\/producto\\\/3315pl-linterna\\\/#breadcrumb\",\"itemListElement\":[{\"@type\":\"ListItem\",\"position\":1,\"name\":\"Portada\",\"item\":\"https:\\\/\\\/gruponasca.com.pe\\\/\"},{\"@type\":\"ListItem\",\"position\":2,\"name\":\"Productos\",\"item\":\"https:\\\/\\\/gruponasca.com.pe\\\/index.php\\\/productos\\\/\"},{\"@type\":\"ListItem\",\"position\":3,\"name\":\"3315PL Linterna\"}]},{\"@type\":\"WebSite\",\"@id\":\"https:\\\/\\\/gruponasca.com.pe\\\/#website\",\"url\":\"https:\\\/\\\/gruponasca.com.pe\\\/\",\"name\":\"Grupo Nasca SAC\",\"description\":\"Seguridad Industrial y Herramientas de Calidad\",\"publisher\":{\"@id\":\"https:\\\/\\\/gruponasca.com.pe\\\/#organization\"},\"potentialAction\":[{\"@type\":\"SearchAction\",\"target\":{\"@type\":\"EntryPoint\",\"urlTemplate\":\"https:\\\/\\\/gruponasca.com.pe\\\/?s={search_term_string}\"},\"query-input\":{\"@type\":\"PropertyValueSpecification\",\"valueRequired\":true,\"valueName\":\"search_term_string\"}}],\"inLanguage\":\"es\"},{\"@type\":\"Organization\",\"@id\":\"https:\\\/\\\/gruponasca.com.pe\\\/#organization\",\"name\":\"Grupo Nasca SAC\",\"url\":\"https:\\\/\\\/gruponasca.com.pe\\\/\",\"logo\":{\"@type\":\"ImageObject\",\"inLanguage\":\"es\",\"@id\":\"https:\\\/\\\/gruponasca.com.pe\\\/#\\\/schema\\\/logo\\\/image\\\/\",\"url\":\"https:\\\/\\\/gruponasca.com.pe\\\/wp-content\\\/uploads\\\/2025\\\/09\\\/cropped-icono_conasac-scaled-1.jpg\",\"contentUrl\":\"https:\\\/\\\/gruponasca.com.pe\\\/wp-content\\\/uploads\\\/2025\\\/09\\\/cropped-icono_conasac-scaled-1.jpg\",\"width\":512,\"height\":512,\"caption\":\"Grupo Nasca SAC\"},\"image\":{\"@id\":\"https:\\\/\\\/gruponasca.com.pe\\\/#\\\/schema\\\/logo\\\/image\\\/\"}}]}<\/script>\n<!-- \/ Yoast SEO plugin. -->","yoast_head_json":{"title":"3315PL Linterna - Grupo Nasca","description":"La Pelican\u2122 3315PL es una linterna compacta con 160 l\u00famenes, cuerpo fotoluminiscente brillante en la oscuridad, certificaci\u00f3n de seguridad Clase I, II y III","robots":{"index":"index","follow":"follow","max-snippet":"max-snippet:-1","max-image-preview":"max-image-preview:large","max-video-preview":"max-video-preview:-1"},"canonical":"https:\/\/gruponasca.com.pe\/index.php\/producto\/3315pl-linterna\/","og_locale":"es_ES","og_type":"article","og_title":"3315PL Linterna - Grupo Nasca","og_description":"La Pelican\u2122 3315PL es una linterna compacta con 160 l\u00famenes, cuerpo fotoluminiscente brillante en la oscuridad, certificaci\u00f3n de seguridad Clase I, II y III","og_url":"https:\/\/gruponasca.com.pe\/index.php\/producto\/3315pl-linterna\/","og_site_name":"Grupo Nasca","article_modified_time":"2025-09-23T22:20:48+00:00","og_image":[{"width":500,"height":500,"url":"https:\/\/gruponasca.com.pe\/wp-content\/uploads\/2025\/09\/3315PL-Linterna.jpg","type":"image\/jpeg"}],"twitter_card":"summary_large_image","twitter_misc":{"Tiempo de lectura":"2 minutos"},"schema":{"@context":"https:\/\/schema.org","@graph":[{"@type":"WebPage","@id":"https:\/\/gruponasca.com.pe\/index.php\/producto\/3315pl-linterna\/","url":"https:\/\/gruponasca.com.pe\/index.php\/producto\/3315pl-linterna\/","name":"3315PL Linterna - Grupo Nasca","isPartOf":{"@id":"https:\/\/gruponasca.com.pe\/#website"},"primaryImageOfPage":{"@id":"https:\/\/gruponasca.com.pe\/index.php\/producto\/3315pl-linterna\/#primaryimage"},"image":{"@id":"https:\/\/gruponasca.com.pe\/index.php\/producto\/3315pl-linterna\/#primaryimage"},"thumbnailUrl":"https:\/\/gruponasca.com.pe\/wp-content\/uploads\/2025\/09\/3315PL-Linterna.jpg","datePublished":"2025-09-23T22:17:26+00:00","dateModified":"2025-09-23T22:20:48+00:00","description":"La Pelican\u2122 3315PL es una linterna compacta con 160 l\u00famenes, cuerpo fotoluminiscente brillante en la oscuridad, certificaci\u00f3n de seguridad Clase I, II y III","breadcrumb":{"@id":"https:\/\/gruponasca.com.pe\/index.php\/producto\/3315pl-linterna\/#breadcrumb"},"inLanguage":"es","potentialAction":[{"@type":"ReadAction","target":["https:\/\/gruponasca.com.pe\/index.php\/producto\/3315pl-linterna\/"]}]},{"@type":"ImageObject","inLanguage":"es","@id":"https:\/\/gruponasca.com.pe\/index.php\/producto\/3315pl-linterna\/#primaryimage","url":"https:\/\/gruponasca.com.pe\/wp-content\/uploads\/2025\/09\/3315PL-Linterna.jpg","contentUrl":"https:\/\/gruponasca.com.pe\/wp-content\/uploads\/2025\/09\/3315PL-Linterna.jpg","width":500,"height":500},{"@type":"BreadcrumbList","@id":"https:\/\/gruponasca.com.pe\/index.php\/producto\/3315pl-linterna\/#breadcrumb","itemListElement":[{"@type":"ListItem","position":1,"name":"Portada","item":"https:\/\/gruponasca.com.pe\/"},{"@type":"ListItem","position":2,"name":"Productos","item":"https:\/\/gruponasca.com.pe\/index.php\/productos\/"},{"@type":"ListItem","position":3,"name":"3315PL Linterna"}]},{"@type":"WebSite","@id":"https:\/\/gruponasca.com.pe\/#website","url":"https:\/\/gruponasca.com.pe\/","name":"Grupo Nasca SAC","description":"Seguridad Industrial y Herramientas de Calidad","publisher":{"@id":"https:\/\/gruponasca.com.pe\/#organization"},"potentialAction":[{"@type":"SearchAction","target":{"@type":"EntryPoint","urlTemplate":"https:\/\/gruponasca.com.pe\/?s={search_term_string}"},"query-input":{"@type":"PropertyValueSpecification","valueRequired":true,"valueName":"search_term_string"}}],"inLanguage":"es"},{"@type":"Organization","@id":"https:\/\/gruponasca.com.pe\/#organization","name":"Grupo Nasca SAC","url":"https:\/\/gruponasca.com.pe\/","logo":{"@type":"ImageObject","inLanguage":"es","@id":"https:\/\/gruponasca.com.pe\/#\/schema\/logo\/image\/","url":"https:\/\/gruponasca.com.pe\/wp-content\/uploads\/2025\/09\/cropped-icono_conasac-scaled-1.jpg","contentUrl":"https:\/\/gruponasca.com.pe\/wp-content\/uploads\/2025\/09\/cropped-icono_conasac-scaled-1.jpg","width":512,"height":512,"caption":"Grupo Nasca SAC"},"image":{"@id":"https:\/\/gruponasca.com.pe\/#\/schema\/logo\/image\/"}}]}},"_links":{"self":[{"href":"https:\/\/gruponasca.com.pe\/index.php\/wp-json\/wp\/v2\/product\/551","targetHints":{"allow":["GET"]}}],"collection":[{"href":"https:\/\/gruponasca.com.pe\/index.php\/wp-json\/wp\/v2\/product"}],"about":[{"href":"https:\/\/gruponasca.com.pe\/index.php\/wp-json\/wp\/v2\/types\/product"}],"wp:featuredmedia":[{"embeddable":true,"href":"https:\/\/gruponasca.com.pe\/index.php\/wp-json\/wp\/v2\/media\/552"}],"wp:attachment":[{"href":"https:\/\/gruponasca.com.pe\/index.php\/wp-json\/wp\/v2\/media?parent=551"}],"wp:term":[{"taxonomy":"product_brand","embeddable":true,"href":"https:\/\/gruponasca.com.pe\/index.php\/wp-json\/wp\/v2\/product_brand?post=551"},{"taxonomy":"product_cat","embeddable":true,"href":"https:\/\/gruponasca.com.pe\/index.php\/wp-json\/wp\/v2\/product_cat?post=551"},{"taxonomy":"product_tag","embeddable":true,"href":"https:\/\/gruponasca.com.pe\/index.php\/wp-json\/wp\/v2\/product_tag?post=551"}],"curies":[{"name":"wp","href":"https:\/\/api.w.org\/{rel}","templated":true}]}}