{"id":545,"date":"2025-09-23T22:12:44","date_gmt":"2025-09-23T22:12:44","guid":{"rendered":"https:\/\/dots-interactive.com\/desarrollo\/nasca\/?post_type=product&#038;p=545"},"modified":"2025-09-23T22:15:32","modified_gmt":"2025-09-23T22:15:32","slug":"3315-linterna","status":"publish","type":"product","link":"https:\/\/gruponasca.com.pe\/index.php\/producto\/3315-linterna\/","title":{"rendered":"3315 Linterna"},"content":{"rendered":"<div class=\"col-lg-4 col-md-10 col-lg-offset-0\">\n<p><strong>LED DE POTENCIA COMPACTA<\/strong><br \/>\n<strong>LED de alto rendimiento sin el alto costo<\/strong><br \/>\nLa nueva linterna LED 3315: el dise\u00f1o compacto y liviano aloja bater\u00edas 3AA que alimentan un solo LED para 160 l\u00famenes de luz LED s\u00faper brillante. Con aprobaci\u00f3n de seguridad para los entornos de trabajo m\u00e1s vol\u00e1tiles, la linterna LED 3315 es una de las linternas m\u00e1s eficientes del mercado actual. La nueva linterna LED 3315: linterna compacta, gran rendimiento LED.<\/p>\n<\/div>\n<div class=\"col-lg-8 col-xs-12\">\n<ul id=\"pdp-bullets\" class=\"pl-20\">\n<li>160 Lumens<\/li>\n<li>Pilas: 3 alcalinas AA (incluidas)<\/li>\n<li>Certificado de seguridad Clase I, Clase II, Clase III &#8211; Divisi\u00f3n 1<\/li>\n<li>Con certificaci\u00f3n de seguridad Clase I, Divisi\u00f3n 1 \/ IECEx ia<\/li>\n<li>Clip extra\u00edble incluido<\/li>\n<li>Resistencia Pelican<\/li>\n<li>IP67 a prueba de agua y polvo<\/li>\n<li>Cord\u00f3n incluido<\/li>\n<\/ul>\n<div class=\"product-specs\">\n<h2 style=\"font-size: 18px;\">Especificaciones<\/h2>\n<ul>\n<li><strong>Longitud:<\/strong> 15.6 cm<\/li>\n<li><strong>Peso con pilas:<\/strong> 176 gr<\/li>\n<li><strong>Peso sin pilas:<\/strong> 105 gr<\/li>\n<li><strong>Interruptor:<\/strong> Push Button<\/li>\n<li><strong>Modos de Iluminaci\u00f3n:<\/strong> On \/ Off<\/li>\n<li><strong>Tipo de Pilas:<\/strong> Alkaline, AA (3 pilas, incluidas)<\/li>\n<li><strong>Voltaje:<\/strong> 4.5 V<\/li>\n<li><strong>Material Cuerpo:<\/strong> High Impact ABS<\/li>\n<li><strong>Material Anillo Sellado:<\/strong> EPDM<\/li>\n<li><strong>Material Lente:<\/strong> Policarbonato (PC)<\/li>\n<li><strong>Material Clip:<\/strong> Nylon<\/li>\n<li><strong>Certificaciones:<\/strong> Class I, Division 1 \/ Class II, Division 1 \/ Class III, Division 1 \/ IECEx ia<\/li>\n<\/ul>\n<h3 style=\"font-size: 16px;\">Especificaciones de Luz (FL1 Standard)<\/h3>\n<table>\n<tbody>\n<tr>\n<th>Modo<\/th>\n<th>High<\/th>\n<\/tr>\n<tr>\n<td>Salida de Luz (L\u00famenes)<\/td>\n<td>160<\/td>\n<\/tr>\n<tr>\n<td>Tiempo de Funcionamiento<\/td>\n<td>19h 0m<\/td>\n<\/tr>\n<tr>\n<td>Distancia del Haz<\/td>\n<td>144m<\/td>\n<\/tr>\n<tr>\n<td>Intensidad del Haz<\/td>\n<td>5153 cd<\/td>\n<\/tr>\n<tr>\n<td>Resistencia al Agua<\/td>\n<td colspan=\"2\">IP67 (a prueba de agua y polvo)<\/td>\n<\/tr>\n<\/tbody>\n<\/table>\n<\/div>\n<\/div>\n","protected":false},"excerpt":{"rendered":"<p>La <strong data-start=\"200\" data-end=\"221\">Pelican\u2122 LED 3315<\/strong> es una linterna compacta y de alto rendimiento con <strong data-start=\"273\" data-end=\"288\">160 l\u00famenes<\/strong> de luz. Funciona con <strong data-start=\"310\" data-end=\"334\">3 pilas AA alcalinas<\/strong> (incluidas) y es perfecta para entornos de trabajo exigentes gracias a su <strong data-start=\"409\" data-end=\"457\">certificaci\u00f3n de seguridad Clase I, II y III<\/strong>, adem\u00e1s de ser <strong data-start=\"473\" data-end=\"481\">IP67<\/strong> a prueba de agua y polvo. Con una <strong data-start=\"516\" data-end=\"541\">autonom\u00eda de 19 horas<\/strong> y un dise\u00f1o robusto, es ideal para profesionales que necesitan una iluminaci\u00f3n confiable y duradera.<\/p>\n","protected":false},"featured_media":546,"template":"","meta":{"site-sidebar-layout":"default","site-content-layout":"","ast-site-content-layout":"default","site-content-style":"default","site-sidebar-style":"default","ast-global-header-display":"","ast-banner-title-visibility":"","ast-main-header-display":"","ast-hfb-above-header-display":"","ast-hfb-below-header-display":"","ast-hfb-mobile-header-display":"","site-post-title":"","ast-breadcrumbs-content":"","ast-featured-img":"","footer-sml-layout":"","ast-disable-related-posts":"","theme-transparent-header-meta":"default","adv-header-id-meta":"","stick-header-meta":"","header-above-stick-meta":"","header-main-stick-meta":"","header-below-stick-meta":"","astra-migrate-meta-layouts":"set","ast-page-background-enabled":"default","ast-page-background-meta":{"desktop":{"background-color":"var(--ast-global-color-5)","background-image":"","background-repeat":"repeat","background-position":"center center","background-size":"auto","background-attachment":"scroll","background-type":"","background-media":"","overlay-type":"","overlay-color":"","overlay-opacity":"","overlay-gradient":""},"tablet":{"background-color":"","background-image":"","background-repeat":"repeat","background-position":"center center","background-size":"auto","background-attachment":"scroll","background-type":"","background-media":"","overlay-type":"","overlay-color":"","overlay-opacity":"","overlay-gradient":""},"mobile":{"background-color":"","background-image":"","background-repeat":"repeat","background-position":"center center","background-size":"auto","background-attachment":"scroll","background-type":"","background-media":"","overlay-type":"","overlay-color":"","overlay-opacity":"","overlay-gradient":""}},"ast-content-background-meta":{"desktop":{"background-color":"var(--ast-global-color-4)","background-image":"","background-repeat":"repeat","background-position":"center center","background-size":"auto","background-attachment":"scroll","background-type":"","background-media":"","overlay-type":"","overlay-color":"","overlay-opacity":"","overlay-gradient":""},"tablet":{"background-color":"var(--ast-global-color-4)","background-image":"","background-repeat":"repeat","background-position":"center center","background-size":"auto","background-attachment":"scroll","background-type":"","background-media":"","overlay-type":"","overlay-color":"","overlay-opacity":"","overlay-gradient":""},"mobile":{"background-color":"var(--ast-global-color-4)","background-image":"","background-repeat":"repeat","background-position":"center center","background-size":"auto","background-attachment":"scroll","background-type":"","background-media":"","overlay-type":"","overlay-color":"","overlay-opacity":"","overlay-gradient":""}}},"product_brand":[],"product_cat":[19,75,39],"product_tag":[103,90,61,104,106,102,60,79,101,45,105,100,49,66],"class_list":{"0":"post-545","1":"product","2":"type-product","3":"status-publish","4":"has-post-thumbnail","6":"product_cat-iluminacion-y-proteccion-de-equipos","7":"product_cat-linternas-de-mano","8":"product_cat-linternas-de-seguridad","9":"product_tag-linterna-160-lumenes","10":"product_tag-linterna-a-prueba-de-agua","11":"product_tag-linterna-compacta","12":"product_tag-linterna-con-3-pilas-aa","13":"product_tag-linterna-con-certificacion-de-seguridad","14":"product_tag-linterna-con-clip","15":"product_tag-linterna-de-alto-rendimiento","16":"product_tag-linterna-de-seguridad","17":"product_tag-linterna-ip67","18":"product_tag-linterna-led","19":"product_tag-linterna-para-trabajos-exigentes","20":"product_tag-linterna-pelican-3315","21":"product_tag-linterna-profesional","22":"product_tag-linterna-resistente","23":"desktop-align-center","24":"tablet-align-left","25":"mobile-align-left","27":"first","28":"instock","29":"shipping-taxable","30":"product-type-simple"},"yoast_head":"<!-- This site is optimized with the Yoast SEO plugin v27.5 - https:\/\/yoast.com\/product\/yoast-seo-wordpress\/ -->\n<title>3315 Linterna - Grupo Nasca<\/title>\n<meta name=\"description\" content=\"La Pelican\u2122 LED 3315 es una linterna compacta con 160 l\u00famenes de luz, certificaci\u00f3n de seguridad Clase I, II y III y IP67 a prueba de agua y polvo.\" \/>\n<meta name=\"robots\" content=\"index, follow, max-snippet:-1, max-image-preview:large, max-video-preview:-1\" \/>\n<link rel=\"canonical\" href=\"https:\/\/gruponasca.com.pe\/index.php\/producto\/3315-linterna\/\" \/>\n<meta property=\"og:locale\" content=\"es_ES\" \/>\n<meta property=\"og:type\" content=\"article\" \/>\n<meta property=\"og:title\" content=\"3315 Linterna - Grupo Nasca\" \/>\n<meta property=\"og:description\" content=\"La Pelican\u2122 LED 3315 es una linterna compacta con 160 l\u00famenes de luz, certificaci\u00f3n de seguridad Clase I, II y III y IP67 a prueba de agua y polvo.\" \/>\n<meta property=\"og:url\" content=\"https:\/\/gruponasca.com.pe\/index.php\/producto\/3315-linterna\/\" \/>\n<meta property=\"og:site_name\" content=\"Grupo Nasca\" \/>\n<meta property=\"article:modified_time\" content=\"2025-09-23T22:15:32+00:00\" \/>\n<meta property=\"og:image\" content=\"https:\/\/gruponasca.com.pe\/wp-content\/uploads\/2025\/09\/3315-Linterna.jpg\" \/>\n\t<meta property=\"og:image:width\" content=\"500\" \/>\n\t<meta property=\"og:image:height\" content=\"500\" \/>\n\t<meta property=\"og:image:type\" content=\"image\/jpeg\" \/>\n<meta name=\"twitter:card\" content=\"summary_large_image\" \/>\n<meta name=\"twitter:label1\" content=\"Tiempo de lectura\" \/>\n\t<meta name=\"twitter:data1\" content=\"2 minutos\" \/>\n<script type=\"application\/ld+json\" class=\"yoast-schema-graph\">{\"@context\":\"https:\\\/\\\/schema.org\",\"@graph\":[{\"@type\":\"WebPage\",\"@id\":\"https:\\\/\\\/gruponasca.com.pe\\\/index.php\\\/producto\\\/3315-linterna\\\/\",\"url\":\"https:\\\/\\\/gruponasca.com.pe\\\/index.php\\\/producto\\\/3315-linterna\\\/\",\"name\":\"3315 Linterna - Grupo Nasca\",\"isPartOf\":{\"@id\":\"https:\\\/\\\/gruponasca.com.pe\\\/#website\"},\"primaryImageOfPage\":{\"@id\":\"https:\\\/\\\/gruponasca.com.pe\\\/index.php\\\/producto\\\/3315-linterna\\\/#primaryimage\"},\"image\":{\"@id\":\"https:\\\/\\\/gruponasca.com.pe\\\/index.php\\\/producto\\\/3315-linterna\\\/#primaryimage\"},\"thumbnailUrl\":\"https:\\\/\\\/gruponasca.com.pe\\\/wp-content\\\/uploads\\\/2025\\\/09\\\/3315-Linterna.jpg\",\"datePublished\":\"2025-09-23T22:12:44+00:00\",\"dateModified\":\"2025-09-23T22:15:32+00:00\",\"description\":\"La Pelican\u2122 LED 3315 es una linterna compacta con 160 l\u00famenes de luz, certificaci\u00f3n de seguridad Clase I, II y III y IP67 a prueba de agua y polvo.\",\"breadcrumb\":{\"@id\":\"https:\\\/\\\/gruponasca.com.pe\\\/index.php\\\/producto\\\/3315-linterna\\\/#breadcrumb\"},\"inLanguage\":\"es\",\"potentialAction\":[{\"@type\":\"ReadAction\",\"target\":[\"https:\\\/\\\/gruponasca.com.pe\\\/index.php\\\/producto\\\/3315-linterna\\\/\"]}]},{\"@type\":\"ImageObject\",\"inLanguage\":\"es\",\"@id\":\"https:\\\/\\\/gruponasca.com.pe\\\/index.php\\\/producto\\\/3315-linterna\\\/#primaryimage\",\"url\":\"https:\\\/\\\/gruponasca.com.pe\\\/wp-content\\\/uploads\\\/2025\\\/09\\\/3315-Linterna.jpg\",\"contentUrl\":\"https:\\\/\\\/gruponasca.com.pe\\\/wp-content\\\/uploads\\\/2025\\\/09\\\/3315-Linterna.jpg\",\"width\":500,\"height\":500},{\"@type\":\"BreadcrumbList\",\"@id\":\"https:\\\/\\\/gruponasca.com.pe\\\/index.php\\\/producto\\\/3315-linterna\\\/#breadcrumb\",\"itemListElement\":[{\"@type\":\"ListItem\",\"position\":1,\"name\":\"Portada\",\"item\":\"https:\\\/\\\/gruponasca.com.pe\\\/\"},{\"@type\":\"ListItem\",\"position\":2,\"name\":\"Productos\",\"item\":\"https:\\\/\\\/gruponasca.com.pe\\\/index.php\\\/productos\\\/\"},{\"@type\":\"ListItem\",\"position\":3,\"name\":\"3315 Linterna\"}]},{\"@type\":\"WebSite\",\"@id\":\"https:\\\/\\\/gruponasca.com.pe\\\/#website\",\"url\":\"https:\\\/\\\/gruponasca.com.pe\\\/\",\"name\":\"Grupo Nasca SAC\",\"description\":\"Seguridad Industrial y Herramientas de Calidad\",\"publisher\":{\"@id\":\"https:\\\/\\\/gruponasca.com.pe\\\/#organization\"},\"potentialAction\":[{\"@type\":\"SearchAction\",\"target\":{\"@type\":\"EntryPoint\",\"urlTemplate\":\"https:\\\/\\\/gruponasca.com.pe\\\/?s={search_term_string}\"},\"query-input\":{\"@type\":\"PropertyValueSpecification\",\"valueRequired\":true,\"valueName\":\"search_term_string\"}}],\"inLanguage\":\"es\"},{\"@type\":\"Organization\",\"@id\":\"https:\\\/\\\/gruponasca.com.pe\\\/#organization\",\"name\":\"Grupo Nasca SAC\",\"url\":\"https:\\\/\\\/gruponasca.com.pe\\\/\",\"logo\":{\"@type\":\"ImageObject\",\"inLanguage\":\"es\",\"@id\":\"https:\\\/\\\/gruponasca.com.pe\\\/#\\\/schema\\\/logo\\\/image\\\/\",\"url\":\"https:\\\/\\\/gruponasca.com.pe\\\/wp-content\\\/uploads\\\/2025\\\/09\\\/cropped-icono_conasac-scaled-1.jpg\",\"contentUrl\":\"https:\\\/\\\/gruponasca.com.pe\\\/wp-content\\\/uploads\\\/2025\\\/09\\\/cropped-icono_conasac-scaled-1.jpg\",\"width\":512,\"height\":512,\"caption\":\"Grupo Nasca SAC\"},\"image\":{\"@id\":\"https:\\\/\\\/gruponasca.com.pe\\\/#\\\/schema\\\/logo\\\/image\\\/\"}}]}<\/script>\n<!-- \/ Yoast SEO plugin. -->","yoast_head_json":{"title":"3315 Linterna - Grupo Nasca","description":"La Pelican\u2122 LED 3315 es una linterna compacta con 160 l\u00famenes de luz, certificaci\u00f3n de seguridad Clase I, II y III y IP67 a prueba de agua y polvo.","robots":{"index":"index","follow":"follow","max-snippet":"max-snippet:-1","max-image-preview":"max-image-preview:large","max-video-preview":"max-video-preview:-1"},"canonical":"https:\/\/gruponasca.com.pe\/index.php\/producto\/3315-linterna\/","og_locale":"es_ES","og_type":"article","og_title":"3315 Linterna - Grupo Nasca","og_description":"La Pelican\u2122 LED 3315 es una linterna compacta con 160 l\u00famenes de luz, certificaci\u00f3n de seguridad Clase I, II y III y IP67 a prueba de agua y polvo.","og_url":"https:\/\/gruponasca.com.pe\/index.php\/producto\/3315-linterna\/","og_site_name":"Grupo Nasca","article_modified_time":"2025-09-23T22:15:32+00:00","og_image":[{"width":500,"height":500,"url":"https:\/\/gruponasca.com.pe\/wp-content\/uploads\/2025\/09\/3315-Linterna.jpg","type":"image\/jpeg"}],"twitter_card":"summary_large_image","twitter_misc":{"Tiempo de lectura":"2 minutos"},"schema":{"@context":"https:\/\/schema.org","@graph":[{"@type":"WebPage","@id":"https:\/\/gruponasca.com.pe\/index.php\/producto\/3315-linterna\/","url":"https:\/\/gruponasca.com.pe\/index.php\/producto\/3315-linterna\/","name":"3315 Linterna - Grupo Nasca","isPartOf":{"@id":"https:\/\/gruponasca.com.pe\/#website"},"primaryImageOfPage":{"@id":"https:\/\/gruponasca.com.pe\/index.php\/producto\/3315-linterna\/#primaryimage"},"image":{"@id":"https:\/\/gruponasca.com.pe\/index.php\/producto\/3315-linterna\/#primaryimage"},"thumbnailUrl":"https:\/\/gruponasca.com.pe\/wp-content\/uploads\/2025\/09\/3315-Linterna.jpg","datePublished":"2025-09-23T22:12:44+00:00","dateModified":"2025-09-23T22:15:32+00:00","description":"La Pelican\u2122 LED 3315 es una linterna compacta con 160 l\u00famenes de luz, certificaci\u00f3n de seguridad Clase I, II y III y IP67 a prueba de agua y polvo.","breadcrumb":{"@id":"https:\/\/gruponasca.com.pe\/index.php\/producto\/3315-linterna\/#breadcrumb"},"inLanguage":"es","potentialAction":[{"@type":"ReadAction","target":["https:\/\/gruponasca.com.pe\/index.php\/producto\/3315-linterna\/"]}]},{"@type":"ImageObject","inLanguage":"es","@id":"https:\/\/gruponasca.com.pe\/index.php\/producto\/3315-linterna\/#primaryimage","url":"https:\/\/gruponasca.com.pe\/wp-content\/uploads\/2025\/09\/3315-Linterna.jpg","contentUrl":"https:\/\/gruponasca.com.pe\/wp-content\/uploads\/2025\/09\/3315-Linterna.jpg","width":500,"height":500},{"@type":"BreadcrumbList","@id":"https:\/\/gruponasca.com.pe\/index.php\/producto\/3315-linterna\/#breadcrumb","itemListElement":[{"@type":"ListItem","position":1,"name":"Portada","item":"https:\/\/gruponasca.com.pe\/"},{"@type":"ListItem","position":2,"name":"Productos","item":"https:\/\/gruponasca.com.pe\/index.php\/productos\/"},{"@type":"ListItem","position":3,"name":"3315 Linterna"}]},{"@type":"WebSite","@id":"https:\/\/gruponasca.com.pe\/#website","url":"https:\/\/gruponasca.com.pe\/","name":"Grupo Nasca SAC","description":"Seguridad Industrial y Herramientas de Calidad","publisher":{"@id":"https:\/\/gruponasca.com.pe\/#organization"},"potentialAction":[{"@type":"SearchAction","target":{"@type":"EntryPoint","urlTemplate":"https:\/\/gruponasca.com.pe\/?s={search_term_string}"},"query-input":{"@type":"PropertyValueSpecification","valueRequired":true,"valueName":"search_term_string"}}],"inLanguage":"es"},{"@type":"Organization","@id":"https:\/\/gruponasca.com.pe\/#organization","name":"Grupo Nasca SAC","url":"https:\/\/gruponasca.com.pe\/","logo":{"@type":"ImageObject","inLanguage":"es","@id":"https:\/\/gruponasca.com.pe\/#\/schema\/logo\/image\/","url":"https:\/\/gruponasca.com.pe\/wp-content\/uploads\/2025\/09\/cropped-icono_conasac-scaled-1.jpg","contentUrl":"https:\/\/gruponasca.com.pe\/wp-content\/uploads\/2025\/09\/cropped-icono_conasac-scaled-1.jpg","width":512,"height":512,"caption":"Grupo Nasca SAC"},"image":{"@id":"https:\/\/gruponasca.com.pe\/#\/schema\/logo\/image\/"}}]}},"_links":{"self":[{"href":"https:\/\/gruponasca.com.pe\/index.php\/wp-json\/wp\/v2\/product\/545","targetHints":{"allow":["GET"]}}],"collection":[{"href":"https:\/\/gruponasca.com.pe\/index.php\/wp-json\/wp\/v2\/product"}],"about":[{"href":"https:\/\/gruponasca.com.pe\/index.php\/wp-json\/wp\/v2\/types\/product"}],"wp:featuredmedia":[{"embeddable":true,"href":"https:\/\/gruponasca.com.pe\/index.php\/wp-json\/wp\/v2\/media\/546"}],"wp:attachment":[{"href":"https:\/\/gruponasca.com.pe\/index.php\/wp-json\/wp\/v2\/media?parent=545"}],"wp:term":[{"taxonomy":"product_brand","embeddable":true,"href":"https:\/\/gruponasca.com.pe\/index.php\/wp-json\/wp\/v2\/product_brand?post=545"},{"taxonomy":"product_cat","embeddable":true,"href":"https:\/\/gruponasca.com.pe\/index.php\/wp-json\/wp\/v2\/product_cat?post=545"},{"taxonomy":"product_tag","embeddable":true,"href":"https:\/\/gruponasca.com.pe\/index.php\/wp-json\/wp\/v2\/product_tag?post=545"}],"curies":[{"name":"wp","href":"https:\/\/api.w.org\/{rel}","templated":true}]}}