{"id":540,"date":"2025-09-23T22:03:04","date_gmt":"2025-09-23T22:03:04","guid":{"rendered":"https:\/\/dots-interactive.com\/desarrollo\/nasca\/?post_type=product&#038;p=540"},"modified":"2025-09-23T22:09:19","modified_gmt":"2025-09-23T22:09:19","slug":"2410pl-stealthlite-linterna","status":"publish","type":"product","link":"https:\/\/gruponasca.com.pe\/index.php\/producto\/2410pl-stealthlite-linterna\/","title":{"rendered":"2410PL StealthLite\u2122 Linterna"},"content":{"rendered":"<div class=\"col-lg-4 col-md-10 col-lg-offset-0\">\n<p><strong>Pelican\u2122 StealthLite\u2122<\/strong><\/p>\n<p>Con las mismas caracter\u00edsticas que la linterna LED StealthLite 2410 pero incorpora un recubrimiento de la lente que emite un resplandor brillante en la oscuridad. El material fotoluminiscente de nueva generaci\u00f3n en el pl\u00e1stico absorbe la energ\u00eda de cualquier fuente de luz: luces fluorescentes, el sol e incluso el mismo haz de luz de la propia linterna. Ya no tendr\u00e1 que buscar su linterna en la oscuridad. Funciona con 4 bater\u00edas alcalinas tipo C (incluidas), es sumergible y tiene un cuerpo de ELX que es resistente a las sustancias qu\u00edmicas, la corrosi\u00f3n y las temperaturas extremas.<\/p>\n<\/div>\n<div class=\"col-lg-8 col-xs-12\">\n<ul id=\"pdp-bullets\" class=\"pl-20\">\n<li>183 Lumens<\/li>\n<li>Cubierta que brilla en la oscuridad<\/li>\n<li>Potente haz de luz de LED<\/li>\n<li>AHORA CON NUEVAS ESPECIFICACIONES MEJORADAS<\/li>\n<li>Garant\u00eda incondicional de excelencia de por vida<\/li>\n<li>A prueba de agua<\/li>\n<li>Tan brillante como una linterna de xen\u00f3n y con la duraci\u00f3n de un LED.<\/li>\n<li>Resistencia Pelican<\/li>\n<\/ul>\n<div class=\"product-specs\">\n<h2 style=\"font-size: 18px;\">Especificaciones<\/h2>\n<ul>\n<li><strong>Longitud:<\/strong> 17.8 cm<\/li>\n<li><strong>Peso con pilas:<\/strong> 207 gr<\/li>\n<li><strong>Peso sin pilas:<\/strong> 105 gr<\/li>\n<li><strong>Interruptor:<\/strong> One-handed Safety Switch (interruptor de seguridad con bloqueo)<\/li>\n<li><strong>Modos de Iluminaci\u00f3n:<\/strong> On \/ Off<\/li>\n<li><strong>Tipo de Pilas:<\/strong> Alkaline, AA (4 pilas, incluidas)<\/li>\n<li><strong>Voltaje:<\/strong> 6.0 V<\/li>\n<li><strong>Material Cuerpo:<\/strong> EXL<\/li>\n<li><strong>Material Anillo Sellado:<\/strong> Ethylene Propylene<\/li>\n<li><strong>Material Lente:<\/strong> Policarbonato (PC)<\/li>\n<li><strong>Material Cubierta:<\/strong> Policarbonato fotoluminiscente<\/li>\n<li><strong>Material Contactos, Resortes y Retenedores:<\/strong> Acero Inoxidable \/ Bronce F\u00f3sforo<\/li>\n<li><strong>Certificaciones:<\/strong> Class I, Division 1 \/ Class II, Division 1 \/ Class III, Division 1 \/ IECEx ia<\/li>\n<\/ul>\n<h3 style=\"font-size: 16px;\">Especificaciones de Luz (FL1 Standard)<\/h3>\n<table>\n<tbody>\n<tr>\n<th>Modo<\/th>\n<th>High<\/th>\n<\/tr>\n<tr>\n<td>Salida de Luz (L\u00famenes)<\/td>\n<td>183<\/td>\n<\/tr>\n<tr>\n<td>Tiempo de Funcionamiento<\/td>\n<td>5h 45m<\/td>\n<\/tr>\n<tr>\n<td>Distancia del Haz<\/td>\n<td>184m<\/td>\n<\/tr>\n<tr>\n<td>Intensidad del Haz<\/td>\n<td>8480 cd<\/td>\n<\/tr>\n<tr>\n<td>Resistencia al Agua<\/td>\n<td colspan=\"2\">IPX7 (sumergible)<\/td>\n<\/tr>\n<\/tbody>\n<\/table>\n<\/div>\n<\/div>\n","protected":false},"excerpt":{"rendered":"<p>La <strong data-start=\"268\" data-end=\"293\">Pelican\u2122 StealthLite\u2122<\/strong> es una linterna LED con <strong data-start=\"318\" data-end=\"333\">183 l\u00famenes<\/strong>, ahora mejorada con una <strong data-start=\"358\" data-end=\"397\">cubierta que brilla en la oscuridad<\/strong>. Absorbe energ\u00eda de cualquier fuente de luz (fluorescente, solar o de la misma linterna) para facilitar su localizaci\u00f3n en condiciones de baja visibilidad. Resistente, <strong data-start=\"566\" data-end=\"585\">sumergible IPX7<\/strong> y con <strong data-start=\"592\" data-end=\"616\" data-is-only-node=\"\">garant\u00eda de por vida<\/strong>, funciona con <strong data-start=\"631\" data-end=\"655\">4 pilas AA alcalinas<\/strong> (incluidas) y ofrece hasta <strong data-start=\"683\" data-end=\"697\">5.75 horas<\/strong> de autonom\u00eda. Perfecta para condiciones extremas y uso profesional.<\/p>\n","protected":false},"featured_media":544,"template":"","meta":{"site-sidebar-layout":"default","site-content-layout":"","ast-site-content-layout":"default","site-content-style":"default","site-sidebar-style":"default","ast-global-header-display":"","ast-banner-title-visibility":"","ast-main-header-display":"","ast-hfb-above-header-display":"","ast-hfb-below-header-display":"","ast-hfb-mobile-header-display":"","site-post-title":"","ast-breadcrumbs-content":"","ast-featured-img":"","footer-sml-layout":"","ast-disable-related-posts":"","theme-transparent-header-meta":"default","adv-header-id-meta":"","stick-header-meta":"","header-above-stick-meta":"","header-main-stick-meta":"","header-below-stick-meta":"","astra-migrate-meta-layouts":"set","ast-page-background-enabled":"default","ast-page-background-meta":{"desktop":{"background-color":"var(--ast-global-color-5)","background-image":"","background-repeat":"repeat","background-position":"center center","background-size":"auto","background-attachment":"scroll","background-type":"","background-media":"","overlay-type":"","overlay-color":"","overlay-opacity":"","overlay-gradient":""},"tablet":{"background-color":"","background-image":"","background-repeat":"repeat","background-position":"center center","background-size":"auto","background-attachment":"scroll","background-type":"","background-media":"","overlay-type":"","overlay-color":"","overlay-opacity":"","overlay-gradient":""},"mobile":{"background-color":"","background-image":"","background-repeat":"repeat","background-position":"center center","background-size":"auto","background-attachment":"scroll","background-type":"","background-media":"","overlay-type":"","overlay-color":"","overlay-opacity":"","overlay-gradient":""}},"ast-content-background-meta":{"desktop":{"background-color":"var(--ast-global-color-4)","background-image":"","background-repeat":"repeat","background-position":"center center","background-size":"auto","background-attachment":"scroll","background-type":"","background-media":"","overlay-type":"","overlay-color":"","overlay-opacity":"","overlay-gradient":""},"tablet":{"background-color":"var(--ast-global-color-4)","background-image":"","background-repeat":"repeat","background-position":"center center","background-size":"auto","background-attachment":"scroll","background-type":"","background-media":"","overlay-type":"","overlay-color":"","overlay-opacity":"","overlay-gradient":""},"mobile":{"background-color":"var(--ast-global-color-4)","background-image":"","background-repeat":"repeat","background-position":"center center","background-size":"auto","background-attachment":"scroll","background-type":"","background-media":"","overlay-type":"","overlay-color":"","overlay-opacity":"","overlay-gradient":""}}},"product_brand":[],"product_cat":[19,75,39],"product_tag":[94,90,98,91,88,78,45,99,95,73,97,66,62],"class_list":{"0":"post-540","1":"product","2":"type-product","3":"status-publish","4":"has-post-thumbnail","6":"product_cat-iluminacion-y-proteccion-de-equipos","7":"product_cat-linternas-de-mano","8":"product_cat-linternas-de-seguridad","9":"product_tag-linterna-183-lumenes","10":"product_tag-linterna-a-prueba-de-agua","11":"product_tag-linterna-con-cubierta-luminiscente","12":"product_tag-linterna-de-trabajo","13":"product_tag-linterna-fotoluminiscente","14":"product_tag-linterna-ipx7","15":"product_tag-linterna-led","16":"product_tag-linterna-led-compacta","17":"product_tag-linterna-para-guantes","18":"product_tag-linterna-para-profesionales","19":"product_tag-linterna-pelican-stealthlite","20":"product_tag-linterna-resistente","21":"product_tag-linterna-sumergible","22":"desktop-align-center","23":"tablet-align-left","24":"mobile-align-left","26":"first","27":"instock","28":"shipping-taxable","29":"product-type-simple"},"yoast_head":"<!-- This site is optimized with the Yoast SEO plugin v27.5 - https:\/\/yoast.com\/product\/yoast-seo-wordpress\/ -->\n<title>2410PL StealthLite\u2122 Linterna - Grupo Nasca<\/title>\n<meta name=\"description\" content=\"La Pelican\u2122 StealthLite\u2122 es una linterna LED con 183 l\u00famenes y una cubierta fotoluminiscente que brilla en la oscuridad. Con resistencia IPX7.\" \/>\n<meta name=\"robots\" content=\"index, follow, max-snippet:-1, max-image-preview:large, max-video-preview:-1\" \/>\n<link rel=\"canonical\" href=\"https:\/\/gruponasca.com.pe\/index.php\/producto\/2410pl-stealthlite-linterna\/\" \/>\n<meta property=\"og:locale\" content=\"es_ES\" \/>\n<meta property=\"og:type\" content=\"article\" \/>\n<meta property=\"og:title\" content=\"2410PL StealthLite\u2122 Linterna - Grupo Nasca\" \/>\n<meta property=\"og:description\" content=\"La Pelican\u2122 StealthLite\u2122 es una linterna LED con 183 l\u00famenes y una cubierta fotoluminiscente que brilla en la oscuridad. Con resistencia IPX7.\" \/>\n<meta property=\"og:url\" content=\"https:\/\/gruponasca.com.pe\/index.php\/producto\/2410pl-stealthlite-linterna\/\" \/>\n<meta property=\"og:site_name\" content=\"Grupo Nasca\" \/>\n<meta property=\"article:modified_time\" content=\"2025-09-23T22:09:19+00:00\" \/>\n<meta property=\"og:image\" content=\"https:\/\/gruponasca.com.pe\/wp-content\/uploads\/2025\/09\/2410PL-StealthLite.jpg\" \/>\n\t<meta property=\"og:image:width\" content=\"500\" \/>\n\t<meta property=\"og:image:height\" content=\"500\" \/>\n\t<meta property=\"og:image:type\" content=\"image\/jpeg\" \/>\n<meta name=\"twitter:card\" content=\"summary_large_image\" \/>\n<meta name=\"twitter:label1\" content=\"Tiempo de lectura\" \/>\n\t<meta name=\"twitter:data1\" content=\"2 minutos\" \/>\n<script type=\"application\/ld+json\" class=\"yoast-schema-graph\">{\"@context\":\"https:\\\/\\\/schema.org\",\"@graph\":[{\"@type\":\"WebPage\",\"@id\":\"https:\\\/\\\/gruponasca.com.pe\\\/index.php\\\/producto\\\/2410pl-stealthlite-linterna\\\/\",\"url\":\"https:\\\/\\\/gruponasca.com.pe\\\/index.php\\\/producto\\\/2410pl-stealthlite-linterna\\\/\",\"name\":\"2410PL StealthLite\u2122 Linterna - Grupo Nasca\",\"isPartOf\":{\"@id\":\"https:\\\/\\\/gruponasca.com.pe\\\/#website\"},\"primaryImageOfPage\":{\"@id\":\"https:\\\/\\\/gruponasca.com.pe\\\/index.php\\\/producto\\\/2410pl-stealthlite-linterna\\\/#primaryimage\"},\"image\":{\"@id\":\"https:\\\/\\\/gruponasca.com.pe\\\/index.php\\\/producto\\\/2410pl-stealthlite-linterna\\\/#primaryimage\"},\"thumbnailUrl\":\"https:\\\/\\\/gruponasca.com.pe\\\/wp-content\\\/uploads\\\/2025\\\/09\\\/2410PL-StealthLite.jpg\",\"datePublished\":\"2025-09-23T22:03:04+00:00\",\"dateModified\":\"2025-09-23T22:09:19+00:00\",\"description\":\"La Pelican\u2122 StealthLite\u2122 es una linterna LED con 183 l\u00famenes y una cubierta fotoluminiscente que brilla en la oscuridad. Con resistencia IPX7.\",\"breadcrumb\":{\"@id\":\"https:\\\/\\\/gruponasca.com.pe\\\/index.php\\\/producto\\\/2410pl-stealthlite-linterna\\\/#breadcrumb\"},\"inLanguage\":\"es\",\"potentialAction\":[{\"@type\":\"ReadAction\",\"target\":[\"https:\\\/\\\/gruponasca.com.pe\\\/index.php\\\/producto\\\/2410pl-stealthlite-linterna\\\/\"]}]},{\"@type\":\"ImageObject\",\"inLanguage\":\"es\",\"@id\":\"https:\\\/\\\/gruponasca.com.pe\\\/index.php\\\/producto\\\/2410pl-stealthlite-linterna\\\/#primaryimage\",\"url\":\"https:\\\/\\\/gruponasca.com.pe\\\/wp-content\\\/uploads\\\/2025\\\/09\\\/2410PL-StealthLite.jpg\",\"contentUrl\":\"https:\\\/\\\/gruponasca.com.pe\\\/wp-content\\\/uploads\\\/2025\\\/09\\\/2410PL-StealthLite.jpg\",\"width\":500,\"height\":500},{\"@type\":\"BreadcrumbList\",\"@id\":\"https:\\\/\\\/gruponasca.com.pe\\\/index.php\\\/producto\\\/2410pl-stealthlite-linterna\\\/#breadcrumb\",\"itemListElement\":[{\"@type\":\"ListItem\",\"position\":1,\"name\":\"Portada\",\"item\":\"https:\\\/\\\/gruponasca.com.pe\\\/\"},{\"@type\":\"ListItem\",\"position\":2,\"name\":\"Productos\",\"item\":\"https:\\\/\\\/gruponasca.com.pe\\\/index.php\\\/productos\\\/\"},{\"@type\":\"ListItem\",\"position\":3,\"name\":\"2410PL StealthLite\u2122 Linterna\"}]},{\"@type\":\"WebSite\",\"@id\":\"https:\\\/\\\/gruponasca.com.pe\\\/#website\",\"url\":\"https:\\\/\\\/gruponasca.com.pe\\\/\",\"name\":\"Grupo Nasca SAC\",\"description\":\"Seguridad Industrial y Herramientas de Calidad\",\"publisher\":{\"@id\":\"https:\\\/\\\/gruponasca.com.pe\\\/#organization\"},\"potentialAction\":[{\"@type\":\"SearchAction\",\"target\":{\"@type\":\"EntryPoint\",\"urlTemplate\":\"https:\\\/\\\/gruponasca.com.pe\\\/?s={search_term_string}\"},\"query-input\":{\"@type\":\"PropertyValueSpecification\",\"valueRequired\":true,\"valueName\":\"search_term_string\"}}],\"inLanguage\":\"es\"},{\"@type\":\"Organization\",\"@id\":\"https:\\\/\\\/gruponasca.com.pe\\\/#organization\",\"name\":\"Grupo Nasca SAC\",\"url\":\"https:\\\/\\\/gruponasca.com.pe\\\/\",\"logo\":{\"@type\":\"ImageObject\",\"inLanguage\":\"es\",\"@id\":\"https:\\\/\\\/gruponasca.com.pe\\\/#\\\/schema\\\/logo\\\/image\\\/\",\"url\":\"https:\\\/\\\/gruponasca.com.pe\\\/wp-content\\\/uploads\\\/2025\\\/09\\\/cropped-icono_conasac-scaled-1.jpg\",\"contentUrl\":\"https:\\\/\\\/gruponasca.com.pe\\\/wp-content\\\/uploads\\\/2025\\\/09\\\/cropped-icono_conasac-scaled-1.jpg\",\"width\":512,\"height\":512,\"caption\":\"Grupo Nasca SAC\"},\"image\":{\"@id\":\"https:\\\/\\\/gruponasca.com.pe\\\/#\\\/schema\\\/logo\\\/image\\\/\"}}]}<\/script>\n<!-- \/ Yoast SEO plugin. -->","yoast_head_json":{"title":"2410PL StealthLite\u2122 Linterna - Grupo Nasca","description":"La Pelican\u2122 StealthLite\u2122 es una linterna LED con 183 l\u00famenes y una cubierta fotoluminiscente que brilla en la oscuridad. Con resistencia IPX7.","robots":{"index":"index","follow":"follow","max-snippet":"max-snippet:-1","max-image-preview":"max-image-preview:large","max-video-preview":"max-video-preview:-1"},"canonical":"https:\/\/gruponasca.com.pe\/index.php\/producto\/2410pl-stealthlite-linterna\/","og_locale":"es_ES","og_type":"article","og_title":"2410PL StealthLite\u2122 Linterna - Grupo Nasca","og_description":"La Pelican\u2122 StealthLite\u2122 es una linterna LED con 183 l\u00famenes y una cubierta fotoluminiscente que brilla en la oscuridad. Con resistencia IPX7.","og_url":"https:\/\/gruponasca.com.pe\/index.php\/producto\/2410pl-stealthlite-linterna\/","og_site_name":"Grupo Nasca","article_modified_time":"2025-09-23T22:09:19+00:00","og_image":[{"width":500,"height":500,"url":"https:\/\/gruponasca.com.pe\/wp-content\/uploads\/2025\/09\/2410PL-StealthLite.jpg","type":"image\/jpeg"}],"twitter_card":"summary_large_image","twitter_misc":{"Tiempo de lectura":"2 minutos"},"schema":{"@context":"https:\/\/schema.org","@graph":[{"@type":"WebPage","@id":"https:\/\/gruponasca.com.pe\/index.php\/producto\/2410pl-stealthlite-linterna\/","url":"https:\/\/gruponasca.com.pe\/index.php\/producto\/2410pl-stealthlite-linterna\/","name":"2410PL StealthLite\u2122 Linterna - Grupo Nasca","isPartOf":{"@id":"https:\/\/gruponasca.com.pe\/#website"},"primaryImageOfPage":{"@id":"https:\/\/gruponasca.com.pe\/index.php\/producto\/2410pl-stealthlite-linterna\/#primaryimage"},"image":{"@id":"https:\/\/gruponasca.com.pe\/index.php\/producto\/2410pl-stealthlite-linterna\/#primaryimage"},"thumbnailUrl":"https:\/\/gruponasca.com.pe\/wp-content\/uploads\/2025\/09\/2410PL-StealthLite.jpg","datePublished":"2025-09-23T22:03:04+00:00","dateModified":"2025-09-23T22:09:19+00:00","description":"La Pelican\u2122 StealthLite\u2122 es una linterna LED con 183 l\u00famenes y una cubierta fotoluminiscente que brilla en la oscuridad. Con resistencia IPX7.","breadcrumb":{"@id":"https:\/\/gruponasca.com.pe\/index.php\/producto\/2410pl-stealthlite-linterna\/#breadcrumb"},"inLanguage":"es","potentialAction":[{"@type":"ReadAction","target":["https:\/\/gruponasca.com.pe\/index.php\/producto\/2410pl-stealthlite-linterna\/"]}]},{"@type":"ImageObject","inLanguage":"es","@id":"https:\/\/gruponasca.com.pe\/index.php\/producto\/2410pl-stealthlite-linterna\/#primaryimage","url":"https:\/\/gruponasca.com.pe\/wp-content\/uploads\/2025\/09\/2410PL-StealthLite.jpg","contentUrl":"https:\/\/gruponasca.com.pe\/wp-content\/uploads\/2025\/09\/2410PL-StealthLite.jpg","width":500,"height":500},{"@type":"BreadcrumbList","@id":"https:\/\/gruponasca.com.pe\/index.php\/producto\/2410pl-stealthlite-linterna\/#breadcrumb","itemListElement":[{"@type":"ListItem","position":1,"name":"Portada","item":"https:\/\/gruponasca.com.pe\/"},{"@type":"ListItem","position":2,"name":"Productos","item":"https:\/\/gruponasca.com.pe\/index.php\/productos\/"},{"@type":"ListItem","position":3,"name":"2410PL StealthLite\u2122 Linterna"}]},{"@type":"WebSite","@id":"https:\/\/gruponasca.com.pe\/#website","url":"https:\/\/gruponasca.com.pe\/","name":"Grupo Nasca SAC","description":"Seguridad Industrial y Herramientas de Calidad","publisher":{"@id":"https:\/\/gruponasca.com.pe\/#organization"},"potentialAction":[{"@type":"SearchAction","target":{"@type":"EntryPoint","urlTemplate":"https:\/\/gruponasca.com.pe\/?s={search_term_string}"},"query-input":{"@type":"PropertyValueSpecification","valueRequired":true,"valueName":"search_term_string"}}],"inLanguage":"es"},{"@type":"Organization","@id":"https:\/\/gruponasca.com.pe\/#organization","name":"Grupo Nasca SAC","url":"https:\/\/gruponasca.com.pe\/","logo":{"@type":"ImageObject","inLanguage":"es","@id":"https:\/\/gruponasca.com.pe\/#\/schema\/logo\/image\/","url":"https:\/\/gruponasca.com.pe\/wp-content\/uploads\/2025\/09\/cropped-icono_conasac-scaled-1.jpg","contentUrl":"https:\/\/gruponasca.com.pe\/wp-content\/uploads\/2025\/09\/cropped-icono_conasac-scaled-1.jpg","width":512,"height":512,"caption":"Grupo Nasca SAC"},"image":{"@id":"https:\/\/gruponasca.com.pe\/#\/schema\/logo\/image\/"}}]}},"_links":{"self":[{"href":"https:\/\/gruponasca.com.pe\/index.php\/wp-json\/wp\/v2\/product\/540","targetHints":{"allow":["GET"]}}],"collection":[{"href":"https:\/\/gruponasca.com.pe\/index.php\/wp-json\/wp\/v2\/product"}],"about":[{"href":"https:\/\/gruponasca.com.pe\/index.php\/wp-json\/wp\/v2\/types\/product"}],"wp:featuredmedia":[{"embeddable":true,"href":"https:\/\/gruponasca.com.pe\/index.php\/wp-json\/wp\/v2\/media\/544"}],"wp:attachment":[{"href":"https:\/\/gruponasca.com.pe\/index.php\/wp-json\/wp\/v2\/media?parent=540"}],"wp:term":[{"taxonomy":"product_brand","embeddable":true,"href":"https:\/\/gruponasca.com.pe\/index.php\/wp-json\/wp\/v2\/product_brand?post=540"},{"taxonomy":"product_cat","embeddable":true,"href":"https:\/\/gruponasca.com.pe\/index.php\/wp-json\/wp\/v2\/product_cat?post=540"},{"taxonomy":"product_tag","embeddable":true,"href":"https:\/\/gruponasca.com.pe\/index.php\/wp-json\/wp\/v2\/product_tag?post=540"}],"curies":[{"name":"wp","href":"https:\/\/api.w.org\/{rel}","templated":true}]}}