{"id":537,"date":"2025-09-23T21:56:43","date_gmt":"2025-09-23T21:56:43","guid":{"rendered":"https:\/\/dots-interactive.com\/desarrollo\/nasca\/?post_type=product&#038;p=537"},"modified":"2025-09-23T22:00:34","modified_gmt":"2025-09-23T22:00:34","slug":"2010pl-sabrelite-linterna","status":"publish","type":"product","link":"https:\/\/gruponasca.com.pe\/index.php\/producto\/2010pl-sabrelite-linterna\/","title":{"rendered":"2010PL SabreLite\u2122 Linterna"},"content":{"rendered":"<div class=\"col-lg-4 col-md-10 col-lg-offset-0\">\n<div class=\"col-lg-4 col-md-10 col-lg-offset-0\">\n<div class=\"col-lg-4 col-md-10 col-lg-offset-0\">\n<div class=\"col-lg-4 col-md-10 col-lg-offset-0\">\n<p><strong>Pelican\u2122 SabreLite\u2122<\/strong><\/p>\n<p>Descubre el dise\u00f1o de referencia en el \u00e1mbito de la iluminaci\u00f3n para la seguridad industrial y la lucha contra incendios. Nuestra linterna LED 2010 combina el dise\u00f1o tradicional de las linternas de trabajo con una tecnolog\u00eda LED de alto rendimiento con certificaciones de seguridad. Se enciende y se apaga rotando la cubierta de la lente, integrada en un cuerpo de pol\u00edmero ligero y resistente, lo que permite un f\u00e1cil manejo y una mayor resistencia a los impactos. \u00bfEl resultado? Posiblemente la linterna m\u00e1s resistente del mercado actual.<\/p>\n<\/div>\n<div class=\"col-lg-8 col-xs-12\">\n<ul id=\"pdp-bullets\" class=\"pl-20\">\n<li>161 Lumens<\/li>\n<li>Lifetime Guarantee of Excellence<\/li>\n<li>22 horas de autonom\u00eda<\/li>\n<li>3 pilas tipo C (no incluidas)<\/li>\n<li>Anilla y cord\u00f3n de seguridad<\/li>\n<li>Encendido y apagado por torsi\u00f3n<\/li>\n<li>\u00cdndice de estanqueidad al agua IPX7<\/li>\n<li>Clip de enganche muy resistente<\/li>\n<\/ul>\n<div class=\"product-specs\">\n<h2 style=\"font-size: 18px;\">Especificaciones<\/h2>\n<ul>\n<li><strong>Longitud:<\/strong> 20.6 cm<\/li>\n<li><strong>Peso con pilas:<\/strong> 380 gr<\/li>\n<li><strong>Peso sin pilas:<\/strong> 153 gr<\/li>\n<li><strong>Interruptor:<\/strong> Twisting Lens Shroud (Encendido\/Apagado por torsi\u00f3n)<\/li>\n<li><strong>Modos de Iluminaci\u00f3n:<\/strong> On \/ Off<\/li>\n<li><strong>Tipo de Pilas:<\/strong> Alkaline, C (3 pilas, no incluidas)<\/li>\n<li><strong>Voltaje:<\/strong> 4.5 V<\/li>\n<li><strong>Material Cuerpo:<\/strong> EXL<\/li>\n<li><strong>Material Anillo Sellado:<\/strong> Ethylene Propylene<\/li>\n<li><strong>Material Lente:<\/strong> Policarbonato (PC)<\/li>\n<li><strong>Material Cubierta:<\/strong> K-Resin<\/li>\n<li><strong>Material Clip:<\/strong> ABS<\/li>\n<li><strong>Material Contactos, Resortes y Retenedores:<\/strong> Acero Inoxidable \/ Lat\u00f3n N\u00edquel<\/li>\n<li><strong>Certificaciones:<\/strong> Class I, Division 1 \/ Class II, Division 1 \/ Class III, Division 1<\/li>\n<\/ul>\n<h3 style=\"font-size: 16px;\">Especificaciones de Luz (FL1 Standard)<\/h3>\n<table>\n<tbody>\n<tr>\n<th>Modo<\/th>\n<th>High<\/th>\n<\/tr>\n<tr>\n<td>Salida de Luz (L\u00famenes)<\/td>\n<td>161<\/td>\n<\/tr>\n<tr>\n<td>Tiempo de Funcionamiento<\/td>\n<td>22h 0m<\/td>\n<\/tr>\n<tr>\n<td>Distancia del Haz<\/td>\n<td>160m<\/td>\n<\/tr>\n<tr>\n<td>Intensidad del Haz<\/td>\n<td>6398 cd<\/td>\n<\/tr>\n<tr>\n<td>Resistencia al Agua<\/td>\n<td colspan=\"2\">IPX7 (sumergible)<\/td>\n<\/tr>\n<\/tbody>\n<\/table>\n<\/div>\n<\/div>\n<\/div>\n<\/div>\n<\/div>\n","protected":false},"excerpt":{"rendered":"<p>La <strong data-start=\"248\" data-end=\"271\">Pelican\u2122 SabreLite\u2122<\/strong> es una linterna LED robusta de <strong data-start=\"303\" data-end=\"318\">161 l\u00famenes<\/strong>, ahora con un anillo de lente fotoluminiscente que brilla en la oscuridad. Perfecta para trabajos en condiciones de baja visibilidad, absorbe energ\u00eda de cualquier fuente de luz (fluorescente, solar o la propia luz de la linterna). Con una <strong data-start=\"558\" data-end=\"583\">autonom\u00eda de 22 horas<\/strong> y una <strong data-start=\"590\" data-end=\"610\">resistencia IPX7<\/strong> (a prueba de agua), esta linterna es ideal para condiciones extremas y proporciona una <strong data-start=\"698\" data-end=\"722\">garant\u00eda de por vida<\/strong>.<\/p>\n","protected":false},"featured_media":538,"template":"","meta":{"site-sidebar-layout":"default","site-content-layout":"","ast-site-content-layout":"default","site-content-style":"default","site-sidebar-style":"default","ast-global-header-display":"","ast-banner-title-visibility":"","ast-main-header-display":"","ast-hfb-above-header-display":"","ast-hfb-below-header-display":"","ast-hfb-mobile-header-display":"","site-post-title":"","ast-breadcrumbs-content":"","ast-featured-img":"","footer-sml-layout":"","ast-disable-related-posts":"","theme-transparent-header-meta":"default","adv-header-id-meta":"","stick-header-meta":"","header-above-stick-meta":"","header-main-stick-meta":"","header-below-stick-meta":"","astra-migrate-meta-layouts":"set","ast-page-background-enabled":"default","ast-page-background-meta":{"desktop":{"background-color":"var(--ast-global-color-5)","background-image":"","background-repeat":"repeat","background-position":"center center","background-size":"auto","background-attachment":"scroll","background-type":"","background-media":"","overlay-type":"","overlay-color":"","overlay-opacity":"","overlay-gradient":""},"tablet":{"background-color":"","background-image":"","background-repeat":"repeat","background-position":"center center","background-size":"auto","background-attachment":"scroll","background-type":"","background-media":"","overlay-type":"","overlay-color":"","overlay-opacity":"","overlay-gradient":""},"mobile":{"background-color":"","background-image":"","background-repeat":"repeat","background-position":"center center","background-size":"auto","background-attachment":"scroll","background-type":"","background-media":"","overlay-type":"","overlay-color":"","overlay-opacity":"","overlay-gradient":""}},"ast-content-background-meta":{"desktop":{"background-color":"var(--ast-global-color-4)","background-image":"","background-repeat":"repeat","background-position":"center center","background-size":"auto","background-attachment":"scroll","background-type":"","background-media":"","overlay-type":"","overlay-color":"","overlay-opacity":"","overlay-gradient":""},"tablet":{"background-color":"var(--ast-global-color-4)","background-image":"","background-repeat":"repeat","background-position":"center center","background-size":"auto","background-attachment":"scroll","background-type":"","background-media":"","overlay-type":"","overlay-color":"","overlay-opacity":"","overlay-gradient":""},"mobile":{"background-color":"var(--ast-global-color-4)","background-image":"","background-repeat":"repeat","background-position":"center center","background-size":"auto","background-attachment":"scroll","background-type":"","background-media":"","overlay-type":"","overlay-color":"","overlay-opacity":"","overlay-gradient":""}}},"product_brand":[],"product_cat":[19,75,39],"product_tag":[82,90,89,91,88,80,78,45,81,87,72,66,62],"class_list":{"0":"post-537","1":"product","2":"type-product","3":"status-publish","4":"has-post-thumbnail","6":"product_cat-iluminacion-y-proteccion-de-equipos","7":"product_cat-linternas-de-mano","8":"product_cat-linternas-de-seguridad","9":"product_tag-linterna-161-lumenes","10":"product_tag-linterna-a-prueba-de-agua","11":"product_tag-linterna-con-anillo-luminoso","12":"product_tag-linterna-de-trabajo","13":"product_tag-linterna-fotoluminiscente","14":"product_tag-linterna-industrial","15":"product_tag-linterna-ipx7","16":"product_tag-linterna-led","17":"product_tag-linterna-para-incendios","18":"product_tag-linterna-pelican-sabrelite","19":"product_tag-linterna-resistente-al-agua","20":"product_tag-linterna-resistente","21":"product_tag-linterna-sumergible","22":"desktop-align-center","23":"tablet-align-left","24":"mobile-align-left","26":"first","27":"instock","28":"shipping-taxable","29":"product-type-simple"},"yoast_head":"<!-- This site is optimized with the Yoast SEO plugin v27.5 - https:\/\/yoast.com\/product\/yoast-seo-wordpress\/ -->\n<title>2010PL SabreLite\u2122 Linterna - Grupo Nasca<\/title>\n<meta name=\"description\" content=\"Linterna Pelican\u2122 SabreLite\u2122 LED con 161 l\u00famenes y anillo fotoluminiscente, ideal para condiciones de baja visibilidad. Con 22 horas de autonom\u00eda\" \/>\n<meta name=\"robots\" content=\"index, follow, max-snippet:-1, max-image-preview:large, max-video-preview:-1\" \/>\n<link rel=\"canonical\" href=\"https:\/\/gruponasca.com.pe\/index.php\/producto\/2010pl-sabrelite-linterna\/\" \/>\n<meta property=\"og:locale\" content=\"es_ES\" \/>\n<meta property=\"og:type\" content=\"article\" \/>\n<meta property=\"og:title\" content=\"2010PL SabreLite\u2122 Linterna - Grupo Nasca\" \/>\n<meta property=\"og:description\" content=\"Linterna Pelican\u2122 SabreLite\u2122 LED con 161 l\u00famenes y anillo fotoluminiscente, ideal para condiciones de baja visibilidad. Con 22 horas de autonom\u00eda\" \/>\n<meta property=\"og:url\" content=\"https:\/\/gruponasca.com.pe\/index.php\/producto\/2010pl-sabrelite-linterna\/\" \/>\n<meta property=\"og:site_name\" content=\"Grupo Nasca\" \/>\n<meta property=\"article:modified_time\" content=\"2025-09-23T22:00:34+00:00\" \/>\n<meta property=\"og:image\" content=\"https:\/\/gruponasca.com.pe\/wp-content\/uploads\/2025\/09\/2010PL-SabreLite.jpg\" \/>\n\t<meta property=\"og:image:width\" content=\"500\" \/>\n\t<meta property=\"og:image:height\" content=\"500\" \/>\n\t<meta property=\"og:image:type\" content=\"image\/jpeg\" \/>\n<meta name=\"twitter:card\" content=\"summary_large_image\" \/>\n<meta name=\"twitter:label1\" content=\"Tiempo de lectura\" \/>\n\t<meta name=\"twitter:data1\" content=\"2 minutos\" \/>\n<script type=\"application\/ld+json\" class=\"yoast-schema-graph\">{\"@context\":\"https:\\\/\\\/schema.org\",\"@graph\":[{\"@type\":\"WebPage\",\"@id\":\"https:\\\/\\\/gruponasca.com.pe\\\/index.php\\\/producto\\\/2010pl-sabrelite-linterna\\\/\",\"url\":\"https:\\\/\\\/gruponasca.com.pe\\\/index.php\\\/producto\\\/2010pl-sabrelite-linterna\\\/\",\"name\":\"2010PL SabreLite\u2122 Linterna - Grupo Nasca\",\"isPartOf\":{\"@id\":\"https:\\\/\\\/gruponasca.com.pe\\\/#website\"},\"primaryImageOfPage\":{\"@id\":\"https:\\\/\\\/gruponasca.com.pe\\\/index.php\\\/producto\\\/2010pl-sabrelite-linterna\\\/#primaryimage\"},\"image\":{\"@id\":\"https:\\\/\\\/gruponasca.com.pe\\\/index.php\\\/producto\\\/2010pl-sabrelite-linterna\\\/#primaryimage\"},\"thumbnailUrl\":\"https:\\\/\\\/gruponasca.com.pe\\\/wp-content\\\/uploads\\\/2025\\\/09\\\/2010PL-SabreLite.jpg\",\"datePublished\":\"2025-09-23T21:56:43+00:00\",\"dateModified\":\"2025-09-23T22:00:34+00:00\",\"description\":\"Linterna Pelican\u2122 SabreLite\u2122 LED con 161 l\u00famenes y anillo fotoluminiscente, ideal para condiciones de baja visibilidad. Con 22 horas de autonom\u00eda\",\"breadcrumb\":{\"@id\":\"https:\\\/\\\/gruponasca.com.pe\\\/index.php\\\/producto\\\/2010pl-sabrelite-linterna\\\/#breadcrumb\"},\"inLanguage\":\"es\",\"potentialAction\":[{\"@type\":\"ReadAction\",\"target\":[\"https:\\\/\\\/gruponasca.com.pe\\\/index.php\\\/producto\\\/2010pl-sabrelite-linterna\\\/\"]}]},{\"@type\":\"ImageObject\",\"inLanguage\":\"es\",\"@id\":\"https:\\\/\\\/gruponasca.com.pe\\\/index.php\\\/producto\\\/2010pl-sabrelite-linterna\\\/#primaryimage\",\"url\":\"https:\\\/\\\/gruponasca.com.pe\\\/wp-content\\\/uploads\\\/2025\\\/09\\\/2010PL-SabreLite.jpg\",\"contentUrl\":\"https:\\\/\\\/gruponasca.com.pe\\\/wp-content\\\/uploads\\\/2025\\\/09\\\/2010PL-SabreLite.jpg\",\"width\":500,\"height\":500},{\"@type\":\"BreadcrumbList\",\"@id\":\"https:\\\/\\\/gruponasca.com.pe\\\/index.php\\\/producto\\\/2010pl-sabrelite-linterna\\\/#breadcrumb\",\"itemListElement\":[{\"@type\":\"ListItem\",\"position\":1,\"name\":\"Portada\",\"item\":\"https:\\\/\\\/gruponasca.com.pe\\\/\"},{\"@type\":\"ListItem\",\"position\":2,\"name\":\"Productos\",\"item\":\"https:\\\/\\\/gruponasca.com.pe\\\/index.php\\\/productos\\\/\"},{\"@type\":\"ListItem\",\"position\":3,\"name\":\"2010PL SabreLite\u2122 Linterna\"}]},{\"@type\":\"WebSite\",\"@id\":\"https:\\\/\\\/gruponasca.com.pe\\\/#website\",\"url\":\"https:\\\/\\\/gruponasca.com.pe\\\/\",\"name\":\"Grupo Nasca SAC\",\"description\":\"Seguridad Industrial y Herramientas de Calidad\",\"publisher\":{\"@id\":\"https:\\\/\\\/gruponasca.com.pe\\\/#organization\"},\"potentialAction\":[{\"@type\":\"SearchAction\",\"target\":{\"@type\":\"EntryPoint\",\"urlTemplate\":\"https:\\\/\\\/gruponasca.com.pe\\\/?s={search_term_string}\"},\"query-input\":{\"@type\":\"PropertyValueSpecification\",\"valueRequired\":true,\"valueName\":\"search_term_string\"}}],\"inLanguage\":\"es\"},{\"@type\":\"Organization\",\"@id\":\"https:\\\/\\\/gruponasca.com.pe\\\/#organization\",\"name\":\"Grupo Nasca SAC\",\"url\":\"https:\\\/\\\/gruponasca.com.pe\\\/\",\"logo\":{\"@type\":\"ImageObject\",\"inLanguage\":\"es\",\"@id\":\"https:\\\/\\\/gruponasca.com.pe\\\/#\\\/schema\\\/logo\\\/image\\\/\",\"url\":\"https:\\\/\\\/gruponasca.com.pe\\\/wp-content\\\/uploads\\\/2025\\\/09\\\/cropped-icono_conasac-scaled-1.jpg\",\"contentUrl\":\"https:\\\/\\\/gruponasca.com.pe\\\/wp-content\\\/uploads\\\/2025\\\/09\\\/cropped-icono_conasac-scaled-1.jpg\",\"width\":512,\"height\":512,\"caption\":\"Grupo Nasca SAC\"},\"image\":{\"@id\":\"https:\\\/\\\/gruponasca.com.pe\\\/#\\\/schema\\\/logo\\\/image\\\/\"}}]}<\/script>\n<!-- \/ Yoast SEO plugin. -->","yoast_head_json":{"title":"2010PL SabreLite\u2122 Linterna - Grupo Nasca","description":"Linterna Pelican\u2122 SabreLite\u2122 LED con 161 l\u00famenes y anillo fotoluminiscente, ideal para condiciones de baja visibilidad. Con 22 horas de autonom\u00eda","robots":{"index":"index","follow":"follow","max-snippet":"max-snippet:-1","max-image-preview":"max-image-preview:large","max-video-preview":"max-video-preview:-1"},"canonical":"https:\/\/gruponasca.com.pe\/index.php\/producto\/2010pl-sabrelite-linterna\/","og_locale":"es_ES","og_type":"article","og_title":"2010PL SabreLite\u2122 Linterna - Grupo Nasca","og_description":"Linterna Pelican\u2122 SabreLite\u2122 LED con 161 l\u00famenes y anillo fotoluminiscente, ideal para condiciones de baja visibilidad. Con 22 horas de autonom\u00eda","og_url":"https:\/\/gruponasca.com.pe\/index.php\/producto\/2010pl-sabrelite-linterna\/","og_site_name":"Grupo Nasca","article_modified_time":"2025-09-23T22:00:34+00:00","og_image":[{"width":500,"height":500,"url":"https:\/\/gruponasca.com.pe\/wp-content\/uploads\/2025\/09\/2010PL-SabreLite.jpg","type":"image\/jpeg"}],"twitter_card":"summary_large_image","twitter_misc":{"Tiempo de lectura":"2 minutos"},"schema":{"@context":"https:\/\/schema.org","@graph":[{"@type":"WebPage","@id":"https:\/\/gruponasca.com.pe\/index.php\/producto\/2010pl-sabrelite-linterna\/","url":"https:\/\/gruponasca.com.pe\/index.php\/producto\/2010pl-sabrelite-linterna\/","name":"2010PL SabreLite\u2122 Linterna - Grupo Nasca","isPartOf":{"@id":"https:\/\/gruponasca.com.pe\/#website"},"primaryImageOfPage":{"@id":"https:\/\/gruponasca.com.pe\/index.php\/producto\/2010pl-sabrelite-linterna\/#primaryimage"},"image":{"@id":"https:\/\/gruponasca.com.pe\/index.php\/producto\/2010pl-sabrelite-linterna\/#primaryimage"},"thumbnailUrl":"https:\/\/gruponasca.com.pe\/wp-content\/uploads\/2025\/09\/2010PL-SabreLite.jpg","datePublished":"2025-09-23T21:56:43+00:00","dateModified":"2025-09-23T22:00:34+00:00","description":"Linterna Pelican\u2122 SabreLite\u2122 LED con 161 l\u00famenes y anillo fotoluminiscente, ideal para condiciones de baja visibilidad. Con 22 horas de autonom\u00eda","breadcrumb":{"@id":"https:\/\/gruponasca.com.pe\/index.php\/producto\/2010pl-sabrelite-linterna\/#breadcrumb"},"inLanguage":"es","potentialAction":[{"@type":"ReadAction","target":["https:\/\/gruponasca.com.pe\/index.php\/producto\/2010pl-sabrelite-linterna\/"]}]},{"@type":"ImageObject","inLanguage":"es","@id":"https:\/\/gruponasca.com.pe\/index.php\/producto\/2010pl-sabrelite-linterna\/#primaryimage","url":"https:\/\/gruponasca.com.pe\/wp-content\/uploads\/2025\/09\/2010PL-SabreLite.jpg","contentUrl":"https:\/\/gruponasca.com.pe\/wp-content\/uploads\/2025\/09\/2010PL-SabreLite.jpg","width":500,"height":500},{"@type":"BreadcrumbList","@id":"https:\/\/gruponasca.com.pe\/index.php\/producto\/2010pl-sabrelite-linterna\/#breadcrumb","itemListElement":[{"@type":"ListItem","position":1,"name":"Portada","item":"https:\/\/gruponasca.com.pe\/"},{"@type":"ListItem","position":2,"name":"Productos","item":"https:\/\/gruponasca.com.pe\/index.php\/productos\/"},{"@type":"ListItem","position":3,"name":"2010PL SabreLite\u2122 Linterna"}]},{"@type":"WebSite","@id":"https:\/\/gruponasca.com.pe\/#website","url":"https:\/\/gruponasca.com.pe\/","name":"Grupo Nasca SAC","description":"Seguridad Industrial y Herramientas de Calidad","publisher":{"@id":"https:\/\/gruponasca.com.pe\/#organization"},"potentialAction":[{"@type":"SearchAction","target":{"@type":"EntryPoint","urlTemplate":"https:\/\/gruponasca.com.pe\/?s={search_term_string}"},"query-input":{"@type":"PropertyValueSpecification","valueRequired":true,"valueName":"search_term_string"}}],"inLanguage":"es"},{"@type":"Organization","@id":"https:\/\/gruponasca.com.pe\/#organization","name":"Grupo Nasca SAC","url":"https:\/\/gruponasca.com.pe\/","logo":{"@type":"ImageObject","inLanguage":"es","@id":"https:\/\/gruponasca.com.pe\/#\/schema\/logo\/image\/","url":"https:\/\/gruponasca.com.pe\/wp-content\/uploads\/2025\/09\/cropped-icono_conasac-scaled-1.jpg","contentUrl":"https:\/\/gruponasca.com.pe\/wp-content\/uploads\/2025\/09\/cropped-icono_conasac-scaled-1.jpg","width":512,"height":512,"caption":"Grupo Nasca SAC"},"image":{"@id":"https:\/\/gruponasca.com.pe\/#\/schema\/logo\/image\/"}}]}},"_links":{"self":[{"href":"https:\/\/gruponasca.com.pe\/index.php\/wp-json\/wp\/v2\/product\/537","targetHints":{"allow":["GET"]}}],"collection":[{"href":"https:\/\/gruponasca.com.pe\/index.php\/wp-json\/wp\/v2\/product"}],"about":[{"href":"https:\/\/gruponasca.com.pe\/index.php\/wp-json\/wp\/v2\/types\/product"}],"wp:featuredmedia":[{"embeddable":true,"href":"https:\/\/gruponasca.com.pe\/index.php\/wp-json\/wp\/v2\/media\/538"}],"wp:attachment":[{"href":"https:\/\/gruponasca.com.pe\/index.php\/wp-json\/wp\/v2\/media?parent=537"}],"wp:term":[{"taxonomy":"product_brand","embeddable":true,"href":"https:\/\/gruponasca.com.pe\/index.php\/wp-json\/wp\/v2\/product_brand?post=537"},{"taxonomy":"product_cat","embeddable":true,"href":"https:\/\/gruponasca.com.pe\/index.php\/wp-json\/wp\/v2\/product_cat?post=537"},{"taxonomy":"product_tag","embeddable":true,"href":"https:\/\/gruponasca.com.pe\/index.php\/wp-json\/wp\/v2\/product_tag?post=537"}],"curies":[{"name":"wp","href":"https:\/\/api.w.org\/{rel}","templated":true}]}}